{"id":12435,"date":"2022-02-12T17:51:10","date_gmt":"2022-02-12T16:51:10","guid":{"rendered":"https:\/\/medigames.com\/?page_id=12435"},"modified":"2024-02-09T08:06:25","modified_gmt":"2024-02-09T07:06:25","slug":"politique-de-confidentialite-2","status":"publish","type":"page","link":"https:\/\/medigames.com\/de\/politique-de-confidentialite-2\/","title":{"rendered":"Datenschutzbestimmungen"},"content":{"rendered":"<section class=\"wp-block-uagb-columns uagb-columns__wrap uagb-columns__background-undefined uagb-columns__stack-mobile uagb-columns__valign-undefined uagb-columns__gap-10 alignundefined uagb-block-8b273501\"><div class=\"uagb-columns__overlay\"><\/div><div class=\"uagb-columns__inner-wrap uagb-columns__columns-1\">\n<div class=\"wp-block-uagb-column uagb-column__wrap uagb-column__background-undefined uagb-block-51e2472c\"><div class=\"uagb-column__overlay\"><\/div><div class=\"uagb-column__inner-wrap\">\n<p><em>Letzte Aktualisierung: 06. Februar 2022<\/em><\/p>\n\n\n\n<p>Medigames ist bestrebt, ein vorbildliches Unternehmen zu sein und zum Schutz Ihrer pers\u00f6nlichen Daten beizutragen. Wir legen gro\u00dfen Wert auf Ehrlichkeit und Klarheit und sind bestrebt, starke und dauerhafte Beziehungen zu unseren Kunden aufzubauen, die auf Vertrauen und gegenseitigem Interesse basieren. In \u00dcbereinstimmung mit dieser Philosophie ist der Schutz Ihrer pers\u00f6nlichen Daten f\u00fcr uns von grundlegender Bedeutung, und wir m\u00f6chten Sie mit dieser Datenschutzerkl\u00e4rung \u00fcber die Art und Weise informieren, in der wir diese Daten sammeln und verarbeiten. Diese Vertraulichkeitspolitik definiert und informiert Sie \u00fcber die Art und Weise, wie Medigames die Informationen verwendet und sch\u00fctzt, die Sie uns gegebenenfalls \u00fcbermitteln, wenn Sie diese Website nutzen, die unter der folgenden URL zug\u00e4nglich ist: medigames.com (im Folgenden die \"Website\"). Bitte beachten Sie, dass diese Datenschutzrichtlinie jederzeit von Medigames ge\u00e4ndert oder erg\u00e4nzt werden kann, insbesondere im Hinblick auf die Einhaltung gesetzlicher, regulatorischer, juristischer oder technologischer Entwicklungen. In einem solchen Fall wird das Datum der Aktualisierung deutlich am Anfang dieser Richtlinie angegeben. Diese \u00c4nderungen sind f\u00fcr den Nutzer verbindlich, sobald sie online gestellt werden. Der Nutzer sollte daher die vorliegende Politik zur Vertraulichkeit und zur Verwendung von Cookies regelm\u00e4\u00dfig konsultieren, um sich \u00fcber etwaige \u00c4nderungen zu informieren.<\/p>\n\n\n\n<h2 class=\"wp-block-heading\" id=\"1-personal-data\">1. Pers\u00f6nliche Daten<\/h2>\n\n\n\n<p>Im Allgemeinen k\u00f6nnen Sie die Website besuchen, ohne pers\u00f6nliche Informationen \u00fcber sich preiszugeben. In jedem Fall sind Sie nicht verpflichtet, diese Informationen an Medigames zu \u00fcbermitteln. Wenn Sie sich jedoch weigern, k\u00f6nnen Sie m\u00f6glicherweise bestimmte Informationen oder Dienstleistungen, die Sie angefordert haben, nicht in Anspruch nehmen. In diesem Sinne kann Medigames in bestimmten F\u00e4llen von Ihnen verlangen, dass Sie Informationen (im Folgenden Ihre \"pers\u00f6nlichen Daten\") angeben: Vor- und Nachname; E-Mail-Adresse; Telefonnummer; Anschrift; besondere W\u00fcnsche, die Sie an uns richten k\u00f6nnten (haupts\u00e4chlich zu Archivierungszwecken); Mit der Angabe dieser Daten erkl\u00e4ren Sie sich ausdr\u00fccklich damit einverstanden, dass diese von Medigames zu den unter Punkt 2 genannten Zwecken sowie zu den am Ende jedes Formulars angegebenen Zwecken verarbeitet werden. In \u00dcbereinstimmung mit der vom Europ\u00e4ischen Parlament am 14. April 2016 verabschiedeten Allgemeinen Datenschutzverordnung und dem Datenschutzgesetz vom 6. Januar 1978 in seiner ge\u00e4nderten Fassung informiert Medigames Sie \u00fcber die folgenden Punkte:<\/p>\n\n\n\n<h3 class=\"wp-block-heading\" id=\"1-1-identity-of-the-controller\">1.1. Identit\u00e4t des f\u00fcr die Verarbeitung Verantwortlichen<\/h3>\n\n\n\n<p>Der Inhaber der Datenverarbeitung ist Medigames - CORPORATE SPORT ORGANISATION, mit Sitz in 15\/29 rue Guillemot 75014 Bordeaux. E-Mail: contact@medigames.com.<\/p>\n\n\n\n<h3 class=\"wp-block-heading\" id=\"1-2-purposes-of-processing\">1.2. Zwecke der Verarbeitung<\/h3>\n\n\n\n<p>Medigames kann Ihre pers\u00f6nlichen Daten verarbeiten: (a) um Ihnen die Informationen oder Dienstleistungen zukommen zu lassen, die Sie angefordert haben (Versand unserer Newsletter nach Ihrer Registrierung); und\/oder (b) um Informationen zu sammeln, die es uns erm\u00f6glichen, unsere Website, unsere Produkte und Dienstleistungen zu verbessern (insbesondere mit Hilfe von Cookies).<\/p>\n\n\n\n<h3 class=\"wp-block-heading\" id=\"1-3-recipients\">1.3. Empf\u00e4nger<\/h3>\n\n\n\n<p>Nur Medigames ist der Empf\u00e4nger Ihrer pers\u00f6nlichen Daten. Diese werden weder in individueller noch in zusammengefasster Form an Dritte weitergegeben, unabh\u00e4ngig von den Dienstleistern, die Medigames einsetzt (weitere Informationen \u00fcber sie finden Sie unter Punkt 7). Weder Medigames noch einer seiner Dienstleister verkauft die personenbezogenen Daten der Besucher und Nutzer seiner Website.<\/p>\n\n\n\n<h3 class=\"wp-block-heading\" id=\"1-4-the-duration-of-the-conversation\">1.4. Die Dauer des Gespr\u00e4chs<\/h3>\n\n\n\n<p>Ihre pers\u00f6nlichen Daten werden von Medigames nur f\u00fcr den Zeitraum aufbewahrt, der dem unter Punkt 2 genannten Zweck der Erfassung entspricht und der in keinem Fall 24 Monate \u00fcberschreiten darf.<\/p>\n\n\n\n<h3 class=\"wp-block-heading\" id=\"1-5-computer-rights-and-freedoms\">1.5. Rechte und Freiheiten des Computers<\/h3>\n\n\n\n<p>Sie haben die folgenden Rechte in Bezug auf Ihre pers\u00f6nlichen Daten, die Sie aus\u00fcben k\u00f6nnen, indem Sie uns unter der E-Mail-Adresse (contact@medigames.com), unter der Postanschrift (siehe Punkt 1) oder \u00fcber das Kontaktformular auf der Website unter der folgenden URL schreiben: https:\/\/medigames.com\/contact\/<\/p>\n\n\n\n<h4 class=\"wp-block-heading\" id=\"right-of-access-and-communication-of-data\"><strong>Recht auf Zugang und Mitteilung von Daten<\/strong><\/h4>\n\n\n\n<p>Sie haben die M\u00f6glichkeit, auf die Sie betreffenden pers\u00f6nlichen Daten zuzugreifen. Aufgrund der Verpflichtung von Medigames zur Sicherheit und Vertraulichkeit bei der Verarbeitung personenbezogener Daten werden Sie jedoch dar\u00fcber informiert, dass Ihre Anfrage nur bearbeitet wird, wenn Sie einen Nachweis Ihrer Identit\u00e4t erbringen. Dies geschieht insbesondere durch die Vorlage eines Scans Ihres g\u00fcltigen Ausweises (im Falle einer Anfrage \u00fcber unser spezielles elektronisches Formular) oder einer unterzeichneten Fotokopie Ihres g\u00fcltigen Ausweises (im Falle einer schriftlichen Anfrage). Medigames weist Sie darauf hin, dass es gegebenenfalls berechtigt ist, sich eindeutig missbr\u00e4uchlichen Anfragen (aufgrund ihrer Anzahl, ihres wiederholten oder systematischen Charakters) zu widersetzen. Als Hilfestellung, insbesondere wenn Sie Ihr Auskunftsrecht mittels einer schriftlichen Anfrage an die unter Punkt 1 genannte Postanschrift aus\u00fcben m\u00f6chten, finden Sie unter dem folgenden Link ein von der Nationalen Kommission f\u00fcr Informatik und Freiheiten (CNIL\") entwickeltes Musterschreiben. <a role=\"link\" href=\"https:\/\/www.cnil.fr\/fr\/modele\/courrier\/exercer-son-droit-dacces\" target=\"_blank\" rel=\"noreferrer noopener nofollow\">https:\/\/www.cnil.fr\/fr\/modele\/courrier\/exercer-son-droit-dacces<\/a><\/p>\n\n\n\n<h4 class=\"wp-block-heading\" id=\"right-to-rectify-data\"><strong>Recht auf Berichtigung von Daten<\/strong><\/h4>\n\n\n\n<p>Im Rahmen dieses Rechts k\u00f6nnen Sie die Berichtigung, Aktualisierung, Sperrung oder sogar L\u00f6schung von Sie betreffenden Daten verlangen, die sich als unrichtig, fehlerhaft, unvollst\u00e4ndig oder veraltet erweisen. Au\u00dferdem k\u00f6nnen Sie allgemeine und spezifische Richtlinien f\u00fcr das Schicksal der personenbezogenen Daten nach Ihrem Tod festlegen. Gegebenenfalls k\u00f6nnen die Erben einer verstorbenen Person verlangen, dass der Tod ihres Verwandten ber\u00fccksichtigt wird und\/oder die notwendigen Aktualisierungen vorgenommen werden. Als Hilfestellung, insbesondere wenn Sie f\u00fcr sich selbst oder im Namen eines verstorbenen Angeh\u00f6rigen Ihr Recht auf Berichtigung durch einen schriftlichen Antrag an die unter Punkt 1 genannte Postanschrift aus\u00fcben m\u00f6chten, finden Sie unter dem folgenden Link ein von der CNIL entwickeltes Musterschreiben. <a role=\"link\" href=\"https:\/\/www.cnil.fr\/fr\/modele\/courrier\/rectifier-des-donnees-inexactes-obsoletes-ou-perimees\" target=\"_blank\" rel=\"noreferrer noopener nofollow\">https:\/\/www.cnil.fr\/fr\/modele\/courrier\/rectifier-des-donnees-inexactes-obsoletes-ou-perimees<\/a><\/p>\n\n\n\n<h4 class=\"wp-block-heading\" id=\"right-of-opposition\"><strong>Recht auf Widerspruch<\/strong><\/h4>\n\n\n\n<p>Die Aus\u00fcbung dieses Rechts ist nur in einer der beiden folgenden Situationen m\u00f6glich: Wenn die Aus\u00fcbung dieses Rechts auf legitimen Gr\u00fcnden beruht; oder wenn die Aus\u00fcbung dieses Rechts darauf abzielt, die Verwendung der gesammelten Daten f\u00fcr kommerzielle Prospektionszwecke zu verhindern. Als Hilfestellung, insbesondere wenn Sie Ihr Widerspruchsrecht mittels einer schriftlichen Anfrage an die unter Punkt 1 angegebene Postanschrift aus\u00fcben m\u00f6chten, finden Sie unter folgendem Link ein von der CNIL entwickeltes Musterschreiben. <a role=\"link\" href=\"https:\/\/www.cnil.fr\/fr\/modele\/courrier\/supprimer-des-informations-vous-concernant-dun-site-internet\" target=\"_blank\" rel=\"noreferrer noopener nofollow\">https:\/\/www.cnil.fr\/fr\/modele\/courrier\/supprimer-des-informations-vous-concernant-dun-site-internet<\/a> Wir stellen Ihnen jedoch Tools zur Verf\u00fcgung, mit denen Sie Ihre Daten direkt auf unserer Website verwalten k\u00f6nnen. Sie finden sie unten auf der Seite. Wenden Sie sich an uns, wenn Sie Probleme mit der Nutzung dieser Tools haben.<\/p>\n\n\n\n<h3 class=\"wp-block-heading\" id=\"1-6-reply-duration\">1.6. Antwortdauer<\/h3>\n\n\n\n<p>Medigames verpflichtet sich, Ihren Antrag auf Zugang, Berichtigung oder Widerspruch oder jeden anderen Antrag auf zus\u00e4tzliche Informationen innerhalb eines angemessenen Zeitraums zu beantworten, der einen Monat nach Eingang Ihres Antrags nicht \u00fcberschreiten darf.<\/p>\n\n\n\n<h3 class=\"wp-block-heading\" id=\"1-7-authorized-service-providers-and-transfer-to-a-third-country-of-the-european-union\">1.7. Zugelassene Diensteanbieter und \u00dcbermittlung in ein Drittland der Europ\u00e4ischen Union<\/h3>\n\n\n\n<p>Medigames informiert Sie dar\u00fcber, dass es seine autorisierten Dienstleister einsetzt, um die Sammlung und Verarbeitung der Daten, die Sie uns mitgeteilt haben, zu erleichtern. Diese Dienstleister k\u00f6nnen sich au\u00dferhalb der Europ\u00e4ischen Union befinden und \u00fcbermitteln die Daten, die \u00fcber die verschiedenen Formulare auf der Website erfasst werden (mit Ausnahme des Formulars, mit dem Sie Ihre Rechte im Bereich IT und Freiheiten aus\u00fcben k\u00f6nnen und das von Medigames angeboten und verwendet wird).<\/p>\n\n\n\n<h3 class=\"wp-block-heading\" id=\"1-8-complaint-to-the-competent-authority\">1.8. Beschwerde bei der zust\u00e4ndigen Beh\u00f6rde<\/h3>\n\n\n\n<p>Wenn Sie der Meinung sind, dass Medigames seinen Verpflichtungen in Bezug auf Ihre pers\u00f6nlichen Daten nicht nachkommt, k\u00f6nnen Sie eine Beschwerde oder einen Antrag an die zust\u00e4ndige Beh\u00f6rde richten. In Frankreich ist die zust\u00e4ndige Beh\u00f6rde die CNIL, an die Sie einen Antrag auf elektronischem Wege richten k\u00f6nnen, indem Sie auf den folgenden Link klicken: https:\/\/www.cnil.fr\/fr\/plaintes\/internet.<\/p>\n<\/div><\/div>\n<\/div><\/section>","protected":false},"excerpt":{"rendered":"<p>Letzte Aktualisierung: 06. Februar 2022 Medigames m\u00f6chte ein vorbildliches Unternehmen sein und zum Schutz der Umwelt beitragen...<\/p>","protected":false},"author":1,"featured_media":12135,"parent":0,"menu_order":20,"comment_status":"closed","ping_status":"closed","template":"","meta":{"_acf_changed":false,"_uag_custom_page_level_css":"","footnotes":""},"class_list":["post-12435","page","type-page","status-publish","has-post-thumbnail","hentry"],"acf":[],"uagb_featured_image_src":{"full":["https:\/\/medigames.com\/wp-content\/uploads\/2022\/01\/Page-Resultats.jpg",1600,500,false],"thumbnail":["https:\/\/medigames.com\/wp-content\/uploads\/2022\/01\/Page-Resultats-150x150.jpg",150,150,true],"medium":["https:\/\/medigames.com\/wp-content\/uploads\/2022\/01\/Page-Resultats-300x94.jpg",300,94,true],"medium_large":["https:\/\/medigames.com\/wp-content\/uploads\/2022\/01\/Page-Resultats-768x240.jpg",580,181,true],"large":["https:\/\/medigames.com\/wp-content\/uploads\/2022\/01\/Page-Resultats-1024x320.jpg",580,181,true],"1536x1536":["https:\/\/medigames.com\/wp-content\/uploads\/2022\/01\/Page-Resultats-1536x480.jpg",1536,480,true],"2048x2048":["https:\/\/medigames.com\/wp-content\/uploads\/2022\/01\/Page-Resultats.jpg",1600,500,false],"trp-custom-language-flag":["https:\/\/medigames.com\/wp-content\/uploads\/2022\/01\/Page-Resultats-18x6.jpg",18,6,true],"post-thumbnail":["https:\/\/medigames.com\/wp-content\/uploads\/2022\/01\/Page-Resultats-1200x375.jpg",1200,375,true],"twentytwenty-fullscreen":["https:\/\/medigames.com\/wp-content\/uploads\/2022\/01\/Page-Resultats.jpg",1600,500,false]},"uagb_author_info":{"display_name":"dfuzionadmin","author_link":"https:\/\/medigames.com\/de\/author\/dfuzionadmin\/"},"uagb_comment_info":0,"uagb_excerpt":"Last updated: february 06, 2022 Medigames aims to be an exemplary corporate citizen and to contribute to the protection of&hellip;","_links":{"self":[{"href":"https:\/\/medigames.com\/de\/wp-json\/wp\/v2\/pages\/12435","targetHints":{"allow":["GET"]}}],"collection":[{"href":"https:\/\/medigames.com\/de\/wp-json\/wp\/v2\/pages"}],"about":[{"href":"https:\/\/medigames.com\/de\/wp-json\/wp\/v2\/types\/page"}],"author":[{"embeddable":true,"href":"https:\/\/medigames.com\/de\/wp-json\/wp\/v2\/users\/1"}],"replies":[{"embeddable":true,"href":"https:\/\/medigames.com\/de\/wp-json\/wp\/v2\/comments?post=12435"}],"version-history":[{"count":0,"href":"https:\/\/medigames.com\/de\/wp-json\/wp\/v2\/pages\/12435\/revisions"}],"wp:featuredmedia":[{"embeddable":true,"href":"https:\/\/medigames.com\/de\/wp-json\/wp\/v2\/media\/12135"}],"wp:attachment":[{"href":"https:\/\/medigames.com\/de\/wp-json\/wp\/v2\/media?parent=12435"}],"curies":[{"name":"wp","href":"https:\/\/api.w.org\/{rel}","templated":true}]}}