{"id":12450,"date":"2022-02-13T08:58:28","date_gmt":"2022-02-13T07:58:28","guid":{"rendered":"https:\/\/medigames.com\/?page_id=12450"},"modified":"2024-11-14T10:58:58","modified_gmt":"2024-11-14T09:58:58","slug":"legal-notice","status":"publish","type":"page","link":"https:\/\/medigames.com\/de\/legal-notice\/","title":{"rendered":"Rechtlicher Hinweis"},"content":{"rendered":"<div class=\"wp-block-uagb-container uagb-block-9c06a390 alignfull uagb-is-root-container\"><div class=\"uagb-container-inner-blocks-wrap\">\n<h2 class=\"wp-block-heading\" id=\"welcome-to-the-official-site-of-the-medigames\">Willkommen auf der offiziellen Website von The Medigames<\/h2>\n\n\n\n<p>In \u00dcbereinstimmung mit den Bestimmungen des Gesetzes Nr. 2004-575 vom 21. Juni 2004 \u00fcber das Vertrauen in die digitale Wirtschaft werden die Nutzer der Website medigames.com \u00fcber die Identit\u00e4t der verschiedenen Akteure im Rahmen der Umsetzung und \u00dcberwachung der Website informiert.<\/p>\n\n\n\n<h3 class=\"wp-block-heading\" id=\"site-edition\">Website-Ausgabe<\/h3>\n\n\n\n<p>Sie ist das ausschlie\u00dfliche Eigentum von:<\/p>\n\n\n\n<p id=\"corporate-sport-organisation\"><strong>BETRIEBSSPORTORGANISATION<\/strong><\/p>\n\n\n\n<p>15\/29 rue Guillemot<br>75014 Paris - Frankreich<br>Tel: +33(0)1 777 065 15<br>Fax: +33(0)1 777 065 14<br>Email :&nbsp;<a href=\"mailto:info@medigames.com\">info@medigames.com<\/a><\/p>\n\n\n\n<h3 class=\"wp-block-heading\" id=\"responsible-for-publication\">Verantwortlich f\u00fcr die Ver\u00f6ffentlichung<\/h3>\n\n\n\n<p>Leiter der Ver\u00f6ffentlichung der Website: <strong>Pierre Lusinchi<\/strong><br>Redaktionsleitung: <strong>Margaux Casanova<\/strong>, <strong>Thibault Panier<\/strong><\/p>\n\n\n\n<h3 class=\"wp-block-heading\" id=\"web-design\">Web Design &amp; Entwicklung<\/h3>\n\n\n\n<p>Entwurf und Herstellung : <a href=\"http:\/\/www.centraledeproduction.fr\/\" target=\"_blank\" rel=\"noreferrer noopener\">CPROD<\/a> \/ <a href=\"https:\/\/d-fuzion.com\/\" target=\"_blank\" rel=\"noreferrer noopener\">D-FUZION<\/a><\/p>\n\n\n\n<h3 class=\"wp-block-heading\" id=\"host\">Hosting<\/h3>\n\n\n\n<p>Die Website wird gehostet von <a role=\"link\" rel=\"nofollow noopener\" href=\"https:\/\/www.surfonline.fr\/\" target=\"_blank\">OVH SAS<\/a>.<\/p>\n\n\n\n<h3 class=\"wp-block-heading\" id=\"credits\">Kredite<\/h3>\n\n\n\n<p><strong>Bilder: <\/strong>BETRIEBSSPORTORGANISATION<br><strong>Videos:<\/strong> BETRIEBSSPORTORGANISATION<\/p>\n\n\n\n<h3 class=\"wp-block-heading\" id=\"responsibility\">Verantwortung<\/h3>\n\n\n\n<p>Medigames bietet viele Links zu anderen Websites, haupts\u00e4chlich zu offiziellen Websites. Regelm\u00e4\u00dfig \u00fcberpr\u00fcft, sind sie nur zur Information zur Verf\u00fcgung gestellt und nicht die Verantwortung von Medigames \/ CSO engagieren.<\/p>\n\n\n\n<p>Andererseits lehnt Medigames \/ CSO jede Haftung f\u00fcr Hypertext-Links zu seiner Medigames-Website ab.<\/p>\n\n\n\n<h3 class=\"wp-block-heading\" id=\"intellectual-property\">Geistiges Eigentum<\/h3>\n\n\n\n<p>Die Website und die darin enthaltenen Informationen sind durch das franz\u00f6sische Recht auf geistiges Eigentum und durch internationale Konventionen gesch\u00fctzt. Die Website (oder irgendein Element ihres Inhalts) darf ohne vorherige schriftliche Genehmigung der Rechteinhaber nicht vervielf\u00e4ltigt, neu ver\u00f6ffentlicht, umgeschrieben, ver\u00e4ndert oder weitergegeben werden (dies betrifft weder die Nutzung im Familienkreis noch die private Nutzung).<\/p>\n\n\n\n<p>F\u00fcr jede Anfrage, senden Sie bitte eine E-Mail an <a href=\"mailto:info@medigames.com\"><\/a><a href=\"mailto:info@medigames.com\">info@medigames.com<\/a><\/p>\n<\/div><\/div>\n\n\n\n<div style=\"height:12px\" aria-hidden=\"true\" class=\"wp-block-spacer\"><\/div>","protected":false},"excerpt":{"rendered":"<p>Willkommen auf der offiziellen Website von The Medigames In \u00dcbereinstimmung mit den Bestimmungen des Gesetzes Nr. 2004-575 vom 21. Juni...<\/p>","protected":false},"author":1,"featured_media":12135,"parent":0,"menu_order":20,"comment_status":"closed","ping_status":"closed","template":"","meta":{"_acf_changed":false,"_uag_custom_page_level_css":"","footnotes":""},"class_list":["post-12450","page","type-page","status-publish","has-post-thumbnail","hentry"],"acf":[],"uagb_featured_image_src":{"full":["https:\/\/medigames.com\/wp-content\/uploads\/2022\/01\/Page-Resultats.jpg",1600,500,false],"thumbnail":["https:\/\/medigames.com\/wp-content\/uploads\/2022\/01\/Page-Resultats-150x150.jpg",150,150,true],"medium":["https:\/\/medigames.com\/wp-content\/uploads\/2022\/01\/Page-Resultats-300x94.jpg",300,94,true],"medium_large":["https:\/\/medigames.com\/wp-content\/uploads\/2022\/01\/Page-Resultats-768x240.jpg",580,181,true],"large":["https:\/\/medigames.com\/wp-content\/uploads\/2022\/01\/Page-Resultats-1024x320.jpg",580,181,true],"1536x1536":["https:\/\/medigames.com\/wp-content\/uploads\/2022\/01\/Page-Resultats-1536x480.jpg",1536,480,true],"2048x2048":["https:\/\/medigames.com\/wp-content\/uploads\/2022\/01\/Page-Resultats.jpg",1600,500,false],"trp-custom-language-flag":["https:\/\/medigames.com\/wp-content\/uploads\/2022\/01\/Page-Resultats-18x6.jpg",18,6,true],"post-thumbnail":["https:\/\/medigames.com\/wp-content\/uploads\/2022\/01\/Page-Resultats-1200x375.jpg",1200,375,true],"twentytwenty-fullscreen":["https:\/\/medigames.com\/wp-content\/uploads\/2022\/01\/Page-Resultats.jpg",1600,500,false]},"uagb_author_info":{"display_name":"dfuzionadmin","author_link":"https:\/\/medigames.com\/de\/author\/dfuzionadmin\/"},"uagb_comment_info":0,"uagb_excerpt":"Welcome to the official site of The Medigames In accordance with the provisions of Law No. 2004-575 of June 21,&hellip;","_links":{"self":[{"href":"https:\/\/medigames.com\/de\/wp-json\/wp\/v2\/pages\/12450","targetHints":{"allow":["GET"]}}],"collection":[{"href":"https:\/\/medigames.com\/de\/wp-json\/wp\/v2\/pages"}],"about":[{"href":"https:\/\/medigames.com\/de\/wp-json\/wp\/v2\/types\/page"}],"author":[{"embeddable":true,"href":"https:\/\/medigames.com\/de\/wp-json\/wp\/v2\/users\/1"}],"replies":[{"embeddable":true,"href":"https:\/\/medigames.com\/de\/wp-json\/wp\/v2\/comments?post=12450"}],"version-history":[{"count":0,"href":"https:\/\/medigames.com\/de\/wp-json\/wp\/v2\/pages\/12450\/revisions"}],"wp:featuredmedia":[{"embeddable":true,"href":"https:\/\/medigames.com\/de\/wp-json\/wp\/v2\/media\/12135"}],"wp:attachment":[{"href":"https:\/\/medigames.com\/de\/wp-json\/wp\/v2\/media?parent=12450"}],"curies":[{"name":"wp","href":"https:\/\/api.w.org\/{rel}","templated":true}]}}