{"id":12546,"date":"2022-06-28T17:40:45","date_gmt":"2022-06-28T15:40:45","guid":{"rendered":"https:\/\/medigames.com\/?page_id=12546"},"modified":"2026-01-13T08:38:27","modified_gmt":"2026-01-13T07:38:27","slug":"introduction","status":"publish","type":"page","link":"https:\/\/medigames.com\/de\/football-tournaments\/introduction\/","title":{"rendered":"Einf\u00fchrung"},"content":{"rendered":"<section class=\"wp-block-uagb-columns uagb-columns__wrap uagb-columns__background-color uagb-columns__stack-mobile uagb-columns__valign- uagb-columns__gap-10 align uagb-block-340336cc uagb-columns__columns-1 uagb-columns__max_width-custom fondbloc\"><div class=\"uagb-columns__overlay\"><\/div><div class=\"uagb-columns__inner-wrap uagb-columns__columns-1\">\n<div class=\"wp-block-uagb-column uagb-column__wrap uagb-column__background-undefined uagb-block-baa962ff\"><div class=\"uagb-column__overlay\"><\/div>\n<h2 class=\"wp-block-heading moveLeft pictotitre\" id=\"football-at-medigames\">2026, ein bedeutendes Jahr f\u00fcr den Fu\u00dfball weltweit und bei den Medigames<\/h2>\n\n\n\n<p>Als Sportart mit den h\u00f6chsten Teilnehmerzahlen, die fast 500 Teilnehmer zusammenbringt, wird Fu\u00dfball auch in diesem Jahr wieder im Mittelpunkt stehen.<br>Wir freuen uns sehr, das Turnier im gro\u00dfartigen Arena Sport Centre auszurichten, das nur wenige Gehminuten vom Hotel entfernt liegt. Dieser Komplex umfasst vier Naturrasenpl\u00e4tze und zwei Kunstrasenpl\u00e4tze und wird regelm\u00e4\u00dfig von Profifu\u00dfballmannschaften genutzt, die w\u00e4hrend ihrer Saisonvorbereitung die idyllische Lage und die hochwertigen Pl\u00e4tze genie\u00dfen m\u00f6chten. Das sollten Sie sich nicht entgehen lassen!<\/p>\n<\/div>\n<\/div><\/section>\n\n\n\n<div style=\"height:40px\" aria-hidden=\"true\" class=\"wp-block-spacer\"><\/div>\n\n\n\n<section class=\"wp-block-uagb-columns uagb-columns__wrap uagb-columns__background-none uagb-columns__stack-mobile uagb-columns__valign-top uagb-columns__gap-10 align uagb-block-2f3b1b84 uagb-columns__columns-3 uagb-columns__max_width-custom\"><div class=\"uagb-columns__overlay\"><\/div><div class=\"uagb-columns__inner-wrap uagb-columns__columns-3\">\n<div class=\"wp-block-uagb-column uagb-column__wrap uagb-column__background-undefined uagb-block-c6235e14\"><div class=\"uagb-column__overlay\"><\/div>\n<h3 class=\"wp-block-heading tw-mt-0\" id=\"the-medigames-offer-3-different-tournaments\">5 verschiedene Turniere<\/h3>\n\n\n\n<ul class=\"wp-block-list\">\n<li>11er-Fu\u00dfball Classic (ohne Altersbegrenzung),<\/li>\n\n\n\n<li>Ein 11-a-side Master-Turnier (\u00fcber 40 \/ 3 Personen zwischen 45 und 50 erlaubt)<\/li>\n\n\n\n<li>Ein 7-a-side Classic Women Turnier (ohne Altersbegrenzung)<\/li>\n\n\n\n<li>7er-Fu\u00dfball M\u00e4nner Classic (ohne Altersbeschr\u00e4nkung)<\/li>\n\n\n\n<li>Ein 7er-Legenden-Turnier f\u00fcr M\u00e4nner (\u00fcber 50 \/ 2 Personen zwischen 45 und 50 sind zugelassen)<\/li>\n<\/ul>\n\n\n\n<p>Die vollst\u00e4ndigen Regeln finden Sie in unseren Sportinformationsbl\u00e4ttern.<\/p>\n<\/div>\n\n\n\n<div class=\"wp-block-uagb-column uagb-column__wrap uagb-column__background-none uagb-block-7ef49dfb\"><div class=\"uagb-column__overlay\"><\/div><\/div>\n\n\n\n<div class=\"wp-block-uagb-column uagb-column__wrap uagb-column__background-image uagb-block-739d4a92 animated fadeIn delay-200ms\"><div class=\"uagb-column__overlay\"><\/div><div class=\"wp-block-image tw-mt-0 is-style- is-style-default\">\n<figure class=\"aligncenter size-large\"><img loading=\"lazy\" decoding=\"async\" width=\"1024\" height=\"584\" src=\"https:\/\/medigames.com\/wp-content\/uploads\/2025\/12\/Mundialito9-1024x584.png\" alt=\"\" class=\"wp-image-15570\" srcset=\"https:\/\/medigames.com\/wp-content\/uploads\/2025\/12\/Mundialito9-1024x584.png 1024w, https:\/\/medigames.com\/wp-content\/uploads\/2025\/12\/Mundialito9-300x171.png 300w, https:\/\/medigames.com\/wp-content\/uploads\/2025\/12\/Mundialito9-768x438.png 768w, https:\/\/medigames.com\/wp-content\/uploads\/2025\/12\/Mundialito9-1536x876.png 1536w, https:\/\/medigames.com\/wp-content\/uploads\/2025\/12\/Mundialito9-2048x1168.png 2048w, https:\/\/medigames.com\/wp-content\/uploads\/2025\/12\/Mundialito9-18x10.png 18w, https:\/\/medigames.com\/wp-content\/uploads\/2025\/12\/Mundialito9-1200x684.png 1200w, https:\/\/medigames.com\/wp-content\/uploads\/2025\/12\/Mundialito9-1980x1129.png 1980w\" sizes=\"auto, (max-width: 1024px) 100vw, 1024px\" \/><\/figure>\n<\/div><\/div>\n<\/div><\/section>\n\n\n\n<section class=\"wp-block-uagb-columns uagb-columns__wrap uagb-columns__background-none uagb-columns__stack-mobile uagb-columns__valign-top uagb-columns__gap-10 align uagb-block-ce7bd6f0 uagb-columns__columns-3 uagb-columns__max_width-custom\"><div class=\"uagb-columns__overlay\"><\/div><div class=\"uagb-columns__inner-wrap uagb-columns__columns-3\">\n<div class=\"wp-block-uagb-column uagb-column__wrap uagb-column__background-undefined uagb-block-f71e13fe\"><div class=\"uagb-column__overlay\"><\/div>\n<h3 class=\"wp-block-heading tw-mt-0\" id=\"days-of-tourmaments\">Tage der Turniere<\/h3>\n\n\n\n<p>Das Programm des Fu\u00dfballwettbewerbs ist wie folgt organisiert: Jede Mannschaft bestreitet 1 Spiel pro Tag.<\/p>\n\n\n\n<ul class=\"wp-block-list is-style-tw-arrow\">\n<li><em><strong>Samstag, 13. Juni<\/strong><\/em>: Ankunft der Mannschaften und Auslosung des Turniers <\/li>\n\n\n\n<li><em><strong>Sonntag, 14. Juni<\/strong><\/em>: Beginn der 5 Fu\u00dfballturniere<\/li>\n\n\n\n<li><em><strong>Von Montag, 15. bis Donnerstag, 18. Juni<\/strong><\/em>: Fortsetzung der Gruppenphase und Beginn der K.o.-Runde<\/li>\n\n\n\n<li><em><strong>Freitag, 19. Juni<\/strong><\/em>: Turnierfinale und Siegerehrung w\u00e4hrend der Abschlussfeier der Medigames<\/li>\n<\/ul>\n<\/div>\n\n\n\n<div class=\"wp-block-uagb-column uagb-column__wrap uagb-column__background-none uagb-block-ca56ff1d\"><div class=\"uagb-column__overlay\"><\/div><\/div>\n\n\n\n<div class=\"wp-block-uagb-column uagb-column__wrap uagb-column__background-image uagb-block-d3ce1be2 flip\"><div class=\"uagb-column__overlay\"><\/div>\n<div class=\"wp-block-group flip-card\"><div class=\"wp-block-group__inner-container is-layout-flow wp-block-group-is-layout-flow\">\n<div class=\"wp-block-uagb-section uagb-section__wrap uagb-section__background-image uagb-block-cb694dff flip-front\"><div class=\"uagb-section__overlay\"><\/div><div class=\"uagb-section__inner-wrap\">\n<h5 class=\"wp-block-heading has-text-align-center has-blanc-color has-text-color\" id=\"take-upthe-challenge\">Aufnehmen<br>die Herausforderung!<\/h5>\n<\/div><\/div>\n\n\n\n<div class=\"wp-block-uagb-section uagb-section__wrap uagb-section__background-color uagb-block-fc66df0c flip-back\"><div class=\"uagb-section__overlay\"><\/div><div class=\"uagb-section__inner-wrap\">\n<h6 class=\"wp-block-heading has-text-align-center has-blanc-color has-text-color\" id=\"join-the-18-teams-already-registered-for-the-medigames-2022-football-tournament\">Nehmen Sie an einem der 5 Turniere teil, die dieses Jahr in Pula und Medulin organisiert werden!<\/h6>\n<\/div><\/div>\n<\/div><\/div>\n<\/div>\n<\/div><\/section>\n\n\n\n<div class=\"wp-block-uagb-container uagb-layout-grid uagb-block-fef9e83c alignfull uagb-is-root-container\">\n<figure class=\"wp-block-image size-full is-resized\"><img decoding=\"async\" src=\"https:\/\/medigames.com\/wp-content\/uploads\/2025\/10\/LogoVilleMedu.png\" alt=\"\" style=\"width:auto;height:90px\"\/><\/figure>\n\n\n\n<figure class=\"wp-block-image size-full is-resized\"><img decoding=\"async\" src=\"https:\/\/medigames.com\/wp-content\/uploads\/2025\/10\/LogoMedCanadiens.png\" alt=\"\" style=\"width:auto;height:100px\"\/><\/figure>\n\n\n\n<figure class=\"wp-block-image size-full is-resized\"><img decoding=\"async\" src=\"https:\/\/medigames.com\/wp-content\/uploads\/2021\/10\/bauerfeind.png\" alt=\"\" style=\"width:auto;height:40px\"\/><\/figure>\n\n\n\n<figure class=\"wp-block-image size-large is-resized\"><img decoding=\"async\" src=\"https:\/\/medigames.com\/wp-content\/uploads\/2025\/10\/LogoMedulin-1024x298.jpg\" alt=\"\" style=\"width:auto;height:60px\"\/><\/figure>\n\n\n\n<figure class=\"wp-block-image size-full is-resized\"><img decoding=\"async\" src=\"https:\/\/medigames.com\/wp-content\/uploads\/2025\/12\/LOGOARENA.png\" alt=\"\" style=\"width:auto;height:50px\"\/><\/figure>\n\n\n\n<figure class=\"wp-block-image size-full is-resized\"><img decoding=\"async\" src=\"https:\/\/medigames.com\/wp-content\/uploads\/2025\/12\/LogoVLVHorizon.png\" alt=\"\" style=\"width:auto;height:70px\"\/><\/figure>\n<\/div>\n\n\n\n<div style=\"height:1px\" aria-hidden=\"true\" class=\"wp-block-spacer\"><\/div>","protected":false},"excerpt":{"rendered":"<p>2026, ein bedeutendes Jahr f\u00fcr den Fu\u00dfball, sowohl weltweit als auch bei den Medigames, der Sportart mit den meisten...<\/p>","protected":false},"author":1,"featured_media":11031,"parent":8075,"menu_order":1,"comment_status":"closed","ping_status":"closed","template":"","meta":{"_acf_changed":false,"_uag_custom_page_level_css":"","footnotes":""},"class_list":["post-12546","page","type-page","status-publish","has-post-thumbnail","hentry"],"acf":[],"uagb_featured_image_src":{"full":["https:\/\/medigames.com\/wp-content\/uploads\/2021\/11\/football-medigames.jpg",1024,683,false],"thumbnail":["https:\/\/medigames.com\/wp-content\/uploads\/2021\/11\/football-medigames-150x150.jpg",150,150,true],"medium":["https:\/\/medigames.com\/wp-content\/uploads\/2021\/11\/football-medigames-300x200.jpg",300,200,true],"medium_large":["https:\/\/medigames.com\/wp-content\/uploads\/2021\/11\/football-medigames-768x512.jpg",580,387,true],"large":["https:\/\/medigames.com\/wp-content\/uploads\/2021\/11\/football-medigames.jpg",580,387,false],"1536x1536":["https:\/\/medigames.com\/wp-content\/uploads\/2021\/11\/football-medigames.jpg",1024,683,false],"2048x2048":["https:\/\/medigames.com\/wp-content\/uploads\/2021\/11\/football-medigames.jpg",1024,683,false],"trp-custom-language-flag":["https:\/\/medigames.com\/wp-content\/uploads\/2021\/11\/football-medigames-18x12.jpg",18,12,true],"post-thumbnail":["https:\/\/medigames.com\/wp-content\/uploads\/2021\/11\/football-medigames.jpg",1024,683,false],"twentytwenty-fullscreen":["https:\/\/medigames.com\/wp-content\/uploads\/2021\/11\/football-medigames.jpg",1024,683,false]},"uagb_author_info":{"display_name":"dfuzionadmin","author_link":"https:\/\/medigames.com\/de\/author\/dfuzionadmin\/"},"uagb_comment_info":0,"uagb_excerpt":"2026, a signifiant year for football both globaly and at the Medigames As the sport with the largest participation numbers,&hellip;","_links":{"self":[{"href":"https:\/\/medigames.com\/de\/wp-json\/wp\/v2\/pages\/12546","targetHints":{"allow":["GET"]}}],"collection":[{"href":"https:\/\/medigames.com\/de\/wp-json\/wp\/v2\/pages"}],"about":[{"href":"https:\/\/medigames.com\/de\/wp-json\/wp\/v2\/types\/page"}],"author":[{"embeddable":true,"href":"https:\/\/medigames.com\/de\/wp-json\/wp\/v2\/users\/1"}],"replies":[{"embeddable":true,"href":"https:\/\/medigames.com\/de\/wp-json\/wp\/v2\/comments?post=12546"}],"version-history":[{"count":0,"href":"https:\/\/medigames.com\/de\/wp-json\/wp\/v2\/pages\/12546\/revisions"}],"up":[{"embeddable":true,"href":"https:\/\/medigames.com\/de\/wp-json\/wp\/v2\/pages\/8075"}],"wp:featuredmedia":[{"embeddable":true,"href":"https:\/\/medigames.com\/de\/wp-json\/wp\/v2\/media\/11031"}],"wp:attachment":[{"href":"https:\/\/medigames.com\/de\/wp-json\/wp\/v2\/media?parent=12546"}],"curies":[{"name":"wp","href":"https:\/\/api.w.org\/{rel}","templated":true}]}}