{"id":13493,"date":"2023-03-14T10:25:45","date_gmt":"2023-03-14T09:25:45","guid":{"rendered":"https:\/\/medigames.com\/?page_id=13493"},"modified":"2026-01-13T08:36:39","modified_gmt":"2026-01-13T07:36:39","slug":"hotels","status":"publish","type":"page","link":"https:\/\/medigames.com\/de\/hotels\/","title":{"rendered":"Unterkunft"},"content":{"rendered":"<div class=\"wp-block-uagb-container uagb-block-256a39e5 alignfull uagb-is-root-container\"><div class=\"uagb-container-inner-blocks-wrap\">\n<div class=\"wp-block-uagb-container uagb-block-4811e741\">\n<h1 class=\"wp-block-heading tw-mb-0 tw-mt-2\">Park Plaza Belvedere<\/h1>\n\n\n\n<figure class=\"wp-block-image size-full is-resized\"><img loading=\"lazy\" decoding=\"async\" width=\"850\" height=\"550\" src=\"https:\/\/medigames.com\/wp-content\/uploads\/2025\/12\/PARK-PLAZA-BELVEDERE-2.jpg\" alt=\"\" class=\"wp-image-15528\" style=\"aspect-ratio:1.8640776699029127;width:606px;height:auto\" srcset=\"https:\/\/medigames.com\/wp-content\/uploads\/2025\/12\/PARK-PLAZA-BELVEDERE-2.jpg 850w, https:\/\/medigames.com\/wp-content\/uploads\/2025\/12\/PARK-PLAZA-BELVEDERE-2-300x194.jpg 300w, https:\/\/medigames.com\/wp-content\/uploads\/2025\/12\/PARK-PLAZA-BELVEDERE-2-768x497.jpg 768w, https:\/\/medigames.com\/wp-content\/uploads\/2025\/12\/PARK-PLAZA-BELVEDERE-2-18x12.jpg 18w\" sizes=\"auto, (max-width: 850px) 100vw, 850px\" \/><\/figure>\n\n\n\n<p>Das Park Plaza Belvedere Hotel, ein 4-Sterne-Haus der Arena Group, genie\u00dft eine privilegierte Lage im Herzen der charmanten K\u00fcstenstadt Medulin, direkt am kristallklaren Wasser der Adria. Umgeben von unber\u00fchrter Natur bietet es einen idyllischen Rahmen, um Entspannung und sportliche Aktivit\u00e4ten zu verbinden.<br>Das Hotel verf\u00fcgt \u00fcber zwei Au\u00dfenpools und einen halbolympischen Innenpool, einen Fitnessbereich, ein Restaurant mit Meerblick und ein Wellnesscenter.<br>Das Hotel verbindet auf harmonische Weise Eleganz und Authentizit\u00e4t in einer bezaubernden mediterranen Atmosph\u00e4re. Ein wahrer Zufluchtsort f\u00fcr Reisende, die Entspannung und Ruhe suchen. Das Park Plaza Belvedere wird das Zentrum der Spiele sein: Hier finden die Symposiumsveranstaltungen sowie die Siegerehrung der \u201cMedaillengewinner des Tages\u201d statt.<br>Dort finden Sie auch alle Informationen, die Sie \u00fcber die Sportwettk\u00e4mpfe ben\u00f6tigen.<\/p>\n\n\n\n<p><\/p>\n\n\n\n<p><\/p>\n<\/div>\n\n\n\n<div class=\"wp-block-uagb-container uagb-block-35e0db35\">\n<figure class=\"wp-block-image size-large\"><img loading=\"lazy\" decoding=\"async\" width=\"1024\" height=\"442\" src=\"https:\/\/medigames.com\/wp-content\/uploads\/2025\/12\/Belvedere-1024x442.png\" alt=\"\" class=\"wp-image-15529\" srcset=\"https:\/\/medigames.com\/wp-content\/uploads\/2025\/12\/Belvedere-1024x442.png 1024w, https:\/\/medigames.com\/wp-content\/uploads\/2025\/12\/Belvedere-300x130.png 300w, https:\/\/medigames.com\/wp-content\/uploads\/2025\/12\/Belvedere-768x332.png 768w, https:\/\/medigames.com\/wp-content\/uploads\/2025\/12\/Belvedere-18x8.png 18w, https:\/\/medigames.com\/wp-content\/uploads\/2025\/12\/Belvedere-1200x519.png 1200w, https:\/\/medigames.com\/wp-content\/uploads\/2025\/12\/Belvedere.png 1532w\" sizes=\"auto, (max-width: 1024px) 100vw, 1024px\" \/><\/figure>\n\n\n\n<figure class=\"wp-block-image size-full\"><img loading=\"lazy\" decoding=\"async\" width=\"2560\" height=\"1337\" src=\"https:\/\/medigames.com\/wp-content\/uploads\/2025\/12\/PARK-PLAZA-BELVEDERE-Chambre-scaled.jpg\" alt=\"\" class=\"wp-image-15526\" srcset=\"https:\/\/medigames.com\/wp-content\/uploads\/2025\/12\/PARK-PLAZA-BELVEDERE-Chambre-scaled.jpg 2560w, https:\/\/medigames.com\/wp-content\/uploads\/2025\/12\/PARK-PLAZA-BELVEDERE-Chambre-300x157.jpg 300w, https:\/\/medigames.com\/wp-content\/uploads\/2025\/12\/PARK-PLAZA-BELVEDERE-Chambre-1024x535.jpg 1024w, https:\/\/medigames.com\/wp-content\/uploads\/2025\/12\/PARK-PLAZA-BELVEDERE-Chambre-768x401.jpg 768w, https:\/\/medigames.com\/wp-content\/uploads\/2025\/12\/PARK-PLAZA-BELVEDERE-Chambre-1536x802.jpg 1536w, https:\/\/medigames.com\/wp-content\/uploads\/2025\/12\/PARK-PLAZA-BELVEDERE-Chambre-2048x1070.jpg 2048w, https:\/\/medigames.com\/wp-content\/uploads\/2025\/12\/PARK-PLAZA-BELVEDERE-Chambre-18x9.jpg 18w, https:\/\/medigames.com\/wp-content\/uploads\/2025\/12\/PARK-PLAZA-BELVEDERE-Chambre-1200x627.jpg 1200w, https:\/\/medigames.com\/wp-content\/uploads\/2025\/12\/PARK-PLAZA-BELVEDERE-Chambre-1980x1034.jpg 1980w\" sizes=\"auto, (max-width: 2560px) 100vw, 2560px\" \/><\/figure>\n\n\n\n<figure class=\"wp-block-image size-full\"><img loading=\"lazy\" decoding=\"async\" width=\"1544\" height=\"749\" src=\"https:\/\/medigames.com\/wp-content\/uploads\/2025\/12\/PARK-PLAZA-BELVEDERE.jpg\" alt=\"\" class=\"wp-image-15527\" srcset=\"https:\/\/medigames.com\/wp-content\/uploads\/2025\/12\/PARK-PLAZA-BELVEDERE.jpg 1544w, https:\/\/medigames.com\/wp-content\/uploads\/2025\/12\/PARK-PLAZA-BELVEDERE-300x146.jpg 300w, https:\/\/medigames.com\/wp-content\/uploads\/2025\/12\/PARK-PLAZA-BELVEDERE-1024x497.jpg 1024w, https:\/\/medigames.com\/wp-content\/uploads\/2025\/12\/PARK-PLAZA-BELVEDERE-768x373.jpg 768w, https:\/\/medigames.com\/wp-content\/uploads\/2025\/12\/PARK-PLAZA-BELVEDERE-1536x745.jpg 1536w, https:\/\/medigames.com\/wp-content\/uploads\/2025\/12\/PARK-PLAZA-BELVEDERE-18x9.jpg 18w, https:\/\/medigames.com\/wp-content\/uploads\/2025\/12\/PARK-PLAZA-BELVEDERE-1200x582.jpg 1200w\" sizes=\"auto, (max-width: 1544px) 100vw, 1544px\" \/><\/figure>\n\n\n\n<h4 class=\"wp-block-heading\">SPIELZENTRUM<\/h4>\n<\/div>\n<\/div><\/div>\n\n\n\n<div class=\"wp-block-uagb-container uagb-block-cca121c5 alignfull uagb-is-root-container\"><div class=\"uagb-container-inner-blocks-wrap\">\n<div class=\"wp-block-uagb-container uagb-block-e3cb7ba2\">\n<h1 class=\"wp-block-heading tw-mb-0 tw-mt-2\">Arena Hotel Urlaub<\/h1>\n\n\n\n<figure class=\"wp-block-image size-full is-resized\"><img loading=\"lazy\" decoding=\"async\" width=\"1920\" height=\"1080\" src=\"https:\/\/medigames.com\/wp-content\/uploads\/2025\/12\/ARENA-HOTEL-HOLIDAY-.jpg\" alt=\"\" class=\"wp-image-15531\" style=\"aspect-ratio:1.8640776699029127;width:606px;height:auto\" srcset=\"https:\/\/medigames.com\/wp-content\/uploads\/2025\/12\/ARENA-HOTEL-HOLIDAY-.jpg 1920w, https:\/\/medigames.com\/wp-content\/uploads\/2025\/12\/ARENA-HOTEL-HOLIDAY--300x169.jpg 300w, https:\/\/medigames.com\/wp-content\/uploads\/2025\/12\/ARENA-HOTEL-HOLIDAY--1024x576.jpg 1024w, https:\/\/medigames.com\/wp-content\/uploads\/2025\/12\/ARENA-HOTEL-HOLIDAY--768x432.jpg 768w, https:\/\/medigames.com\/wp-content\/uploads\/2025\/12\/ARENA-HOTEL-HOLIDAY--1536x864.jpg 1536w, https:\/\/medigames.com\/wp-content\/uploads\/2025\/12\/ARENA-HOTEL-HOLIDAY--18x10.jpg 18w, https:\/\/medigames.com\/wp-content\/uploads\/2025\/12\/ARENA-HOTEL-HOLIDAY--1200x675.jpg 1200w\" sizes=\"auto, (max-width: 1920px) 100vw, 1920px\" \/><\/figure>\n\n\n\n<p>Das Arena Hotel Holiday liegt in der N\u00e4he des Park Plaza Belvedere (Games Centre) und profitiert von denselben Standortvorteilen wie sein Nachbar. Es liegt direkt am Meer und bietet eine nat\u00fcrliche und authentische Umgebung, die Entspannung und Geselligkeit f\u00f6rdert.<br>Das 3-Sterne-Hotel verf\u00fcgt \u00fcber einen Au\u00dfenpool, einen Garten, eine Gemeinschaftslounge und ein Restaurant.<br>Das Hotel eignet sich f\u00fcr alle Arten von Reisenden, egal ob Sie alleine, zu zweit oder mit Ihrer Familie anreisen. Es bietet R\u00e4umlichkeiten und Aktivit\u00e4ten f\u00fcr jeden Geschmack. Insbesondere bietet es ein einzigartiges Unterhaltungsprogramm f\u00fcr Kinder, sodass der Aufenthalt f\u00fcr alle zu einem Vergn\u00fcgen wird!<\/p>\n\n\n\n<p><\/p>\n\n\n\n<p><\/p>\n<\/div>\n\n\n\n<div class=\"wp-block-uagb-container uagb-block-e4b98967\">\n<figure class=\"wp-block-image size-large\"><img loading=\"lazy\" decoding=\"async\" width=\"1024\" height=\"633\" src=\"https:\/\/medigames.com\/wp-content\/uploads\/2025\/12\/ARENA-Bis-1024x633.png\" alt=\"\" class=\"wp-image-15533\" srcset=\"https:\/\/medigames.com\/wp-content\/uploads\/2025\/12\/ARENA-Bis-1024x633.png 1024w, https:\/\/medigames.com\/wp-content\/uploads\/2025\/12\/ARENA-Bis-300x185.png 300w, https:\/\/medigames.com\/wp-content\/uploads\/2025\/12\/ARENA-Bis-768x474.png 768w, https:\/\/medigames.com\/wp-content\/uploads\/2025\/12\/ARENA-Bis-18x12.png 18w, https:\/\/medigames.com\/wp-content\/uploads\/2025\/12\/ARENA-Bis-1200x741.png 1200w, https:\/\/medigames.com\/wp-content\/uploads\/2025\/12\/ARENA-Bis.png 1324w\" sizes=\"auto, (max-width: 1024px) 100vw, 1024px\" \/><\/figure>\n\n\n\n<figure class=\"wp-block-image size-full\"><img loading=\"lazy\" decoding=\"async\" width=\"2560\" height=\"1391\" src=\"https:\/\/medigames.com\/wp-content\/uploads\/2025\/12\/ARENA-HOTEL-HOLIDAY-Piscine-scaled.png\" alt=\"\" class=\"wp-image-15530\" srcset=\"https:\/\/medigames.com\/wp-content\/uploads\/2025\/12\/ARENA-HOTEL-HOLIDAY-Piscine-scaled.png 2560w, https:\/\/medigames.com\/wp-content\/uploads\/2025\/12\/ARENA-HOTEL-HOLIDAY-Piscine-300x163.png 300w, https:\/\/medigames.com\/wp-content\/uploads\/2025\/12\/ARENA-HOTEL-HOLIDAY-Piscine-1024x556.png 1024w, https:\/\/medigames.com\/wp-content\/uploads\/2025\/12\/ARENA-HOTEL-HOLIDAY-Piscine-768x417.png 768w, https:\/\/medigames.com\/wp-content\/uploads\/2025\/12\/ARENA-HOTEL-HOLIDAY-Piscine-1536x835.png 1536w, https:\/\/medigames.com\/wp-content\/uploads\/2025\/12\/ARENA-HOTEL-HOLIDAY-Piscine-2048x1113.png 2048w, https:\/\/medigames.com\/wp-content\/uploads\/2025\/12\/ARENA-HOTEL-HOLIDAY-Piscine-18x10.png 18w, https:\/\/medigames.com\/wp-content\/uploads\/2025\/12\/ARENA-HOTEL-HOLIDAY-Piscine-1200x652.png 1200w, https:\/\/medigames.com\/wp-content\/uploads\/2025\/12\/ARENA-HOTEL-HOLIDAY-Piscine-1980x1076.png 1980w\" sizes=\"auto, (max-width: 2560px) 100vw, 2560px\" \/><\/figure>\n\n\n\n<figure class=\"wp-block-image size-full\"><img loading=\"lazy\" decoding=\"async\" width=\"1920\" height=\"1280\" src=\"https:\/\/medigames.com\/wp-content\/uploads\/2025\/12\/ARENA-HOTEL-HOLIDAY-Chambre-1.jpg\" alt=\"\" class=\"wp-image-15537\" srcset=\"https:\/\/medigames.com\/wp-content\/uploads\/2025\/12\/ARENA-HOTEL-HOLIDAY-Chambre-1.jpg 1920w, https:\/\/medigames.com\/wp-content\/uploads\/2025\/12\/ARENA-HOTEL-HOLIDAY-Chambre-1-300x200.jpg 300w, https:\/\/medigames.com\/wp-content\/uploads\/2025\/12\/ARENA-HOTEL-HOLIDAY-Chambre-1-1024x683.jpg 1024w, https:\/\/medigames.com\/wp-content\/uploads\/2025\/12\/ARENA-HOTEL-HOLIDAY-Chambre-1-768x512.jpg 768w, https:\/\/medigames.com\/wp-content\/uploads\/2025\/12\/ARENA-HOTEL-HOLIDAY-Chambre-1-1536x1024.jpg 1536w, https:\/\/medigames.com\/wp-content\/uploads\/2025\/12\/ARENA-HOTEL-HOLIDAY-Chambre-1-18x12.jpg 18w, https:\/\/medigames.com\/wp-content\/uploads\/2025\/12\/ARENA-HOTEL-HOLIDAY-Chambre-1-1200x800.jpg 1200w\" sizes=\"auto, (max-width: 1920px) 100vw, 1920px\" \/><\/figure>\n\n\n\n<p><\/p>\n<\/div>\n<\/div><\/div>\n\n\n\n<div class=\"wp-block-uagb-container uagb-block-8f1901e5 alignfull uagb-is-root-container\"><div class=\"uagb-container-inner-blocks-wrap\">\n<div class=\"wp-block-uagb-container uagb-block-2c62e5cc\">\n<h1 class=\"wp-block-heading tw-mb-0 tw-mt-2\">Ai Pini Resort Apartments<\/h1>\n\n\n\n<figure class=\"wp-block-image size-full is-resized\"><img loading=\"lazy\" decoding=\"async\" width=\"1920\" height=\"1280\" src=\"https:\/\/medigames.com\/wp-content\/uploads\/2025\/12\/AI-PINI-APPARTEMENT.jpg\" alt=\"\" class=\"wp-image-15525\" style=\"aspect-ratio:1.8640776699029127;width:606px;height:auto\" srcset=\"https:\/\/medigames.com\/wp-content\/uploads\/2025\/12\/AI-PINI-APPARTEMENT.jpg 1920w, https:\/\/medigames.com\/wp-content\/uploads\/2025\/12\/AI-PINI-APPARTEMENT-300x200.jpg 300w, https:\/\/medigames.com\/wp-content\/uploads\/2025\/12\/AI-PINI-APPARTEMENT-1024x683.jpg 1024w, https:\/\/medigames.com\/wp-content\/uploads\/2025\/12\/AI-PINI-APPARTEMENT-768x512.jpg 768w, https:\/\/medigames.com\/wp-content\/uploads\/2025\/12\/AI-PINI-APPARTEMENT-1536x1024.jpg 1536w, https:\/\/medigames.com\/wp-content\/uploads\/2025\/12\/AI-PINI-APPARTEMENT-18x12.jpg 18w, https:\/\/medigames.com\/wp-content\/uploads\/2025\/12\/AI-PINI-APPARTEMENT-1200x800.jpg 1200w\" sizes=\"auto, (max-width: 1920px) 100vw, 1920px\" \/><\/figure>\n\n\n\n<p>Das Ai Pini Resort liegt gegen\u00fcber dem Park Plaza Belvedere (Games Centre) und bietet komfortable Apartments mit Balkon, einem Schlafzimmer mit Doppelbett und einem Schlafsofa, ideal f\u00fcr Paare, Freunde oder Familien.<br>Die Apartments erm\u00f6glichen dank ihrer funktionalen Wohnr\u00e4ume v\u00f6llige Unabh\u00e4ngigkeit und bieten Ihnen die n\u00f6tige Flexibilit\u00e4t, um Ihren Aufenthalt ganz nach Ihren W\u00fcnschen zu gestalten.<br>Das Ai Pini Resort wird wegen seiner ruhigen Atmosph\u00e4re sehr gesch\u00e4tzt und garantiert einen angenehmen Aufenthalt in einer ruhigen und gr\u00fcnen Umgebung.<\/p>\n\n\n\n<p><\/p>\n\n\n\n<p><\/p>\n<\/div>\n\n\n\n<div class=\"wp-block-uagb-container uagb-block-f152406c\">\n<figure class=\"wp-block-image size-large\"><img loading=\"lazy\" decoding=\"async\" width=\"1024\" height=\"683\" src=\"https:\/\/medigames.com\/wp-content\/uploads\/2025\/12\/AI-PINI-APPARTEMENT-Chambre--1024x683.jpg\" alt=\"\" class=\"wp-image-15524\" srcset=\"https:\/\/medigames.com\/wp-content\/uploads\/2025\/12\/AI-PINI-APPARTEMENT-Chambre--1024x683.jpg 1024w, https:\/\/medigames.com\/wp-content\/uploads\/2025\/12\/AI-PINI-APPARTEMENT-Chambre--300x200.jpg 300w, https:\/\/medigames.com\/wp-content\/uploads\/2025\/12\/AI-PINI-APPARTEMENT-Chambre--768x512.jpg 768w, https:\/\/medigames.com\/wp-content\/uploads\/2025\/12\/AI-PINI-APPARTEMENT-Chambre--1536x1024.jpg 1536w, https:\/\/medigames.com\/wp-content\/uploads\/2025\/12\/AI-PINI-APPARTEMENT-Chambre--18x12.jpg 18w, https:\/\/medigames.com\/wp-content\/uploads\/2025\/12\/AI-PINI-APPARTEMENT-Chambre--1200x800.jpg 1200w, https:\/\/medigames.com\/wp-content\/uploads\/2025\/12\/AI-PINI-APPARTEMENT-Chambre-.jpg 1920w\" sizes=\"auto, (max-width: 1024px) 100vw, 1024px\" \/><\/figure>\n\n\n\n<p><em><strong>Jede Wohnung umfasst:<br>\u2022 Klimaanlage<br>\u2022 WLAN<br>\u2022 Ein Schlafzimmer mit einem Doppelbett<br>\u2022 Ein Wohnzimmer mit einem Schlafsofa<br>\u2022 Eine voll ausgestattete K\u00fcchenzeile<br>\u2022 Ein Badezimmer<br>\u2022 Ein Balkon<\/strong><\/em><\/p>\n<\/div>\n<\/div><\/div>\n\n\n\n<div class=\"wp-block-uagb-container uagb-block-fd774a23 alignfull uagb-is-root-container\"><div class=\"uagb-container-inner-blocks-wrap\">\n<div class=\"wp-block-uagb-container uagb-block-941ec9df\">\n<h1 class=\"wp-block-heading tw-mb-0 tw-mt-2\">Arena Grand Kazela Resort Mobilheim<\/h1>\n\n\n\n<figure class=\"wp-block-image size-full is-resized\"><img loading=\"lazy\" decoding=\"async\" width=\"2560\" height=\"1699\" src=\"https:\/\/medigames.com\/wp-content\/uploads\/2025\/12\/ARENA-GRAND-KAZELA-MH-scaled.png\" alt=\"\" class=\"wp-image-15523\" style=\"aspect-ratio:1.8640776699029127;width:606px;height:auto\" srcset=\"https:\/\/medigames.com\/wp-content\/uploads\/2025\/12\/ARENA-GRAND-KAZELA-MH-scaled.png 2560w, https:\/\/medigames.com\/wp-content\/uploads\/2025\/12\/ARENA-GRAND-KAZELA-MH-300x199.png 300w, https:\/\/medigames.com\/wp-content\/uploads\/2025\/12\/ARENA-GRAND-KAZELA-MH-1024x680.png 1024w, https:\/\/medigames.com\/wp-content\/uploads\/2025\/12\/ARENA-GRAND-KAZELA-MH-768x510.png 768w, https:\/\/medigames.com\/wp-content\/uploads\/2025\/12\/ARENA-GRAND-KAZELA-MH-1536x1020.png 1536w, https:\/\/medigames.com\/wp-content\/uploads\/2025\/12\/ARENA-GRAND-KAZELA-MH-2048x1359.png 2048w, https:\/\/medigames.com\/wp-content\/uploads\/2025\/12\/ARENA-GRAND-KAZELA-MH-18x12.png 18w, https:\/\/medigames.com\/wp-content\/uploads\/2025\/12\/ARENA-GRAND-KAZELA-MH-1200x797.png 1200w, https:\/\/medigames.com\/wp-content\/uploads\/2025\/12\/ARENA-GRAND-KAZELA-MH-1980x1314.png 1980w\" sizes=\"auto, (max-width: 2560px) 100vw, 2560px\" \/><\/figure>\n\n\n\n<p>Das Arena Grand Kazela Resort liegt nur wenige Gehminuten vom Games Centre entfernt und erstreckt sich ebenfalls entlang der Adriak\u00fcste. Dieses Feriendorf verf\u00fcgt \u00fcber zwei Au\u00dfenpools, einen Kinderspielplatz und mehrere Bars und Restaurants und bietet eine gro\u00dfe Auswahl an Entspannungsbereichen.<br>Die Mobilheime sind modern eingerichtet und verf\u00fcgen \u00fcber WLAN und Klimaanlage. Jede Unterkunftseinheit verf\u00fcgt \u00fcber eine voll ausgestattete K\u00fcche, ein oder zwei private Badezimmer und eine m\u00f6blierte Terrasse.<\/p>\n\n\n\n<p><\/p>\n\n\n\n<p><\/p>\n<\/div>\n\n\n\n<div class=\"wp-block-uagb-container uagb-block-bdd301a7\">\n<figure class=\"wp-block-image size-large\"><img loading=\"lazy\" decoding=\"async\" width=\"1024\" height=\"683\" src=\"https:\/\/medigames.com\/wp-content\/uploads\/2025\/12\/ARENA-GRAND-KAZELA-Terrasse--1024x683.jpg\" alt=\"\" class=\"wp-image-15522\" srcset=\"https:\/\/medigames.com\/wp-content\/uploads\/2025\/12\/ARENA-GRAND-KAZELA-Terrasse--1024x683.jpg 1024w, https:\/\/medigames.com\/wp-content\/uploads\/2025\/12\/ARENA-GRAND-KAZELA-Terrasse--300x200.jpg 300w, https:\/\/medigames.com\/wp-content\/uploads\/2025\/12\/ARENA-GRAND-KAZELA-Terrasse--768x512.jpg 768w, https:\/\/medigames.com\/wp-content\/uploads\/2025\/12\/ARENA-GRAND-KAZELA-Terrasse--1536x1024.jpg 1536w, https:\/\/medigames.com\/wp-content\/uploads\/2025\/12\/ARENA-GRAND-KAZELA-Terrasse--18x12.jpg 18w, https:\/\/medigames.com\/wp-content\/uploads\/2025\/12\/ARENA-GRAND-KAZELA-Terrasse--1200x800.jpg 1200w, https:\/\/medigames.com\/wp-content\/uploads\/2025\/12\/ARENA-GRAND-KAZELA-Terrasse-.jpg 1920w\" sizes=\"auto, (max-width: 1024px) 100vw, 1024px\" \/><\/figure>\n\n\n\n<figure class=\"wp-block-image size-large\"><img loading=\"lazy\" decoding=\"async\" width=\"1024\" height=\"683\" src=\"https:\/\/medigames.com\/wp-content\/uploads\/2025\/12\/ARENA-GRAND-KAZELA-Cuisine--1024x683.jpg\" alt=\"\" class=\"wp-image-15521\" srcset=\"https:\/\/medigames.com\/wp-content\/uploads\/2025\/12\/ARENA-GRAND-KAZELA-Cuisine--1024x683.jpg 1024w, https:\/\/medigames.com\/wp-content\/uploads\/2025\/12\/ARENA-GRAND-KAZELA-Cuisine--300x200.jpg 300w, https:\/\/medigames.com\/wp-content\/uploads\/2025\/12\/ARENA-GRAND-KAZELA-Cuisine--768x512.jpg 768w, https:\/\/medigames.com\/wp-content\/uploads\/2025\/12\/ARENA-GRAND-KAZELA-Cuisine--1536x1024.jpg 1536w, https:\/\/medigames.com\/wp-content\/uploads\/2025\/12\/ARENA-GRAND-KAZELA-Cuisine--18x12.jpg 18w, https:\/\/medigames.com\/wp-content\/uploads\/2025\/12\/ARENA-GRAND-KAZELA-Cuisine--1200x800.jpg 1200w, https:\/\/medigames.com\/wp-content\/uploads\/2025\/12\/ARENA-GRAND-KAZELA-Cuisine-.jpg 1920w\" sizes=\"auto, (max-width: 1024px) 100vw, 1024px\" \/><\/figure>\n\n\n\n<p><em><strong>Jedes Mobilheim umfasst:<br>\u2022 Klimaanlage<br>\u2022 WLAN<br>\u2022 Ein Hauptschlafzimmer mit einem Doppelbett<br>\u2022 Ein Schlafzimmer mit zwei Einzelbetten<br>\u2022 Ein Wohnzimmer mit einem Schlafsofa f\u00fcr eine Person<br>\u2022 Eine voll ausgestattete K\u00fcchenzeile<br>\u2022 Zwei Badezimmer<br>\u2022 Eine Terrasse<\/strong><\/em><\/p>\n<\/div>\n<\/div><\/div>\n\n\n\n<div class=\"wp-block-uagb-container uagb-block-b80e74ee alignfull uagb-is-root-container\"><div class=\"uagb-container-inner-blocks-wrap\">\n<div class=\"wp-block-uagb-container uagb-block-5d300d6e\">\n<h1 class=\"wp-block-heading tw-mb-0 tw-mt-2\">Petram Resort Studio &amp; Apartment<\/h1>\n\n\n\n<figure class=\"wp-block-image size-full is-resized\"><img loading=\"lazy\" decoding=\"async\" width=\"2560\" height=\"1914\" src=\"https:\/\/medigames.com\/wp-content\/uploads\/2025\/12\/PETRAM-RESORT-scaled.png\" alt=\"\" class=\"wp-image-15520\" style=\"aspect-ratio:1.8640776699029127;width:606px;height:auto\" srcset=\"https:\/\/medigames.com\/wp-content\/uploads\/2025\/12\/PETRAM-RESORT-scaled.png 2560w, https:\/\/medigames.com\/wp-content\/uploads\/2025\/12\/PETRAM-RESORT-300x224.png 300w, https:\/\/medigames.com\/wp-content\/uploads\/2025\/12\/PETRAM-RESORT-1024x765.png 1024w, https:\/\/medigames.com\/wp-content\/uploads\/2025\/12\/PETRAM-RESORT-768x574.png 768w, https:\/\/medigames.com\/wp-content\/uploads\/2025\/12\/PETRAM-RESORT-1536x1148.png 1536w, https:\/\/medigames.com\/wp-content\/uploads\/2025\/12\/PETRAM-RESORT-2048x1531.png 2048w, https:\/\/medigames.com\/wp-content\/uploads\/2025\/12\/PETRAM-RESORT-16x12.png 16w, https:\/\/medigames.com\/wp-content\/uploads\/2025\/12\/PETRAM-RESORT-1200x897.png 1200w, https:\/\/medigames.com\/wp-content\/uploads\/2025\/12\/PETRAM-RESORT-1980x1480.png 1980w\" sizes=\"auto, (max-width: 2560px) 100vw, 2560px\" \/><\/figure>\n\n\n\n<p>Der Golfwettbewerb findet im Golf Adriatic (PGA National Croatia) statt, das sich im Nordosten Istriens, etwa eine Autostunde vom Games Centre entfernt, befindet. Um diese Fahrt zu vermeiden, werden die Teilnehmer im Petram Resort in der N\u00e4he der Golfpl\u00e4tze untergebracht.<br>Dieser 4-Sterne-Luxuskomplex bietet moderne Apartments und Studios, die komplett f\u00fcr einen Selbstversorger-Aufenthalt ausgestattet sind.<br>Mit seinem Panoramablick auf die Adria besticht das Petram Resort durch seine au\u00dfergew\u00f6hnliche Lage, in der Eleganz und<br>Verfeinerung kommen perfekt zusammen.<\/p>\n\n\n\n<p><\/p>\n\n\n\n<p><\/p>\n<\/div>\n\n\n\n<div class=\"wp-block-uagb-container uagb-block-523f9216\">\n<figure class=\"wp-block-image size-large\"><img loading=\"lazy\" decoding=\"async\" width=\"1024\" height=\"640\" src=\"https:\/\/medigames.com\/wp-content\/uploads\/2025\/12\/PETRAM-RESORT-Piscine-1024x640.jpg\" alt=\"\" class=\"wp-image-15519\" srcset=\"https:\/\/medigames.com\/wp-content\/uploads\/2025\/12\/PETRAM-RESORT-Piscine-1024x640.jpg 1024w, https:\/\/medigames.com\/wp-content\/uploads\/2025\/12\/PETRAM-RESORT-Piscine-300x188.jpg 300w, https:\/\/medigames.com\/wp-content\/uploads\/2025\/12\/PETRAM-RESORT-Piscine-768x480.jpg 768w, https:\/\/medigames.com\/wp-content\/uploads\/2025\/12\/PETRAM-RESORT-Piscine-1536x960.jpg 1536w, https:\/\/medigames.com\/wp-content\/uploads\/2025\/12\/PETRAM-RESORT-Piscine-18x12.jpg 18w, https:\/\/medigames.com\/wp-content\/uploads\/2025\/12\/PETRAM-RESORT-Piscine-1200x750.jpg 1200w, https:\/\/medigames.com\/wp-content\/uploads\/2025\/12\/PETRAM-RESORT-Piscine.jpg 1600w\" sizes=\"auto, (max-width: 1024px) 100vw, 1024px\" \/><\/figure>\n\n\n\n<p><em><strong>2 Arten von Unterk\u00fcnften:<\/strong><\/em><\/p>\n\n\n\n<p><em><strong>- <\/strong><\/em><strong>Deluxe-Studio <\/strong><em><strong>(32\u201334 m\u00b2):<br>besteht aus einem einzigen Raum mit einem Queensize-Bett, einer voll ausgestatteten K\u00fcche und einem Badezimmer mit Dusche; das Studio hat keinen Balkon.<\/strong><\/em><\/p>\n\n\n\n<p><em><strong>- <\/strong><\/em><strong>Luxus-Apartment <\/strong><em><strong>(60\u201367 m\u00b2): umfasst ein modernes Schlafzimmer mit einem Kingsize-Bett, eine voll ausgestattete K\u00fcche mit Essbereich, ein elegantes Wohnzimmer mit Schlafsofa, ein komfortables Badezimmer mit Dusche und WC sowie einen Balkon.<\/strong><\/em><\/p>\n<\/div>\n<\/div><\/div>\n\n\n\n<div class=\"wp-block-uagb-container uagb-layout-grid uagb-block-fef9e83c alignfull uagb-is-root-container\">\n<figure class=\"wp-block-image size-full is-resized\"><img decoding=\"async\" src=\"https:\/\/medigames.com\/wp-content\/uploads\/2025\/10\/LogoVilleMedu.png\" alt=\"\" style=\"width:auto;height:90px\"\/><\/figure>\n\n\n\n<figure class=\"wp-block-image size-full is-resized\"><img decoding=\"async\" src=\"https:\/\/medigames.com\/wp-content\/uploads\/2025\/10\/LogoMedCanadiens.png\" alt=\"\" style=\"width:auto;height:100px\"\/><\/figure>\n\n\n\n<figure class=\"wp-block-image size-full is-resized\"><img decoding=\"async\" src=\"https:\/\/medigames.com\/wp-content\/uploads\/2021\/10\/bauerfeind.png\" alt=\"\" style=\"width:auto;height:40px\"\/><\/figure>\n\n\n\n<figure class=\"wp-block-image size-large is-resized\"><img decoding=\"async\" src=\"https:\/\/medigames.com\/wp-content\/uploads\/2025\/10\/LogoMedulin-1024x298.jpg\" alt=\"\" style=\"width:auto;height:60px\"\/><\/figure>\n\n\n\n<figure class=\"wp-block-image size-full is-resized\"><img decoding=\"async\" src=\"https:\/\/medigames.com\/wp-content\/uploads\/2025\/12\/LOGOARENA.png\" alt=\"\" style=\"width:auto;height:50px\"\/><\/figure>\n\n\n\n<figure class=\"wp-block-image size-full is-resized\"><img decoding=\"async\" src=\"https:\/\/medigames.com\/wp-content\/uploads\/2025\/12\/LogoVLVHorizon.png\" alt=\"\" style=\"width:auto;height:70px\"\/><\/figure>\n<\/div>\n\n\n\n<div style=\"height:1px\" aria-hidden=\"true\" class=\"wp-block-spacer\"><\/div>","protected":false},"excerpt":{"rendered":"<p>Park Plaza Belvedere Das Park Plaza Belvedere Hotel, ein 4-Sterne-Haus der Arena Group, genie\u00dft eine privilegierte Lage\u2026<\/p>","protected":false},"author":1,"featured_media":15391,"parent":0,"menu_order":2,"comment_status":"closed","ping_status":"closed","template":"","meta":{"_acf_changed":false,"_uag_custom_page_level_css":"","footnotes":""},"class_list":["post-13493","page","type-page","status-publish","has-post-thumbnail","hentry"],"acf":[],"uagb_featured_image_src":{"full":["https:\/\/medigames.com\/wp-content\/uploads\/2025\/10\/BannHotel-scaled.jpg",2560,640,false],"thumbnail":["https:\/\/medigames.com\/wp-content\/uploads\/2025\/10\/BannHotel-150x150.jpg",150,150,true],"medium":["https:\/\/medigames.com\/wp-content\/uploads\/2025\/10\/BannHotel-300x75.jpg",300,75,true],"medium_large":["https:\/\/medigames.com\/wp-content\/uploads\/2025\/10\/BannHotel-768x192.jpg",580,145,true],"large":["https:\/\/medigames.com\/wp-content\/uploads\/2025\/10\/BannHotel-1024x256.jpg",580,145,true],"1536x1536":["https:\/\/medigames.com\/wp-content\/uploads\/2025\/10\/BannHotel-1536x384.jpg",1536,384,true],"2048x2048":["https:\/\/medigames.com\/wp-content\/uploads\/2025\/10\/BannHotel-2048x512.jpg",2048,512,true],"trp-custom-language-flag":["https:\/\/medigames.com\/wp-content\/uploads\/2025\/10\/BannHotel-18x5.jpg",18,5,true],"post-thumbnail":["https:\/\/medigames.com\/wp-content\/uploads\/2025\/10\/BannHotel-1200x300.jpg",1200,300,true],"twentytwenty-fullscreen":["https:\/\/medigames.com\/wp-content\/uploads\/2025\/10\/BannHotel-1980x495.jpg",1980,495,true]},"uagb_author_info":{"display_name":"dfuzionadmin","author_link":"https:\/\/medigames.com\/de\/author\/dfuzionadmin\/"},"uagb_comment_info":0,"uagb_excerpt":"Park Plaza Belvedere The Park Plaza Belvedere Hotel, a 4-star establishment belonging to the Arena Group, enjoys a privileged location&hellip;","_links":{"self":[{"href":"https:\/\/medigames.com\/de\/wp-json\/wp\/v2\/pages\/13493","targetHints":{"allow":["GET"]}}],"collection":[{"href":"https:\/\/medigames.com\/de\/wp-json\/wp\/v2\/pages"}],"about":[{"href":"https:\/\/medigames.com\/de\/wp-json\/wp\/v2\/types\/page"}],"author":[{"embeddable":true,"href":"https:\/\/medigames.com\/de\/wp-json\/wp\/v2\/users\/1"}],"replies":[{"embeddable":true,"href":"https:\/\/medigames.com\/de\/wp-json\/wp\/v2\/comments?post=13493"}],"version-history":[{"count":0,"href":"https:\/\/medigames.com\/de\/wp-json\/wp\/v2\/pages\/13493\/revisions"}],"wp:featuredmedia":[{"embeddable":true,"href":"https:\/\/medigames.com\/de\/wp-json\/wp\/v2\/media\/15391"}],"wp:attachment":[{"href":"https:\/\/medigames.com\/de\/wp-json\/wp\/v2\/media?parent=13493"}],"curies":[{"name":"wp","href":"https:\/\/api.w.org\/{rel}","templated":true}]}}