{"id":15632,"date":"2025-12-06T08:00:23","date_gmt":"2025-12-06T07:00:23","guid":{"rendered":"https:\/\/medigames.com\/?page_id=15632"},"modified":"2026-01-13T08:40:24","modified_gmt":"2026-01-13T07:40:24","slug":"prices-duplication","status":"publish","type":"page","link":"https:\/\/medigames.com\/de\/register\/prices-duplication\/","title":{"rendered":"Neue Sportarten"},"content":{"rendered":"<div style=\"height:40px\" aria-hidden=\"true\" class=\"wp-block-spacer\"><\/div>\n\n\n\n<section class=\"wp-block-uagb-columns uagb-columns__wrap uagb-columns__background-none uagb-columns__stack-mobile uagb-columns__valign- uagb-columns__gap-10 align uagb-block-f362e8c8 uagb-columns__columns-3 uagb-columns__max_width-custom fondbloc\"><div class=\"uagb-columns__overlay\"><\/div><div class=\"uagb-columns__inner-wrap uagb-columns__columns-3\">\n<div class=\"wp-block-uagb-column uagb-column__wrap uagb-column__background-color uagb-block-43249761\"><div class=\"uagb-column__overlay\"><\/div>\n<h2 class=\"wp-block-heading pictotitre\" id=\"price-chart\">KLETTERN<\/h2>\n\n\n\n<p>Klettern ist seit 2024 olympische Sportart und erlebt weltweit einen Boom. Daher ist es sinnvoll, diese Sportart in die Medigames aufzunehmen.<br>F\u00fcr diese erste Veranstaltung bieten wir Ihnen ein <strong>Klettermarathon<\/strong> Format, bei dem die Teilnehmer aufgefordert werden, innerhalb einer bestimmten Zeit so viele Routen unterschiedlicher Schwierigkeitsgrade wie m\u00f6glich zu klettern. Eine intensive Erfahrung, bei der jeder Griff z\u00e4hlt!<\/p>\n\n\n\n<figure class=\"wp-block-image size-large\"><img loading=\"lazy\" decoding=\"async\" width=\"1024\" height=\"821\" src=\"https:\/\/medigames.com\/wp-content\/uploads\/2025\/12\/Escalade-scaled-e1765005051111-1024x821.jpeg\" alt=\"\" class=\"wp-image-15633\" srcset=\"https:\/\/medigames.com\/wp-content\/uploads\/2025\/12\/Escalade-scaled-e1765005051111-1024x821.jpeg 1024w, https:\/\/medigames.com\/wp-content\/uploads\/2025\/12\/Escalade-scaled-e1765005051111-300x240.jpeg 300w, https:\/\/medigames.com\/wp-content\/uploads\/2025\/12\/Escalade-scaled-e1765005051111-768x616.jpeg 768w, https:\/\/medigames.com\/wp-content\/uploads\/2025\/12\/Escalade-scaled-e1765005051111-1536x1231.jpeg 1536w, https:\/\/medigames.com\/wp-content\/uploads\/2025\/12\/Escalade-scaled-e1765005051111-2048x1641.jpeg 2048w, https:\/\/medigames.com\/wp-content\/uploads\/2025\/12\/Escalade-scaled-e1765005051111-15x12.jpeg 15w, https:\/\/medigames.com\/wp-content\/uploads\/2025\/12\/Escalade-scaled-e1765005051111-1200x962.jpeg 1200w, https:\/\/medigames.com\/wp-content\/uploads\/2025\/12\/Escalade-scaled-e1765005051111-1980x1587.jpeg 1980w\" sizes=\"auto, (max-width: 1024px) 100vw, 1024px\" \/><\/figure>\n\n\n\n<p><\/p>\n\n\n\n<p><\/p>\n\n\n\n<p><\/p>\n\n\n\n<p><\/p>\n<\/div>\n\n\n\n<div class=\"wp-block-uagb-column uagb-column__wrap uagb-column__background-none uagb-block-fd51f01c\"><div class=\"uagb-column__overlay\"><\/div>\n<p><\/p>\n<\/div>\n\n\n\n<div class=\"wp-block-uagb-column uagb-column__wrap uagb-column__background-color uagb-block-e97af048\"><div class=\"uagb-column__overlay\"><\/div>\n<h2 class=\"wp-block-heading\">SCHIESSEN<\/h2>\n\n\n\n<p>Wir hei\u00dfen unsere Schie\u00dfsportbegeisterten zur Ausgabe 2026 wieder herzlich willkommen!<br>Der Sport erlebt ein gro\u00dfes Comeback mit <strong>10 m Luftgewehr, 10 m Luftpistole und 25\/50 m Gewehr<\/strong> Veranstaltungen auf dem Programm.<\/p>\n\n\n\n<p>Machen Sie sich bereit zum Zielen \u2026 wenn Sie mit einer Medaille nach Hause gehen wollen!<\/p>\n\n\n\n<ul class=\"wp-block-list\">\n<li><\/li>\n<\/ul>\n\n\n\n<figure class=\"wp-block-image size-large\"><img loading=\"lazy\" decoding=\"async\" width=\"1024\" height=\"768\" src=\"https:\/\/medigames.com\/wp-content\/uploads\/2025\/12\/Tir-1024x768.jpg\" alt=\"\" class=\"wp-image-15634\" srcset=\"https:\/\/medigames.com\/wp-content\/uploads\/2025\/12\/Tir-1024x768.jpg 1024w, https:\/\/medigames.com\/wp-content\/uploads\/2025\/12\/Tir-300x225.jpg 300w, https:\/\/medigames.com\/wp-content\/uploads\/2025\/12\/Tir-768x576.jpg 768w, https:\/\/medigames.com\/wp-content\/uploads\/2025\/12\/Tir-1536x1152.jpg 1536w, https:\/\/medigames.com\/wp-content\/uploads\/2025\/12\/Tir-2048x1536.jpg 2048w, https:\/\/medigames.com\/wp-content\/uploads\/2025\/12\/Tir-16x12.jpg 16w, https:\/\/medigames.com\/wp-content\/uploads\/2025\/12\/Tir-1200x900.jpg 1200w, https:\/\/medigames.com\/wp-content\/uploads\/2025\/12\/Tir-1980x1485.jpg 1980w\" sizes=\"auto, (max-width: 1024px) 100vw, 1024px\" \/><\/figure>\n<\/div>\n<\/div><\/section>\n\n\n\n<section class=\"wp-block-uagb-columns uagb-columns__wrap uagb-columns__background-none uagb-columns__stack-mobile uagb-columns__valign- uagb-columns__gap-10 align uagb-block-49635b79 uagb-columns__columns-3 uagb-columns__max_width-custom fondbloc\"><div class=\"uagb-columns__overlay\"><\/div><div class=\"uagb-columns__inner-wrap uagb-columns__columns-3\">\n<div class=\"wp-block-uagb-column uagb-column__wrap uagb-column__background-color uagb-block-1e63f50a\"><div class=\"uagb-column__overlay\"><\/div>\n<h2 class=\"wp-block-heading pictotitre\" id=\"price-chart\">2-Personen-Kajak<\/h2>\n\n\n\n<p>Die Bucht von Medulin am Fu\u00dfe des Games-Zentrums ist der ideale Ort zum Kajakfahren auf dem Meer.<br>Dies <strong>7 km Duo-Rennen<\/strong> verspricht spannend und voller Wendungen zu werden.<br>Wir freuen uns darauf, Sie dort zu sehen, um gemeinsam zum Sieg zu paddeln!<\/p>\n\n\n\n<figure class=\"wp-block-image size-large\"><img loading=\"lazy\" decoding=\"async\" width=\"1024\" height=\"682\" src=\"https:\/\/medigames.com\/wp-content\/uploads\/2025\/12\/KAYAK-1024x682.jpg\" alt=\"\" class=\"wp-image-15635\" srcset=\"https:\/\/medigames.com\/wp-content\/uploads\/2025\/12\/KAYAK-1024x682.jpg 1024w, https:\/\/medigames.com\/wp-content\/uploads\/2025\/12\/KAYAK-300x200.jpg 300w, https:\/\/medigames.com\/wp-content\/uploads\/2025\/12\/KAYAK-768x512.jpg 768w, https:\/\/medigames.com\/wp-content\/uploads\/2025\/12\/KAYAK-1536x1023.jpg 1536w, https:\/\/medigames.com\/wp-content\/uploads\/2025\/12\/KAYAK-18x12.jpg 18w, https:\/\/medigames.com\/wp-content\/uploads\/2025\/12\/KAYAK-1200x800.jpg 1200w, https:\/\/medigames.com\/wp-content\/uploads\/2025\/12\/KAYAK.jpg 1600w\" sizes=\"auto, (max-width: 1024px) 100vw, 1024px\" \/><\/figure>\n\n\n\n<p><\/p>\n\n\n\n<p><\/p>\n\n\n\n<p><\/p>\n\n\n\n<p><\/p>\n<\/div>\n\n\n\n<div class=\"wp-block-uagb-column uagb-column__wrap uagb-column__background-none uagb-block-a5ccb56e\"><div class=\"uagb-column__overlay\"><\/div>\n<p><\/p>\n<\/div>\n\n\n\n<div class=\"wp-block-uagb-column uagb-column__wrap uagb-column__background-color uagb-block-2f4c7b95\"><div class=\"uagb-column__overlay\"><\/div>\n<h2 class=\"wp-block-heading\">AQUATHLON<\/h2>\n\n\n\n<p>Dieses Jahr gibt es eine \u00c4nderung: Triathlon wird <strong>Aquathlon<\/strong>.&nbsp;<br>Aquathlon ist eine kombinierte Sportveranstaltung, bestehend aus einem <strong>Schwimmen<\/strong>&nbsp;Kurs, gefolgt von einem <strong>Laufen<\/strong>&nbsp;ohne die Uhr anzuhalten.<br>Neue Sportart = neue Eindr\u00fccke!<\/p>\n\n\n\n<ul class=\"wp-block-list\">\n<li><\/li>\n<\/ul>\n\n\n\n<figure class=\"wp-block-image size-full\"><img loading=\"lazy\" decoding=\"async\" width=\"886\" height=\"664\" src=\"https:\/\/medigames.com\/wp-content\/uploads\/2025\/12\/Aquathlon.jpg\" alt=\"\" class=\"wp-image-15636\" srcset=\"https:\/\/medigames.com\/wp-content\/uploads\/2025\/12\/Aquathlon.jpg 886w, https:\/\/medigames.com\/wp-content\/uploads\/2025\/12\/Aquathlon-300x225.jpg 300w, https:\/\/medigames.com\/wp-content\/uploads\/2025\/12\/Aquathlon-768x576.jpg 768w, https:\/\/medigames.com\/wp-content\/uploads\/2025\/12\/Aquathlon-16x12.jpg 16w\" sizes=\"auto, (max-width: 886px) 100vw, 886px\" \/><\/figure>\n<\/div>\n<\/div><\/section>\n\n\n\n<div class=\"wp-block-uagb-container uagb-layout-grid uagb-block-fef9e83c alignfull uagb-is-root-container\">\n<figure class=\"wp-block-image size-full is-resized\"><img decoding=\"async\" src=\"https:\/\/medigames.com\/wp-content\/uploads\/2025\/10\/LogoVilleMedu.png\" alt=\"\" style=\"width:auto;height:90px\"\/><\/figure>\n\n\n\n<figure class=\"wp-block-image size-full is-resized\"><img decoding=\"async\" src=\"https:\/\/medigames.com\/wp-content\/uploads\/2025\/10\/LogoMedCanadiens.png\" alt=\"\" style=\"width:auto;height:100px\"\/><\/figure>\n\n\n\n<figure class=\"wp-block-image size-full is-resized\"><img decoding=\"async\" src=\"https:\/\/medigames.com\/wp-content\/uploads\/2021\/10\/bauerfeind.png\" alt=\"\" style=\"width:auto;height:40px\"\/><\/figure>\n\n\n\n<figure class=\"wp-block-image size-large is-resized\"><img decoding=\"async\" src=\"https:\/\/medigames.com\/wp-content\/uploads\/2025\/10\/LogoMedulin-1024x298.jpg\" alt=\"\" style=\"width:auto;height:60px\"\/><\/figure>\n\n\n\n<figure class=\"wp-block-image size-full is-resized\"><img decoding=\"async\" src=\"https:\/\/medigames.com\/wp-content\/uploads\/2025\/12\/LOGOARENA.png\" alt=\"\" style=\"width:auto;height:50px\"\/><\/figure>\n\n\n\n<figure class=\"wp-block-image size-full is-resized\"><img decoding=\"async\" src=\"https:\/\/medigames.com\/wp-content\/uploads\/2025\/12\/LogoVLVHorizon.png\" alt=\"\" style=\"width:auto;height:70px\"\/><\/figure>\n<\/div>\n\n\n\n<div style=\"height:1px\" aria-hidden=\"true\" class=\"wp-block-spacer\"><\/div>","protected":false},"excerpt":{"rendered":"<p>KLETTERN Klettern ist seit 2024 eine olympische Sportart und erlebt weltweit einen Boom. Daher ist es sinnvoll, es in ... aufzunehmen.<\/p>","protected":false},"author":5,"featured_media":15640,"parent":6725,"menu_order":0,"comment_status":"closed","ping_status":"closed","template":"","meta":{"_acf_changed":false,"_uag_custom_page_level_css":"","footnotes":""},"class_list":["post-15632","page","type-page","status-publish","has-post-thumbnail","hentry"],"acf":[],"uagb_featured_image_src":{"full":["https:\/\/medigames.com\/wp-content\/uploads\/2025\/12\/Bann-NewSports.jpg",2126,980,false],"thumbnail":["https:\/\/medigames.com\/wp-content\/uploads\/2025\/12\/Bann-NewSports-150x150.jpg",150,150,true],"medium":["https:\/\/medigames.com\/wp-content\/uploads\/2025\/12\/Bann-NewSports-300x138.jpg",300,138,true],"medium_large":["https:\/\/medigames.com\/wp-content\/uploads\/2025\/12\/Bann-NewSports-768x354.jpg",580,267,true],"large":["https:\/\/medigames.com\/wp-content\/uploads\/2025\/12\/Bann-NewSports-1024x472.jpg",580,267,true],"1536x1536":["https:\/\/medigames.com\/wp-content\/uploads\/2025\/12\/Bann-NewSports-1536x708.jpg",1536,708,true],"2048x2048":["https:\/\/medigames.com\/wp-content\/uploads\/2025\/12\/Bann-NewSports-2048x944.jpg",2048,944,true],"trp-custom-language-flag":["https:\/\/medigames.com\/wp-content\/uploads\/2025\/12\/Bann-NewSports-18x8.jpg",18,8,true],"post-thumbnail":["https:\/\/medigames.com\/wp-content\/uploads\/2025\/12\/Bann-NewSports-1200x553.jpg",1200,553,true],"twentytwenty-fullscreen":["https:\/\/medigames.com\/wp-content\/uploads\/2025\/12\/Bann-NewSports-1980x913.jpg",1980,913,true]},"uagb_author_info":{"display_name":"mediAdmin","author_link":"https:\/\/medigames.com\/de\/author\/mediadmin\/"},"uagb_comment_info":0,"uagb_excerpt":"CLIMBING An Olympic sport since 2024, climbing is experiencing a global boom, so it makes sense to include it in&hellip;","_links":{"self":[{"href":"https:\/\/medigames.com\/de\/wp-json\/wp\/v2\/pages\/15632","targetHints":{"allow":["GET"]}}],"collection":[{"href":"https:\/\/medigames.com\/de\/wp-json\/wp\/v2\/pages"}],"about":[{"href":"https:\/\/medigames.com\/de\/wp-json\/wp\/v2\/types\/page"}],"author":[{"embeddable":true,"href":"https:\/\/medigames.com\/de\/wp-json\/wp\/v2\/users\/5"}],"replies":[{"embeddable":true,"href":"https:\/\/medigames.com\/de\/wp-json\/wp\/v2\/comments?post=15632"}],"version-history":[{"count":0,"href":"https:\/\/medigames.com\/de\/wp-json\/wp\/v2\/pages\/15632\/revisions"}],"up":[{"embeddable":true,"href":"https:\/\/medigames.com\/de\/wp-json\/wp\/v2\/pages\/6725"}],"wp:featuredmedia":[{"embeddable":true,"href":"https:\/\/medigames.com\/de\/wp-json\/wp\/v2\/media\/15640"}],"wp:attachment":[{"href":"https:\/\/medigames.com\/de\/wp-json\/wp\/v2\/media?parent=15632"}],"curies":[{"name":"wp","href":"https:\/\/api.w.org\/{rel}","templated":true}]}}