{"id":15689,"date":"2025-12-12T18:19:24","date_gmt":"2025-12-12T17:19:24","guid":{"rendered":"https:\/\/medigames.com\/?page_id=15689"},"modified":"2026-01-13T08:41:21","modified_gmt":"2026-01-13T07:41:21","slug":"prices-duplication-duplication","status":"publish","type":"page","link":"https:\/\/medigames.com\/de\/register\/prices-duplication-duplication\/","title":{"rendered":"Kundenstimmen"},"content":{"rendered":"<div style=\"height:40px\" aria-hidden=\"true\" class=\"wp-block-spacer\"><\/div>\n\n\n\n<section class=\"wp-block-uagb-columns uagb-columns__wrap uagb-columns__background-none uagb-columns__stack-mobile uagb-columns__valign- uagb-columns__gap-10 align uagb-block-f362e8c8 uagb-columns__columns-3 uagb-columns__max_width-custom fondbloc\"><div class=\"uagb-columns__overlay\"><\/div><div class=\"uagb-columns__inner-wrap uagb-columns__columns-3\">\n<div class=\"wp-block-uagb-column uagb-column__wrap uagb-column__background-color uagb-block-43249761\"><div class=\"uagb-column__overlay\"><\/div>\n<h2 class=\"wp-block-heading pictotitre\" id=\"price-chart\">Nader HABIB<\/h2>\n\n\n\n<blockquote class=\"wp-block-quote is-layout-flow wp-block-quote-is-layout-flow\">\n<p class=\"has-normal-font-size\" style=\"border-style:none;border-width:0px;padding-top:0;padding-right:0;padding-bottom:0;padding-left:0\"><strong>22 BETEILIGUNGEN<\/strong><\/p>\n<\/blockquote>\n\n\n\n<p class=\"has-normal-font-size\">F\u00fcr mich sind die Medigames ein Treffen der internationalen Gemeinschaft und eine Gelegenheit, das N\u00fctzliche mit dem Angenehmen zu verbinden, indem wir unseren Lieblingssport aus\u00fcben, am Symposium teilnehmen und feiern.<\/p>\n\n\n<div class=\"wp-block-image\">\n<figure class=\"aligncenter size-medium\"><img decoding=\"async\" src=\"https:\/\/medigames.com\/wp-content\/uploads\/2025\/12\/HABIB-268x300.png\" alt=\"\" class=\"wp-image-15697\"\/><\/figure>\n<\/div>\n\n\n<p><\/p>\n\n\n\n<p><\/p>\n<\/div>\n\n\n\n<div class=\"wp-block-uagb-column uagb-column__wrap uagb-column__background-none uagb-block-fd51f01c\"><div class=\"uagb-column__overlay\"><\/div>\n<p><\/p>\n<\/div>\n\n\n\n<div class=\"wp-block-uagb-column uagb-column__wrap uagb-column__background-color uagb-block-e97af048\"><div class=\"uagb-column__overlay\"><\/div>\n<h2 class=\"wp-block-heading\">Anja GUNTERMANN<\/h2>\n\n\n\n<blockquote class=\"wp-block-quote is-layout-flow wp-block-quote-is-layout-flow\">\n<p class=\"has-normal-font-size\"><strong>15 BETEILIGUNGEN<\/strong><\/p>\n<\/blockquote>\n\n\n\n<p class=\"has-normal-font-size\">Ein Tennisspieler sagte einmal \u201awir wetteifern nicht gegeneinander, wir \nwetteifern miteinander. So habe ich mich 2008 mit dem \u201aMedigames-Virus\u2018 in Garmisch infiziert. Daraus wurde eine chronische Erkrankung mit 15 Krankheitssch\u00fcben bis heute. Freunde aus vergangenen Jahren wieder zu treffen und neue Freunde aus der ganzen Welt zu finden ist bereichernd. \nDie Vortr\u00e4ge am Symposium bieten mir h\u00e4ufig neue Informationen. \nOffensichtlich bef\u00e4llt der \u201aMedigames-Virus\u2019 K\u00f6rper und Geist und ich erwarte keine kurzfristige Heilung.<\/p>\n\n\n<div class=\"wp-block-image\">\n<figure class=\"aligncenter size-medium\"><img loading=\"lazy\" decoding=\"async\" width=\"245\" height=\"300\" src=\"https:\/\/medigames.com\/wp-content\/uploads\/2025\/12\/GUNTER-245x300.png\" alt=\"\" class=\"wp-image-15698\" srcset=\"https:\/\/medigames.com\/wp-content\/uploads\/2025\/12\/GUNTER-245x300.png 245w, https:\/\/medigames.com\/wp-content\/uploads\/2025\/12\/GUNTER-837x1024.png 837w, https:\/\/medigames.com\/wp-content\/uploads\/2025\/12\/GUNTER-768x940.png 768w, https:\/\/medigames.com\/wp-content\/uploads\/2025\/12\/GUNTER-10x12.png 10w, https:\/\/medigames.com\/wp-content\/uploads\/2025\/12\/GUNTER.png 938w\" sizes=\"auto, (max-width: 245px) 100vw, 245px\" \/><\/figure>\n<\/div><\/div>\n<\/div><\/section>\n\n\n\n<section class=\"wp-block-uagb-columns uagb-columns__wrap uagb-columns__background-none uagb-columns__stack-mobile uagb-columns__valign- uagb-columns__gap-10 align uagb-block-49635b79 uagb-columns__columns-3 uagb-columns__max_width-custom fondbloc\"><div class=\"uagb-columns__overlay\"><\/div><div class=\"uagb-columns__inner-wrap uagb-columns__columns-3\">\n<div class=\"wp-block-uagb-column uagb-column__wrap uagb-column__background-color uagb-block-1e63f50a\"><div class=\"uagb-column__overlay\"><\/div>\n<h2 class=\"wp-block-heading pictotitre\" id=\"price-chart\"> Nima YEGANEH<\/h2>\n\n\n\n<blockquote class=\"wp-block-quote is-layout-flow wp-block-quote-is-layout-flow\">\n<p class=\"has-normal-font-size\"><strong>7 BETEILIGUNGEN<\/strong><\/p>\n<\/blockquote>\n\n\n\n<p class=\"has-normal-font-size\">Die Medigames sind f\u00fcr mich nicht nur Wettk\u00e4mpfe. Sie sind eine Lebenseinstellung. Das ganze Jahr \u00fcber trainiere ich regelm\u00e4\u00dfig und halte mein Gewicht, um an den Medigames teilnehmen zu k\u00f6nnen. Heute sind die Medigames ein fester Bestandteil meines Lebens. Ich lebe daf\u00fcr, an den Medigames teilzunehmen.<\/p>\n\n\n<div class=\"wp-block-image\">\n<figure class=\"aligncenter size-medium\"><img loading=\"lazy\" decoding=\"async\" width=\"247\" height=\"300\" src=\"https:\/\/medigames.com\/wp-content\/uploads\/2025\/12\/YEGA-247x300.png\" alt=\"\" class=\"wp-image-15696\" srcset=\"https:\/\/medigames.com\/wp-content\/uploads\/2025\/12\/YEGA-247x300.png 247w, https:\/\/medigames.com\/wp-content\/uploads\/2025\/12\/YEGA-842x1024.png 842w, https:\/\/medigames.com\/wp-content\/uploads\/2025\/12\/YEGA-768x934.png 768w, https:\/\/medigames.com\/wp-content\/uploads\/2025\/12\/YEGA-10x12.png 10w, https:\/\/medigames.com\/wp-content\/uploads\/2025\/12\/YEGA.png 924w\" sizes=\"auto, (max-width: 247px) 100vw, 247px\" \/><\/figure>\n<\/div>\n\n\n<p><\/p>\n\n\n\n<p><\/p>\n\n\n\n<p><\/p>\n\n\n\n<p><\/p>\n<\/div>\n\n\n\n<div class=\"wp-block-uagb-column uagb-column__wrap uagb-column__background-none uagb-block-a5ccb56e\"><div class=\"uagb-column__overlay\"><\/div>\n<p><\/p>\n<\/div>\n\n\n\n<div class=\"wp-block-uagb-column uagb-column__wrap uagb-column__background-color uagb-block-2f4c7b95\"><div class=\"uagb-column__overlay\"><\/div>\n<h2 class=\"wp-block-heading\">Valerij Jusupow<\/h2>\n\n\n\n<blockquote class=\"wp-block-quote is-layout-flow wp-block-quote-is-layout-flow\">\n<p class=\"has-normal-font-size\"><strong>3 BETEILIGUNGEN<\/strong><\/p>\n<\/blockquote>\n\n\n\n<p class=\"has-normal-font-size\">Die Menschen werden vergessen, was Sie gesagt haben, sie werden vergessen, was Sie getan haben, aber sie werden nie vergessen, wie Sie sie bei den MEDIGAMES f\u00fchlen lie\u00dfen. Mein Team und ich haben an 3 MEDIGAMES \nteilgenommen.<\/p>\n\n\n\n<ul class=\"wp-block-list\">\n<li><\/li>\n<\/ul>\n\n\n<div class=\"wp-block-image\">\n<figure class=\"aligncenter size-medium\"><img decoding=\"async\" src=\"https:\/\/medigames.com\/wp-content\/uploads\/2025\/12\/YUSUPOV-246x300.png\" alt=\"\" class=\"wp-image-15695\"\/><\/figure>\n<\/div><\/div>\n<\/div><\/section>\n\n\n\n<section class=\"wp-block-uagb-columns uagb-columns__wrap uagb-columns__background-none uagb-columns__stack-mobile uagb-columns__valign- uagb-columns__gap-10 align uagb-block-049545bc uagb-columns__columns-3 uagb-columns__max_width-custom fondbloc\"><div class=\"uagb-columns__overlay\"><\/div><div class=\"uagb-columns__inner-wrap uagb-columns__columns-3\">\n<div class=\"wp-block-uagb-column uagb-column__wrap uagb-column__background-color uagb-block-b281a232\"><div class=\"uagb-column__overlay\"><\/div>\n<h2 class=\"wp-block-heading pictotitre\" id=\"price-chart\">Marina BAGNIOLI<\/h2>\n\n\n\n<blockquote class=\"wp-block-quote is-layout-flow wp-block-quote-is-layout-flow\">\n<p class=\"has-normal-font-size\"><strong>2 BETEILIGUNGEN<\/strong><\/p>\n<\/blockquote>\n\n\n\n<p style=\"font-size:17px\">F\u00fcr mich sind die Medigames eine gro\u00dfartige Veranstaltung, die vor allem Menschen zusammenbringt, die viel gemeinsam haben: die Liebe zur Medizin, das Engagement f\u00fcr die Gesundheit und die Leidenschaft f\u00fcr den Sport. Es ist ein Treffpunkt f\u00fcr Kollegen und Freunde aus verschiedenen Teilen der Welt, der eine einzigartige Atmosph\u00e4re schafft, in der wir unsere Werte und Erfahrungen im Rahmen eines gesunden Wettbewerbs und einer einzigartigen Kameradschaft teilen konnten. Bisher konnte ich nur an zwei Ausgaben teilnehmen, aber ich hoffe, dass ich dies auch weiterhin tun kann, denn jedes Mal wird mir bewusst, wie sehr ich diese Art von Aktivit\u00e4ten sch\u00e4tze. Danke, Med\u00ed-Friends!<\/p>\n\n\n<div class=\"wp-block-image\">\n<figure class=\"aligncenter size-medium\"><img decoding=\"async\" src=\"https:\/\/medigames.com\/wp-content\/uploads\/2025\/12\/BAGNIOLI-250x300.png\" alt=\"\" class=\"wp-image-15699\"\/><\/figure>\n<\/div>\n\n\n<p><\/p>\n\n\n\n<p><\/p>\n\n\n\n<p><\/p>\n\n\n\n<p><\/p>\n<\/div>\n\n\n\n<div class=\"wp-block-uagb-column uagb-column__wrap uagb-column__background-none uagb-block-565114d1\"><div class=\"uagb-column__overlay\"><\/div>\n<p><\/p>\n<\/div>\n\n\n\n<div class=\"wp-block-uagb-column uagb-column__wrap uagb-column__background-color uagb-block-86982533\"><div class=\"uagb-column__overlay\"><\/div>\n<h2 class=\"wp-block-heading\">Anish GEORGE<\/h2>\n\n\n\n<blockquote class=\"wp-block-quote is-layout-flow wp-block-quote-is-layout-flow\">\n<p class=\"has-normal-font-size\"><strong>2 BETEILIGUNGEN<\/strong><\/p>\n<\/blockquote>\n\n\n\n<p class=\"has-normal-font-size\">Die Medigames waren f\u00fcr mich eine globale Arena, in der ich meine \nGrenzen gegen\u00fcber Konkurrenten aus aller Welt austesten konnte, Menschen, die dieselbe Leidenschaft, dieselbe Disziplin und denselben Geist teilen. Im Laufe der Jahre sind viele Konkurrenten zu engen Freunden oder sogar zu Familienmitgliedern geworden, verbunden durch diese unglaubliche Erfahrung. Am inspirierendsten ist es, die unersch\u00f6pfliche Energie der \u00e4lteren Athleten zu sehen, die Jahr f\u00fcr Jahr beweisen, dass Alter nur eine Zahl ist und dass Vitalit\u00e4t, Fitness und Freude Ziele sind, die man ein Leben lang verfolgen sollte.<\/p>\n\n\n\n<ul class=\"wp-block-list\">\n<li><\/li>\n<\/ul>\n\n\n<div class=\"wp-block-image\">\n<figure class=\"aligncenter size-medium\"><img loading=\"lazy\" decoding=\"async\" width=\"249\" height=\"300\" src=\"https:\/\/medigames.com\/wp-content\/uploads\/2025\/12\/GEORGE-249x300.png\" alt=\"\" class=\"wp-image-15700\" srcset=\"https:\/\/medigames.com\/wp-content\/uploads\/2025\/12\/GEORGE-249x300.png 249w, https:\/\/medigames.com\/wp-content\/uploads\/2025\/12\/GEORGE-848x1024.png 848w, https:\/\/medigames.com\/wp-content\/uploads\/2025\/12\/GEORGE-768x927.png 768w, https:\/\/medigames.com\/wp-content\/uploads\/2025\/12\/GEORGE-10x12.png 10w, https:\/\/medigames.com\/wp-content\/uploads\/2025\/12\/GEORGE.png 908w\" sizes=\"auto, (max-width: 249px) 100vw, 249px\" \/><\/figure>\n<\/div><\/div>\n<\/div><\/section>\n\n\n\n<hr class=\"wp-block-separator has-text-color has-noir-color has-css-opacity has-noir-background-color has-background tw-mt-0 tw-mb-6 is-style-wide\"\/>\n\n\n\n<div class=\"wp-block-uagb-container uagb-layout-grid uagb-block-fef9e83c alignfull uagb-is-root-container\">\n<figure class=\"wp-block-image size-full is-resized\"><img decoding=\"async\" src=\"https:\/\/medigames.com\/wp-content\/uploads\/2025\/10\/LogoVilleMedu.png\" alt=\"\" style=\"width:auto;height:90px\"\/><\/figure>\n\n\n\n<figure class=\"wp-block-image size-full is-resized\"><img decoding=\"async\" src=\"https:\/\/medigames.com\/wp-content\/uploads\/2025\/10\/LogoMedCanadiens.png\" alt=\"\" style=\"width:auto;height:100px\"\/><\/figure>\n\n\n\n<figure class=\"wp-block-image size-full is-resized\"><img decoding=\"async\" src=\"https:\/\/medigames.com\/wp-content\/uploads\/2021\/10\/bauerfeind.png\" alt=\"\" style=\"width:auto;height:40px\"\/><\/figure>\n\n\n\n<figure class=\"wp-block-image size-large is-resized\"><img decoding=\"async\" src=\"https:\/\/medigames.com\/wp-content\/uploads\/2025\/10\/LogoMedulin-1024x298.jpg\" alt=\"\" style=\"width:auto;height:60px\"\/><\/figure>\n\n\n\n<figure class=\"wp-block-image size-full is-resized\"><img decoding=\"async\" src=\"https:\/\/medigames.com\/wp-content\/uploads\/2025\/12\/LOGOARENA.png\" alt=\"\" style=\"width:auto;height:50px\"\/><\/figure>\n\n\n\n<figure class=\"wp-block-image size-full is-resized\"><img decoding=\"async\" src=\"https:\/\/medigames.com\/wp-content\/uploads\/2025\/12\/LogoVLVHorizon.png\" alt=\"\" style=\"width:auto;height:70px\"\/><\/figure>\n<\/div>\n\n\n\n<div style=\"height:1px\" aria-hidden=\"true\" class=\"wp-block-spacer\"><\/div>","protected":false},"excerpt":{"rendered":"<p>Nader HABIB 22 TEILNAHMEN F\u00fcr mich sind die Medigames eine Gelegenheit, Menschen aus aller Welt zusammenzubringen und\u2026<\/p>","protected":false},"author":5,"featured_media":15710,"parent":6725,"menu_order":0,"comment_status":"closed","ping_status":"closed","template":"","meta":{"_acf_changed":false,"_uag_custom_page_level_css":"","footnotes":""},"class_list":["post-15689","page","type-page","status-publish","has-post-thumbnail","hentry"],"acf":[],"uagb_featured_image_src":{"full":["https:\/\/medigames.com\/wp-content\/uploads\/2025\/12\/BannTestimo.jpg",2126,897,false],"thumbnail":["https:\/\/medigames.com\/wp-content\/uploads\/2025\/12\/BannTestimo-150x150.jpg",150,150,true],"medium":["https:\/\/medigames.com\/wp-content\/uploads\/2025\/12\/BannTestimo-300x127.jpg",300,127,true],"medium_large":["https:\/\/medigames.com\/wp-content\/uploads\/2025\/12\/BannTestimo-768x324.jpg",580,245,true],"large":["https:\/\/medigames.com\/wp-content\/uploads\/2025\/12\/BannTestimo-1024x432.jpg",580,245,true],"1536x1536":["https:\/\/medigames.com\/wp-content\/uploads\/2025\/12\/BannTestimo-1536x648.jpg",1536,648,true],"2048x2048":["https:\/\/medigames.com\/wp-content\/uploads\/2025\/12\/BannTestimo-2048x864.jpg",2048,864,true],"trp-custom-language-flag":["https:\/\/medigames.com\/wp-content\/uploads\/2025\/12\/BannTestimo-18x8.jpg",18,8,true],"post-thumbnail":["https:\/\/medigames.com\/wp-content\/uploads\/2025\/12\/BannTestimo-1200x506.jpg",1200,506,true],"twentytwenty-fullscreen":["https:\/\/medigames.com\/wp-content\/uploads\/2025\/12\/BannTestimo-1980x835.jpg",1980,835,true]},"uagb_author_info":{"display_name":"mediAdmin","author_link":"https:\/\/medigames.com\/de\/author\/mediadmin\/"},"uagb_comment_info":0,"uagb_excerpt":"Nader HABIB 22 PARTICIPATIONS For me, the Medigames are an opportunity to bring together people from around the world and&hellip;","_links":{"self":[{"href":"https:\/\/medigames.com\/de\/wp-json\/wp\/v2\/pages\/15689","targetHints":{"allow":["GET"]}}],"collection":[{"href":"https:\/\/medigames.com\/de\/wp-json\/wp\/v2\/pages"}],"about":[{"href":"https:\/\/medigames.com\/de\/wp-json\/wp\/v2\/types\/page"}],"author":[{"embeddable":true,"href":"https:\/\/medigames.com\/de\/wp-json\/wp\/v2\/users\/5"}],"replies":[{"embeddable":true,"href":"https:\/\/medigames.com\/de\/wp-json\/wp\/v2\/comments?post=15689"}],"version-history":[{"count":0,"href":"https:\/\/medigames.com\/de\/wp-json\/wp\/v2\/pages\/15689\/revisions"}],"up":[{"embeddable":true,"href":"https:\/\/medigames.com\/de\/wp-json\/wp\/v2\/pages\/6725"}],"wp:featuredmedia":[{"embeddable":true,"href":"https:\/\/medigames.com\/de\/wp-json\/wp\/v2\/media\/15710"}],"wp:attachment":[{"href":"https:\/\/medigames.com\/de\/wp-json\/wp\/v2\/media?parent=15689"}],"curies":[{"name":"wp","href":"https:\/\/api.w.org\/{rel}","templated":true}]}}