{"id":7989,"date":"2018-11-09T18:05:22","date_gmt":"2018-11-09T17:05:22","guid":{"rendered":"http:\/\/www.medigames.com\/?page_id=7989"},"modified":"2026-05-05T07:49:18","modified_gmt":"2026-05-05T05:49:18","slug":"golf-competition","status":"publish","type":"page","link":"https:\/\/medigames.com\/de\/golf-competition\/","title":{"rendered":"Golf-Wettbewerb"},"content":{"rendered":"<section class=\"wp-block-uagb-columns uagb-columns__wrap uagb-columns__background-color uagb-columns__stack-mobile uagb-columns__valign- uagb-columns__gap-10 align uagb-block-e0640c07 uagb-columns__columns-1 uagb-columns__max_width-custom fondbloc\"><div class=\"uagb-columns__overlay\"><\/div><div class=\"uagb-columns__inner-wrap uagb-columns__columns-1\">\n<div class=\"wp-block-uagb-column uagb-column__wrap uagb-column__background-undefined uagb-block-c7d71fbc\"><div class=\"uagb-column__overlay\"><\/div>\n<h2 class=\"wp-block-heading moveLeft pictotitre\" id=\"did-you-know\">Ein Muss unter den Medigames-Sportarten<\/h2>\n\n\n\n<p>Da Golf Adriatik eine Autostunde von Medulin und dem Games-Zentrum entfernt liegt, wurde speziell f\u00fcr Sie das spektakul\u00e4re Petram Resort &amp; Residence (direkt neben dem Golfplatz) ausgew\u00e4hlt.<\/p>\n<\/div>\n<\/div><\/section>\n\n\n\n<div style=\"height:40px\" aria-hidden=\"true\" class=\"wp-block-spacer\"><\/div>\n\n\n\n<section class=\"wp-block-uagb-columns uagb-columns__wrap uagb-columns__background-none uagb-columns__stack-mobile uagb-columns__valign-top uagb-columns__gap-10 align uagb-block-9b36f905 uagb-columns__columns-3 uagb-columns__max_width-custom\"><div class=\"uagb-columns__overlay\"><\/div><div class=\"uagb-columns__inner-wrap uagb-columns__columns-3\">\n<div class=\"wp-block-uagb-column uagb-column__wrap uagb-column__background-undefined uagb-block-9ae90c31\"><div class=\"uagb-column__overlay\"><\/div>\n<h3 class=\"wp-block-heading tw-mt-0\" id=\"castro-marim-golf-country-club\">Ein Meisterschaftsplatz mit <strong>18 L\u00f6cher<\/strong>,&nbsp;<strong>Par 72<\/strong>, 6360m und \u00fcber 80 ha angesiedelt<\/h3>\n\n\n\n<p>Golf nimmt bei den Medigames einen besonderen Platz ein, und dieses Jahr haben Sie die M\u00f6glichkeit, auf dem sch\u00f6nsten Golfplatz Kroatiens zu spielen, der speziell f\u00fcr Sie ausgew\u00e4hlt wurde: dem Golf Adriatik \u2013 PGA National Croatia.<\/p>\n\n\n\n<p>Der Golfplatz Adriatik \u2013 PGA National Croatia erwartet Sie mit perfekt gepflegten Fairways und anspruchsvollen Greens in einer wundersch\u00f6nen Umgebung mit Blick auf den Horizont des Meeres. Wird das Meer Sie zu Ihrem sch\u00f6nsten Putt inspirieren?<\/p>\n\n\n\n<p><\/p>\n\n\n\n<p><\/p>\n\n\n\n<p><\/p>\n<\/div>\n\n\n\n<div class=\"wp-block-uagb-column uagb-column__wrap uagb-column__background-none uagb-block-5e41e6d2\"><div class=\"uagb-column__overlay\"><\/div><\/div>\n\n\n\n<div class=\"wp-block-uagb-column uagb-column__wrap uagb-column__background-image uagb-block-72314554 animated fadeIn delay-200ms\"><div class=\"uagb-column__overlay\"><\/div><div class=\"wp-block-image tw-mt-0 is-style-default animated fadeIn delay-500ms\">\n<figure class=\"aligncenter size-full\"><img loading=\"lazy\" decoding=\"async\" width=\"1360\" height=\"907\" src=\"https:\/\/medigames.com\/wp-content\/uploads\/2025\/12\/GOLF.jpg\" alt=\"\" class=\"wp-image-15575\" srcset=\"https:\/\/medigames.com\/wp-content\/uploads\/2025\/12\/GOLF.jpg 1360w, https:\/\/medigames.com\/wp-content\/uploads\/2025\/12\/GOLF-300x200.jpg 300w, https:\/\/medigames.com\/wp-content\/uploads\/2025\/12\/GOLF-1024x683.jpg 1024w, https:\/\/medigames.com\/wp-content\/uploads\/2025\/12\/GOLF-768x512.jpg 768w, https:\/\/medigames.com\/wp-content\/uploads\/2025\/12\/GOLF-18x12.jpg 18w, https:\/\/medigames.com\/wp-content\/uploads\/2025\/12\/GOLF-1200x800.jpg 1200w\" sizes=\"auto, (max-width: 1360px) 100vw, 1360px\" \/><\/figure>\n<\/div><\/div>\n<\/div><\/section>\n\n\n\n<section class=\"wp-block-uagb-columns uagb-columns__wrap uagb-columns__background-none uagb-columns__stack-mobile uagb-columns__valign-top uagb-columns__gap-10 align uagb-block-40361573 uagb-columns__columns-3 uagb-columns__max_width-custom\"><div class=\"uagb-columns__overlay\"><\/div><div class=\"uagb-columns__inner-wrap uagb-columns__columns-3\">\n<div class=\"wp-block-uagb-column uagb-column__wrap uagb-column__background-undefined uagb-block-69990eff\"><div class=\"uagb-column__overlay\"><\/div>\n<h2 class=\"wp-block-heading\">Golf-Zuschlag: 400 \u20ac<\/h2>\n\n\n\n<p>Este suplemento incluye los green fees del Golf Adriatic (para el d\u00eda de entrenamiento y los 3 d\u00edas de competici\u00f3n), una ficha de 60 bolas para utilizar en el campo de pr\u00e1cticas, as\u00ed como el c\u00f3ctel\nde la entrega de premios al final de la competici\u00f3n.<\/p>\n\n\n\n<p>Z\u00f6gern Sie nicht, uns bei Bedarf zu kontaktieren:&nbsp;<strong><a href=\"mailto:info@medigames.com\">info@medigames.com<\/a><\/strong><\/p>\n<\/div>\n\n\n\n<div class=\"wp-block-uagb-column uagb-column__wrap uagb-column__background-none uagb-block-a9ca8df7\"><div class=\"uagb-column__overlay\"><\/div><\/div>\n\n\n\n<div class=\"wp-block-uagb-column uagb-column__wrap uagb-column__background-image uagb-block-cc5dee39 flip\"><div class=\"uagb-column__overlay\"><\/div>\n<div class=\"wp-block-group flip-card\"><div class=\"wp-block-group__inner-container is-layout-flow wp-block-group-is-layout-flow\">\n<div class=\"wp-block-uagb-section uagb-section__wrap uagb-section__background-image uagb-block-0c050033 flip-front\"><div class=\"uagb-section__overlay\"><\/div><div class=\"uagb-section__inner-wrap\">\n<h5 class=\"wp-block-heading has-text-align-center has-blanc-color has-text-color\" id=\"castro-marim-golf-country-club\">Golf Adriatik<\/h5>\n<\/div><\/div>\n\n\n\n<div class=\"wp-block-uagb-section uagb-section__wrap uagb-section__background-color uagb-block-82b5f2db flip-back\"><div class=\"uagb-section__overlay\"><\/div><div class=\"uagb-section__inner-wrap\">\n<h6 class=\"wp-block-heading has-text-align-center has-blanc-color has-text-color\" id=\"this-algarve-golf-has-the-three-nine-holes-courses\">PGA National Kroatien<\/h6>\n<\/div><\/div>\n<\/div><\/div>\n<\/div>\n<\/div><\/section>\n\n\n\n<div class=\"wp-block-uagb-container uagb-layout-grid uagb-block-fef9e83c alignfull uagb-is-root-container\">\n<figure class=\"wp-block-image size-full is-resized\"><img decoding=\"async\" src=\"https:\/\/medigames.com\/wp-content\/uploads\/2025\/10\/LogoVilleMedu.png\" alt=\"\" style=\"width:auto;height:90px\"\/><\/figure>\n\n\n\n<figure class=\"wp-block-image size-full is-resized\"><img decoding=\"async\" src=\"https:\/\/medigames.com\/wp-content\/uploads\/2025\/10\/LogoMedCanadiens.png\" alt=\"\" style=\"width:auto;height:100px\"\/><\/figure>\n\n\n\n<figure class=\"wp-block-image size-full is-resized\"><img decoding=\"async\" src=\"https:\/\/medigames.com\/wp-content\/uploads\/2021\/10\/bauerfeind.png\" alt=\"\" style=\"width:auto;height:40px\"\/><\/figure>\n\n\n\n<figure class=\"wp-block-image size-large is-resized\"><img decoding=\"async\" src=\"https:\/\/medigames.com\/wp-content\/uploads\/2025\/10\/LogoMedulin-1024x298.jpg\" alt=\"\" style=\"width:auto;height:60px\"\/><\/figure>\n\n\n\n<figure class=\"wp-block-image size-full is-resized\"><img decoding=\"async\" src=\"https:\/\/medigames.com\/wp-content\/uploads\/2025\/12\/LOGOARENA.png\" alt=\"\" style=\"width:auto;height:50px\"\/><\/figure>\n\n\n\n<figure class=\"wp-block-image size-full is-resized\"><img decoding=\"async\" src=\"https:\/\/medigames.com\/wp-content\/uploads\/2025\/12\/LogoVLVHorizon.png\" alt=\"\" style=\"width:auto;height:70px\"\/><\/figure>\n<\/div>\n\n\n\n<div style=\"height:1px\" aria-hidden=\"true\" class=\"wp-block-spacer\"><\/div>","protected":false},"excerpt":{"rendered":"<p>Ein wichtiges Sportereignis bei den Medigames! Da Golf Adriatik eine Autostunde von Medulin und dem Zentrum der Spiele entfernt ist,...<\/p>","protected":false},"author":3,"featured_media":14750,"parent":0,"menu_order":3,"comment_status":"closed","ping_status":"closed","template":"","meta":{"_acf_changed":false,"_uag_custom_page_level_css":"","footnotes":""},"class_list":["post-7989","page","type-page","status-publish","has-post-thumbnail","hentry"],"acf":[],"uagb_featured_image_src":{"full":["https:\/\/medigames.com\/wp-content\/uploads\/2024\/11\/BannGolf2.jpg",1600,413,false],"thumbnail":["https:\/\/medigames.com\/wp-content\/uploads\/2024\/11\/BannGolf2-150x150.jpg",150,150,true],"medium":["https:\/\/medigames.com\/wp-content\/uploads\/2024\/11\/BannGolf2-300x77.jpg",300,77,true],"medium_large":["https:\/\/medigames.com\/wp-content\/uploads\/2024\/11\/BannGolf2-768x198.jpg",580,150,true],"large":["https:\/\/medigames.com\/wp-content\/uploads\/2024\/11\/BannGolf2-1024x264.jpg",580,150,true],"1536x1536":["https:\/\/medigames.com\/wp-content\/uploads\/2024\/11\/BannGolf2-1536x396.jpg",1536,396,true],"2048x2048":["https:\/\/medigames.com\/wp-content\/uploads\/2024\/11\/BannGolf2.jpg",1600,413,false],"trp-custom-language-flag":["https:\/\/medigames.com\/wp-content\/uploads\/2024\/11\/BannGolf2-18x5.jpg",18,5,true],"post-thumbnail":["https:\/\/medigames.com\/wp-content\/uploads\/2024\/11\/BannGolf2-1200x310.jpg",1200,310,true],"twentytwenty-fullscreen":["https:\/\/medigames.com\/wp-content\/uploads\/2024\/11\/BannGolf2.jpg",1600,413,false]},"uagb_author_info":{"display_name":"medOld2021","author_link":"https:\/\/medigames.com\/de\/author\/medold2021\/"},"uagb_comment_info":0,"uagb_excerpt":"A key sporting event at the Medigames! As Golf Adriatik is an hour&#8217;s drive from Medulin and the Games centre,&hellip;","_links":{"self":[{"href":"https:\/\/medigames.com\/de\/wp-json\/wp\/v2\/pages\/7989","targetHints":{"allow":["GET"]}}],"collection":[{"href":"https:\/\/medigames.com\/de\/wp-json\/wp\/v2\/pages"}],"about":[{"href":"https:\/\/medigames.com\/de\/wp-json\/wp\/v2\/types\/page"}],"author":[{"embeddable":true,"href":"https:\/\/medigames.com\/de\/wp-json\/wp\/v2\/users\/3"}],"replies":[{"embeddable":true,"href":"https:\/\/medigames.com\/de\/wp-json\/wp\/v2\/comments?post=7989"}],"version-history":[{"count":2,"href":"https:\/\/medigames.com\/de\/wp-json\/wp\/v2\/pages\/7989\/revisions"}],"predecessor-version":[{"id":16346,"href":"https:\/\/medigames.com\/de\/wp-json\/wp\/v2\/pages\/7989\/revisions\/16346"}],"wp:featuredmedia":[{"embeddable":true,"href":"https:\/\/medigames.com\/de\/wp-json\/wp\/v2\/media\/14750"}],"wp:attachment":[{"href":"https:\/\/medigames.com\/de\/wp-json\/wp\/v2\/media?parent=7989"}],"curies":[{"name":"wp","href":"https:\/\/api.w.org\/{rel}","templated":true}]}}