{"id":10298,"date":"2014-12-23T10:12:03","date_gmt":"2014-12-23T09:12:03","guid":{"rendered":"http:\/\/www.medigames.com\/wordpress\/?page_id=26"},"modified":"2026-04-08T12:59:24","modified_gmt":"2026-04-08T10:59:24","slug":"sport-files","status":"publish","type":"page","link":"https:\/\/medigames.com\/es\/sport-files\/","title":{"rendered":"Informaci\u00f3n deportiva"},"content":{"rendered":"<div style=\"height:20px\" aria-hidden=\"true\" class=\"wp-block-spacer\"><\/div>\n\n\n\n<p class=\"has-text-align-center\"><em>La informaci\u00f3n sobre las fichas deportivas de 2026 estar\u00e1 disponible en las pr\u00f3ximas semanas. Para hacerse una idea, ya puede consultar las fichas deportivas de 2025.<\/em><\/p>\n\n\n\n<p><\/p>\n\n\n\n<hr class=\"wp-block-separator has-text-color has-jaune-color has-css-opacity has-jaune-background-color has-background tw-mb-4 tw-mt-4 is-style-tw-short moveTitre\"\/>\n\n\n\n<div class=\"wp-block-uagb-section uagb-section__wrap uagb-section__background-undefined uagb-block-4c4d8dc7 sports-liste\"><div class=\"uagb-section__overlay\"><\/div><div class=\"uagb-section__inner-wrap\">\n<div class=\"wp-block-uagb-section uagb-section__wrap uagb-section__background-undefined uagb-block-d959ab9c sportsitem\"><div class=\"uagb-section__overlay\"><\/div><div class=\"uagb-section__inner-wrap\"><div class=\"wp-block-image\">\n<figure class=\"aligncenter size-large is-resized\"><a href=\"https:\/\/medigames.com\/wp-content\/uploads\/2026\/02\/\ud83c\uddea\ud83c\uddf8-ATHLETISME-JMMS25.pdf\" target=\"_blank\" rel=\" noreferrer noopener\"><img decoding=\"async\" src=\"https:\/\/medigames.com\/wp-content\/uploads\/2021\/11\/athletics.svg\" alt=\"\" class=\"wp-image-11256\" style=\"width:100px;height:156px\"\/><\/a><\/figure>\n<\/div>\n\n\n<h5 class=\"wp-block-heading has-text-align-center\" id=\"athletics\">Atletismo<\/h5>\n<\/div><\/div>\n\n\n\n<div class=\"wp-block-uagb-section uagb-section__wrap uagb-section__background-undefined uagb-block-94224235 sportsitem\"><div class=\"uagb-section__overlay\"><\/div><div class=\"uagb-section__inner-wrap\"><div class=\"wp-block-image\">\n<figure class=\"aligncenter size-large is-resized\"><a href=\"https:\/\/medigames.com\/wp-content\/uploads\/2026\/01\/\ud83c\uddea\ud83c\uddf8-BADMINTON_JMMS26.pdf\"><img decoding=\"async\" src=\"https:\/\/medigames.com\/wp-content\/uploads\/2024\/04\/badminton2.svg\" alt=\"\" class=\"wp-image-14337\" style=\"width:100px;height:undefinedpx\"\/><\/a><\/figure>\n<\/div>\n\n\n<h5 class=\"wp-block-heading has-text-align-center\" id=\"badminton\">B\u00e1dminton<\/h5>\n<\/div><\/div>\n\n\n\n<div class=\"wp-block-uagb-section uagb-section__wrap uagb-section__background-undefined uagb-block-bc75bc23 sportsitem\"><div class=\"uagb-section__overlay\"><\/div><div class=\"uagb-section__inner-wrap\"><div class=\"wp-block-image\">\n<figure class=\"aligncenter size-large is-resized\"><a href=\"https:\/\/medigames.com\/wp-content\/uploads\/2026\/01\/\ud83c\uddea\ud83c\uddf8-VOLEY-PLAYA_JMMS26.pdf\" target=\"_blank\" rel=\"noopener\"><img decoding=\"async\" src=\"https:\/\/medigames.com\/wp-content\/uploads\/2021\/11\/beach-volley2.svg\" alt=\"\" class=\"wp-image-11305\" style=\"width:188px;height:100px\"\/><\/a><\/figure>\n<\/div>\n\n\n<h5 class=\"wp-block-heading has-text-align-center\" id=\"beach-volley\">Playa-Volley<\/h5>\n<\/div><\/div>\n\n\n\n<div class=\"wp-block-uagb-section uagb-section__wrap uagb-section__background-undefined uagb-block-4f5b39d4 sportsitem\"><div class=\"uagb-section__overlay\"><\/div><div class=\"uagb-section__inner-wrap\"><div class=\"wp-block-image\">\n<figure class=\"aligncenter size-large is-resized\"><a href=\"https:\/\/medigames.com\/wp-content\/uploads\/2026\/01\/\ud83c\uddea\ud83c\uddf8-CROSS-COUNTRY_JMMS26.pdf\"><img decoding=\"async\" src=\"https:\/\/medigames.com\/wp-content\/uploads\/2024\/04\/cross-country.svg\" alt=\"\" class=\"wp-image-14335\" style=\"width:169px;height:100px\"\/><\/a><\/figure>\n<\/div>\n\n\n<h5 class=\"wp-block-heading has-text-align-center\" id=\"cross-country\">Cross-country<\/h5>\n<\/div><\/div>\n\n\n\n<div class=\"wp-block-uagb-section uagb-section__wrap uagb-section__background-undefined uagb-block-2d590d98 sportsitem\"><div class=\"uagb-section__overlay\"><\/div><div class=\"uagb-section__inner-wrap\"><div class=\"wp-block-image\">\n<figure class=\"aligncenter size-large is-resized\"><a href=\"https:\/\/medigames.com\/wp-content\/uploads\/2026\/01\/\ud83c\uddea\ud83c\uddf8-AJEDREZ_JMMS26.pdf\"><img decoding=\"async\" src=\"https:\/\/medigames.com\/wp-content\/uploads\/2021\/11\/chess.svg\" alt=\"\" class=\"wp-image-11261\" style=\"width:100px;height:114px\"\/><\/a><\/figure>\n<\/div>\n\n\n<h5 class=\"wp-block-heading has-text-align-center\" id=\"chess\">Ajedrez<\/h5>\n<\/div><\/div>\n\n\n\n<div class=\"wp-block-uagb-section uagb-section__wrap uagb-section__background-undefined uagb-block-44cfbabf sportsitem\"><div class=\"uagb-section__overlay\"><\/div><div class=\"uagb-section__inner-wrap\"><div class=\"wp-block-image\">\n<figure class=\"aligncenter size-large is-resized\"><a href=\"https:\/\/medigames.com\/wp-content\/uploads\/2026\/01\/\ud83c\uddea\ud83c\uddf8-FUTBOL_JMMS26-1.pdf\"><img decoding=\"async\" src=\"https:\/\/medigames.com\/wp-content\/uploads\/2021\/11\/football.svg\" alt=\"\" class=\"wp-image-11264\" style=\"width:100px;height:undefinedpx\"\/><\/a><\/figure>\n<\/div>\n\n\n<h5 class=\"wp-block-heading has-text-align-center\" id=\"football\">F\u00fatbol<\/h5>\n<\/div><\/div>\n\n\n\n<div class=\"wp-block-uagb-section uagb-section__wrap uagb-section__background-undefined uagb-block-7844b6ee sportsitem\"><div class=\"uagb-section__overlay\"><\/div><div class=\"uagb-section__inner-wrap\"><div class=\"wp-block-image\">\n<figure class=\"aligncenter size-large is-resized\"><a href=\"https:\/\/medigames.com\/wp-content\/uploads\/2026\/01\/\ud83c\uddea\ud83c\uddf8-TENIS_JMMS26-2.pdf\"><img decoding=\"async\" src=\"https:\/\/medigames.com\/wp-content\/uploads\/2021\/11\/power-lifting.svg\" alt=\"\" class=\"wp-image-11313\" style=\"width:100px;height:100px\"\/><\/a><\/figure>\n<\/div>\n\n\n<h5 class=\"wp-block-heading has-text-align-center\" id=\"power-lifting\">Levantamiento de pesas<\/h5>\n<\/div><\/div>\n\n\n\n<div class=\"wp-block-uagb-section uagb-section__wrap uagb-section__background-undefined uagb-block-92f66012 sportsitem\"><div class=\"uagb-section__overlay\"><\/div><div class=\"uagb-section__inner-wrap\"><div class=\"wp-block-image\">\n<figure class=\"aligncenter size-large is-resized\"><a href=\"https:\/\/medigames.com\/wp-content\/uploads\/2026\/01\/\ud83c\uddea\ud83c\uddf8-GOLF_JMMS26.pdf\"><img loading=\"lazy\" decoding=\"async\" width=\"300\" height=\"300\" src=\"https:\/\/medigames.com\/wp-content\/uploads\/2021\/11\/golf.svg\" alt=\"\" class=\"wp-image-11265\" style=\"width:100px;height:undefinedpx\" srcset=\"https:\/\/medigames.com\/wp-content\/uploads\/\/2021\/11\/golf.svg 150w, https:\/\/medigames.com\/wp-content\/uploads\/\/2021\/11\/golf.svg 300w, https:\/\/medigames.com\/wp-content\/uploads\/\/2021\/11\/golf.svg 1024w\" sizes=\"auto, (max-width: 300px) 100vw, 300px\" \/><\/a><\/figure>\n<\/div>\n\n\n<h5 class=\"wp-block-heading has-text-align-center\" id=\"golf\">Golf<\/h5>\n<\/div><\/div>\n\n\n\n<div class=\"wp-block-uagb-section uagb-section__wrap uagb-section__background-none uagb-block-1af9fe46 sportsitem\"><div class=\"uagb-section__overlay\"><\/div><div class=\"uagb-section__inner-wrap\"><div class=\"wp-block-image\">\n<figure class=\"aligncenter size-full is-resized\"><a href=\"https:\/\/medigames.com\/wp-content\/uploads\/2026\/01\/\ud83c\uddea\ud83c\uddf8-PADEL_JMMS26.pdf\"><img loading=\"lazy\" decoding=\"async\" width=\"300\" height=\"300\" src=\"https:\/\/medigames.com\/wp-content\/uploads\/2024\/02\/paddle.png\" alt=\"paleta\" class=\"wp-image-14059\" style=\"object-fit:contain;width:100px;height:undefinedpx\" srcset=\"https:\/\/medigames.com\/wp-content\/uploads\/2024\/02\/paddle.png 300w, https:\/\/medigames.com\/wp-content\/uploads\/2024\/02\/paddle-150x150.png 150w, https:\/\/medigames.com\/wp-content\/uploads\/2024\/02\/paddle-12x12.png 12w\" sizes=\"auto, (max-width: 300px) 100vw, 300px\" \/><\/a><\/figure>\n<\/div>\n\n\n<h5 class=\"wp-block-heading has-text-align-center\" id=\"golf\">P\u00e1del<\/h5>\n<\/div><\/div>\n\n\n\n<div class=\"wp-block-uagb-section uagb-section__wrap uagb-section__background-undefined uagb-block-3b80649c sportsitem\"><div class=\"uagb-section__overlay\"><\/div><div class=\"uagb-section__inner-wrap\"><div class=\"wp-block-image\">\n<figure class=\"aligncenter size-large is-resized\"><a href=\"https:\/\/medigames.com\/wp-content\/uploads\/2026\/01\/\ud83c\uddea\ud83c\uddf8-JUDO_JMMS26.pdf\"><img loading=\"lazy\" decoding=\"async\" width=\"300\" height=\"300\" src=\"https:\/\/medigames.com\/wp-content\/uploads\/2021\/11\/judo2.svg\" alt=\"\" class=\"wp-image-11268\" style=\"width:100px;height:undefinedpx\" srcset=\"https:\/\/medigames.com\/wp-content\/uploads\/\/2021\/11\/judo2.svg 150w, https:\/\/medigames.com\/wp-content\/uploads\/\/2021\/11\/judo2.svg 300w, https:\/\/medigames.com\/wp-content\/uploads\/\/2021\/11\/judo2.svg 1024w\" sizes=\"auto, (max-width: 300px) 100vw, 300px\" \/><\/a><\/figure>\n<\/div>\n\n\n<h5 class=\"wp-block-heading has-text-align-center\" id=\"judo\">Judo<\/h5>\n<\/div><\/div>\n\n\n\n<div class=\"wp-block-uagb-section uagb-section__wrap uagb-section__background-undefined uagb-block-2f34a0ab sportsitem\"><div class=\"uagb-section__overlay\"><\/div><div class=\"uagb-section__inner-wrap\"><div class=\"wp-block-image\">\n<figure class=\"aligncenter size-large is-resized\"><a href=\"https:\/\/medigames.com\/wp-content\/uploads\/2026\/01\/\ud83c\uddea\ud83c\uddf8-NATACION_JMMS26.pdf\"><img decoding=\"async\" src=\"https:\/\/medigames.com\/wp-content\/uploads\/2021\/11\/swimming.svg\" alt=\"\" class=\"wp-image-11278\" style=\"width:100px;height:undefinedpx\"\/><\/a><\/figure>\n<\/div>\n\n\n<h5 class=\"wp-block-heading has-text-align-center\" id=\"swimming\">Nataci\u00f3n<\/h5>\n<\/div><\/div>\n\n\n\n<div class=\"wp-block-uagb-section uagb-section__wrap uagb-section__background-undefined uagb-block-0506c2dd sportsitem\"><div class=\"uagb-section__overlay\"><\/div><div class=\"uagb-section__inner-wrap\"><div class=\"wp-block-image\">\n<figure class=\"aligncenter size-large is-resized\"><a href=\"https:\/\/medigames.com\/wp-content\/uploads\/2026\/01\/\ud83c\uddea\ud83c\uddf8-TENIS-DE-MESA_JMMS26.pdf\"><img decoding=\"async\" src=\"https:\/\/medigames.com\/wp-content\/uploads\/2021\/11\/table-tennis.svg\" alt=\"\" class=\"wp-image-11279\" style=\"width:100px;height:undefinedpx\"\/><\/a><\/figure>\n<\/div>\n\n\n<h5 class=\"wp-block-heading has-text-align-center\" id=\"table-tennis\">Tenis de mesa<\/h5>\n<\/div><\/div>\n\n\n\n<div class=\"wp-block-uagb-section uagb-section__wrap uagb-section__background-undefined uagb-block-263601fc sportsitem\"><div class=\"uagb-section__overlay\"><\/div><div class=\"uagb-section__inner-wrap\"><div class=\"wp-block-image\">\n<figure class=\"aligncenter size-large is-resized\"><a href=\"http:\/\/f\"><img decoding=\"async\" src=\"https:\/\/medigames.com\/wp-content\/uploads\/2026\/04\/\ud83c\uddea\ud83c\uddf8-MEDIA-MARATON_JMMS26.pdf\" alt=\"\" class=\"wp-image-11317\" style=\"width:202px;height:100px\"\/><\/a><\/figure>\n<\/div>\n\n\n<h5 class=\"wp-block-heading has-text-align-center\" id=\"half-marathon\">Media Marat\u00f3n<\/h5>\n<\/div><\/div>\n\n\n\n<div class=\"wp-block-uagb-section uagb-section__wrap uagb-section__background-undefined uagb-block-eea034b1 sportsitem\"><div class=\"uagb-section__overlay\"><\/div><div class=\"uagb-section__inner-wrap\"><div class=\"wp-block-image\">\n<figure class=\"aligncenter size-large is-resized\"><a href=\"https:\/\/medigames.com\/wp-content\/uploads\/2026\/01\/\ud83c\uddea\ud83c\uddf8-TENIS_JMMS26-1.pdf\"><img loading=\"lazy\" decoding=\"async\" width=\"300\" height=\"300\" src=\"https:\/\/medigames.com\/wp-content\/uploads\/2021\/11\/tennis.svg\" alt=\"\" class=\"wp-image-11280\" style=\"width:100px;height:undefinedpx\" srcset=\"https:\/\/medigames.com\/wp-content\/uploads\/\/2021\/11\/tennis.svg 150w, https:\/\/medigames.com\/wp-content\/uploads\/\/2021\/11\/tennis.svg 300w, https:\/\/medigames.com\/wp-content\/uploads\/\/2021\/11\/tennis.svg 1024w\" sizes=\"auto, (max-width: 300px) 100vw, 300px\" \/><\/a><\/figure>\n<\/div>\n\n\n<h5 class=\"wp-block-heading has-text-align-center\" id=\"tennis\">Tenis<\/h5>\n<\/div><\/div>\n\n\n\n<div class=\"wp-block-uagb-section uagb-section__wrap uagb-section__background-undefined uagb-block-798b798e sportsitem\"><div class=\"uagb-section__overlay\"><\/div><div class=\"uagb-section__inner-wrap\"><div class=\"wp-block-image\">\n<figure class=\"aligncenter size-full is-resized\"><a href=\"https:\/\/medigames.com\/wp-content\/uploads\/2026\/01\/\ud83c\uddea\ud83c\uddf8-AQUATHLON_JMMS26-1.pdf\"><img decoding=\"async\" src=\"https:\/\/medigames.com\/wp-content\/uploads\/2025\/11\/aquathlon.svg\" alt=\"Aquatlon\" class=\"wp-image-15503\" style=\"width:202px;height:100px\"\/><\/a><\/figure>\n<\/div>\n\n\n<h5 class=\"wp-block-heading has-text-align-center\" id=\"triathlon\">Aquatlon<\/h5>\n<\/div><\/div>\n\n\n\n<div class=\"wp-block-uagb-section uagb-section__wrap uagb-section__background-undefined uagb-block-7f25d191 sportsitem\"><div class=\"uagb-section__overlay\"><\/div><div class=\"uagb-section__inner-wrap\"><div class=\"wp-block-image\">\n<figure class=\"aligncenter size-large is-resized\"><img decoding=\"async\" src=\"https:\/\/medigames.com\/wp-content\/uploads\/2021\/11\/cycling.svg\" alt=\"\" class=\"wp-image-11263\" style=\"width:100px;height:undefinedpx\"\/><\/figure>\n<\/div>\n\n\n<h5 class=\"wp-block-heading has-text-align-center\" id=\"cycling\">Ciclismo\/Gravel<\/h5>\n<\/div><\/div>\n\n\n\n<div class=\"wp-block-uagb-section uagb-section__wrap uagb-section__background-undefined uagb-block-1aebc98d sportsitem\"><div class=\"uagb-section__overlay\"><\/div><div class=\"uagb-section__inner-wrap\"><div class=\"wp-block-image\">\n<figure class=\"aligncenter size-large is-resized\"><a href=\"https:\/\/medigames.com\/wp-content\/uploads\/2026\/01\/\ud83c\uddea\ud83c\uddf8-BTT_JMMS26.pdf\"><img decoding=\"async\" src=\"https:\/\/medigames.com\/wp-content\/uploads\/2021\/11\/mountain-bike.svg\" alt=\"\" class=\"wp-image-11269\" style=\"width:100px;height:undefinedpx\"\/><\/a><\/figure>\n<\/div>\n\n\n<h5 class=\"wp-block-heading has-text-align-center\" id=\"mountain-biking\">mountain bike<\/h5>\n<\/div><\/div>\n\n\n\n<div class=\"wp-block-uagb-section uagb-section__wrap uagb-section__background-undefined uagb-block-7bf005f8 sportsitem\"><div class=\"uagb-section__overlay\"><\/div><div class=\"uagb-section__inner-wrap\"><div class=\"wp-block-image\">\n<figure class=\"aligncenter size-large is-resized\"><a href=\"https:\/\/medigames.com\/wp-content\/uploads\/2026\/01\/\ud83c\uddea\ud83c\uddf8-PETANCA_JMMS26.pdf\"><img decoding=\"async\" src=\"https:\/\/medigames.com\/wp-content\/uploads\/2021\/11\/petanque.svg\" alt=\"\" class=\"wp-image-11323\" style=\"width:100px;height:100px\"\/><\/a><\/figure>\n<\/div>\n\n\n<h5 class=\"wp-block-heading has-text-align-center do_not_translate_css_class\" id=\"bocce\" data-no-translation=\"\">Petanque<\/h5>\n<\/div><\/div>\n\n\n\n<div class=\"wp-block-uagb-section uagb-section__wrap uagb-section__background-undefined uagb-block-4ae214ed sportsitem\"><div class=\"uagb-section__overlay\"><\/div><div class=\"uagb-section__inner-wrap\"><div class=\"wp-block-image\">\n<figure class=\"aligncenter size-large is-resized\"><a href=\"https:\/\/medigames.com\/wp-content\/uploads\/2026\/02\/\ud83c\uddea\ud83c\uddf8-NATACION-EN-AGUAS-ABIERTAS_JMMS26.pdf\"><img decoding=\"async\" src=\"https:\/\/medigames.com\/wp-content\/uploads\/2021\/11\/open-water-swimming.svg\" alt=\"\" class=\"wp-image-11325\" style=\"width:100px;height:100px\"\/><\/a><\/figure>\n<\/div>\n\n\n<h5 class=\"wp-block-heading has-text-align-center\" id=\"open-water-swimming\">Nataci\u00f3n en aguas abiertas<\/h5>\n<\/div><\/div>\n\n\n\n<div class=\"wp-block-uagb-section uagb-section__wrap uagb-section__background-none uagb-block-73f7b705 sportsitem\"><div class=\"uagb-section__overlay\"><\/div><div class=\"uagb-section__inner-wrap\"><div class=\"wp-block-image\">\n<figure class=\"aligncenter size-full is-resized\"><a href=\"https:\/\/medigames.com\/wp-content\/uploads\/2026\/01\/\ud83c\uddea\ud83c\uddf8-ESCALADA_JMMS26.pdf\"><img decoding=\"async\" src=\"https:\/\/medigames.com\/wp-content\/uploads\/2025\/11\/climbing.svg\" alt=\"Escalada\" class=\"wp-image-15495\" style=\"width:70px;height:100px\"\/><\/a><\/figure>\n<\/div>\n\n\n<h5 class=\"wp-block-heading has-text-align-center\" id=\"open-water-swimming\">Escalada<\/h5>\n<\/div><\/div>\n\n\n\n<div class=\"wp-block-uagb-section uagb-section__wrap uagb-section__background-undefined uagb-block-a065eb2a sportsitem vide uag-hide-tab uag-hide-mob uag-hide-tab uag-hide-mob\"><div class=\"uagb-section__overlay\"><\/div><div class=\"uagb-section__inner-wrap\"><\/div><\/div>\n\n\n\n<div class=\"wp-block-uagb-section uagb-section__wrap uagb-section__background-none uagb-block-fda2f099 sportsitem\"><div class=\"uagb-section__overlay\"><\/div><div class=\"uagb-section__inner-wrap\"><div class=\"wp-block-image\">\n<figure class=\"aligncenter size-full is-resized\"><a href=\"https:\/\/medigames.com\/wp-content\/uploads\/2026\/01\/\ud83c\uddea\ud83c\uddf8-KAYAK_JMMS26.pdf\"><img decoding=\"async\" src=\"https:\/\/medigames.com\/wp-content\/uploads\/2025\/11\/kayak.svg\" alt=\"Kayak para 2 personas\" class=\"wp-image-15496\" style=\"width:70px;height:100px\"\/><\/a><\/figure>\n<\/div>\n\n\n<h5 class=\"wp-block-heading has-text-align-center\" id=\"open-water-swimming\">Kayak para 2 personas<\/h5>\n<\/div><\/div>\n\n\n\n<div class=\"wp-block-uagb-section uagb-section__wrap uagb-section__background-none uagb-block-25dc32fa sportsitem\"><div class=\"uagb-section__overlay\"><\/div><div class=\"uagb-section__inner-wrap\"><div class=\"wp-block-image\">\n<figure class=\"aligncenter size-large is-resized\"><a href=\"https:\/\/medigames.com\/wp-content\/uploads\/2026\/02\/\ud83c\uddea\ud83c\uddf8-TIRO_JMMS26-1.pdf\"><img decoding=\"async\" src=\"https:\/\/medigames.com\/wp-content\/uploads\/2021\/11\/shooting.svg\" alt=\"\" class=\"wp-image-11276\" style=\"width:100px;height:100px\"\/><\/a><\/figure>\n<\/div>\n\n\n<h5 class=\"wp-block-heading has-text-align-center\" id=\"open-water-swimming\">tirophilia<\/h5>\n<\/div><\/div>\n\n\n\n<div class=\"wp-block-uagb-section uagb-section__wrap uagb-section__background-none uagb-block-bc74c4e9 sportsitem vide uag-hide-tab uag-hide-mob uag-hide-tab uag-hide-mob\"><div class=\"uagb-section__overlay\"><\/div><div class=\"uagb-section__inner-wrap\"><\/div><\/div>\n<\/div><\/div>\n\n\n\n<div class=\"wp-block-uagb-container uagb-layout-grid uagb-block-fef9e83c alignfull uagb-is-root-container\">\n<figure class=\"wp-block-image size-full is-resized\"><img decoding=\"async\" src=\"https:\/\/medigames.com\/wp-content\/uploads\/2025\/10\/LogoVilleMedu.png\" alt=\"\" style=\"width:auto;height:90px\"\/><\/figure>\n\n\n\n<figure class=\"wp-block-image size-full is-resized\"><img decoding=\"async\" src=\"https:\/\/medigames.com\/wp-content\/uploads\/2025\/10\/LogoMedCanadiens.png\" alt=\"\" style=\"width:auto;height:100px\"\/><\/figure>\n\n\n\n<figure class=\"wp-block-image size-full is-resized\"><img decoding=\"async\" src=\"https:\/\/medigames.com\/wp-content\/uploads\/2021\/10\/bauerfeind.png\" alt=\"\" style=\"width:auto;height:40px\"\/><\/figure>\n\n\n\n<figure class=\"wp-block-image size-large is-resized\"><img decoding=\"async\" src=\"https:\/\/medigames.com\/wp-content\/uploads\/2025\/10\/LogoMedulin-1024x298.jpg\" alt=\"\" style=\"width:auto;height:60px\"\/><\/figure>\n\n\n\n<figure class=\"wp-block-image size-full is-resized\"><img decoding=\"async\" src=\"https:\/\/medigames.com\/wp-content\/uploads\/2025\/12\/LOGOARENA.png\" alt=\"\" style=\"width:auto;height:50px\"\/><\/figure>\n\n\n\n<figure class=\"wp-block-image size-full is-resized\"><img decoding=\"async\" src=\"https:\/\/medigames.com\/wp-content\/uploads\/2025\/12\/LogoVLVHorizon.png\" alt=\"\" style=\"width:auto;height:70px\"\/><\/figure>\n<\/div>\n\n\n\n<div style=\"height:1px\" aria-hidden=\"true\" class=\"wp-block-spacer\"><\/div>","protected":false},"excerpt":{"rendered":"<p>La informaci\u00f3n sobre las hojas deportivas de 2026 estar\u00e1 disponible en las pr\u00f3ximas semanas. Para hacerse una idea, ya puede consultar...<\/p>","protected":false},"author":3,"featured_media":12129,"parent":0,"menu_order":3,"comment_status":"closed","ping_status":"closed","template":"","meta":{"_acf_changed":false,"_uag_custom_page_level_css":"","footnotes":""},"class_list":["post-10298","page","type-page","status-publish","has-post-thumbnail","hentry"],"acf":[],"uagb_featured_image_src":{"full":["https:\/\/medigames.com\/wp-content\/uploads\/2022\/01\/Page-FicheSport.jpg",1600,501,false],"thumbnail":["https:\/\/medigames.com\/wp-content\/uploads\/2022\/01\/Page-FicheSport-150x150.jpg",150,150,true],"medium":["https:\/\/medigames.com\/wp-content\/uploads\/2022\/01\/Page-FicheSport-300x94.jpg",300,94,true],"medium_large":["https:\/\/medigames.com\/wp-content\/uploads\/2022\/01\/Page-FicheSport-768x240.jpg",580,181,true],"large":["https:\/\/medigames.com\/wp-content\/uploads\/2022\/01\/Page-FicheSport-1024x321.jpg",580,182,true],"1536x1536":["https:\/\/medigames.com\/wp-content\/uploads\/2022\/01\/Page-FicheSport-1536x481.jpg",1536,481,true],"2048x2048":["https:\/\/medigames.com\/wp-content\/uploads\/2022\/01\/Page-FicheSport.jpg",1600,501,false],"trp-custom-language-flag":["https:\/\/medigames.com\/wp-content\/uploads\/2022\/01\/Page-FicheSport-18x6.jpg",18,6,true],"post-thumbnail":["https:\/\/medigames.com\/wp-content\/uploads\/2022\/01\/Page-FicheSport-1200x376.jpg",1200,376,true],"twentytwenty-fullscreen":["https:\/\/medigames.com\/wp-content\/uploads\/2022\/01\/Page-FicheSport.jpg",1600,501,false]},"uagb_author_info":{"display_name":"medOld2021","author_link":"https:\/\/medigames.com\/es\/author\/medold2021\/"},"uagb_comment_info":0,"uagb_excerpt":"The 2026 sport sheets information will be available in the coming weeks. To get an idea, you can already consult&hellip;","_links":{"self":[{"href":"https:\/\/medigames.com\/es\/wp-json\/wp\/v2\/pages\/10298","targetHints":{"allow":["GET"]}}],"collection":[{"href":"https:\/\/medigames.com\/es\/wp-json\/wp\/v2\/pages"}],"about":[{"href":"https:\/\/medigames.com\/es\/wp-json\/wp\/v2\/types\/page"}],"author":[{"embeddable":true,"href":"https:\/\/medigames.com\/es\/wp-json\/wp\/v2\/users\/3"}],"replies":[{"embeddable":true,"href":"https:\/\/medigames.com\/es\/wp-json\/wp\/v2\/comments?post=10298"}],"version-history":[{"count":3,"href":"https:\/\/medigames.com\/es\/wp-json\/wp\/v2\/pages\/10298\/revisions"}],"predecessor-version":[{"id":16262,"href":"https:\/\/medigames.com\/es\/wp-json\/wp\/v2\/pages\/10298\/revisions\/16262"}],"wp:featuredmedia":[{"embeddable":true,"href":"https:\/\/medigames.com\/es\/wp-json\/wp\/v2\/media\/12129"}],"wp:attachment":[{"href":"https:\/\/medigames.com\/es\/wp-json\/wp\/v2\/media?parent=10298"}],"curies":[{"name":"wp","href":"https:\/\/api.w.org\/{rel}","templated":true}]}}