{"id":12435,"date":"2022-02-12T17:51:10","date_gmt":"2022-02-12T16:51:10","guid":{"rendered":"https:\/\/medigames.com\/?page_id=12435"},"modified":"2024-02-09T08:06:25","modified_gmt":"2024-02-09T07:06:25","slug":"politique-de-confidentialite-2","status":"publish","type":"page","link":"https:\/\/medigames.com\/es\/politique-de-confidentialite-2\/","title":{"rendered":"Pol\u00edtica de privacidad"},"content":{"rendered":"<section class=\"wp-block-uagb-columns uagb-columns__wrap uagb-columns__background-undefined uagb-columns__stack-mobile uagb-columns__valign-undefined uagb-columns__gap-10 alignundefined uagb-block-8b273501\"><div class=\"uagb-columns__overlay\"><\/div><div class=\"uagb-columns__inner-wrap uagb-columns__columns-1\">\n<div class=\"wp-block-uagb-column uagb-column__wrap uagb-column__background-undefined uagb-block-51e2472c\"><div class=\"uagb-column__overlay\"><\/div><div class=\"uagb-column__inner-wrap\">\n<p><em>\u00daltima actualizaci\u00f3n: 06 de febrero de 2022<\/em><\/p>\n\n\n\n<p>Medigames pretende ser un ciudadano corporativo ejemplar y contribuir a la protecci\u00f3n de sus datos personales. Damos gran valor a la honestidad y la claridad y nos comprometemos a establecer relaciones s\u00f3lidas y duraderas con nuestros clientes, basadas en la confianza y el inter\u00e9s mutuo. De acuerdo con esta filosof\u00eda, la protecci\u00f3n de sus datos personales es esencial para nosotros y deseamos informarle a trav\u00e9s de esta pol\u00edtica de protecci\u00f3n de datos personales de la forma en que recogemos y procesamos estos datos. Esta pol\u00edtica de confidencialidad define y le informa de la forma en que Medigames utiliza y protege la informaci\u00f3n que usted nos transmite, en su caso, cuando utiliza este sitio accesible desde la siguiente URL: medigames.com (en adelante el \"Sitio\"). Tenga en cuenta que esta pol\u00edtica de privacidad podr\u00e1 ser modificada o complementada en cualquier momento por Medigames, en particular con el fin de cumplir con cualquier evoluci\u00f3n legislativa, reglamentaria, jurisprudencial o tecnol\u00f3gica. En tal caso, la fecha de su actualizaci\u00f3n se identificar\u00e1 claramente en la parte superior de esta pol\u00edtica. Estas modificaciones son vinculantes para el Usuario desde su puesta en l\u00ednea. Por lo tanto, el Usuario debe consultar regularmente esta pol\u00edtica de confidencialidad y uso de cookies para estar al tanto de cualquier cambio.<\/p>\n\n\n\n<h2 class=\"wp-block-heading\" id=\"1-personal-data\">1. Datos personales<\/h2>\n\n\n\n<p>En general, puede visitar el Sitio sin revelar ninguna informaci\u00f3n personal sobre usted. En cualquier caso, no est\u00e1 obligado a transmitir esta informaci\u00f3n a Medigames. Sin embargo, en caso de rechazo, es posible que no pueda beneficiarse de ciertas informaciones o servicios que haya solicitado. Por ello, Medigames puede verse obligado en determinados casos a solicitarle informaci\u00f3n (en adelante, su \"Informaci\u00f3n Personal\"): nombre y apellidos; direcci\u00f3n de correo electr\u00f3nico; n\u00famero de tel\u00e9fono; direcci\u00f3n; cualquier solicitud especial que pudiera dirigirnos (principalmente con fines de archivo); Al proporcionar esta informaci\u00f3n, usted acepta expresamente que sea tratada por Medigames, para los fines indicados en el punto 2 siguiente, as\u00ed como para los fines indicados al final de cada formulario. De acuerdo con el Reglamento General de Protecci\u00f3n de Datos adoptado por el Parlamento Europeo el 14 de abril de 2016, y la Ley de Protecci\u00f3n de Datos del 6 de enero de 1978 modificada, Medigames le informa de los siguientes puntos :<\/p>\n\n\n\n<h3 class=\"wp-block-heading\" id=\"1-1-identity-of-the-controller\">1.1. Identidad del controlador<\/h3>\n\n\n\n<p>El responsable del tratamiento es Medigames - CORPORATE SPORT ORGANISATION, con domicilio social en 15\/29 rue Guillemot 75014 Burdeos. Correo electr\u00f3nico: contact@medigames.com.<\/p>\n\n\n\n<h3 class=\"wp-block-heading\" id=\"1-2-purposes-of-processing\">1.2. Fines del tratamiento<\/h3>\n\n\n\n<p>Medigames puede procesar su informaci\u00f3n personal: (a) con el fin de proporcionarle la informaci\u00f3n o los servicios que ha solicitado recibir (env\u00edo de nuestros boletines informativos tras su registro); y\/o (b) con el fin de recopilar informaci\u00f3n que nos permita mejorar nuestro Sitio, nuestros productos y servicios (en particular mediante cookies).<\/p>\n\n\n\n<h3 class=\"wp-block-heading\" id=\"1-3-recipients\">1.3. Destinatarios<\/h3>\n\n\n\n<p>S\u00f3lo Medigames es el destinatario de sus Datos Personales. Estos, ya sea en forma individual o agregada, nunca se transmiten a un tercero, sin perjuicio de los proveedores de servicios utilizados por Medigames (encontrar\u00e1 m\u00e1s informaci\u00f3n sobre ellos en el punto 7 m\u00e1s abajo). Ni Medigames, ni ninguno de sus proveedores de servicios, vende los datos personales de los visitantes y Usuarios de su Sitio.<\/p>\n\n\n\n<h3 class=\"wp-block-heading\" id=\"1-4-the-duration-of-the-conversation\">1.4. La duraci\u00f3n de la conversaci\u00f3n<\/h3>\n\n\n\n<p>Sus datos personales son conservados por Medigames \u00fanicamente durante el tiempo correspondiente a la finalidad de la recogida, tal y como se indica en el punto 2 anterior, que en ning\u00fan caso podr\u00e1 superar los 24 meses.<\/p>\n\n\n\n<h3 class=\"wp-block-heading\" id=\"1-5-computer-rights-and-freedoms\">1.5. Derechos y libertades inform\u00e1ticas<\/h3>\n\n\n\n<p>Usted tiene los siguientes derechos en relaci\u00f3n con sus Datos Personales, que puede ejercer escribi\u00e9ndonos a la direcci\u00f3n de correo electr\u00f3nico (contact@medigames.com), a la direcci\u00f3n postal (v\u00e9ase el punto 1) o utilizando el formulario de contacto del Sitio en la siguiente url: https:\/\/medigames.com\/contact\/<\/p>\n\n\n\n<h4 class=\"wp-block-heading\" id=\"right-of-access-and-communication-of-data\"><strong>Derecho de acceso y comunicaci\u00f3n de datos<\/strong><\/h4>\n\n\n\n<p>Usted tiene la posibilidad de acceder a los datos personales que le conciernen. No obstante, debido a la obligaci\u00f3n de seguridad y confidencialidad en el tratamiento de los datos personales que incumbe a Medigames, se le informa de que su solicitud se tramitar\u00e1 siempre que acredite su identidad. En particular, presentando un escaneo de su documento de identidad v\u00e1lido (en el caso de una solicitud mediante nuestro formulario electr\u00f3nico dedicado) o una fotocopia firmada de su documento de identidad v\u00e1lido (en el caso de una solicitud escrita). Medigames le informa de que podr\u00e1, en su caso, oponerse a las solicitudes claramente abusivas (por su n\u00famero, su car\u00e1cter repetitivo o sistem\u00e1tico). Para ayudarle en su proceso, en particular si desea ejercer su derecho de acceso mediante una solicitud escrita a la direcci\u00f3n postal mencionada en el punto 1, encontrar\u00e1 haciendo clic en el siguiente enlace un modelo de carta elaborado por la Comisi\u00f3n Nacional de Inform\u00e1tica y Libertades (la \"CNIL\"). <a role=\"link\" href=\"https:\/\/www.cnil.fr\/fr\/modele\/courrier\/exercer-son-droit-dacces\" target=\"_blank\" rel=\"noreferrer noopener nofollow\">https:\/\/www.cnil.fr\/fr\/modele\/courrier\/exercer-son-droit-dacces<\/a><\/p>\n\n\n\n<h4 class=\"wp-block-heading\" id=\"right-to-rectify-data\"><strong>Derecho de rectificaci\u00f3n de datos<\/strong><\/h4>\n\n\n\n<p>En virtud de este derecho, la legislaci\u00f3n le permite solicitar la rectificaci\u00f3n, actualizaci\u00f3n, bloqueo o incluso la supresi\u00f3n de los datos que le conciernen y que pueden resultar inexactos, err\u00f3neos, incompletos u obsoletos. Adem\u00e1s, puede definir directivas generales y espec\u00edficas relativas al destino de los datos personales despu\u00e9s de su muerte. En su caso, los herederos de una persona fallecida pueden exigir que se tenga en cuenta el fallecimiento de su familiar y\/o que se realicen las actualizaciones necesarias. Para ayudarle en su proceso, en particular si desea ejercer, por su cuenta o en nombre de uno de sus familiares fallecidos, su derecho de rectificaci\u00f3n mediante una solicitud escrita a la direcci\u00f3n postal mencionada en el punto 1, encontrar\u00e1, haciendo clic en el siguiente enlace, un modelo de carta elaborado por la CNIL. <a role=\"link\" href=\"https:\/\/www.cnil.fr\/fr\/modele\/courrier\/rectifier-des-donnees-inexactes-obsoletes-ou-perimees\" target=\"_blank\" rel=\"noreferrer noopener nofollow\">https:\/\/www.cnil.fr\/fr\/modele\/courrier\/rectifier-des-donnees-inexactes-obsoletes-ou-perimees<\/a><\/p>\n\n\n\n<h4 class=\"wp-block-heading\" id=\"right-of-opposition\"><strong>Derecho de oposici\u00f3n<\/strong><\/h4>\n\n\n\n<p>El ejercicio de este derecho s\u00f3lo es posible en una de las dos situaciones siguientes Cuando el ejercicio de este derecho se base en motivos leg\u00edtimos; o Cuando el ejercicio de este derecho tenga por objeto evitar que los datos recogidos se utilicen con fines de prospecci\u00f3n comercial. Para ayudarle en su proceso, en particular si desea ejercer su derecho de oposici\u00f3n mediante una solicitud escrita dirigida a la direcci\u00f3n postal indicada en el punto 1, encontrar\u00e1 haciendo clic en el siguiente enlace un modelo de carta elaborado por la CNIL. <a role=\"link\" href=\"https:\/\/www.cnil.fr\/fr\/modele\/courrier\/supprimer-des-informations-vous-concernant-dun-site-internet\" target=\"_blank\" rel=\"noreferrer noopener nofollow\">https:\/\/www.cnil.fr\/fr\/modele\/courrier\/supprimer-des-informations-vous-concernant-dun-site-internet<\/a> Sin embargo, le proporcionamos herramientas para gestionar sus datos directamente en nuestro sitio. Las encontrar\u00e1 en la parte inferior de la p\u00e1gina. P\u00f3ngase en contacto con nosotros si tiene alg\u00fan problema con su uso.<\/p>\n\n\n\n<h3 class=\"wp-block-heading\" id=\"1-6-reply-duration\">1.6. Duraci\u00f3n de la respuesta<\/h3>\n\n\n\n<p>Medigames se compromete a responder a su solicitud de acceso, rectificaci\u00f3n u oposici\u00f3n o a cualquier otra solicitud de informaci\u00f3n adicional en un plazo razonable que no podr\u00e1 exceder de 1 mes desde la recepci\u00f3n de su solicitud.<\/p>\n\n\n\n<h3 class=\"wp-block-heading\" id=\"1-7-authorized-service-providers-and-transfer-to-a-third-country-of-the-european-union\">1.7. Proveedores de servicios autorizados y transferencia a un tercer pa\u00eds de la Uni\u00f3n Europea<\/h3>\n\n\n\n<p>Medigames le informa de que utiliza sus proveedores de servicios autorizados para facilitar la recogida y el tratamiento de los datos que nos ha comunicado. Estos proveedores de servicios pueden estar ubicados fuera de la Uni\u00f3n Europea y comunican los datos recogidos a trav\u00e9s de los distintos formularios del Sitio (a excepci\u00f3n del formulario que le permite ejercer sus derechos de TI y Libertades que es ofrecido y utilizado. por Medigames).<\/p>\n\n\n\n<h3 class=\"wp-block-heading\" id=\"1-8-complaint-to-the-competent-authority\">1.8. Denuncia ante la autoridad competente<\/h3>\n\n\n\n<p>Si considera que Medigames no respeta sus obligaciones con respecto a su informaci\u00f3n personal, puede dirigir una queja o una solicitud a la autoridad competente. En Francia, la autoridad competente es la CNIL a la que puede enviar una solicitud por v\u00eda electr\u00f3nica haciendo clic en el siguiente enlace: https:\/\/www.cnil.fr\/fr\/plaintes\/internet.<\/p>\n<\/div><\/div>\n<\/div><\/section>","protected":false},"excerpt":{"rendered":"<p>\u00daltima actualizaci\u00f3n: 06 de febrero de 2022 Medigames pretende ser un ciudadano corporativo ejemplar y contribuir a la protecci\u00f3n de...<\/p>","protected":false},"author":1,"featured_media":12135,"parent":0,"menu_order":20,"comment_status":"closed","ping_status":"closed","template":"","meta":{"_acf_changed":false,"_uag_custom_page_level_css":"","footnotes":""},"class_list":["post-12435","page","type-page","status-publish","has-post-thumbnail","hentry"],"acf":[],"uagb_featured_image_src":{"full":["https:\/\/medigames.com\/wp-content\/uploads\/2022\/01\/Page-Resultats.jpg",1600,500,false],"thumbnail":["https:\/\/medigames.com\/wp-content\/uploads\/2022\/01\/Page-Resultats-150x150.jpg",150,150,true],"medium":["https:\/\/medigames.com\/wp-content\/uploads\/2022\/01\/Page-Resultats-300x94.jpg",300,94,true],"medium_large":["https:\/\/medigames.com\/wp-content\/uploads\/2022\/01\/Page-Resultats-768x240.jpg",580,181,true],"large":["https:\/\/medigames.com\/wp-content\/uploads\/2022\/01\/Page-Resultats-1024x320.jpg",580,181,true],"1536x1536":["https:\/\/medigames.com\/wp-content\/uploads\/2022\/01\/Page-Resultats-1536x480.jpg",1536,480,true],"2048x2048":["https:\/\/medigames.com\/wp-content\/uploads\/2022\/01\/Page-Resultats.jpg",1600,500,false],"trp-custom-language-flag":["https:\/\/medigames.com\/wp-content\/uploads\/2022\/01\/Page-Resultats-18x6.jpg",18,6,true],"post-thumbnail":["https:\/\/medigames.com\/wp-content\/uploads\/2022\/01\/Page-Resultats-1200x375.jpg",1200,375,true],"twentytwenty-fullscreen":["https:\/\/medigames.com\/wp-content\/uploads\/2022\/01\/Page-Resultats.jpg",1600,500,false]},"uagb_author_info":{"display_name":"dfuzionadmin","author_link":"https:\/\/medigames.com\/es\/author\/dfuzionadmin\/"},"uagb_comment_info":0,"uagb_excerpt":"Last updated: february 06, 2022 Medigames aims to be an exemplary corporate citizen and to contribute to the protection of&hellip;","_links":{"self":[{"href":"https:\/\/medigames.com\/es\/wp-json\/wp\/v2\/pages\/12435","targetHints":{"allow":["GET"]}}],"collection":[{"href":"https:\/\/medigames.com\/es\/wp-json\/wp\/v2\/pages"}],"about":[{"href":"https:\/\/medigames.com\/es\/wp-json\/wp\/v2\/types\/page"}],"author":[{"embeddable":true,"href":"https:\/\/medigames.com\/es\/wp-json\/wp\/v2\/users\/1"}],"replies":[{"embeddable":true,"href":"https:\/\/medigames.com\/es\/wp-json\/wp\/v2\/comments?post=12435"}],"version-history":[{"count":0,"href":"https:\/\/medigames.com\/es\/wp-json\/wp\/v2\/pages\/12435\/revisions"}],"wp:featuredmedia":[{"embeddable":true,"href":"https:\/\/medigames.com\/es\/wp-json\/wp\/v2\/media\/12135"}],"wp:attachment":[{"href":"https:\/\/medigames.com\/es\/wp-json\/wp\/v2\/media?parent=12435"}],"curies":[{"name":"wp","href":"https:\/\/api.w.org\/{rel}","templated":true}]}}