{"id":12450,"date":"2022-02-13T08:58:28","date_gmt":"2022-02-13T07:58:28","guid":{"rendered":"https:\/\/medigames.com\/?page_id=12450"},"modified":"2024-11-14T10:58:58","modified_gmt":"2024-11-14T09:58:58","slug":"legal-notice","status":"publish","type":"page","link":"https:\/\/medigames.com\/es\/legal-notice\/","title":{"rendered":"Aviso legal"},"content":{"rendered":"<div class=\"wp-block-uagb-container uagb-block-9c06a390 alignfull uagb-is-root-container\"><div class=\"uagb-container-inner-blocks-wrap\">\n<h2 class=\"wp-block-heading\" id=\"welcome-to-the-official-site-of-the-medigames\">Bienvenido al sitio oficial de The Medigames<\/h2>\n\n\n\n<p>De conformidad con las disposiciones de la Ley n\u00ba 2004-575 de 21 de junio de 2004 para la confianza en la econom\u00eda digital, se informa a los usuarios del sitio medigames.com de la identidad de los distintos actores en el marco de su aplicaci\u00f3n y seguimiento.<\/p>\n\n\n\n<h3 class=\"wp-block-heading\" id=\"site-edition\">Edici\u00f3n del sitio<\/h3>\n\n\n\n<p>Es propiedad exclusiva de:<\/p>\n\n\n\n<p id=\"corporate-sport-organisation\"><strong>ORGANIZACI\u00d3N DEPORTIVA CORPORATIVA<\/strong><\/p>\n\n\n\n<p>15\/29 rue Guillemot<br>75014 Par\u00eds - Francia<br>Tel: +33(0)1 777 065 15<br>Fax: +33(0)1 777 065 14<br>Correo electr\u00f3nico :&nbsp;<a href=\"mailto:info@medigames.com\">info@medigames.com<\/a><\/p>\n\n\n\n<h3 class=\"wp-block-heading\" id=\"responsible-for-publication\">Responsable de la publicaci\u00f3n<\/h3>\n\n\n\n<p>Directores de la publicaci\u00f3n del sitio: <strong>Pierre Lusinchi<\/strong><br>Responsables de la redacci\u00f3n: <strong>Margaux Casanova<\/strong>, <strong>Thibault Panier<\/strong><\/p>\n\n\n\n<h3 class=\"wp-block-heading\" id=\"web-design\">Dise\u00f1o y desarrollo web<\/h3>\n\n\n\n<p>Dise\u00f1o y producci\u00f3n : <a href=\"http:\/\/www.centraledeproduction.fr\/\" target=\"_blank\" rel=\"noreferrer noopener\">CPROD<\/a> \/ <a href=\"https:\/\/d-fuzion.com\/\" target=\"_blank\" rel=\"noreferrer noopener\">D-FUZION<\/a><\/p>\n\n\n\n<h3 class=\"wp-block-heading\" id=\"host\">Alojamiento<\/h3>\n\n\n\n<p>El sitio web est\u00e1 alojado en <a role=\"link\" rel=\"nofollow noopener\" href=\"https:\/\/www.surfonline.fr\/\" target=\"_blank\">OVH SAS<\/a>.<\/p>\n\n\n\n<h3 class=\"wp-block-heading\" id=\"credits\">Cr\u00e9ditos<\/h3>\n\n\n\n<p><strong>Fotos : <\/strong>ORGANIZACI\u00d3N DEPORTIVA CORPORATIVA<br><strong>V\u00eddeos:<\/strong> ORGANIZACI\u00d3N DEPORTIVA CORPORATIVA<\/p>\n\n\n\n<h3 class=\"wp-block-heading\" id=\"responsibility\">Responsabilidad<\/h3>\n\n\n\n<p>Medigames ofrece muchos enlaces a otros sitios, principalmente sitios oficiales. Comprobados peri\u00f3dicamente, se facilitan \u00fanicamente a t\u00edtulo informativo y no comprometen la responsabilidad de Medigames \/ CSO.<\/p>\n\n\n\n<p>Por otra parte, Medigames \/ CSO declina toda responsabilidad por los enlaces de hipertexto hacia su sitio Medigames.<\/p>\n\n\n\n<h3 class=\"wp-block-heading\" id=\"intellectual-property\">Propiedad Intelectual<\/h3>\n\n\n\n<p>El sitio y la informaci\u00f3n que contiene est\u00e1n protegidos por el derecho franc\u00e9s de la propiedad intelectual y por los convenios internacionales. El sitio (o cualquier elemento de su contenido) no puede ser reproducido, republicado, transcrito, modificado o retransmitido sin la autorizaci\u00f3n previa por escrito de los titulares de los derechos (esto no se refiere al uso en el c\u00edrculo familiar. ni al uso privado).<\/p>\n\n\n\n<p>Para cualquier solicitud, env\u00ede un correo electr\u00f3nico a <a href=\"mailto:info@medigames.com\"><\/a><a href=\"mailto:info@medigames.com\">info@medigames.com<\/a><\/p>\n<\/div><\/div>\n\n\n\n<div style=\"height:12px\" aria-hidden=\"true\" class=\"wp-block-spacer\"><\/div>","protected":false},"excerpt":{"rendered":"<p>Bienvenido al sitio oficial de The Medigames De acuerdo con las disposiciones de la Ley N\u00ba 2004-575 del 21 de junio de...<\/p>","protected":false},"author":1,"featured_media":12135,"parent":0,"menu_order":20,"comment_status":"closed","ping_status":"closed","template":"","meta":{"_acf_changed":false,"_uag_custom_page_level_css":"","footnotes":""},"class_list":["post-12450","page","type-page","status-publish","has-post-thumbnail","hentry"],"acf":[],"uagb_featured_image_src":{"full":["https:\/\/medigames.com\/wp-content\/uploads\/2022\/01\/Page-Resultats.jpg",1600,500,false],"thumbnail":["https:\/\/medigames.com\/wp-content\/uploads\/2022\/01\/Page-Resultats-150x150.jpg",150,150,true],"medium":["https:\/\/medigames.com\/wp-content\/uploads\/2022\/01\/Page-Resultats-300x94.jpg",300,94,true],"medium_large":["https:\/\/medigames.com\/wp-content\/uploads\/2022\/01\/Page-Resultats-768x240.jpg",580,181,true],"large":["https:\/\/medigames.com\/wp-content\/uploads\/2022\/01\/Page-Resultats-1024x320.jpg",580,181,true],"1536x1536":["https:\/\/medigames.com\/wp-content\/uploads\/2022\/01\/Page-Resultats-1536x480.jpg",1536,480,true],"2048x2048":["https:\/\/medigames.com\/wp-content\/uploads\/2022\/01\/Page-Resultats.jpg",1600,500,false],"trp-custom-language-flag":["https:\/\/medigames.com\/wp-content\/uploads\/2022\/01\/Page-Resultats-18x6.jpg",18,6,true],"post-thumbnail":["https:\/\/medigames.com\/wp-content\/uploads\/2022\/01\/Page-Resultats-1200x375.jpg",1200,375,true],"twentytwenty-fullscreen":["https:\/\/medigames.com\/wp-content\/uploads\/2022\/01\/Page-Resultats.jpg",1600,500,false]},"uagb_author_info":{"display_name":"dfuzionadmin","author_link":"https:\/\/medigames.com\/es\/author\/dfuzionadmin\/"},"uagb_comment_info":0,"uagb_excerpt":"Welcome to the official site of The Medigames In accordance with the provisions of Law No. 2004-575 of June 21,&hellip;","_links":{"self":[{"href":"https:\/\/medigames.com\/es\/wp-json\/wp\/v2\/pages\/12450","targetHints":{"allow":["GET"]}}],"collection":[{"href":"https:\/\/medigames.com\/es\/wp-json\/wp\/v2\/pages"}],"about":[{"href":"https:\/\/medigames.com\/es\/wp-json\/wp\/v2\/types\/page"}],"author":[{"embeddable":true,"href":"https:\/\/medigames.com\/es\/wp-json\/wp\/v2\/users\/1"}],"replies":[{"embeddable":true,"href":"https:\/\/medigames.com\/es\/wp-json\/wp\/v2\/comments?post=12450"}],"version-history":[{"count":0,"href":"https:\/\/medigames.com\/es\/wp-json\/wp\/v2\/pages\/12450\/revisions"}],"wp:featuredmedia":[{"embeddable":true,"href":"https:\/\/medigames.com\/es\/wp-json\/wp\/v2\/media\/12135"}],"wp:attachment":[{"href":"https:\/\/medigames.com\/es\/wp-json\/wp\/v2\/media?parent=12450"}],"curies":[{"name":"wp","href":"https:\/\/api.w.org\/{rel}","templated":true}]}}