{"id":12546,"date":"2022-06-28T17:40:45","date_gmt":"2022-06-28T15:40:45","guid":{"rendered":"https:\/\/medigames.com\/?page_id=12546"},"modified":"2026-01-13T08:38:27","modified_gmt":"2026-01-13T07:38:27","slug":"introduction","status":"publish","type":"page","link":"https:\/\/medigames.com\/es\/football-tournaments\/introduction\/","title":{"rendered":"Introducci\u00f3n"},"content":{"rendered":"<section class=\"wp-block-uagb-columns uagb-columns__wrap uagb-columns__background-color uagb-columns__stack-mobile uagb-columns__valign- uagb-columns__gap-10 align uagb-block-340336cc uagb-columns__columns-1 uagb-columns__max_width-custom fondbloc\"><div class=\"uagb-columns__overlay\"><\/div><div class=\"uagb-columns__inner-wrap uagb-columns__columns-1\">\n<div class=\"wp-block-uagb-column uagb-column__wrap uagb-column__background-undefined uagb-block-baa962ff\"><div class=\"uagb-column__overlay\"><\/div>\n<h2 class=\"wp-block-heading moveLeft pictotitre\" id=\"football-at-medigames\">2026, un a\u00f1o significativo para el f\u00fatbol tanto a nivel mundial como en los Medigames.<\/h2>\n\n\n\n<p>Como deporte con mayor n\u00famero de participantes, con cerca de 500 inscritos, el f\u00fatbol volver\u00e1 a ser protagonista este a\u00f1o.<br>Estamos encantados de celebrar el torneo en el magn\u00edfico Arena Sport Centre, situado a pocos pasos del hotel. Este complejo, que cuenta con cuatro campos de c\u00e9sped natural y dos campos sint\u00e9ticos, acoge habitualmente a equipos de f\u00fatbol profesionales que vienen a disfrutar del entorno id\u00edlico y de los campos de alta calidad durante sus entrenamientos de pretemporada. \u00a1No te lo pierdas!<\/p>\n<\/div>\n<\/div><\/section>\n\n\n\n<div style=\"height:40px\" aria-hidden=\"true\" class=\"wp-block-spacer\"><\/div>\n\n\n\n<section class=\"wp-block-uagb-columns uagb-columns__wrap uagb-columns__background-none uagb-columns__stack-mobile uagb-columns__valign-top uagb-columns__gap-10 align uagb-block-2f3b1b84 uagb-columns__columns-3 uagb-columns__max_width-custom\"><div class=\"uagb-columns__overlay\"><\/div><div class=\"uagb-columns__inner-wrap uagb-columns__columns-3\">\n<div class=\"wp-block-uagb-column uagb-column__wrap uagb-column__background-undefined uagb-block-c6235e14\"><div class=\"uagb-column__overlay\"><\/div>\n<h3 class=\"wp-block-heading tw-mt-0\" id=\"the-medigames-offer-3-different-tournaments\">5 torneos diferentes<\/h3>\n\n\n\n<ul class=\"wp-block-list\">\n<li>Torneo Classic de 11 (sin l\u00edmite de edad),<\/li>\n\n\n\n<li>Un torneo Master de 11 jugadores (mayores de 40 a\u00f1os \/ 3 personas permitidas entre 45 y 50 a\u00f1os)<\/li>\n\n\n\n<li>Torneo femenino Classic de 7 (sin l\u00edmite de edad)<\/li>\n\n\n\n<li>Torneo Classic masculino de 7(sin l\u00edmite de edad)<\/li>\n\n\n\n<li>Torneo Legend Men de 7 (mayores de 50 a\u00f1os \/ se permiten 2 personas entre 45 y 50 a\u00f1os)<\/li>\n<\/ul>\n\n\n\n<p>Encuentra las reglas completas en nuestras hojas de informaci\u00f3n deportiva.<\/p>\n<\/div>\n\n\n\n<div class=\"wp-block-uagb-column uagb-column__wrap uagb-column__background-none uagb-block-7ef49dfb\"><div class=\"uagb-column__overlay\"><\/div><\/div>\n\n\n\n<div class=\"wp-block-uagb-column uagb-column__wrap uagb-column__background-image uagb-block-739d4a92 animated fadeIn delay-200ms\"><div class=\"uagb-column__overlay\"><\/div><div class=\"wp-block-image tw-mt-0 is-style- is-style-default\">\n<figure class=\"aligncenter size-large\"><img loading=\"lazy\" decoding=\"async\" width=\"1024\" height=\"584\" src=\"https:\/\/medigames.com\/wp-content\/uploads\/2025\/12\/Mundialito9-1024x584.png\" alt=\"\" class=\"wp-image-15570\" srcset=\"https:\/\/medigames.com\/wp-content\/uploads\/2025\/12\/Mundialito9-1024x584.png 1024w, https:\/\/medigames.com\/wp-content\/uploads\/2025\/12\/Mundialito9-300x171.png 300w, https:\/\/medigames.com\/wp-content\/uploads\/2025\/12\/Mundialito9-768x438.png 768w, https:\/\/medigames.com\/wp-content\/uploads\/2025\/12\/Mundialito9-1536x876.png 1536w, https:\/\/medigames.com\/wp-content\/uploads\/2025\/12\/Mundialito9-2048x1168.png 2048w, https:\/\/medigames.com\/wp-content\/uploads\/2025\/12\/Mundialito9-18x10.png 18w, https:\/\/medigames.com\/wp-content\/uploads\/2025\/12\/Mundialito9-1200x684.png 1200w, https:\/\/medigames.com\/wp-content\/uploads\/2025\/12\/Mundialito9-1980x1129.png 1980w\" sizes=\"auto, (max-width: 1024px) 100vw, 1024px\" \/><\/figure>\n<\/div><\/div>\n<\/div><\/section>\n\n\n\n<section class=\"wp-block-uagb-columns uagb-columns__wrap uagb-columns__background-none uagb-columns__stack-mobile uagb-columns__valign-top uagb-columns__gap-10 align uagb-block-ce7bd6f0 uagb-columns__columns-3 uagb-columns__max_width-custom\"><div class=\"uagb-columns__overlay\"><\/div><div class=\"uagb-columns__inner-wrap uagb-columns__columns-3\">\n<div class=\"wp-block-uagb-column uagb-column__wrap uagb-column__background-undefined uagb-block-f71e13fe\"><div class=\"uagb-column__overlay\"><\/div>\n<h3 class=\"wp-block-heading tw-mt-0\" id=\"days-of-tourmaments\">D\u00edas de tourmaments<\/h3>\n\n\n\n<p>El programa de competiciones de f\u00fatbol est\u00e1 organizado de la siguiente manera: cada equipo jugar\u00e1 1 partido al d\u00eda.<\/p>\n\n\n\n<ul class=\"wp-block-list is-style-tw-arrow\">\n<li><em><strong>S\u00e1bado, 13 de junio<\/strong><\/em>: llegada de los equipos y sorteo del torneo <\/li>\n\n\n\n<li><em><strong>Domingo, 14 de junio<\/strong><\/em>: inicio de los 5 torneos de f\u00fatbol<\/li>\n\n\n\n<li><em><strong>Del lunes 15 al jueves 18 de junio<\/strong><\/em>: continuaci\u00f3n de la fase de grupos y comienzo de las fases eliminatorias.<\/li>\n\n\n\n<li><em><strong>Viernes 19 de junio<\/strong><\/em>: finales del torneo y ceremonia de entrega de premios durante la ceremonia de clausura de los Medigames.<\/li>\n<\/ul>\n<\/div>\n\n\n\n<div class=\"wp-block-uagb-column uagb-column__wrap uagb-column__background-none uagb-block-ca56ff1d\"><div class=\"uagb-column__overlay\"><\/div><\/div>\n\n\n\n<div class=\"wp-block-uagb-column uagb-column__wrap uagb-column__background-image uagb-block-d3ce1be2 flip\"><div class=\"uagb-column__overlay\"><\/div>\n<div class=\"wp-block-group flip-card\"><div class=\"wp-block-group__inner-container is-layout-flow wp-block-group-is-layout-flow\">\n<div class=\"wp-block-uagb-section uagb-section__wrap uagb-section__background-image uagb-block-cb694dff flip-front\"><div class=\"uagb-section__overlay\"><\/div><div class=\"uagb-section__inner-wrap\">\n<h5 class=\"wp-block-heading has-text-align-center has-blanc-color has-text-color\" id=\"take-upthe-challenge\">Recoge<br>\u00a1el reto!<\/h5>\n<\/div><\/div>\n\n\n\n<div class=\"wp-block-uagb-section uagb-section__wrap uagb-section__background-color uagb-block-fc66df0c flip-back\"><div class=\"uagb-section__overlay\"><\/div><div class=\"uagb-section__inner-wrap\">\n<h6 class=\"wp-block-heading has-text-align-center has-blanc-color has-text-color\" id=\"join-the-18-teams-already-registered-for-the-medigames-2022-football-tournament\">Participe en uno de los 5 torneos organizados en Pula y medulin este a\u00f1o.<\/h6>\n<\/div><\/div>\n<\/div><\/div>\n<\/div>\n<\/div><\/section>\n\n\n\n<div class=\"wp-block-uagb-container uagb-layout-grid uagb-block-fef9e83c alignfull uagb-is-root-container\">\n<figure class=\"wp-block-image size-full is-resized\"><img decoding=\"async\" src=\"https:\/\/medigames.com\/wp-content\/uploads\/2025\/10\/LogoVilleMedu.png\" alt=\"\" style=\"width:auto;height:90px\"\/><\/figure>\n\n\n\n<figure class=\"wp-block-image size-full is-resized\"><img decoding=\"async\" src=\"https:\/\/medigames.com\/wp-content\/uploads\/2025\/10\/LogoMedCanadiens.png\" alt=\"\" style=\"width:auto;height:100px\"\/><\/figure>\n\n\n\n<figure class=\"wp-block-image size-full is-resized\"><img decoding=\"async\" src=\"https:\/\/medigames.com\/wp-content\/uploads\/2021\/10\/bauerfeind.png\" alt=\"\" style=\"width:auto;height:40px\"\/><\/figure>\n\n\n\n<figure class=\"wp-block-image size-large is-resized\"><img decoding=\"async\" src=\"https:\/\/medigames.com\/wp-content\/uploads\/2025\/10\/LogoMedulin-1024x298.jpg\" alt=\"\" style=\"width:auto;height:60px\"\/><\/figure>\n\n\n\n<figure class=\"wp-block-image size-full is-resized\"><img decoding=\"async\" src=\"https:\/\/medigames.com\/wp-content\/uploads\/2025\/12\/LOGOARENA.png\" alt=\"\" style=\"width:auto;height:50px\"\/><\/figure>\n\n\n\n<figure class=\"wp-block-image size-full is-resized\"><img decoding=\"async\" src=\"https:\/\/medigames.com\/wp-content\/uploads\/2025\/12\/LogoVLVHorizon.png\" alt=\"\" style=\"width:auto;height:70px\"\/><\/figure>\n<\/div>\n\n\n\n<div style=\"height:1px\" aria-hidden=\"true\" class=\"wp-block-spacer\"><\/div>","protected":false},"excerpt":{"rendered":"<p>2026, un a\u00f1o significativo para el f\u00fatbol tanto a nivel mundial como en los Medigames. Como deporte con mayor n\u00famero de participantes...<\/p>","protected":false},"author":1,"featured_media":11031,"parent":8075,"menu_order":1,"comment_status":"closed","ping_status":"closed","template":"","meta":{"_acf_changed":false,"_uag_custom_page_level_css":"","footnotes":""},"class_list":["post-12546","page","type-page","status-publish","has-post-thumbnail","hentry"],"acf":[],"uagb_featured_image_src":{"full":["https:\/\/medigames.com\/wp-content\/uploads\/2021\/11\/football-medigames.jpg",1024,683,false],"thumbnail":["https:\/\/medigames.com\/wp-content\/uploads\/2021\/11\/football-medigames-150x150.jpg",150,150,true],"medium":["https:\/\/medigames.com\/wp-content\/uploads\/2021\/11\/football-medigames-300x200.jpg",300,200,true],"medium_large":["https:\/\/medigames.com\/wp-content\/uploads\/2021\/11\/football-medigames-768x512.jpg",580,387,true],"large":["https:\/\/medigames.com\/wp-content\/uploads\/2021\/11\/football-medigames.jpg",580,387,false],"1536x1536":["https:\/\/medigames.com\/wp-content\/uploads\/2021\/11\/football-medigames.jpg",1024,683,false],"2048x2048":["https:\/\/medigames.com\/wp-content\/uploads\/2021\/11\/football-medigames.jpg",1024,683,false],"trp-custom-language-flag":["https:\/\/medigames.com\/wp-content\/uploads\/2021\/11\/football-medigames-18x12.jpg",18,12,true],"post-thumbnail":["https:\/\/medigames.com\/wp-content\/uploads\/2021\/11\/football-medigames.jpg",1024,683,false],"twentytwenty-fullscreen":["https:\/\/medigames.com\/wp-content\/uploads\/2021\/11\/football-medigames.jpg",1024,683,false]},"uagb_author_info":{"display_name":"dfuzionadmin","author_link":"https:\/\/medigames.com\/es\/author\/dfuzionadmin\/"},"uagb_comment_info":0,"uagb_excerpt":"2026, a signifiant year for football both globaly and at the Medigames As the sport with the largest participation numbers,&hellip;","_links":{"self":[{"href":"https:\/\/medigames.com\/es\/wp-json\/wp\/v2\/pages\/12546","targetHints":{"allow":["GET"]}}],"collection":[{"href":"https:\/\/medigames.com\/es\/wp-json\/wp\/v2\/pages"}],"about":[{"href":"https:\/\/medigames.com\/es\/wp-json\/wp\/v2\/types\/page"}],"author":[{"embeddable":true,"href":"https:\/\/medigames.com\/es\/wp-json\/wp\/v2\/users\/1"}],"replies":[{"embeddable":true,"href":"https:\/\/medigames.com\/es\/wp-json\/wp\/v2\/comments?post=12546"}],"version-history":[{"count":0,"href":"https:\/\/medigames.com\/es\/wp-json\/wp\/v2\/pages\/12546\/revisions"}],"up":[{"embeddable":true,"href":"https:\/\/medigames.com\/es\/wp-json\/wp\/v2\/pages\/8075"}],"wp:featuredmedia":[{"embeddable":true,"href":"https:\/\/medigames.com\/es\/wp-json\/wp\/v2\/media\/11031"}],"wp:attachment":[{"href":"https:\/\/medigames.com\/es\/wp-json\/wp\/v2\/media?parent=12546"}],"curies":[{"name":"wp","href":"https:\/\/api.w.org\/{rel}","templated":true}]}}