{"id":13493,"date":"2023-03-14T10:25:45","date_gmt":"2023-03-14T09:25:45","guid":{"rendered":"https:\/\/medigames.com\/?page_id=13493"},"modified":"2026-01-13T08:36:39","modified_gmt":"2026-01-13T07:36:39","slug":"hotels","status":"publish","type":"page","link":"https:\/\/medigames.com\/es\/hotels\/","title":{"rendered":"Alojamiento"},"content":{"rendered":"<div class=\"wp-block-uagb-container uagb-block-256a39e5 alignfull uagb-is-root-container\"><div class=\"uagb-container-inner-blocks-wrap\">\n<div class=\"wp-block-uagb-container uagb-block-4811e741\">\n<h1 class=\"wp-block-heading tw-mb-0 tw-mt-2\">Park Plaza Belvedere<\/h1>\n\n\n\n<figure class=\"wp-block-image size-full is-resized\"><img loading=\"lazy\" decoding=\"async\" width=\"850\" height=\"550\" src=\"https:\/\/medigames.com\/wp-content\/uploads\/2025\/12\/PARK-PLAZA-BELVEDERE-2.jpg\" alt=\"\" class=\"wp-image-15528\" style=\"aspect-ratio:1.8640776699029127;width:606px;height:auto\" srcset=\"https:\/\/medigames.com\/wp-content\/uploads\/2025\/12\/PARK-PLAZA-BELVEDERE-2.jpg 850w, https:\/\/medigames.com\/wp-content\/uploads\/2025\/12\/PARK-PLAZA-BELVEDERE-2-300x194.jpg 300w, https:\/\/medigames.com\/wp-content\/uploads\/2025\/12\/PARK-PLAZA-BELVEDERE-2-768x497.jpg 768w, https:\/\/medigames.com\/wp-content\/uploads\/2025\/12\/PARK-PLAZA-BELVEDERE-2-18x12.jpg 18w\" sizes=\"auto, (max-width: 850px) 100vw, 850px\" \/><\/figure>\n\n\n\n<p>El Park Plaza Belvedere Hotel, un establecimiento de 4 estrellas perteneciente al Grupo Arena, goza de una ubicaci\u00f3n privilegiada en el coraz\u00f3n de la encantadora ciudad costera de Medulin, junto a las cristalinas aguas del mar Adri\u00e1tico. Rodeado de un paisaje natural virgen, ofrece un entorno id\u00edlico para combinar el descanso y las actividades deportivas.<br>El hotel cuenta con dos piscinas al aire libre y una piscina cubierta semiol\u00edmpica, una zona de fitness, un restaurante con vistas al mar y un centro de spa.<br>El hotel combina armoniosamente elegancia y autenticidad en un cautivador ambiente mediterr\u00e1neo. Un verdadero refugio para los viajeros que buscan evadirse y disfrutar de la serenidad. El Park Plaza Belvedere ser\u00e1 el centro de los Juegos: acoger\u00e1 las sesiones del simposio, as\u00ed como la ceremonia de entrega de medallas del d\u00eda.<br>All\u00ed tambi\u00e9n encontrar\u00e1s toda la informaci\u00f3n que necesitas sobre las competiciones deportivas.<\/p>\n\n\n\n<p><\/p>\n\n\n\n<p><\/p>\n<\/div>\n\n\n\n<div class=\"wp-block-uagb-container uagb-block-35e0db35\">\n<figure class=\"wp-block-image size-large\"><img loading=\"lazy\" decoding=\"async\" width=\"1024\" height=\"442\" src=\"https:\/\/medigames.com\/wp-content\/uploads\/2025\/12\/Belvedere-1024x442.png\" alt=\"\" class=\"wp-image-15529\" srcset=\"https:\/\/medigames.com\/wp-content\/uploads\/2025\/12\/Belvedere-1024x442.png 1024w, https:\/\/medigames.com\/wp-content\/uploads\/2025\/12\/Belvedere-300x130.png 300w, https:\/\/medigames.com\/wp-content\/uploads\/2025\/12\/Belvedere-768x332.png 768w, https:\/\/medigames.com\/wp-content\/uploads\/2025\/12\/Belvedere-18x8.png 18w, https:\/\/medigames.com\/wp-content\/uploads\/2025\/12\/Belvedere-1200x519.png 1200w, https:\/\/medigames.com\/wp-content\/uploads\/2025\/12\/Belvedere.png 1532w\" sizes=\"auto, (max-width: 1024px) 100vw, 1024px\" \/><\/figure>\n\n\n\n<figure class=\"wp-block-image size-full\"><img loading=\"lazy\" decoding=\"async\" width=\"2560\" height=\"1337\" src=\"https:\/\/medigames.com\/wp-content\/uploads\/2025\/12\/PARK-PLAZA-BELVEDERE-Chambre-scaled.jpg\" alt=\"\" class=\"wp-image-15526\" srcset=\"https:\/\/medigames.com\/wp-content\/uploads\/2025\/12\/PARK-PLAZA-BELVEDERE-Chambre-scaled.jpg 2560w, https:\/\/medigames.com\/wp-content\/uploads\/2025\/12\/PARK-PLAZA-BELVEDERE-Chambre-300x157.jpg 300w, https:\/\/medigames.com\/wp-content\/uploads\/2025\/12\/PARK-PLAZA-BELVEDERE-Chambre-1024x535.jpg 1024w, https:\/\/medigames.com\/wp-content\/uploads\/2025\/12\/PARK-PLAZA-BELVEDERE-Chambre-768x401.jpg 768w, https:\/\/medigames.com\/wp-content\/uploads\/2025\/12\/PARK-PLAZA-BELVEDERE-Chambre-1536x802.jpg 1536w, https:\/\/medigames.com\/wp-content\/uploads\/2025\/12\/PARK-PLAZA-BELVEDERE-Chambre-2048x1070.jpg 2048w, https:\/\/medigames.com\/wp-content\/uploads\/2025\/12\/PARK-PLAZA-BELVEDERE-Chambre-18x9.jpg 18w, https:\/\/medigames.com\/wp-content\/uploads\/2025\/12\/PARK-PLAZA-BELVEDERE-Chambre-1200x627.jpg 1200w, https:\/\/medigames.com\/wp-content\/uploads\/2025\/12\/PARK-PLAZA-BELVEDERE-Chambre-1980x1034.jpg 1980w\" sizes=\"auto, (max-width: 2560px) 100vw, 2560px\" \/><\/figure>\n\n\n\n<figure class=\"wp-block-image size-full\"><img loading=\"lazy\" decoding=\"async\" width=\"1544\" height=\"749\" src=\"https:\/\/medigames.com\/wp-content\/uploads\/2025\/12\/PARK-PLAZA-BELVEDERE.jpg\" alt=\"\" class=\"wp-image-15527\" srcset=\"https:\/\/medigames.com\/wp-content\/uploads\/2025\/12\/PARK-PLAZA-BELVEDERE.jpg 1544w, https:\/\/medigames.com\/wp-content\/uploads\/2025\/12\/PARK-PLAZA-BELVEDERE-300x146.jpg 300w, https:\/\/medigames.com\/wp-content\/uploads\/2025\/12\/PARK-PLAZA-BELVEDERE-1024x497.jpg 1024w, https:\/\/medigames.com\/wp-content\/uploads\/2025\/12\/PARK-PLAZA-BELVEDERE-768x373.jpg 768w, https:\/\/medigames.com\/wp-content\/uploads\/2025\/12\/PARK-PLAZA-BELVEDERE-1536x745.jpg 1536w, https:\/\/medigames.com\/wp-content\/uploads\/2025\/12\/PARK-PLAZA-BELVEDERE-18x9.jpg 18w, https:\/\/medigames.com\/wp-content\/uploads\/2025\/12\/PARK-PLAZA-BELVEDERE-1200x582.jpg 1200w\" sizes=\"auto, (max-width: 1544px) 100vw, 1544px\" \/><\/figure>\n\n\n\n<h4 class=\"wp-block-heading\">CENTRO DE JUEGOS<\/h4>\n<\/div>\n<\/div><\/div>\n\n\n\n<div class=\"wp-block-uagb-container uagb-block-cca121c5 alignfull uagb-is-root-container\"><div class=\"uagb-container-inner-blocks-wrap\">\n<div class=\"wp-block-uagb-container uagb-block-e3cb7ba2\">\n<h1 class=\"wp-block-heading tw-mb-0 tw-mt-2\">Hotel Arena Holiday<\/h1>\n\n\n\n<figure class=\"wp-block-image size-full is-resized\"><img loading=\"lazy\" decoding=\"async\" width=\"1920\" height=\"1080\" src=\"https:\/\/medigames.com\/wp-content\/uploads\/2025\/12\/ARENA-HOTEL-HOLIDAY-.jpg\" alt=\"\" class=\"wp-image-15531\" style=\"aspect-ratio:1.8640776699029127;width:606px;height:auto\" srcset=\"https:\/\/medigames.com\/wp-content\/uploads\/2025\/12\/ARENA-HOTEL-HOLIDAY-.jpg 1920w, https:\/\/medigames.com\/wp-content\/uploads\/2025\/12\/ARENA-HOTEL-HOLIDAY--300x169.jpg 300w, https:\/\/medigames.com\/wp-content\/uploads\/2025\/12\/ARENA-HOTEL-HOLIDAY--1024x576.jpg 1024w, https:\/\/medigames.com\/wp-content\/uploads\/2025\/12\/ARENA-HOTEL-HOLIDAY--768x432.jpg 768w, https:\/\/medigames.com\/wp-content\/uploads\/2025\/12\/ARENA-HOTEL-HOLIDAY--1536x864.jpg 1536w, https:\/\/medigames.com\/wp-content\/uploads\/2025\/12\/ARENA-HOTEL-HOLIDAY--18x10.jpg 18w, https:\/\/medigames.com\/wp-content\/uploads\/2025\/12\/ARENA-HOTEL-HOLIDAY--1200x675.jpg 1200w\" sizes=\"auto, (max-width: 1920px) 100vw, 1920px\" \/><\/figure>\n\n\n\n<p>Situado cerca del Park Plaza Belvedere (centro de juegos), el Arena Hotel Holiday comparte las mismas ventajas de ubicaci\u00f3n que su vecino. Situado junto al mar, ofrece un entorno natural y aut\u00e9ntico que invita al descanso y la convivencia.<br>El hotel de 3 estrellas cuenta con una piscina al aire libre, un jard\u00edn, un sal\u00f3n compartido y un restaurante.<br>Apto para todo tipo de viajeros, tanto si viaja solo, en pareja o en familia, el hotel ofrece espacios y actividades pensados para todos. En particular, ofrece un programa de entretenimiento \u00fanico dedicado a los ni\u00f1os, \u00a1para que la estancia sea agradable para todos!<\/p>\n\n\n\n<p><\/p>\n\n\n\n<p><\/p>\n<\/div>\n\n\n\n<div class=\"wp-block-uagb-container uagb-block-e4b98967\">\n<figure class=\"wp-block-image size-large\"><img loading=\"lazy\" decoding=\"async\" width=\"1024\" height=\"633\" src=\"https:\/\/medigames.com\/wp-content\/uploads\/2025\/12\/ARENA-Bis-1024x633.png\" alt=\"\" class=\"wp-image-15533\" srcset=\"https:\/\/medigames.com\/wp-content\/uploads\/2025\/12\/ARENA-Bis-1024x633.png 1024w, https:\/\/medigames.com\/wp-content\/uploads\/2025\/12\/ARENA-Bis-300x185.png 300w, https:\/\/medigames.com\/wp-content\/uploads\/2025\/12\/ARENA-Bis-768x474.png 768w, https:\/\/medigames.com\/wp-content\/uploads\/2025\/12\/ARENA-Bis-18x12.png 18w, https:\/\/medigames.com\/wp-content\/uploads\/2025\/12\/ARENA-Bis-1200x741.png 1200w, https:\/\/medigames.com\/wp-content\/uploads\/2025\/12\/ARENA-Bis.png 1324w\" sizes=\"auto, (max-width: 1024px) 100vw, 1024px\" \/><\/figure>\n\n\n\n<figure class=\"wp-block-image size-full\"><img loading=\"lazy\" decoding=\"async\" width=\"2560\" height=\"1391\" src=\"https:\/\/medigames.com\/wp-content\/uploads\/2025\/12\/ARENA-HOTEL-HOLIDAY-Piscine-scaled.png\" alt=\"\" class=\"wp-image-15530\" srcset=\"https:\/\/medigames.com\/wp-content\/uploads\/2025\/12\/ARENA-HOTEL-HOLIDAY-Piscine-scaled.png 2560w, https:\/\/medigames.com\/wp-content\/uploads\/2025\/12\/ARENA-HOTEL-HOLIDAY-Piscine-300x163.png 300w, https:\/\/medigames.com\/wp-content\/uploads\/2025\/12\/ARENA-HOTEL-HOLIDAY-Piscine-1024x556.png 1024w, https:\/\/medigames.com\/wp-content\/uploads\/2025\/12\/ARENA-HOTEL-HOLIDAY-Piscine-768x417.png 768w, https:\/\/medigames.com\/wp-content\/uploads\/2025\/12\/ARENA-HOTEL-HOLIDAY-Piscine-1536x835.png 1536w, https:\/\/medigames.com\/wp-content\/uploads\/2025\/12\/ARENA-HOTEL-HOLIDAY-Piscine-2048x1113.png 2048w, https:\/\/medigames.com\/wp-content\/uploads\/2025\/12\/ARENA-HOTEL-HOLIDAY-Piscine-18x10.png 18w, https:\/\/medigames.com\/wp-content\/uploads\/2025\/12\/ARENA-HOTEL-HOLIDAY-Piscine-1200x652.png 1200w, https:\/\/medigames.com\/wp-content\/uploads\/2025\/12\/ARENA-HOTEL-HOLIDAY-Piscine-1980x1076.png 1980w\" sizes=\"auto, (max-width: 2560px) 100vw, 2560px\" \/><\/figure>\n\n\n\n<figure class=\"wp-block-image size-full\"><img loading=\"lazy\" decoding=\"async\" width=\"1920\" height=\"1280\" src=\"https:\/\/medigames.com\/wp-content\/uploads\/2025\/12\/ARENA-HOTEL-HOLIDAY-Chambre-1.jpg\" alt=\"\" class=\"wp-image-15537\" srcset=\"https:\/\/medigames.com\/wp-content\/uploads\/2025\/12\/ARENA-HOTEL-HOLIDAY-Chambre-1.jpg 1920w, https:\/\/medigames.com\/wp-content\/uploads\/2025\/12\/ARENA-HOTEL-HOLIDAY-Chambre-1-300x200.jpg 300w, https:\/\/medigames.com\/wp-content\/uploads\/2025\/12\/ARENA-HOTEL-HOLIDAY-Chambre-1-1024x683.jpg 1024w, https:\/\/medigames.com\/wp-content\/uploads\/2025\/12\/ARENA-HOTEL-HOLIDAY-Chambre-1-768x512.jpg 768w, https:\/\/medigames.com\/wp-content\/uploads\/2025\/12\/ARENA-HOTEL-HOLIDAY-Chambre-1-1536x1024.jpg 1536w, https:\/\/medigames.com\/wp-content\/uploads\/2025\/12\/ARENA-HOTEL-HOLIDAY-Chambre-1-18x12.jpg 18w, https:\/\/medigames.com\/wp-content\/uploads\/2025\/12\/ARENA-HOTEL-HOLIDAY-Chambre-1-1200x800.jpg 1200w\" sizes=\"auto, (max-width: 1920px) 100vw, 1920px\" \/><\/figure>\n\n\n\n<p><\/p>\n<\/div>\n<\/div><\/div>\n\n\n\n<div class=\"wp-block-uagb-container uagb-block-8f1901e5 alignfull uagb-is-root-container\"><div class=\"uagb-container-inner-blocks-wrap\">\n<div class=\"wp-block-uagb-container uagb-block-2c62e5cc\">\n<h1 class=\"wp-block-heading tw-mb-0 tw-mt-2\">Apartamentos Ai Pini Resort<\/h1>\n\n\n\n<figure class=\"wp-block-image size-full is-resized\"><img loading=\"lazy\" decoding=\"async\" width=\"1920\" height=\"1280\" src=\"https:\/\/medigames.com\/wp-content\/uploads\/2025\/12\/AI-PINI-APPARTEMENT.jpg\" alt=\"\" class=\"wp-image-15525\" style=\"aspect-ratio:1.8640776699029127;width:606px;height:auto\" srcset=\"https:\/\/medigames.com\/wp-content\/uploads\/2025\/12\/AI-PINI-APPARTEMENT.jpg 1920w, https:\/\/medigames.com\/wp-content\/uploads\/2025\/12\/AI-PINI-APPARTEMENT-300x200.jpg 300w, https:\/\/medigames.com\/wp-content\/uploads\/2025\/12\/AI-PINI-APPARTEMENT-1024x683.jpg 1024w, https:\/\/medigames.com\/wp-content\/uploads\/2025\/12\/AI-PINI-APPARTEMENT-768x512.jpg 768w, https:\/\/medigames.com\/wp-content\/uploads\/2025\/12\/AI-PINI-APPARTEMENT-1536x1024.jpg 1536w, https:\/\/medigames.com\/wp-content\/uploads\/2025\/12\/AI-PINI-APPARTEMENT-18x12.jpg 18w, https:\/\/medigames.com\/wp-content\/uploads\/2025\/12\/AI-PINI-APPARTEMENT-1200x800.jpg 1200w\" sizes=\"auto, (max-width: 1920px) 100vw, 1920px\" \/><\/figure>\n\n\n\n<p>Situado frente al Park Plaza Belvedere (centro de juegos), el Ai Pini Resort ofrece c\u00f3modos apartamentos con balc\u00f3n, dormitorio doble y sof\u00e1 cama, ideales para parejas, amigos o familias.<br>Los apartamentos permiten una independencia total gracias a sus espacios funcionales, ofreciendo toda la flexibilidad que necesitas para organizar tu estancia a tu propio ritmo.<br>Muy apreciado por su ambiente tranquilo, Ai Pini Resort garantiza una estancia agradable en un entorno tranquilo y verde.<\/p>\n\n\n\n<p><\/p>\n\n\n\n<p><\/p>\n<\/div>\n\n\n\n<div class=\"wp-block-uagb-container uagb-block-f152406c\">\n<figure class=\"wp-block-image size-large\"><img loading=\"lazy\" decoding=\"async\" width=\"1024\" height=\"683\" src=\"https:\/\/medigames.com\/wp-content\/uploads\/2025\/12\/AI-PINI-APPARTEMENT-Chambre--1024x683.jpg\" alt=\"\" class=\"wp-image-15524\" srcset=\"https:\/\/medigames.com\/wp-content\/uploads\/2025\/12\/AI-PINI-APPARTEMENT-Chambre--1024x683.jpg 1024w, https:\/\/medigames.com\/wp-content\/uploads\/2025\/12\/AI-PINI-APPARTEMENT-Chambre--300x200.jpg 300w, https:\/\/medigames.com\/wp-content\/uploads\/2025\/12\/AI-PINI-APPARTEMENT-Chambre--768x512.jpg 768w, https:\/\/medigames.com\/wp-content\/uploads\/2025\/12\/AI-PINI-APPARTEMENT-Chambre--1536x1024.jpg 1536w, https:\/\/medigames.com\/wp-content\/uploads\/2025\/12\/AI-PINI-APPARTEMENT-Chambre--18x12.jpg 18w, https:\/\/medigames.com\/wp-content\/uploads\/2025\/12\/AI-PINI-APPARTEMENT-Chambre--1200x800.jpg 1200w, https:\/\/medigames.com\/wp-content\/uploads\/2025\/12\/AI-PINI-APPARTEMENT-Chambre-.jpg 1920w\" sizes=\"auto, (max-width: 1024px) 100vw, 1024px\" \/><\/figure>\n\n\n\n<p><em><strong>Cada piso incluye:<br>\u2022 Aire acondicionado<br>\u2022 Wi-Fi<br>\u2022 Un dormitorio con cama doble.<br>\u2022 Una sala de estar con sof\u00e1 cama.<br>\u2022 Una cocina americana totalmente equipada.<br>\u2022 Un cuarto de ba\u00f1o<br>\u2022 Un balc\u00f3n<\/strong><\/em><\/p>\n<\/div>\n<\/div><\/div>\n\n\n\n<div class=\"wp-block-uagb-container uagb-block-fd774a23 alignfull uagb-is-root-container\"><div class=\"uagb-container-inner-blocks-wrap\">\n<div class=\"wp-block-uagb-container uagb-block-941ec9df\">\n<h1 class=\"wp-block-heading tw-mb-0 tw-mt-2\">Arena Grand Kazela Resort Casa M\u00f3vil<\/h1>\n\n\n\n<figure class=\"wp-block-image size-full is-resized\"><img loading=\"lazy\" decoding=\"async\" width=\"2560\" height=\"1699\" src=\"https:\/\/medigames.com\/wp-content\/uploads\/2025\/12\/ARENA-GRAND-KAZELA-MH-scaled.png\" alt=\"\" class=\"wp-image-15523\" style=\"aspect-ratio:1.8640776699029127;width:606px;height:auto\" srcset=\"https:\/\/medigames.com\/wp-content\/uploads\/2025\/12\/ARENA-GRAND-KAZELA-MH-scaled.png 2560w, https:\/\/medigames.com\/wp-content\/uploads\/2025\/12\/ARENA-GRAND-KAZELA-MH-300x199.png 300w, https:\/\/medigames.com\/wp-content\/uploads\/2025\/12\/ARENA-GRAND-KAZELA-MH-1024x680.png 1024w, https:\/\/medigames.com\/wp-content\/uploads\/2025\/12\/ARENA-GRAND-KAZELA-MH-768x510.png 768w, https:\/\/medigames.com\/wp-content\/uploads\/2025\/12\/ARENA-GRAND-KAZELA-MH-1536x1020.png 1536w, https:\/\/medigames.com\/wp-content\/uploads\/2025\/12\/ARENA-GRAND-KAZELA-MH-2048x1359.png 2048w, https:\/\/medigames.com\/wp-content\/uploads\/2025\/12\/ARENA-GRAND-KAZELA-MH-18x12.png 18w, https:\/\/medigames.com\/wp-content\/uploads\/2025\/12\/ARENA-GRAND-KAZELA-MH-1200x797.png 1200w, https:\/\/medigames.com\/wp-content\/uploads\/2025\/12\/ARENA-GRAND-KAZELA-MH-1980x1314.png 1980w\" sizes=\"auto, (max-width: 2560px) 100vw, 2560px\" \/><\/figure>\n\n\n\n<p>El Arena Grand Kazela Resort, situado a pocos pasos del Centro de Juegos, tambi\u00e9n se extiende a lo largo de la costa adri\u00e1tica. Este complejo vacacional cuenta con dos piscinas al aire libre, un parque infantil y varios bares y restaurantes, lo que ofrece una amplia variedad de zonas de descanso.<br>Las casas m\u00f3viles, decoradas en estilo moderno, disponen de Wi-Fi y aire acondicionado. Cada alojamiento cuenta con una cocina totalmente equipada, uno o dos ba\u00f1os privados y una terraza amueblada.<\/p>\n\n\n\n<p><\/p>\n\n\n\n<p><\/p>\n<\/div>\n\n\n\n<div class=\"wp-block-uagb-container uagb-block-bdd301a7\">\n<figure class=\"wp-block-image size-large\"><img loading=\"lazy\" decoding=\"async\" width=\"1024\" height=\"683\" src=\"https:\/\/medigames.com\/wp-content\/uploads\/2025\/12\/ARENA-GRAND-KAZELA-Terrasse--1024x683.jpg\" alt=\"\" class=\"wp-image-15522\" srcset=\"https:\/\/medigames.com\/wp-content\/uploads\/2025\/12\/ARENA-GRAND-KAZELA-Terrasse--1024x683.jpg 1024w, https:\/\/medigames.com\/wp-content\/uploads\/2025\/12\/ARENA-GRAND-KAZELA-Terrasse--300x200.jpg 300w, https:\/\/medigames.com\/wp-content\/uploads\/2025\/12\/ARENA-GRAND-KAZELA-Terrasse--768x512.jpg 768w, https:\/\/medigames.com\/wp-content\/uploads\/2025\/12\/ARENA-GRAND-KAZELA-Terrasse--1536x1024.jpg 1536w, https:\/\/medigames.com\/wp-content\/uploads\/2025\/12\/ARENA-GRAND-KAZELA-Terrasse--18x12.jpg 18w, https:\/\/medigames.com\/wp-content\/uploads\/2025\/12\/ARENA-GRAND-KAZELA-Terrasse--1200x800.jpg 1200w, https:\/\/medigames.com\/wp-content\/uploads\/2025\/12\/ARENA-GRAND-KAZELA-Terrasse-.jpg 1920w\" sizes=\"auto, (max-width: 1024px) 100vw, 1024px\" \/><\/figure>\n\n\n\n<figure class=\"wp-block-image size-large\"><img loading=\"lazy\" decoding=\"async\" width=\"1024\" height=\"683\" src=\"https:\/\/medigames.com\/wp-content\/uploads\/2025\/12\/ARENA-GRAND-KAZELA-Cuisine--1024x683.jpg\" alt=\"\" class=\"wp-image-15521\" srcset=\"https:\/\/medigames.com\/wp-content\/uploads\/2025\/12\/ARENA-GRAND-KAZELA-Cuisine--1024x683.jpg 1024w, https:\/\/medigames.com\/wp-content\/uploads\/2025\/12\/ARENA-GRAND-KAZELA-Cuisine--300x200.jpg 300w, https:\/\/medigames.com\/wp-content\/uploads\/2025\/12\/ARENA-GRAND-KAZELA-Cuisine--768x512.jpg 768w, https:\/\/medigames.com\/wp-content\/uploads\/2025\/12\/ARENA-GRAND-KAZELA-Cuisine--1536x1024.jpg 1536w, https:\/\/medigames.com\/wp-content\/uploads\/2025\/12\/ARENA-GRAND-KAZELA-Cuisine--18x12.jpg 18w, https:\/\/medigames.com\/wp-content\/uploads\/2025\/12\/ARENA-GRAND-KAZELA-Cuisine--1200x800.jpg 1200w, https:\/\/medigames.com\/wp-content\/uploads\/2025\/12\/ARENA-GRAND-KAZELA-Cuisine-.jpg 1920w\" sizes=\"auto, (max-width: 1024px) 100vw, 1024px\" \/><\/figure>\n\n\n\n<p><em><strong>Cada casa m\u00f3vil incluye:<br>\u2022 Aire acondicionado<br>\u2022 Wi-Fi<br>\u2022 Un dormitorio principal con cama doble.<br>\u2022 Un dormitorio con dos camas individuales.<br>\u2022 Una sala de estar con un sof\u00e1 cama para una persona.<br>\u2022 Una cocina americana totalmente equipada.<br>\u2022 Dos ba\u00f1os<br>\u2022 Una terraza<\/strong><\/em><\/p>\n<\/div>\n<\/div><\/div>\n\n\n\n<div class=\"wp-block-uagb-container uagb-block-b80e74ee alignfull uagb-is-root-container\"><div class=\"uagb-container-inner-blocks-wrap\">\n<div class=\"wp-block-uagb-container uagb-block-5d300d6e\">\n<h1 class=\"wp-block-heading tw-mb-0 tw-mt-2\">Petram Resort Estudio y Apartamento<\/h1>\n\n\n\n<figure class=\"wp-block-image size-full is-resized\"><img loading=\"lazy\" decoding=\"async\" width=\"2560\" height=\"1914\" src=\"https:\/\/medigames.com\/wp-content\/uploads\/2025\/12\/PETRAM-RESORT-scaled.png\" alt=\"\" class=\"wp-image-15520\" style=\"aspect-ratio:1.8640776699029127;width:606px;height:auto\" srcset=\"https:\/\/medigames.com\/wp-content\/uploads\/2025\/12\/PETRAM-RESORT-scaled.png 2560w, https:\/\/medigames.com\/wp-content\/uploads\/2025\/12\/PETRAM-RESORT-300x224.png 300w, https:\/\/medigames.com\/wp-content\/uploads\/2025\/12\/PETRAM-RESORT-1024x765.png 1024w, https:\/\/medigames.com\/wp-content\/uploads\/2025\/12\/PETRAM-RESORT-768x574.png 768w, https:\/\/medigames.com\/wp-content\/uploads\/2025\/12\/PETRAM-RESORT-1536x1148.png 1536w, https:\/\/medigames.com\/wp-content\/uploads\/2025\/12\/PETRAM-RESORT-2048x1531.png 2048w, https:\/\/medigames.com\/wp-content\/uploads\/2025\/12\/PETRAM-RESORT-16x12.png 16w, https:\/\/medigames.com\/wp-content\/uploads\/2025\/12\/PETRAM-RESORT-1200x897.png 1200w, https:\/\/medigames.com\/wp-content\/uploads\/2025\/12\/PETRAM-RESORT-1980x1480.png 1980w\" sizes=\"auto, (max-width: 2560px) 100vw, 2560px\" \/><\/figure>\n\n\n\n<p>La competici\u00f3n de golf tendr\u00e1 lugar en Golf Adriatic (PGA National Croatia), situado en el noreste de Istria, a aproximadamente una hora en coche del centro de los Juegos. Para evitar este desplazamiento, los participantes se alojar\u00e1n en el Petram Resort, cerca de los campos de golf.<br>Este complejo de lujo de 4 estrellas ofrece modernos apartamentos y estudios, totalmente equipados para una estancia con cocina.<br>Con vistas panor\u00e1micas al mar Adri\u00e1tico, Petram Resort destaca por su excepcional ubicaci\u00f3n, donde la elegancia y<br>El refinamiento y la perfecci\u00f3n se unen a la perfecci\u00f3n.<\/p>\n\n\n\n<p><\/p>\n\n\n\n<p><\/p>\n<\/div>\n\n\n\n<div class=\"wp-block-uagb-container uagb-block-523f9216\">\n<figure class=\"wp-block-image size-large\"><img loading=\"lazy\" decoding=\"async\" width=\"1024\" height=\"640\" src=\"https:\/\/medigames.com\/wp-content\/uploads\/2025\/12\/PETRAM-RESORT-Piscine-1024x640.jpg\" alt=\"\" class=\"wp-image-15519\" srcset=\"https:\/\/medigames.com\/wp-content\/uploads\/2025\/12\/PETRAM-RESORT-Piscine-1024x640.jpg 1024w, https:\/\/medigames.com\/wp-content\/uploads\/2025\/12\/PETRAM-RESORT-Piscine-300x188.jpg 300w, https:\/\/medigames.com\/wp-content\/uploads\/2025\/12\/PETRAM-RESORT-Piscine-768x480.jpg 768w, https:\/\/medigames.com\/wp-content\/uploads\/2025\/12\/PETRAM-RESORT-Piscine-1536x960.jpg 1536w, https:\/\/medigames.com\/wp-content\/uploads\/2025\/12\/PETRAM-RESORT-Piscine-18x12.jpg 18w, https:\/\/medigames.com\/wp-content\/uploads\/2025\/12\/PETRAM-RESORT-Piscine-1200x750.jpg 1200w, https:\/\/medigames.com\/wp-content\/uploads\/2025\/12\/PETRAM-RESORT-Piscine.jpg 1600w\" sizes=\"auto, (max-width: 1024px) 100vw, 1024px\" \/><\/figure>\n\n\n\n<p><em><strong>2 tipos de alojamiento:<\/strong><\/em><\/p>\n\n\n\n<p><em><strong>- <\/strong><\/em><strong>Estudio Deluxe <\/strong><em><strong>(32-34 m\u00b2):<br>Consta de una sola habitaci\u00f3n con una cama de matrimonio, una cocina totalmente equipada y un cuarto de ba\u00f1o con ducha; el estudio no tiene balc\u00f3n.<\/strong><\/em><\/p>\n\n\n\n<p><em><strong>- <\/strong><\/em><strong>Apartamento de lujo <\/strong><em><strong>(60-67 m\u00b2): incluye un moderno dormitorio con cama king size, una cocina totalmente equipada con zona de comedor, una elegante sala de estar con sof\u00e1 cama, un c\u00f3modo cuarto de ba\u00f1o con ducha y aseo, y un balc\u00f3n.<\/strong><\/em><\/p>\n<\/div>\n<\/div><\/div>\n\n\n\n<div class=\"wp-block-uagb-container uagb-layout-grid uagb-block-fef9e83c alignfull uagb-is-root-container\">\n<figure class=\"wp-block-image size-full is-resized\"><img decoding=\"async\" src=\"https:\/\/medigames.com\/wp-content\/uploads\/2025\/10\/LogoVilleMedu.png\" alt=\"\" style=\"width:auto;height:90px\"\/><\/figure>\n\n\n\n<figure class=\"wp-block-image size-full is-resized\"><img decoding=\"async\" src=\"https:\/\/medigames.com\/wp-content\/uploads\/2025\/10\/LogoMedCanadiens.png\" alt=\"\" style=\"width:auto;height:100px\"\/><\/figure>\n\n\n\n<figure class=\"wp-block-image size-full is-resized\"><img decoding=\"async\" src=\"https:\/\/medigames.com\/wp-content\/uploads\/2021\/10\/bauerfeind.png\" alt=\"\" style=\"width:auto;height:40px\"\/><\/figure>\n\n\n\n<figure class=\"wp-block-image size-large is-resized\"><img decoding=\"async\" src=\"https:\/\/medigames.com\/wp-content\/uploads\/2025\/10\/LogoMedulin-1024x298.jpg\" alt=\"\" style=\"width:auto;height:60px\"\/><\/figure>\n\n\n\n<figure class=\"wp-block-image size-full is-resized\"><img decoding=\"async\" src=\"https:\/\/medigames.com\/wp-content\/uploads\/2025\/12\/LOGOARENA.png\" alt=\"\" style=\"width:auto;height:50px\"\/><\/figure>\n\n\n\n<figure class=\"wp-block-image size-full is-resized\"><img decoding=\"async\" src=\"https:\/\/medigames.com\/wp-content\/uploads\/2025\/12\/LogoVLVHorizon.png\" alt=\"\" style=\"width:auto;height:70px\"\/><\/figure>\n<\/div>\n\n\n\n<div style=\"height:1px\" aria-hidden=\"true\" class=\"wp-block-spacer\"><\/div>","protected":false},"excerpt":{"rendered":"<p>Park Plaza Belvedere El Park Plaza Belvedere Hotel, un establecimiento de 4 estrellas perteneciente al Grupo Arena, goza de una ubicaci\u00f3n privilegiada...<\/p>","protected":false},"author":1,"featured_media":15391,"parent":0,"menu_order":2,"comment_status":"closed","ping_status":"closed","template":"","meta":{"_acf_changed":false,"_uag_custom_page_level_css":"","footnotes":""},"class_list":["post-13493","page","type-page","status-publish","has-post-thumbnail","hentry"],"acf":[],"uagb_featured_image_src":{"full":["https:\/\/medigames.com\/wp-content\/uploads\/2025\/10\/BannHotel-scaled.jpg",2560,640,false],"thumbnail":["https:\/\/medigames.com\/wp-content\/uploads\/2025\/10\/BannHotel-150x150.jpg",150,150,true],"medium":["https:\/\/medigames.com\/wp-content\/uploads\/2025\/10\/BannHotel-300x75.jpg",300,75,true],"medium_large":["https:\/\/medigames.com\/wp-content\/uploads\/2025\/10\/BannHotel-768x192.jpg",580,145,true],"large":["https:\/\/medigames.com\/wp-content\/uploads\/2025\/10\/BannHotel-1024x256.jpg",580,145,true],"1536x1536":["https:\/\/medigames.com\/wp-content\/uploads\/2025\/10\/BannHotel-1536x384.jpg",1536,384,true],"2048x2048":["https:\/\/medigames.com\/wp-content\/uploads\/2025\/10\/BannHotel-2048x512.jpg",2048,512,true],"trp-custom-language-flag":["https:\/\/medigames.com\/wp-content\/uploads\/2025\/10\/BannHotel-18x5.jpg",18,5,true],"post-thumbnail":["https:\/\/medigames.com\/wp-content\/uploads\/2025\/10\/BannHotel-1200x300.jpg",1200,300,true],"twentytwenty-fullscreen":["https:\/\/medigames.com\/wp-content\/uploads\/2025\/10\/BannHotel-1980x495.jpg",1980,495,true]},"uagb_author_info":{"display_name":"dfuzionadmin","author_link":"https:\/\/medigames.com\/es\/author\/dfuzionadmin\/"},"uagb_comment_info":0,"uagb_excerpt":"Park Plaza Belvedere The Park Plaza Belvedere Hotel, a 4-star establishment belonging to the Arena Group, enjoys a privileged location&hellip;","_links":{"self":[{"href":"https:\/\/medigames.com\/es\/wp-json\/wp\/v2\/pages\/13493","targetHints":{"allow":["GET"]}}],"collection":[{"href":"https:\/\/medigames.com\/es\/wp-json\/wp\/v2\/pages"}],"about":[{"href":"https:\/\/medigames.com\/es\/wp-json\/wp\/v2\/types\/page"}],"author":[{"embeddable":true,"href":"https:\/\/medigames.com\/es\/wp-json\/wp\/v2\/users\/1"}],"replies":[{"embeddable":true,"href":"https:\/\/medigames.com\/es\/wp-json\/wp\/v2\/comments?post=13493"}],"version-history":[{"count":0,"href":"https:\/\/medigames.com\/es\/wp-json\/wp\/v2\/pages\/13493\/revisions"}],"wp:featuredmedia":[{"embeddable":true,"href":"https:\/\/medigames.com\/es\/wp-json\/wp\/v2\/media\/15391"}],"wp:attachment":[{"href":"https:\/\/medigames.com\/es\/wp-json\/wp\/v2\/media?parent=13493"}],"curies":[{"name":"wp","href":"https:\/\/api.w.org\/{rel}","templated":true}]}}