{"id":14777,"date":"2024-11-15T10:57:56","date_gmt":"2024-11-15T09:57:56","guid":{"rendered":"https:\/\/medigames.com\/?page_id=14777"},"modified":"2025-12-05T16:54:47","modified_gmt":"2025-12-05T15:54:47","slug":"general-terms-and-conditions-of-sale","status":"publish","type":"page","link":"https:\/\/medigames.com\/es\/general-terms-and-conditions-of-sale\/","title":{"rendered":"Condiciones generales de venta"},"content":{"rendered":"<section class=\"wp-block-uagb-columns uagb-columns__wrap uagb-columns__background-none uagb-columns__stack-mobile uagb-columns__valign- uagb-columns__gap-10 align uagb-block-8b273501 uagb-columns__columns-1 uagb-columns__max_width-custom\"><div class=\"uagb-columns__overlay\"><\/div><div class=\"uagb-columns__inner-wrap uagb-columns__columns-1\">\n<div class=\"wp-block-uagb-column uagb-column__wrap uagb-column__background-undefined uagb-block-51e2472c\"><div class=\"uagb-column__overlay\"><\/div>\n<p><em>\u00daltima actualizaci\u00f3n: 5 de diciembre de 202<\/em>5<\/p>\n\n\n\n<p><strong>CANCELACI\u00d3N DE LA INSCRIPCI\u00d3N POR PARTE DEL PARTICIPANTE<\/strong><\/p>\n\n\n\n<p>En caso de cancelaci\u00f3n de la inscripci\u00f3n por parte del participante, se retendr\u00e1n los siguientes gastos de cancelaci\u00f3n en funci\u00f3n de la fecha de cancelaci\u00f3n:<\/p>\n\n\n\n<ul class=\"wp-block-list\">\n<li>Cancelaci\u00f3n antes del 12 de marzo de 2026: sin gastos de cancelaci\u00f3n.<\/li>\n\n\n\n<li>Cancelaci\u00f3n entre el 13 de marzo y el 12 de mayo de 2026: tasa de cancelaci\u00f3n de 50% sobre los gastos incurridos.<\/li>\n\n\n\n<li>Cancelaci\u00f3n a partir del 13 de mayo de 2026: 100% de gastos incurridos.<\/li>\n<\/ul>\n\n\n\n<p><strong>DERECHOS DE IMAGEN<\/strong><\/p>\n\n\n\n<p>La participaci\u00f3n en los Juegos Mundiales de Medicina y Salud implica autom\u00e1ticamente la cesi\u00f3n de los derechos de imagen del participante y sus acompa\u00f1antes al organizador para su uso en materiales promocionales.<\/p>\n\n\n\n<p><strong>CANCELACI\u00d3N DEL ACTO<\/strong><\/p>\n\n\n\n<p>Si, por razones de fuerza mayor (guerra, huelgas, disturbios, desastres naturales, epidemias, etc.), los WMS no pudieran celebrarse, CSO no se har\u00eda responsable de las cantidades ya abonadas. En tal caso, CSO har\u00e1 todo lo posible para garantizar que dichas cantidades se conserven, de modo que puedan reutilizarse para la organizaci\u00f3n de los Juegos en otras fechas. Si, por razones ajenas al control de CSO, los eventos tuvieran que cancelarse definitivamente, los participantes que ya se hayan inscrito deber\u00e1n asumir, a prorrata, las cantidades en que haya incurrido CSO, adem\u00e1s de las cantidades ya abonadas a CSO.<\/p>\n\n\n\n<p><strong>CONDICIONES GENERALES DE VENTA<\/strong><\/p>\n\n\n\n<p>Las condiciones generales de venta se refieren a las disposiciones legislativas vigentes y, en particular, a los art\u00edculos 95 a 103 del Decreto 94490, de 15 de junio de 1994, que constituyen nuestras condiciones generales de venta. Se indica expresamente, de conformidad con lo dispuesto en el art\u00edculo 97 del citado decreto, que la informaci\u00f3n que figura en el formulario de inscripci\u00f3n puede estar sujeta a determinadas modificaciones que, en su caso, ser\u00e1n comunicadas al cliente por el vendedor antes de la firma del contrato. \u00c1mbito de aplicaci\u00f3n: la reserva de una estancia implica la plena aceptaci\u00f3n de las condiciones generales de venta.<\/p>\n\n\n\n<p><strong>PAGO<\/strong><\/p>\n\n\n\n<p>La inscripci\u00f3n puede pagarse con tarjeta de cr\u00e9dito, cheque franc\u00e9s en euros pagadero en Francia o transferencia bancaria en las siguientes condiciones: pago de un primer dep\u00f3sito de 50% en el momento de la inscripci\u00f3n y pago del saldo antes del 13 de abril de 2026. Las inscripciones enviadas despu\u00e9s del 13 de abril de 2026 deber\u00e1n pagarse en un solo plazo. No se validar\u00e1 ninguna inscripci\u00f3n ni reserva de hotel que no haya sido pagada en su totalidad.<\/p>\n\n\n\n<p><strong>JURISDICCI\u00d3N<\/strong><\/p>\n\n\n\n<p>En caso de litigio, el Tribunal de Comercio de Par\u00eds ser\u00e1 el \u00fanico competente para resolver el asunto.<\/p>\n\n\n\n<p>Corporate Sport Organisation (CSO): RCS Nanterre 2009B00686 \u2013 N\u00famero de identificaci\u00f3n intracomunitario = FR 66 400 631 164 \u2013 Licencia: 092 09 0016 \u2013 Garantizado por APS, 15 rue Carnot \u2013 75017 Par\u00eds. Seguro de responsabilidad civil y profesional proporcionado por AXA FRANCE IARD \u2013 313 TERRASSE DE L\u2019ARCHE \u2013 92727 NANTERRE CEDEX<\/p>\n<\/div>\n<\/div><\/section>\n\n\n\n<p><\/p>","protected":false},"excerpt":{"rendered":"<p>\u00daltima actualizaci\u00f3n: 5 de diciembre de 2025 CANCELACI\u00d3N DE LA INSCRIPCI\u00d3N POR PARTE DEL PARTICIPANTE En caso de cancelaci\u00f3n de la inscripci\u00f3n por parte del...<\/p>","protected":false},"author":1,"featured_media":12135,"parent":0,"menu_order":20,"comment_status":"closed","ping_status":"closed","template":"","meta":{"_acf_changed":false,"_uag_custom_page_level_css":"","footnotes":""},"class_list":["post-14777","page","type-page","status-publish","has-post-thumbnail","hentry"],"acf":[],"uagb_featured_image_src":{"full":["https:\/\/medigames.com\/wp-content\/uploads\/2022\/01\/Page-Resultats.jpg",1600,500,false],"thumbnail":["https:\/\/medigames.com\/wp-content\/uploads\/2022\/01\/Page-Resultats-150x150.jpg",150,150,true],"medium":["https:\/\/medigames.com\/wp-content\/uploads\/2022\/01\/Page-Resultats-300x94.jpg",300,94,true],"medium_large":["https:\/\/medigames.com\/wp-content\/uploads\/2022\/01\/Page-Resultats-768x240.jpg",580,181,true],"large":["https:\/\/medigames.com\/wp-content\/uploads\/2022\/01\/Page-Resultats-1024x320.jpg",580,181,true],"1536x1536":["https:\/\/medigames.com\/wp-content\/uploads\/2022\/01\/Page-Resultats-1536x480.jpg",1536,480,true],"2048x2048":["https:\/\/medigames.com\/wp-content\/uploads\/2022\/01\/Page-Resultats.jpg",1600,500,false],"trp-custom-language-flag":["https:\/\/medigames.com\/wp-content\/uploads\/2022\/01\/Page-Resultats-18x6.jpg",18,6,true],"post-thumbnail":["https:\/\/medigames.com\/wp-content\/uploads\/2022\/01\/Page-Resultats-1200x375.jpg",1200,375,true],"twentytwenty-fullscreen":["https:\/\/medigames.com\/wp-content\/uploads\/2022\/01\/Page-Resultats.jpg",1600,500,false]},"uagb_author_info":{"display_name":"dfuzionadmin","author_link":"https:\/\/medigames.com\/es\/author\/dfuzionadmin\/"},"uagb_comment_info":0,"uagb_excerpt":"Last updated: december 5th, 2025 CANCELLATION OF REGISTRATION BY THE PARTICIPANT In the event of cancellation of registration by the&hellip;","_links":{"self":[{"href":"https:\/\/medigames.com\/es\/wp-json\/wp\/v2\/pages\/14777","targetHints":{"allow":["GET"]}}],"collection":[{"href":"https:\/\/medigames.com\/es\/wp-json\/wp\/v2\/pages"}],"about":[{"href":"https:\/\/medigames.com\/es\/wp-json\/wp\/v2\/types\/page"}],"author":[{"embeddable":true,"href":"https:\/\/medigames.com\/es\/wp-json\/wp\/v2\/users\/1"}],"replies":[{"embeddable":true,"href":"https:\/\/medigames.com\/es\/wp-json\/wp\/v2\/comments?post=14777"}],"version-history":[{"count":0,"href":"https:\/\/medigames.com\/es\/wp-json\/wp\/v2\/pages\/14777\/revisions"}],"wp:featuredmedia":[{"embeddable":true,"href":"https:\/\/medigames.com\/es\/wp-json\/wp\/v2\/media\/12135"}],"wp:attachment":[{"href":"https:\/\/medigames.com\/es\/wp-json\/wp\/v2\/media?parent=14777"}],"curies":[{"name":"wp","href":"https:\/\/api.w.org\/{rel}","templated":true}]}}