{"id":10296,"date":"2014-12-01T17:47:44","date_gmt":"2014-12-01T16:47:44","guid":{"rendered":"http:\/\/www.medigames.com\/wordpress\/?page_id=2"},"modified":"2026-01-13T08:33:55","modified_gmt":"2026-01-13T07:33:55","slug":"the-medigames","status":"publish","type":"page","link":"https:\/\/medigames.com\/fr\/the-medigames\/","title":{"rendered":"Les Medigames"},"content":{"rendered":"<section class=\"wp-block-uagb-columns uagb-columns__wrap uagb-columns__background-color uagb-columns__stack-mobile uagb-columns__valign- uagb-columns__gap-10 align uagb-block-1c7c010f uagb-columns__columns-1 uagb-columns__max_width-custom fondbloc\"><div class=\"uagb-columns__overlay\"><\/div><div class=\"uagb-columns__inner-wrap uagb-columns__columns-1\">\n<div class=\"wp-block-uagb-column uagb-column__wrap uagb-column__background-undefined uagb-block-ed3d6556\"><div class=\"uagb-column__overlay\"><\/div>\n<h2 class=\"wp-block-heading moveLeft pictotitre\" id=\"sport-health-and-friendship\">Profitez pleinement de l'exp\u00e9rience MEDIGAMES !<\/h2>\n\n\n\n<p>Plus qu'une simple comp\u00e9tition, c'est une aventure humaine unique o\u00f9 la passion du sport rassemble des professionnels de sant\u00e9 du monde entier.<\/p>\n\n\n\n<p>Depuis 1978, les Jeux mondiaux de la m\u00e9decine et de la sant\u00e9 permettent aux professionnels de sant\u00e9 du monde entier de se r\u00e9unir pendant une semaine pour participer \u00e0 des comp\u00e9titions sportives et assister \u00e0 un symposium international de m\u00e9decine sportive accr\u00e9dit\u00e9 par l'EACCME (Conseil europ\u00e9en d'accr\u00e9ditation pour la formation m\u00e9dicale continue).<\/p>\n\n\n\n<p><\/p>\n\n\n\n<p><\/p>\n<\/div>\n<\/div><\/section>\n\n\n\n<section class=\"wp-block-uagb-columns uagb-columns__wrap uagb-columns__background-none uagb-columns__stack-mobile uagb-columns__valign- uagb-columns__gap-10 align uagb-block-042c7ceb uagb-columns__columns-2 uagb-columns__max_width-custom\"><div class=\"uagb-columns__overlay\"><\/div><div class=\"uagb-columns__inner-wrap uagb-columns__columns-2\">\n<div class=\"wp-block-uagb-column uagb-column__wrap uagb-column__background-undefined uagb-block-bd9846b9\"><div class=\"uagb-column__overlay\"><\/div>\n<h3 class=\"wp-block-heading tw-mt-0 moveTitre\" id=\"a-week-of-sport\">Une histoire fabuleuse<\/h3>\n\n\n\n<p>Cet \u00e9v\u00e9nement est ouvert aux professionnels de sant\u00e9 et aux \u00e9tudiants en m\u00e9decine du monde entier (liste des professions \u00e9ligibles disponible sur notre site web : www.medigames.com).<\/p>\n\n\n\n<p>Les invit\u00e9s (non professionnels de sant\u00e9) peuvent \u00e9galement participer aux comp\u00e9titions, mais seront class\u00e9s s\u00e9par\u00e9ment.<\/p>\n\n\n\n<p><\/p>\n\n\n\n<p><\/p>\n<\/div>\n\n\n\n<div class=\"wp-block-uagb-column uagb-column__wrap uagb-column__background-undefined uagb-block-019c0d62\"><div class=\"uagb-column__overlay\"><\/div>\n<p class=\"has-jaune-color has-text-color has-link-color wp-elements-5268ace7bcc43b54132c27927e84aabc\"><strong>\u2022 22 SPORTS<br>\u2022 45 \u00c9DITIONS<br>\u2022 1 SYMPOSIUM INTERNATIONAL SUR LA M\u00c9DECINE DU SPORT<br>\u2022 1 500 PARTICIPANTS <br>\u2022 40 PAYS REPR\u00c9SENT\u00c9S<\/strong><\/p>\n<\/div>\n<\/div><\/section>\n\n\n\n<div class=\"wp-block-uagb-columns uagb-columns__wrap uagb-columns__background-color uagb-columns__stack-mobile uagb-columns__valign- uagb-columns__gap-10 alignfull uagb-block-c1498c26 uagb-columns__columns-1 uagb-columns__max_width-custom\"><div class=\"uagb-columns__overlay\"><\/div><div class=\"uagb-columns__shape uagb-columns__shape-top\"><svg xmlns=\"https:\/\/www.w3.org\/2000\/svg\" viewbox=\"0 0 1000 100\" preserveaspectratio=\"none\"><path class=\"uagb-columns__shape-fill\" d=\"M421.9,6.5c22.6-2.5,51.5,0.4,75.5,5.3c23.6,4.9,70.9,23.5,100.5,35.7c75.8,32.2,133.7,44.5,192.6,49.7  c23.6,2.1,48.7,3.5,103.4-2.5c54.7-6,106.2-25.6,106.2-25.6V0H0v30.3c0,0,72,32.6,158.4,30.5c39.2-0.7,92.8-6.7,134-22.4  c21.2-8.1,52.2-18.2,79.7-24.2C399.3,7.9,411.6,7.5,421.9,6.5z\"><\/path><\/svg><\/div><div class=\"uagb-columns__inner-wrap uagb-columns__columns-1\">\n<div class=\"wp-block-uagb-column uagb-column__wrap uagb-column__background-undefined uagb-block-b5a7b0e7\"><div class=\"uagb-column__overlay\"><\/div>\n<section class=\"wp-block-uagb-columns uagb-columns__wrap uagb-columns__background-none uagb-columns__stack-mobile uagb-columns__valign- uagb-columns__gap-10 align uagb-block-8ed32749 uagb-columns__columns-1 uagb-columns__max_width-custom\"><div class=\"uagb-columns__overlay\"><\/div><div class=\"uagb-columns__inner-wrap uagb-columns__columns-1\">\n<div class=\"wp-block-uagb-column uagb-column__wrap uagb-column__background-undefined uagb-block-7c291a91\"><div class=\"uagb-column__overlay\"><\/div>\n<h3 class=\"wp-block-heading tw-mb-4 tw-mt-0 moveTitre\" id=\"who-can-take-part-and-why\"><meta charset=\"utf-8\">Qui peut participer et pourquoi ?<\/h3>\n<\/div>\n<\/div><\/section>\n\n\n\n<section class=\"wp-block-uagb-columns uagb-columns__wrap uagb-columns__background-none uagb-columns__stack-mobile uagb-columns__valign- uagb-columns__gap-10 align uagb-block-16ba9ba0 uagb-columns__columns-3 uagb-columns__max_width-custom\"><div class=\"uagb-columns__overlay\"><\/div><div class=\"uagb-columns__inner-wrap uagb-columns__columns-3\">\n<div class=\"wp-block-uagb-column uagb-column__wrap uagb-column__background-undefined uagb-block-d8b5010a\"><div class=\"uagb-column__overlay\"><\/div>\n<h4 class=\"wp-block-heading tw-mt-4 moveTitre\" id=\"who\">Qui?<\/h4>\n\n\n\n<p style=\"font-size:16px\">Pour tous les professionnels de sant\u00e9 qualifi\u00e9s et les \u00e9tudiants en m\u00e9decine. Retrouvez la liste des professions accept\u00e9es <strong><a href=\"https:\/\/medigames.com\/wp-content\/uploads\/2025\/10\/Liste-des-professions_FR-EN-ES-DE_-V2-.pdf\">en cliquant ici<\/a>.<\/strong><\/p>\n\n\n\n<p style=\"font-size:16px\">Vous accompagnez un professionnel de la sant\u00e9 ? Que vous soyez sportif ou non, vous pouvez participer !<\/p>\n\n\n<div class=\"wp-block-image tw-mt-0 is-style-default\">\n<figure class=\"aligncenter size-large is-resized\"><img decoding=\"async\" src=\"https:\/\/medigames.com\/wp-content\/uploads\/2025\/10\/P1045288-scaled-e1761230869306.jpg\" alt=\"\" style=\"aspect-ratio:1.2474397092831186;width:324px;height:auto\"\/><\/figure>\n<\/div><\/div>\n\n\n\n<div class=\"wp-block-uagb-column uagb-column__wrap uagb-column__background-none uagb-block-e06af6f5\"><div class=\"uagb-column__overlay\"><\/div><\/div>\n\n\n\n<div class=\"wp-block-uagb-column uagb-column__wrap uagb-column__background-none uagb-block-74986993 flip\"><div class=\"uagb-column__overlay\"><\/div>\n<h4 class=\"wp-block-heading tw-mt-4 moveTitre\" id=\"why\">Pourquoi?<\/h4>\n\n\n\n<ul class=\"wp-block-list\">\n<li>Une excellente occasion de pratiquer votre sport en comp\u00e9tition avec des personnes du monde entier.<\/li>\n\n\n\n<li>Participer au plus grand rassemblement sportif de professionnels de la sant\u00e9 au monde<\/li>\n\n\n\n<li>L'occasion de faire du sport pendant des vacances fantastiques entre amis ou en famille<\/li>\n\n\n\n<li>Essayez de nouveaux sports<\/li>\n\n\n\n<li>D\u00e9couvrir une nouvelle destination<\/li>\n\n\n\n<li>\u00c9largir votre r\u00e9seau de contacts dans le monde m\u00e9dical<\/li>\n<\/ul>\n<\/div>\n<\/div><\/section>\n<\/div>\n<\/div><\/div>\n\n\n\n<div class=\"wp-block-uagb-container uagb-layout-grid uagb-block-fef9e83c alignfull uagb-is-root-container\">\n<figure class=\"wp-block-image size-full is-resized\"><img decoding=\"async\" src=\"https:\/\/medigames.com\/wp-content\/uploads\/2025\/10\/LogoVilleMedu.png\" alt=\"\" style=\"width:auto;height:90px\"\/><\/figure>\n\n\n\n<figure class=\"wp-block-image size-full is-resized\"><img decoding=\"async\" src=\"https:\/\/medigames.com\/wp-content\/uploads\/2025\/10\/LogoMedCanadiens.png\" alt=\"\" style=\"width:auto;height:100px\"\/><\/figure>\n\n\n\n<figure class=\"wp-block-image size-full is-resized\"><img decoding=\"async\" src=\"https:\/\/medigames.com\/wp-content\/uploads\/2021\/10\/bauerfeind.png\" alt=\"\" style=\"width:auto;height:40px\"\/><\/figure>\n\n\n\n<figure class=\"wp-block-image size-large is-resized\"><img decoding=\"async\" src=\"https:\/\/medigames.com\/wp-content\/uploads\/2025\/10\/LogoMedulin-1024x298.jpg\" alt=\"\" style=\"width:auto;height:60px\"\/><\/figure>\n\n\n\n<figure class=\"wp-block-image size-full is-resized\"><img decoding=\"async\" src=\"https:\/\/medigames.com\/wp-content\/uploads\/2025\/12\/LOGOARENA.png\" alt=\"\" style=\"width:auto;height:50px\"\/><\/figure>\n\n\n\n<figure class=\"wp-block-image size-full is-resized\"><img decoding=\"async\" src=\"https:\/\/medigames.com\/wp-content\/uploads\/2025\/12\/LogoVLVHorizon.png\" alt=\"\" style=\"width:auto;height:70px\"\/><\/figure>\n<\/div>\n\n\n\n<div style=\"height:1px\" aria-hidden=\"true\" class=\"wp-block-spacer\"><\/div>","protected":false},"excerpt":{"rendered":"<p>Vivez l'exp\u00e9rience MEDIGAMES ! Plus qu'une comp\u00e9tition, c'est une aventure humaine unique o\u00f9 la passion du sport...<\/p>","protected":false},"author":3,"featured_media":15454,"parent":0,"menu_order":1,"comment_status":"closed","ping_status":"closed","template":"","meta":{"_acf_changed":false,"_uag_custom_page_level_css":"","footnotes":""},"class_list":["post-10296","page","type-page","status-publish","has-post-thumbnail","hentry"],"acf":[],"uagb_featured_image_src":{"full":["https:\/\/medigames.com\/wp-content\/uploads\/2025\/10\/P1045959-scaled-e1761234095971.jpg",2560,1920,false],"thumbnail":["https:\/\/medigames.com\/wp-content\/uploads\/2025\/10\/P1045959-150x150.jpg",150,150,true],"medium":["https:\/\/medigames.com\/wp-content\/uploads\/2025\/10\/P1045959-300x225.jpg",300,225,true],"medium_large":["https:\/\/medigames.com\/wp-content\/uploads\/2025\/10\/P1045959-768x576.jpg",580,435,true],"large":["https:\/\/medigames.com\/wp-content\/uploads\/2025\/10\/P1045959-1024x768.jpg",580,435,true],"1536x1536":["https:\/\/medigames.com\/wp-content\/uploads\/2025\/10\/P1045959-1536x1152.jpg",1536,1152,true],"2048x2048":["https:\/\/medigames.com\/wp-content\/uploads\/2025\/10\/P1045959-2048x1536.jpg",2048,1536,true],"trp-custom-language-flag":["https:\/\/medigames.com\/wp-content\/uploads\/2025\/10\/P1045959-16x12.jpg",16,12,true],"post-thumbnail":["https:\/\/medigames.com\/wp-content\/uploads\/2025\/10\/P1045959-1200x900.jpg",1200,900,true],"twentytwenty-fullscreen":["https:\/\/medigames.com\/wp-content\/uploads\/2025\/10\/P1045959-1980x1485.jpg",1980,1485,true]},"uagb_author_info":{"display_name":"medOld2021","author_link":"https:\/\/medigames.com\/fr\/author\/medold2021\/"},"uagb_comment_info":0,"uagb_excerpt":"Enjoy the MEDIGAMES experience! More than just a competition, it is a unique human adventure where a passion for sport&hellip;","_links":{"self":[{"href":"https:\/\/medigames.com\/fr\/wp-json\/wp\/v2\/pages\/10296","targetHints":{"allow":["GET"]}}],"collection":[{"href":"https:\/\/medigames.com\/fr\/wp-json\/wp\/v2\/pages"}],"about":[{"href":"https:\/\/medigames.com\/fr\/wp-json\/wp\/v2\/types\/page"}],"author":[{"embeddable":true,"href":"https:\/\/medigames.com\/fr\/wp-json\/wp\/v2\/users\/3"}],"replies":[{"embeddable":true,"href":"https:\/\/medigames.com\/fr\/wp-json\/wp\/v2\/comments?post=10296"}],"version-history":[{"count":0,"href":"https:\/\/medigames.com\/fr\/wp-json\/wp\/v2\/pages\/10296\/revisions"}],"wp:featuredmedia":[{"embeddable":true,"href":"https:\/\/medigames.com\/fr\/wp-json\/wp\/v2\/media\/15454"}],"wp:attachment":[{"href":"https:\/\/medigames.com\/fr\/wp-json\/wp\/v2\/media?parent=10296"}],"curies":[{"name":"wp","href":"https:\/\/api.w.org\/{rel}","templated":true}]}}