{"id":110,"date":"2014-12-23T10:44:14","date_gmt":"2014-12-23T09:44:14","guid":{"rendered":"http:\/\/www.medigames.com\/wordpress\/?page_id=110"},"modified":"2025-12-18T09:32:48","modified_gmt":"2025-12-18T08:32:48","slug":"partners","status":"publish","type":"page","link":"https:\/\/medigames.com\/fr\/partners\/","title":{"rendered":"Les partenaires"},"content":{"rendered":"<div style=\"height:20px\" aria-hidden=\"true\" class=\"wp-block-spacer\"><\/div>\n\n\n\n<section class=\"wp-block-uagb-columns uagb-columns__wrap uagb-columns__background-none uagb-columns__stack-mobile uagb-columns__valign- uagb-columns__gap-10 align uagb-block-94e83380 uagb-columns__columns-3 uagb-columns__max_width-custom\"><div class=\"uagb-columns__overlay\"><\/div><div class=\"uagb-columns__inner-wrap uagb-columns__columns-3\">\n<div class=\"wp-block-uagb-column uagb-column__wrap uagb-column__background-none uagb-block-22fe82a8\"><div class=\"uagb-column__overlay\"><\/div>\n<h4 class=\"wp-block-heading has-text-align-center animated fadeIn delay-200ms\" id=\"major-partners\">Principaux partenaires<\/h4>\n\n\n\n<hr class=\"wp-block-separator has-text-color has-noir-color has-css-opacity has-noir-background-color has-background tw-mb-4 tw-mt-1 is-style-tw-short\"\/>\n\n\n\n<section class=\"wp-block-uagb-columns uagb-columns__wrap uagb-columns__background-none uagb-columns__stack-mobile uagb-columns__valign-center uagb-columns__gap-20 align uagb-block-724efb33 uagb-columns__columns-1 uagb-columns__max_width-custom partenaires\"><div class=\"uagb-columns__overlay\"><\/div><div class=\"uagb-columns__inner-wrap uagb-columns__columns-1\">\n<div class=\"wp-block-uagb-column uagb-column__wrap uagb-column__background-undefined uagb-block-92503636\"><div class=\"uagb-column__overlay\"><\/div><\/div>\n<\/div><\/section>\n\n\n\n<section class=\"wp-block-uagb-columns uagb-columns__wrap uagb-columns__background-none uagb-columns__stack-mobile uagb-columns__valign-center uagb-columns__gap-20 align uagb-block-a78b0dbb uagb-columns__columns-1 uagb-columns__max_width-custom partenaires\"><div class=\"uagb-columns__overlay\"><\/div><div class=\"uagb-columns__inner-wrap uagb-columns__columns-1\">\n<div class=\"wp-block-uagb-column uagb-column__wrap uagb-column__background-undefined uagb-block-a484c0af\"><div class=\"uagb-column__overlay\"><\/div><div class=\"wp-block-image\">\n<figure class=\"alignleft size-full is-resized\"><a href=\"http:\/\/www.bauerfeind-group.com\" target=\"_blank\" rel=\" noreferrer noopener\"><img loading=\"lazy\" decoding=\"async\" width=\"563\" height=\"100\" src=\"https:\/\/medigames.com\/wp-content\/uploads\/2021\/10\/bauerfeind.png\" alt=\"\" class=\"wp-image-10621\" style=\"width:341px;height:auto\" srcset=\"https:\/\/medigames.com\/wp-content\/uploads\/2021\/10\/bauerfeind.png 563w, https:\/\/medigames.com\/wp-content\/uploads\/2021\/10\/bauerfeind-300x53.png 300w, https:\/\/medigames.com\/wp-content\/uploads\/2021\/10\/bauerfeind-18x3.png 18w\" sizes=\"auto, (max-width: 563px) 100vw, 563px\" \/><\/a><\/figure>\n<\/div>\n\n<div class=\"wp-block-image\">\n<figure class=\"alignleft size-full is-resized\"><img loading=\"lazy\" decoding=\"async\" width=\"207\" height=\"43\" src=\"https:\/\/medigames.com\/wp-content\/uploads\/2025\/12\/Blanc.png\" alt=\"\" class=\"wp-image-15629\" style=\"aspect-ratio:4.8144205177836925;width:116px;height:auto\" srcset=\"https:\/\/medigames.com\/wp-content\/uploads\/2025\/12\/Blanc.png 207w, https:\/\/medigames.com\/wp-content\/uploads\/2025\/12\/Blanc-18x4.png 18w\" sizes=\"auto, (max-width: 207px) 100vw, 207px\" \/><\/figure>\n<\/div>\n\n<div class=\"wp-block-image\">\n<figure class=\"alignleft size-full is-resized\"><a href=\"http:\/\/www.medulinriviera.info\" target=\"_blank\" rel=\" noreferrer noopener\"><img loading=\"lazy\" decoding=\"async\" width=\"886\" height=\"265\" src=\"https:\/\/medigames.com\/wp-content\/uploads\/2025\/12\/LogoMedu.png\" alt=\"\" class=\"wp-image-15617\" style=\"width:341px;height:auto\" srcset=\"https:\/\/medigames.com\/wp-content\/uploads\/2025\/12\/LogoMedu.png 886w, https:\/\/medigames.com\/wp-content\/uploads\/2025\/12\/LogoMedu-300x90.png 300w, https:\/\/medigames.com\/wp-content\/uploads\/2025\/12\/LogoMedu-768x230.png 768w, https:\/\/medigames.com\/wp-content\/uploads\/2025\/12\/LogoMedu-18x5.png 18w\" sizes=\"auto, (max-width: 886px) 100vw, 886px\" \/><\/a><\/figure>\n<\/div><\/div>\n<\/div><\/section>\n<\/div>\n\n\n\n<div class=\"wp-block-uagb-column uagb-column__wrap uagb-column__background-none uagb-block-6e3b8983\"><div class=\"uagb-column__overlay\"><\/div>\n<p><\/p>\n<\/div>\n\n\n\n<div class=\"wp-block-uagb-column uagb-column__wrap uagb-column__background-undefined uagb-block-3fd60569\"><div class=\"uagb-column__overlay\"><\/div>\n<h4 class=\"wp-block-heading has-text-align-center animated fadeIn delay-500ms\" id=\"official-partners\">Partenaires officiels<\/h4>\n\n\n\n<hr class=\"wp-block-separator has-text-color has-noir-color has-css-opacity has-noir-background-color has-background tw-mb-4 tw-mt-1 is-style-tw-short\"\/>\n\n\n\n<div class=\"wp-block-group\"><div class=\"wp-block-group__inner-container is-layout-constrained wp-block-group-is-layout-constrained\">\n<section class=\"wp-block-uagb-columns uagb-columns__wrap uagb-columns__background-none uagb-columns__stack-mobile uagb-columns__valign-center uagb-columns__gap-20 align uagb-block-5eaf903f uagb-columns__columns-1 uagb-columns__max_width-custom partenaires\"><div class=\"uagb-columns__overlay\"><\/div><div class=\"uagb-columns__inner-wrap uagb-columns__columns-1\">\n<div class=\"wp-block-uagb-column uagb-column__wrap uagb-column__background-undefined uagb-block-ce04afa8\"><div class=\"uagb-column__overlay\"><\/div>\n<div class=\"wp-block-uagb-image aligncenter uagb-block-8b45786c wp-block-uagb-image--layout-default wp-block-uagb-image--effect-static wp-block-uagb-image--align-center\"><figure class=\"wp-block-uagb-image__figure\"><a class=\"\" href=\"https:\/\/www.medecinsfrancophones.ca\/\" target=\"_blank\" rel=\"noreferrer noopener\"><img decoding=\"async\" srcset=\"https:\/\/medigames.com\/wp-content\/uploads\/2021\/11\/Logo-Medecins-Francophones-du-Canada-.jpeg ,https:\/\/medigames.com\/wp-content\/uploads\/2021\/11\/Logo-Medecins-Francophones-du-Canada-.jpeg 780w, https:\/\/medigames.com\/wp-content\/uploads\/2021\/11\/Logo-Medecins-Francophones-du-Canada-.jpeg 360w\" sizes=\"auto, (max-width: 480px) 150px\" src=\"https:\/\/medigames.com\/wp-content\/uploads\/2021\/11\/Logo-Medecins-Francophones-du-Canada-.jpeg\" alt=\"\" class=\"uag-image-11344\" width=\"320\" height=\"140\" title=\"\" loading=\"lazy\" role=\"img\"\/><\/a><\/figure><\/div>\n\n\n<div class=\"wp-block-image\">\n<figure class=\"aligncenter size-full is-resized\"><a href=\"http:\/\/www.arenahospitalitygroup.com\" target=\"_blank\" rel=\" noreferrer noopener\"><img loading=\"lazy\" decoding=\"async\" width=\"390\" height=\"129\" src=\"https:\/\/medigames.com\/wp-content\/uploads\/2025\/12\/LOGOARENA.png\" alt=\"\" class=\"wp-image-15619\" style=\"aspect-ratio:3.0234481056398863;width:258px;height:auto\" srcset=\"https:\/\/medigames.com\/wp-content\/uploads\/2025\/12\/LOGOARENA.png 390w, https:\/\/medigames.com\/wp-content\/uploads\/2025\/12\/LOGOARENA-300x99.png 300w, https:\/\/medigames.com\/wp-content\/uploads\/2025\/12\/LOGOARENA-18x6.png 18w\" sizes=\"auto, (max-width: 390px) 100vw, 390px\" \/><\/a><\/figure>\n<\/div>\n\n\n<div class=\"wp-block-uagb-image aligncenter uagb-block-fcdb23a2 wp-block-uagb-image--layout-default wp-block-uagb-image--effect-static wp-block-uagb-image--align-center\"><figure class=\"wp-block-uagb-image__figure\"><a class=\"\" href=\"http:\/\/www.voirlavie.org\" target=\"_blank\" rel=\"noreferrer noopener\"><img decoding=\"async\" srcset=\"https:\/\/medigames.com\/wp-content\/uploads\/2025\/12\/LogoVLVHorizon.png ,https:\/\/medigames.com\/wp-content\/uploads\/2025\/12\/LogoVLVHorizon.png 780w, https:\/\/medigames.com\/wp-content\/uploads\/2025\/12\/LogoVLVHorizon.png 360w\" sizes=\"auto, (max-width: 480px) 150px\" src=\"https:\/\/medigames.com\/wp-content\/uploads\/2025\/12\/LogoVLVHorizon.png\" alt=\"\" class=\"uag-image-15625\" width=\"223\" height=\"87\" title=\"LogoVLVHorizon\" loading=\"lazy\" role=\"img\"\/><\/a><\/figure><\/div>\n<\/div>\n<\/div><\/section>\n<\/div><\/div>\n<\/div>\n<\/div><\/section>\n\n\n\n<section class=\"wp-block-uagb-columns uagb-columns__wrap uagb-columns__background-color uagb-columns__stack-mobile uagb-columns__valign- uagb-columns__gap-10 align uagb-block-86a43f1e uagb-columns__columns-1 uagb-columns__max_width-custom fondbloc\"><div class=\"uagb-columns__overlay\"><\/div><div class=\"uagb-columns__inner-wrap uagb-columns__columns-1\">\n<div class=\"wp-block-uagb-column uagb-column__wrap uagb-column__background-undefined uagb-block-19db1851\"><div class=\"uagb-column__overlay\"><\/div>\n<h2 class=\"wp-block-heading pictotitre\" id=\"how-to-become-a-partner\"><meta charset=\"utf-8\">Comment devenir partenaire ?<\/h2>\n\n\n\n<p>Vous souhaitez associer vos produits, votre marque et votre organisation aux World Medical &amp; Health Games, le plus grand \u00e9v\u00e9nement sportif \u00e0 des professionnels de la sant\u00e9 ? C'est possible !<\/p>\n\n\n\n<p>Les Medigames peuvent \u00eatre compar\u00e9s aux Jeux olympiques mais pour les professionnels de la sant\u00e9 et rassemblent chaque ann\u00e9e environ 1 500 participants de plus de 40 pays diff\u00e9rents.<\/p>\n\n\n\n<p>Les World Medical &amp; Health Games permettent \u00e0 leurs participants de vivre une semaine de comp\u00e9titions sportives (22 sports), un symposium international de m\u00e9decine sportive, des c\u00e9r\u00e9monies et des animations.<\/p>\n<\/div>\n<\/div><\/section>\n\n\n\n<section class=\"wp-block-uagb-columns uagb-columns__wrap uagb-columns__background-none uagb-columns__stack-mobile uagb-columns__valign- uagb-columns__gap-10 align uagb-block-71a08c1e uagb-columns__columns-3 uagb-columns__max_width-custom\"><div class=\"uagb-columns__overlay\"><\/div><div class=\"uagb-columns__inner-wrap uagb-columns__columns-3\">\n<div class=\"wp-block-uagb-column uagb-column__wrap uagb-column__background-none uagb-block-da28dd7e\"><div class=\"uagb-column__overlay\"><\/div>\n<h5 class=\"wp-block-heading animated fadeIn delay-200ms\" id=\"our-different-tools-guarantee-you-international-visibility\"><meta charset=\"utf-8\">Nos diff\u00e9rents outils vous garantissent une visibilit\u00e9 internationale<\/h5>\n\n\n\n<hr class=\"wp-block-separator has-text-color has-noir-color has-css-opacity has-noir-background-color has-background tw-mb-4 tw-mt-1 is-style-default\"\/>\n\n\n\n<ul class=\"wp-block-list\">\n<li>Notre base de donn\u00e9es (+25 000 contacts de professionnels de la sant\u00e9 dans le monde)<\/li>\n\n\n\n<li>Nos bulletins d'information (1 \u00e0 2 mensuels)<\/li>\n\n\n\n<li>Notre site web (3 000 visites par mois)<\/li>\n\n\n\n<li>Nos r\u00e9seaux sociaux (<a href=\"https:\/\/www.facebook.com\/medigames\/\" target=\"_blank\" rel=\"noopener\"><strong>Facebook<\/strong><\/a> \u2013 <a href=\"https:\/\/www.instagram.com\/medigames1978\/\" target=\"_blank\" rel=\"noopener\"><strong>Instagram<\/strong><\/a> \u2013 <a href=\"https:\/\/twitter.com\/Medigames\" target=\"_blank\" rel=\"noopener\"><strong>Twitter<\/strong><\/a> = +6 000 followers)<\/li>\n\n\n\n<li>Le d\u00e9ploiement de nos brochures promotionnelles \u00e0 travers le monde (en 7 langues)<\/li>\n\n\n\n<li>Nos partenariats dans le monde entier (h\u00f4pitaux, universit\u00e9s, associations et organisations m\u00e9dicales)<\/li>\n\n\n\n<li>Nos diff\u00e9rents visuels et branding pendant l'\u00e9v\u00e9nement (banni\u00e8res, programme officiel, flyers, sacs de bienvenue, goodies, etc.)<\/li>\n\n\n\n<li>Un bureau d'accueil pendant les jeux<\/li>\n<\/ul>\n<\/div>\n\n\n\n<div class=\"wp-block-uagb-column uagb-column__wrap uagb-column__background-none uagb-block-c402996c hidden-mob\"><div class=\"uagb-column__overlay\"><\/div>\n<p><\/p>\n<\/div>\n\n\n\n<div class=\"wp-block-uagb-column uagb-column__wrap uagb-column__background-undefined uagb-block-a5a4b6e0\"><div class=\"uagb-column__overlay\"><\/div>\n<h5 class=\"wp-block-heading animated fadeIn delay-500ms\" id=\"for-more-information-or-to-create-a-partnership-that-looks-like-you\"><meta charset=\"utf-8\">Pour plus d'informations ou pour cr\u00e9er un partenariat qui vous ressemble<\/h5>\n\n\n\n<hr class=\"wp-block-separator has-text-color has-noir-color has-css-opacity has-noir-background-color has-background tw-mb-4 tw-mt-1\"\/>\n\n\n\n<ul class=\"wp-block-list\">\n<li><strong>T\u00e9l\u00e9chargez la pr\u00e9sentation de notre partenaire en <a href=\"#\" target=\"_blank\" rel=\"noreferrer noopener\">en cliquant ici<\/a><\/strong><\/li>\n\n\n\n<li>Contact direct <a rel=\"noreferrer noopener\" href=\"mailto:thibault.p@medigames.com\" target=\"_blank\"><strong>thibault.p@medigames.com<\/strong><\/a><\/li>\n<\/ul>\n<\/div>\n<\/div><\/section>","protected":false},"excerpt":{"rendered":"<p>Principaux partenaires Partenaires officiels Comment devenir partenaire ? Vous souhaitez associer vos produits, votre marque et votre organisation \u00e0...<\/p>","protected":false},"author":3,"featured_media":13396,"parent":0,"menu_order":5,"comment_status":"closed","ping_status":"closed","template":"","meta":{"_acf_changed":false,"_uag_custom_page_level_css":"","footnotes":""},"class_list":["post-110","page","type-page","status-publish","has-post-thumbnail","hentry"],"acf":[],"uagb_featured_image_src":{"full":["https:\/\/medigames.com\/wp-content\/uploads\/2023\/02\/BandoPartner.jpg",1654,635,false],"thumbnail":["https:\/\/medigames.com\/wp-content\/uploads\/2023\/02\/BandoPartner-150x150.jpg",150,150,true],"medium":["https:\/\/medigames.com\/wp-content\/uploads\/2023\/02\/BandoPartner-300x115.jpg",300,115,true],"medium_large":["https:\/\/medigames.com\/wp-content\/uploads\/2023\/02\/BandoPartner-768x295.jpg",580,223,true],"large":["https:\/\/medigames.com\/wp-content\/uploads\/2023\/02\/BandoPartner-1024x393.jpg",580,223,true],"1536x1536":["https:\/\/medigames.com\/wp-content\/uploads\/2023\/02\/BandoPartner-1536x590.jpg",1536,590,true],"2048x2048":["https:\/\/medigames.com\/wp-content\/uploads\/2023\/02\/BandoPartner.jpg",1654,635,false],"trp-custom-language-flag":["https:\/\/medigames.com\/wp-content\/uploads\/2023\/02\/BandoPartner-18x7.jpg",18,7,true],"post-thumbnail":["https:\/\/medigames.com\/wp-content\/uploads\/2023\/02\/BandoPartner-1200x461.jpg",1200,461,true],"twentytwenty-fullscreen":["https:\/\/medigames.com\/wp-content\/uploads\/2023\/02\/BandoPartner.jpg",1654,635,false]},"uagb_author_info":{"display_name":"medOld2021","author_link":"https:\/\/medigames.com\/fr\/author\/medold2021\/"},"uagb_comment_info":0,"uagb_excerpt":"Main partners Official partners How to become a partner? Do you wish to associate your products, brand and organization to&hellip;","_links":{"self":[{"href":"https:\/\/medigames.com\/fr\/wp-json\/wp\/v2\/pages\/110","targetHints":{"allow":["GET"]}}],"collection":[{"href":"https:\/\/medigames.com\/fr\/wp-json\/wp\/v2\/pages"}],"about":[{"href":"https:\/\/medigames.com\/fr\/wp-json\/wp\/v2\/types\/page"}],"author":[{"embeddable":true,"href":"https:\/\/medigames.com\/fr\/wp-json\/wp\/v2\/users\/3"}],"replies":[{"embeddable":true,"href":"https:\/\/medigames.com\/fr\/wp-json\/wp\/v2\/comments?post=110"}],"version-history":[{"count":0,"href":"https:\/\/medigames.com\/fr\/wp-json\/wp\/v2\/pages\/110\/revisions"}],"wp:featuredmedia":[{"embeddable":true,"href":"https:\/\/medigames.com\/fr\/wp-json\/wp\/v2\/media\/13396"}],"wp:attachment":[{"href":"https:\/\/medigames.com\/fr\/wp-json\/wp\/v2\/media?parent=110"}],"curies":[{"name":"wp","href":"https:\/\/api.w.org\/{rel}","templated":true}]}}