{"id":12435,"date":"2022-02-12T17:51:10","date_gmt":"2022-02-12T16:51:10","guid":{"rendered":"https:\/\/medigames.com\/?page_id=12435"},"modified":"2024-02-09T08:06:25","modified_gmt":"2024-02-09T07:06:25","slug":"politique-de-confidentialite-2","status":"publish","type":"page","link":"https:\/\/medigames.com\/fr\/politique-de-confidentialite-2\/","title":{"rendered":"Politique de confidentialit\u00e9"},"content":{"rendered":"<section class=\"wp-block-uagb-columns uagb-columns__wrap uagb-columns__background-undefined uagb-columns__stack-mobile uagb-columns__valign-undefined uagb-columns__gap-10 alignundefined uagb-block-8b273501\"><div class=\"uagb-columns__overlay\"><\/div><div class=\"uagb-columns__inner-wrap uagb-columns__columns-1\">\n<div class=\"wp-block-uagb-column uagb-column__wrap uagb-column__background-undefined uagb-block-51e2472c\"><div class=\"uagb-column__overlay\"><\/div><div class=\"uagb-column__inner-wrap\">\n<p><em>Derni\u00e8re mise \u00e0 jour : 06 f\u00e9vrier 2022<\/em><\/p>\n\n\n\n<p>Medigames a pour ambition d'\u00eatre une entreprise citoyenne exemplaire et de contribuer \u00e0 la protection de vos donn\u00e9es personnelles. Nous accordons une grande importance \u00e0 l'honn\u00eatet\u00e9 et \u00e0 la clart\u00e9 et nous nous engageons \u00e0 construire des relations solides et durables avec nos clients, bas\u00e9es sur la confiance et l'int\u00e9r\u00eat mutuel. Conform\u00e9ment \u00e0 cette philosophie, la protection de vos donn\u00e9es personnelles est essentielle pour nous et nous souhaitons vous informer \u00e0 travers cette politique de protection des donn\u00e9es personnelles de la mani\u00e8re dont nous collectons et traitons ces donn\u00e9es. Cette politique de confidentialit\u00e9 d\u00e9finit et vous informe de la mani\u00e8re dont Medigames utilise et prot\u00e8ge les informations que vous nous transmettez, le cas \u00e9ch\u00e9ant, lorsque vous utilisez ce site accessible \u00e0 partir de l'URL suivante : medigames.com (ci-apr\u00e8s le \" Site \"). Veuillez noter que cette politique de confidentialit\u00e9 est susceptible d'\u00eatre modifi\u00e9e ou compl\u00e9t\u00e9e \u00e0 tout moment par Medigames, notamment en vue de se conformer \u00e0 toute \u00e9volution l\u00e9gislative, r\u00e9glementaire, jurisprudentielle ou technologique. Dans ce cas, la date de sa mise \u00e0 jour sera clairement identifi\u00e9e en t\u00eate de la pr\u00e9sente politique. Ces modifications s'imposent \u00e0 l'Utilisateur d\u00e8s leur mise en ligne. Il convient donc que l'Utilisateur consulte r\u00e9guli\u00e8rement la pr\u00e9sente politique de confidentialit\u00e9 et d'utilisation des cookies afin de prendre connaissance des \u00e9ventuelles modifications.<\/p>\n\n\n\n<h2 class=\"wp-block-heading\" id=\"1-personal-data\">1. Donn\u00e9es personnelles<\/h2>\n\n\n\n<p>D'une mani\u00e8re g\u00e9n\u00e9rale, vous pouvez visiter le Site sans divulguer aucune information personnelle vous concernant. En tout \u00e9tat de cause, vous n'\u00eates en aucune mani\u00e8re oblig\u00e9 de transmettre ces informations \u00e0 Medigames. Toutefois, en cas de refus, vous pourriez ne pas \u00eatre en mesure de b\u00e9n\u00e9ficier de certaines informations ou services que vous avez demand\u00e9s. A ce titre, Medigames peut \u00eatre amen\u00e9 dans certains cas \u00e0 vous demander de fournir des informations (ci-apr\u00e8s vos \" Informations Personnelles \") : nom et pr\u00e9nom ; adresse \u00e9lectronique ; num\u00e9ro de t\u00e9l\u00e9phone ; adresse ; toute demande particuli\u00e8re que vous pourriez nous adresser (notamment \u00e0 des fins d'archivage) ; En fournissant ces informations, vous acceptez express\u00e9ment qu'elles soient trait\u00e9es par Medigames, aux fins indiqu\u00e9es au point 2 ci-dessous ainsi qu'aux fins rappel\u00e9es \u00e0 la fin de chaque formulaire. Conform\u00e9ment au R\u00e8glement g\u00e9n\u00e9ral sur la protection des donn\u00e9es adopt\u00e9 par le Parlement europ\u00e9en le 14 avril 2016, et \u00e0 la loi Informatique et Libert\u00e9s du 6 janvier 1978 modifi\u00e9e, Medigames vous informe des points suivants :<\/p>\n\n\n\n<h3 class=\"wp-block-heading\" id=\"1-1-identity-of-the-controller\">1.1. Identit\u00e9 du contr\u00f4leur<\/h3>\n\n\n\n<p>Le responsable du traitement est Medigames - CORPORATE SPORT ORGANISATION, dont le si\u00e8ge social est situ\u00e9 15\/29 rue Guillemot 75014 Bordeaux. Courriel : contact@medigames.com.<\/p>\n\n\n\n<h3 class=\"wp-block-heading\" id=\"1-2-purposes-of-processing\">1.2. Finalit\u00e9s du traitement<\/h3>\n\n\n\n<p>Medigames peut traiter vos informations personnelles : (a) dans le but de vous fournir les informations ou services que vous avez demand\u00e9 \u00e0 recevoir (envoi de nos newsletters suite \u00e0 votre inscription) ; et\/ou (b) dans le but de collecter des informations nous permettant d'am\u00e9liorer notre Site, nos produits et services (notamment au moyen de cookies).<\/p>\n\n\n\n<h3 class=\"wp-block-heading\" id=\"1-3-recipients\">1.3. B\u00e9n\u00e9ficiaires<\/h3>\n\n\n\n<p>Seul Medigames est destinataire de vos Donn\u00e9es Personnelles. Celles-ci, que ce soit sous forme individuelle ou agr\u00e9g\u00e9e, ne sont jamais transmises \u00e0 un tiers, nonobstant les prestataires auxquels Medigames fait appel (vous trouverez plus d'informations \u00e0 leur sujet au point 7 ci-dessous ). Ni Medigames, ni aucun de ses prestataires, ne commercialise les donn\u00e9es personnelles des visiteurs et Utilisateurs de son Site.<\/p>\n\n\n\n<h3 class=\"wp-block-heading\" id=\"1-4-the-duration-of-the-conversation\">1.4. La dur\u00e9e de la conversation<\/h3>\n\n\n\n<p>Vos Informations Personnelles sont conserv\u00e9es par Medigames uniquement pour le temps correspondant \u00e0 la finalit\u00e9 de la collecte tel qu'indiqu\u00e9 au 2 ci-dessus qui ne saurait en tout \u00e9tat de cause exc\u00e9der 24 mois.<\/p>\n\n\n\n<h3 class=\"wp-block-heading\" id=\"1-5-computer-rights-and-freedoms\">1.5. Droits et libert\u00e9s de l'ordinateur<\/h3>\n\n\n\n<p>Vous disposez des droits suivants concernant vos informations personnelles, que vous pouvez exercer en nous \u00e9crivant \u00e0 l'adresse \u00e9lectronique (contact@medigames.com), \u00e0 l'adresse postale (voir point 1) ou en utilisant le formulaire de contact du Site \u00e0 l'url suivante : https:\/\/medigames.com\/contact\/.<\/p>\n\n\n\n<h4 class=\"wp-block-heading\" id=\"right-of-access-and-communication-of-data\"><strong>Droit d'acc\u00e8s et de communication des donn\u00e9es<\/strong><\/h4>\n\n\n\n<p>Vous avez la possibilit\u00e9 d'acc\u00e9der aux informations personnelles vous concernant. Cependant, en raison de l'obligation de s\u00e9curit\u00e9 et de confidentialit\u00e9 dans le traitement des donn\u00e9es \u00e0 caract\u00e8re personnel qui incombe \u00e0 Medigames, vous \u00eates inform\u00e9 que votre demande sera trait\u00e9e sous r\u00e9serve que vous rapportiez la preuve de votre identit\u00e9. Notamment par la production d'un scan de votre titre d'identit\u00e9 valide (en cas de demande par notre formulaire \u00e9lectronique d\u00e9di\u00e9) ou d'une photocopie sign\u00e9e de votre titre d'identit\u00e9 valide (en cas de demande \u00e9crite). Medigames vous informe qu'elle sera en droit, le cas \u00e9ch\u00e9ant, de s'opposer aux demandes manifestement abusives (par leur nombre, leur caract\u00e8re r\u00e9p\u00e9titif ou syst\u00e9matique). Pour vous aider dans votre d\u00e9marche, notamment si vous souhaitez exercer votre droit d'acc\u00e8s par le biais d'une demande \u00e9crite \u00e0 l'adresse postale mentionn\u00e9e au point 1, vous trouverez en cliquant sur le lien suivant un mod\u00e8le de courrier \u00e9labor\u00e9 par la Commission Nationale de l'Informatique et des Libert\u00e9s (la \"CNIL\"). <a role=\"link\" href=\"https:\/\/www.cnil.fr\/fr\/modele\/courrier\/exercer-son-droit-dacces\" target=\"_blank\" rel=\"noreferrer noopener nofollow\">https:\/\/www.cnil.fr\/fr\/modele\/courrier\/exercer-son-droit-dacces<\/a><\/p>\n\n\n\n<h4 class=\"wp-block-heading\" id=\"right-to-rectify-data\"><strong>Droit de rectification des donn\u00e9es<\/strong><\/h4>\n\n\n\n<p>En vertu de ce droit, la l\u00e9gislation vous donne le pouvoir de demander la rectification, la mise \u00e0 jour, le verrouillage ou m\u00eame l'effacement des donn\u00e9es vous concernant qui peuvent s'av\u00e9rer inexactes, erron\u00e9es, incompl\u00e8tes ou obsol\u00e8tes. Vous pouvez \u00e9galement d\u00e9finir des directives g\u00e9n\u00e9rales et particuli\u00e8res relatives au sort des donn\u00e9es \u00e0 caract\u00e8re personnel apr\u00e8s votre d\u00e9c\u00e8s. Le cas \u00e9ch\u00e9ant, les h\u00e9ritiers d'une personne d\u00e9c\u00e9d\u00e9e peuvent exiger que le d\u00e9c\u00e8s de leur proche soit pris en compte et\/ou que les mises \u00e0 jour n\u00e9cessaires soient effectu\u00e9es. Pour vous aider dans votre d\u00e9marche, notamment si vous souhaitez exercer, pour votre propre compte ou pour le compte de l'un de vos proches d\u00e9c\u00e9d\u00e9s, votre droit de rectification au moyen d'une demande \u00e9crite \u00e0 l'adresse postale mentionn\u00e9e au point 1, vous trouverez en cliquant sur le lien suivant un mod\u00e8le de courrier \u00e9labor\u00e9 par la CNIL. <a role=\"link\" href=\"https:\/\/www.cnil.fr\/fr\/modele\/courrier\/rectifier-des-donnees-inexactes-obsoletes-ou-perimees\" target=\"_blank\" rel=\"noreferrer noopener nofollow\">https:\/\/www.cnil.fr\/fr\/modele\/courrier\/rectifier-des-donnees-inexactes-obsoletes-ou-perimees<\/a><\/p>\n\n\n\n<h4 class=\"wp-block-heading\" id=\"right-of-opposition\"><strong>Droit d'opposition<\/strong><\/h4>\n\n\n\n<p>L'exercice de ce droit n'est possible que dans l'une des deux situations suivantes : Lorsque l'exercice de ce droit est fond\u00e9 sur des motifs l\u00e9gitimes ; ou Lorsque l'exercice de ce droit vise \u00e0 emp\u00eacher que les donn\u00e9es collect\u00e9es soient utilis\u00e9es \u00e0 des fins de prospection commerciale. Pour vous aider dans votre d\u00e9marche, notamment si vous souhaitez exercer votre droit d'opposition par le biais d'une demande \u00e9crite adress\u00e9e \u00e0 l'adresse postale indiqu\u00e9e au point 1, vous trouverez en cliquant sur le lien suivant un mod\u00e8le de courrier \u00e9labor\u00e9 par la CNIL. <a role=\"link\" href=\"https:\/\/www.cnil.fr\/fr\/modele\/courrier\/supprimer-des-informations-vous-concernant-dun-site-internet\" target=\"_blank\" rel=\"noreferrer noopener nofollow\">https:\/\/www.cnil.fr\/fr\/modele\/courrier\/supprimer-des-informations-vous-concernant-dun-site-internet<\/a> Cependant, nous mettons \u00e0 votre disposition des outils pour g\u00e9rer vos donn\u00e9es directement sur notre site. Vous les trouverez en bas de page. Contactez-nous si vous avez des probl\u00e8mes avec leur utilisation.<\/p>\n\n\n\n<h3 class=\"wp-block-heading\" id=\"1-6-reply-duration\">1.6. Dur\u00e9e de la r\u00e9ponse<\/h3>\n\n\n\n<p>Medigames s'engage \u00e0 r\u00e9pondre \u00e0 votre demande d'acc\u00e8s, de rectification ou d'opposition ou toute autre demande d'informations compl\u00e9mentaires dans un d\u00e9lai raisonnable qui ne saurait d\u00e9passer 1 mois \u00e0 compter de la r\u00e9ception de votre demande.<\/p>\n\n\n\n<h3 class=\"wp-block-heading\" id=\"1-7-authorized-service-providers-and-transfer-to-a-third-country-of-the-european-union\">1.7. Prestataires de services agr\u00e9\u00e9s et transfert vers un pays tiers de l'Union europ\u00e9enne<\/h3>\n\n\n\n<p>Medigames vous informe qu'elle fait appel \u00e0 ses prestataires habilit\u00e9s pour faciliter le recueil et le traitement des donn\u00e9es que vous nous avez communiqu\u00e9es. Ces prestataires peuvent \u00eatre situ\u00e9s en dehors de l'Union europ\u00e9enne et communiquer les donn\u00e9es recueillies par le biais des diff\u00e9rents formulaires pr\u00e9sents sur le Site (\u00e0 l'exception du formulaire vous permettant d'exercer vos droits Informatique et Libert\u00e9s qui est propos\u00e9 et utilis\u00e9. par Medigames).<\/p>\n\n\n\n<h3 class=\"wp-block-heading\" id=\"1-8-complaint-to-the-competent-authority\">1.8. Plainte aupr\u00e8s de l'autorit\u00e9 comp\u00e9tente<\/h3>\n\n\n\n<p>Si vous consid\u00e9rez que Medigames ne respecte pas ses obligations au regard de vos Donn\u00e9es Personnelles, vous pouvez adresser une plainte ou une demande aupr\u00e8s de l'autorit\u00e9 comp\u00e9tente. En France, l'autorit\u00e9 comp\u00e9tente est la CNIL \u00e0 laquelle vous pouvez adresser une demande par voie \u00e9lectronique en cliquant sur le lien suivant : https:\/\/www.cnil.fr\/fr\/plaintes\/internet.<\/p>\n<\/div><\/div>\n<\/div><\/section>","protected":false},"excerpt":{"rendered":"<p>Derni\u00e8re mise \u00e0 jour : 06 f\u00e9vrier 2022 Medigames a pour objectif d'\u00eatre une entreprise citoyenne exemplaire et de contribuer \u00e0 la protection...<\/p>","protected":false},"author":1,"featured_media":12135,"parent":0,"menu_order":20,"comment_status":"closed","ping_status":"closed","template":"","meta":{"_acf_changed":false,"_uag_custom_page_level_css":"","footnotes":""},"class_list":["post-12435","page","type-page","status-publish","has-post-thumbnail","hentry"],"acf":[],"uagb_featured_image_src":{"full":["https:\/\/medigames.com\/wp-content\/uploads\/2022\/01\/Page-Resultats.jpg",1600,500,false],"thumbnail":["https:\/\/medigames.com\/wp-content\/uploads\/2022\/01\/Page-Resultats-150x150.jpg",150,150,true],"medium":["https:\/\/medigames.com\/wp-content\/uploads\/2022\/01\/Page-Resultats-300x94.jpg",300,94,true],"medium_large":["https:\/\/medigames.com\/wp-content\/uploads\/2022\/01\/Page-Resultats-768x240.jpg",580,181,true],"large":["https:\/\/medigames.com\/wp-content\/uploads\/2022\/01\/Page-Resultats-1024x320.jpg",580,181,true],"1536x1536":["https:\/\/medigames.com\/wp-content\/uploads\/2022\/01\/Page-Resultats-1536x480.jpg",1536,480,true],"2048x2048":["https:\/\/medigames.com\/wp-content\/uploads\/2022\/01\/Page-Resultats.jpg",1600,500,false],"trp-custom-language-flag":["https:\/\/medigames.com\/wp-content\/uploads\/2022\/01\/Page-Resultats-18x6.jpg",18,6,true],"post-thumbnail":["https:\/\/medigames.com\/wp-content\/uploads\/2022\/01\/Page-Resultats-1200x375.jpg",1200,375,true],"twentytwenty-fullscreen":["https:\/\/medigames.com\/wp-content\/uploads\/2022\/01\/Page-Resultats.jpg",1600,500,false]},"uagb_author_info":{"display_name":"dfuzionadmin","author_link":"https:\/\/medigames.com\/fr\/author\/dfuzionadmin\/"},"uagb_comment_info":0,"uagb_excerpt":"Last updated: february 06, 2022 Medigames aims to be an exemplary corporate citizen and to contribute to the protection of&hellip;","_links":{"self":[{"href":"https:\/\/medigames.com\/fr\/wp-json\/wp\/v2\/pages\/12435","targetHints":{"allow":["GET"]}}],"collection":[{"href":"https:\/\/medigames.com\/fr\/wp-json\/wp\/v2\/pages"}],"about":[{"href":"https:\/\/medigames.com\/fr\/wp-json\/wp\/v2\/types\/page"}],"author":[{"embeddable":true,"href":"https:\/\/medigames.com\/fr\/wp-json\/wp\/v2\/users\/1"}],"replies":[{"embeddable":true,"href":"https:\/\/medigames.com\/fr\/wp-json\/wp\/v2\/comments?post=12435"}],"version-history":[{"count":0,"href":"https:\/\/medigames.com\/fr\/wp-json\/wp\/v2\/pages\/12435\/revisions"}],"wp:featuredmedia":[{"embeddable":true,"href":"https:\/\/medigames.com\/fr\/wp-json\/wp\/v2\/media\/12135"}],"wp:attachment":[{"href":"https:\/\/medigames.com\/fr\/wp-json\/wp\/v2\/media?parent=12435"}],"curies":[{"name":"wp","href":"https:\/\/api.w.org\/{rel}","templated":true}]}}