{"id":12450,"date":"2022-02-13T08:58:28","date_gmt":"2022-02-13T07:58:28","guid":{"rendered":"https:\/\/medigames.com\/?page_id=12450"},"modified":"2024-11-14T10:58:58","modified_gmt":"2024-11-14T09:58:58","slug":"legal-notice","status":"publish","type":"page","link":"https:\/\/medigames.com\/fr\/legal-notice\/","title":{"rendered":"Avis juridique"},"content":{"rendered":"<div class=\"wp-block-uagb-container uagb-block-9c06a390 alignfull uagb-is-root-container\"><div class=\"uagb-container-inner-blocks-wrap\">\n<h2 class=\"wp-block-heading\" id=\"welcome-to-the-official-site-of-the-medigames\">Bienvenue sur le site officiel de The Medigames<\/h2>\n\n\n\n<p>Conform\u00e9ment aux dispositions de la loi n\u00b0 2004-575 du 21 juin 2004 pour la confiance dans l'\u00e9conomie num\u00e9rique, il est pr\u00e9cis\u00e9 aux utilisateurs du site medigames.com l'identit\u00e9 des diff\u00e9rents intervenants dans le cadre de sa mise en \u0153uvre et de son suivi.<\/p>\n\n\n\n<h3 class=\"wp-block-heading\" id=\"site-edition\">Edition du site<\/h3>\n\n\n\n<p>Il est la propri\u00e9t\u00e9 exclusive de :<\/p>\n\n\n\n<p id=\"corporate-sport-organisation\"><strong>ORGANISATION DE SPORT D'ENTREPRISE<\/strong><\/p>\n\n\n\n<p>15\/29 rue Guillemot<br>75014 Paris - France<br>T\u00e9l : +33(0)1 777 065 15<br>Fax : +33(0)1 777 065 14<br>E-mail :&nbsp;<a href=\"mailto:info@medigames.com\">info@medigames.com<\/a><\/p>\n\n\n\n<h3 class=\"wp-block-heading\" id=\"responsible-for-publication\">Responsable de la publication<\/h3>\n\n\n\n<p>Directeurs de la publication du site : <strong>Pierre Lusinchi<\/strong><br>Responsables de la r\u00e9daction : <strong>Margaux Casanova<\/strong>, <strong>Thibault Panier<\/strong><\/p>\n\n\n\n<h3 class=\"wp-block-heading\" id=\"web-design\">Conception et d\u00e9veloppement de sites web<\/h3>\n\n\n\n<p>Conception et production : <a href=\"http:\/\/www.centraledeproduction.fr\/\" target=\"_blank\" rel=\"noreferrer noopener\">CPROD<\/a> \/ <a href=\"https:\/\/d-fuzion.com\/\" target=\"_blank\" rel=\"noreferrer noopener\">D-FUZION<\/a><\/p>\n\n\n\n<h3 class=\"wp-block-heading\" id=\"host\">H\u00e9bergement<\/h3>\n\n\n\n<p>Le site web est h\u00e9berg\u00e9 par <a role=\"link\" rel=\"nofollow noopener\" href=\"https:\/\/www.surfonline.fr\/\" target=\"_blank\">OVH SAS<\/a>.<\/p>\n\n\n\n<h3 class=\"wp-block-heading\" id=\"credits\">Cr\u00e9dits<\/h3>\n\n\n\n<p><strong>Photos : <\/strong>ORGANISATION DE SPORT D'ENTREPRISE<br><strong>Vid\u00e9os :<\/strong> ORGANISATION DE SPORT D'ENTREPRISE<\/p>\n\n\n\n<h3 class=\"wp-block-heading\" id=\"responsibility\">Responsabilit\u00e9<\/h3>\n\n\n\n<p>Medigames propose de nombreux liens vers d'autres sites, principalement des sites officiels. R\u00e9guli\u00e8rement v\u00e9rifi\u00e9s, ils sont fournis \u00e0 titre indicatif et n'engagent pas la responsabilit\u00e9 de Medigames \/ CSO.<\/p>\n\n\n\n<p>En revanche, Medigames \/ CSO d\u00e9cline toute responsabilit\u00e9 concernant les liens hypertextes vers son site Medigames.<\/p>\n\n\n\n<h3 class=\"wp-block-heading\" id=\"intellectual-property\">Propri\u00e9t\u00e9 intellectuelle<\/h3>\n\n\n\n<p>Le site et les informations qu'il contient sont prot\u00e9g\u00e9s par le droit fran\u00e7ais de la propri\u00e9t\u00e9 intellectuelle et par les conventions internationales. Le site (ou tout \u00e9l\u00e9ment de son contenu) ne peut \u00eatre reproduit, republi\u00e9, transcrit, modifi\u00e9 ou retransmis sans l'autorisation pr\u00e9alable et \u00e9crite des ayants droit (ceci ne concerne pas l'utilisation dans le cercle de famille. ni l'usage priv\u00e9).<\/p>\n\n\n\n<p>Pour toute demande, veuillez envoyer un courriel \u00e0 <a href=\"mailto:info@medigames.com\"><\/a><a href=\"mailto:info@medigames.com\">info@medigames.com<\/a><\/p>\n<\/div><\/div>\n\n\n\n<div style=\"height:12px\" aria-hidden=\"true\" class=\"wp-block-spacer\"><\/div>","protected":false},"excerpt":{"rendered":"<p>Bienvenue sur le site officiel de The Medigames Conform\u00e9ment aux dispositions de la loi n\u00b0 2004-575 du 21 juin,...<\/p>","protected":false},"author":1,"featured_media":12135,"parent":0,"menu_order":20,"comment_status":"closed","ping_status":"closed","template":"","meta":{"_acf_changed":false,"_uag_custom_page_level_css":"","footnotes":""},"class_list":["post-12450","page","type-page","status-publish","has-post-thumbnail","hentry"],"acf":[],"uagb_featured_image_src":{"full":["https:\/\/medigames.com\/wp-content\/uploads\/2022\/01\/Page-Resultats.jpg",1600,500,false],"thumbnail":["https:\/\/medigames.com\/wp-content\/uploads\/2022\/01\/Page-Resultats-150x150.jpg",150,150,true],"medium":["https:\/\/medigames.com\/wp-content\/uploads\/2022\/01\/Page-Resultats-300x94.jpg",300,94,true],"medium_large":["https:\/\/medigames.com\/wp-content\/uploads\/2022\/01\/Page-Resultats-768x240.jpg",580,181,true],"large":["https:\/\/medigames.com\/wp-content\/uploads\/2022\/01\/Page-Resultats-1024x320.jpg",580,181,true],"1536x1536":["https:\/\/medigames.com\/wp-content\/uploads\/2022\/01\/Page-Resultats-1536x480.jpg",1536,480,true],"2048x2048":["https:\/\/medigames.com\/wp-content\/uploads\/2022\/01\/Page-Resultats.jpg",1600,500,false],"trp-custom-language-flag":["https:\/\/medigames.com\/wp-content\/uploads\/2022\/01\/Page-Resultats-18x6.jpg",18,6,true],"post-thumbnail":["https:\/\/medigames.com\/wp-content\/uploads\/2022\/01\/Page-Resultats-1200x375.jpg",1200,375,true],"twentytwenty-fullscreen":["https:\/\/medigames.com\/wp-content\/uploads\/2022\/01\/Page-Resultats.jpg",1600,500,false]},"uagb_author_info":{"display_name":"dfuzionadmin","author_link":"https:\/\/medigames.com\/fr\/author\/dfuzionadmin\/"},"uagb_comment_info":0,"uagb_excerpt":"Welcome to the official site of The Medigames In accordance with the provisions of Law No. 2004-575 of June 21,&hellip;","_links":{"self":[{"href":"https:\/\/medigames.com\/fr\/wp-json\/wp\/v2\/pages\/12450","targetHints":{"allow":["GET"]}}],"collection":[{"href":"https:\/\/medigames.com\/fr\/wp-json\/wp\/v2\/pages"}],"about":[{"href":"https:\/\/medigames.com\/fr\/wp-json\/wp\/v2\/types\/page"}],"author":[{"embeddable":true,"href":"https:\/\/medigames.com\/fr\/wp-json\/wp\/v2\/users\/1"}],"replies":[{"embeddable":true,"href":"https:\/\/medigames.com\/fr\/wp-json\/wp\/v2\/comments?post=12450"}],"version-history":[{"count":0,"href":"https:\/\/medigames.com\/fr\/wp-json\/wp\/v2\/pages\/12450\/revisions"}],"wp:featuredmedia":[{"embeddable":true,"href":"https:\/\/medigames.com\/fr\/wp-json\/wp\/v2\/media\/12135"}],"wp:attachment":[{"href":"https:\/\/medigames.com\/fr\/wp-json\/wp\/v2\/media?parent=12450"}],"curies":[{"name":"wp","href":"https:\/\/api.w.org\/{rel}","templated":true}]}}