{"id":13493,"date":"2023-03-14T10:25:45","date_gmt":"2023-03-14T09:25:45","guid":{"rendered":"https:\/\/medigames.com\/?page_id=13493"},"modified":"2026-01-13T08:36:39","modified_gmt":"2026-01-13T07:36:39","slug":"hotels","status":"publish","type":"page","link":"https:\/\/medigames.com\/fr\/hotels\/","title":{"rendered":"H\u00e9bergement"},"content":{"rendered":"<div class=\"wp-block-uagb-container uagb-block-256a39e5 alignfull uagb-is-root-container\"><div class=\"uagb-container-inner-blocks-wrap\">\n<div class=\"wp-block-uagb-container uagb-block-4811e741\">\n<h1 class=\"wp-block-heading tw-mb-0 tw-mt-2\">Park Plaza Belv\u00e9d\u00e8re<\/h1>\n\n\n\n<figure class=\"wp-block-image size-full is-resized\"><img loading=\"lazy\" decoding=\"async\" width=\"850\" height=\"550\" src=\"https:\/\/medigames.com\/wp-content\/uploads\/2025\/12\/PARK-PLAZA-BELVEDERE-2.jpg\" alt=\"\" class=\"wp-image-15528\" style=\"aspect-ratio:1.8640776699029127;width:606px;height:auto\" srcset=\"https:\/\/medigames.com\/wp-content\/uploads\/2025\/12\/PARK-PLAZA-BELVEDERE-2.jpg 850w, https:\/\/medigames.com\/wp-content\/uploads\/2025\/12\/PARK-PLAZA-BELVEDERE-2-300x194.jpg 300w, https:\/\/medigames.com\/wp-content\/uploads\/2025\/12\/PARK-PLAZA-BELVEDERE-2-768x497.jpg 768w, https:\/\/medigames.com\/wp-content\/uploads\/2025\/12\/PARK-PLAZA-BELVEDERE-2-18x12.jpg 18w\" sizes=\"auto, (max-width: 850px) 100vw, 850px\" \/><\/figure>\n\n\n\n<p>L'h\u00f4tel Park Plaza Belvedere, un \u00e9tablissement 4 \u00e9toiles appartenant au groupe Arena, b\u00e9n\u00e9ficie d'un emplacement privil\u00e9gi\u00e9 au c\u0153ur de la charmante ville c\u00f4ti\u00e8re de Medulin, au bord des eaux cristallines de la mer Adriatique. Entour\u00e9 d'un paysage naturel pr\u00e9serv\u00e9, il offre un cadre idyllique pour allier d\u00e9tente et activit\u00e9s sportives.<br>L'h\u00f4tel dispose de deux piscines ext\u00e9rieures et d'une piscine int\u00e9rieure semi-olympique, d'un espace fitness, d'un restaurant avec vue sur la mer et d'un centre de spa.<br>L'h\u00f4tel allie harmonieusement \u00e9l\u00e9gance et authenticit\u00e9 dans une atmosph\u00e8re m\u00e9diterran\u00e9enne captivante. Un v\u00e9ritable havre de paix pour les voyageurs en qu\u00eate d'\u00e9vasion et de s\u00e9r\u00e9nit\u00e9. Le Park Plaza Belvedere sera le centre n\u00e9vralgique des Jeux : il accueillera les sessions du symposium ainsi que la c\u00e9r\u00e9monie des \u201c m\u00e9daill\u00e9s du jour \u201d.<br>Vous y trouverez \u00e9galement toutes les informations n\u00e9cessaires sur les comp\u00e9titions sportives.<\/p>\n\n\n\n<p><\/p>\n\n\n\n<p><\/p>\n<\/div>\n\n\n\n<div class=\"wp-block-uagb-container uagb-block-35e0db35\">\n<figure class=\"wp-block-image size-large\"><img loading=\"lazy\" decoding=\"async\" width=\"1024\" height=\"442\" src=\"https:\/\/medigames.com\/wp-content\/uploads\/2025\/12\/Belvedere-1024x442.png\" alt=\"\" class=\"wp-image-15529\" srcset=\"https:\/\/medigames.com\/wp-content\/uploads\/2025\/12\/Belvedere-1024x442.png 1024w, https:\/\/medigames.com\/wp-content\/uploads\/2025\/12\/Belvedere-300x130.png 300w, https:\/\/medigames.com\/wp-content\/uploads\/2025\/12\/Belvedere-768x332.png 768w, https:\/\/medigames.com\/wp-content\/uploads\/2025\/12\/Belvedere-18x8.png 18w, https:\/\/medigames.com\/wp-content\/uploads\/2025\/12\/Belvedere-1200x519.png 1200w, https:\/\/medigames.com\/wp-content\/uploads\/2025\/12\/Belvedere.png 1532w\" sizes=\"auto, (max-width: 1024px) 100vw, 1024px\" \/><\/figure>\n\n\n\n<figure class=\"wp-block-image size-full\"><img loading=\"lazy\" decoding=\"async\" width=\"2560\" height=\"1337\" src=\"https:\/\/medigames.com\/wp-content\/uploads\/2025\/12\/PARK-PLAZA-BELVEDERE-Chambre-scaled.jpg\" alt=\"\" class=\"wp-image-15526\" srcset=\"https:\/\/medigames.com\/wp-content\/uploads\/2025\/12\/PARK-PLAZA-BELVEDERE-Chambre-scaled.jpg 2560w, https:\/\/medigames.com\/wp-content\/uploads\/2025\/12\/PARK-PLAZA-BELVEDERE-Chambre-300x157.jpg 300w, https:\/\/medigames.com\/wp-content\/uploads\/2025\/12\/PARK-PLAZA-BELVEDERE-Chambre-1024x535.jpg 1024w, https:\/\/medigames.com\/wp-content\/uploads\/2025\/12\/PARK-PLAZA-BELVEDERE-Chambre-768x401.jpg 768w, https:\/\/medigames.com\/wp-content\/uploads\/2025\/12\/PARK-PLAZA-BELVEDERE-Chambre-1536x802.jpg 1536w, https:\/\/medigames.com\/wp-content\/uploads\/2025\/12\/PARK-PLAZA-BELVEDERE-Chambre-2048x1070.jpg 2048w, https:\/\/medigames.com\/wp-content\/uploads\/2025\/12\/PARK-PLAZA-BELVEDERE-Chambre-18x9.jpg 18w, https:\/\/medigames.com\/wp-content\/uploads\/2025\/12\/PARK-PLAZA-BELVEDERE-Chambre-1200x627.jpg 1200w, https:\/\/medigames.com\/wp-content\/uploads\/2025\/12\/PARK-PLAZA-BELVEDERE-Chambre-1980x1034.jpg 1980w\" sizes=\"auto, (max-width: 2560px) 100vw, 2560px\" \/><\/figure>\n\n\n\n<figure class=\"wp-block-image size-full\"><img loading=\"lazy\" decoding=\"async\" width=\"1544\" height=\"749\" src=\"https:\/\/medigames.com\/wp-content\/uploads\/2025\/12\/PARK-PLAZA-BELVEDERE.jpg\" alt=\"\" class=\"wp-image-15527\" srcset=\"https:\/\/medigames.com\/wp-content\/uploads\/2025\/12\/PARK-PLAZA-BELVEDERE.jpg 1544w, https:\/\/medigames.com\/wp-content\/uploads\/2025\/12\/PARK-PLAZA-BELVEDERE-300x146.jpg 300w, https:\/\/medigames.com\/wp-content\/uploads\/2025\/12\/PARK-PLAZA-BELVEDERE-1024x497.jpg 1024w, https:\/\/medigames.com\/wp-content\/uploads\/2025\/12\/PARK-PLAZA-BELVEDERE-768x373.jpg 768w, https:\/\/medigames.com\/wp-content\/uploads\/2025\/12\/PARK-PLAZA-BELVEDERE-1536x745.jpg 1536w, https:\/\/medigames.com\/wp-content\/uploads\/2025\/12\/PARK-PLAZA-BELVEDERE-18x9.jpg 18w, https:\/\/medigames.com\/wp-content\/uploads\/2025\/12\/PARK-PLAZA-BELVEDERE-1200x582.jpg 1200w\" sizes=\"auto, (max-width: 1544px) 100vw, 1544px\" \/><\/figure>\n\n\n\n<h4 class=\"wp-block-heading\">CENTRE DE JEUX<\/h4>\n<\/div>\n<\/div><\/div>\n\n\n\n<div class=\"wp-block-uagb-container uagb-block-cca121c5 alignfull uagb-is-root-container\"><div class=\"uagb-container-inner-blocks-wrap\">\n<div class=\"wp-block-uagb-container uagb-block-e3cb7ba2\">\n<h1 class=\"wp-block-heading tw-mb-0 tw-mt-2\">H\u00f4tel Arena Holiday<\/h1>\n\n\n\n<figure class=\"wp-block-image size-full is-resized\"><img loading=\"lazy\" decoding=\"async\" width=\"1920\" height=\"1080\" src=\"https:\/\/medigames.com\/wp-content\/uploads\/2025\/12\/ARENA-HOTEL-HOLIDAY-.jpg\" alt=\"\" class=\"wp-image-15531\" style=\"aspect-ratio:1.8640776699029127;width:606px;height:auto\" srcset=\"https:\/\/medigames.com\/wp-content\/uploads\/2025\/12\/ARENA-HOTEL-HOLIDAY-.jpg 1920w, https:\/\/medigames.com\/wp-content\/uploads\/2025\/12\/ARENA-HOTEL-HOLIDAY--300x169.jpg 300w, https:\/\/medigames.com\/wp-content\/uploads\/2025\/12\/ARENA-HOTEL-HOLIDAY--1024x576.jpg 1024w, https:\/\/medigames.com\/wp-content\/uploads\/2025\/12\/ARENA-HOTEL-HOLIDAY--768x432.jpg 768w, https:\/\/medigames.com\/wp-content\/uploads\/2025\/12\/ARENA-HOTEL-HOLIDAY--1536x864.jpg 1536w, https:\/\/medigames.com\/wp-content\/uploads\/2025\/12\/ARENA-HOTEL-HOLIDAY--18x10.jpg 18w, https:\/\/medigames.com\/wp-content\/uploads\/2025\/12\/ARENA-HOTEL-HOLIDAY--1200x675.jpg 1200w\" sizes=\"auto, (max-width: 1920px) 100vw, 1920px\" \/><\/figure>\n\n\n\n<p>Situ\u00e9 \u00e0 proximit\u00e9 du Park Plaza Belvedere (Games Centre), l'Arena Hotel Holiday b\u00e9n\u00e9ficie des m\u00eames avantages g\u00e9ographiques que son voisin. Situ\u00e9 en bord de mer, il offre un cadre naturel et authentique propice \u00e0 la d\u00e9tente et \u00e0 la convivialit\u00e9.<br>Cet h\u00f4tel 3 \u00e9toiles dispose d'une piscine ext\u00e9rieure, d'un jardin, d'un salon commun et d'un restaurant.<br>Adapt\u00e9 \u00e0 tous les types de voyageurs, que vous s\u00e9journiez seul, en couple ou en famille, l'h\u00f4tel propose des espaces et des activit\u00e9s con\u00e7us pour tous. Il offre notamment un programme d'animations unique d\u00e9di\u00e9 aux enfants, pour que tout le monde passe un s\u00e9jour agr\u00e9able !<\/p>\n\n\n\n<p><\/p>\n\n\n\n<p><\/p>\n<\/div>\n\n\n\n<div class=\"wp-block-uagb-container uagb-block-e4b98967\">\n<figure class=\"wp-block-image size-large\"><img loading=\"lazy\" decoding=\"async\" width=\"1024\" height=\"633\" src=\"https:\/\/medigames.com\/wp-content\/uploads\/2025\/12\/ARENA-Bis-1024x633.png\" alt=\"\" class=\"wp-image-15533\" srcset=\"https:\/\/medigames.com\/wp-content\/uploads\/2025\/12\/ARENA-Bis-1024x633.png 1024w, https:\/\/medigames.com\/wp-content\/uploads\/2025\/12\/ARENA-Bis-300x185.png 300w, https:\/\/medigames.com\/wp-content\/uploads\/2025\/12\/ARENA-Bis-768x474.png 768w, https:\/\/medigames.com\/wp-content\/uploads\/2025\/12\/ARENA-Bis-18x12.png 18w, https:\/\/medigames.com\/wp-content\/uploads\/2025\/12\/ARENA-Bis-1200x741.png 1200w, https:\/\/medigames.com\/wp-content\/uploads\/2025\/12\/ARENA-Bis.png 1324w\" sizes=\"auto, (max-width: 1024px) 100vw, 1024px\" \/><\/figure>\n\n\n\n<figure class=\"wp-block-image size-full\"><img loading=\"lazy\" decoding=\"async\" width=\"2560\" height=\"1391\" src=\"https:\/\/medigames.com\/wp-content\/uploads\/2025\/12\/ARENA-HOTEL-HOLIDAY-Piscine-scaled.png\" alt=\"\" class=\"wp-image-15530\" srcset=\"https:\/\/medigames.com\/wp-content\/uploads\/2025\/12\/ARENA-HOTEL-HOLIDAY-Piscine-scaled.png 2560w, https:\/\/medigames.com\/wp-content\/uploads\/2025\/12\/ARENA-HOTEL-HOLIDAY-Piscine-300x163.png 300w, https:\/\/medigames.com\/wp-content\/uploads\/2025\/12\/ARENA-HOTEL-HOLIDAY-Piscine-1024x556.png 1024w, https:\/\/medigames.com\/wp-content\/uploads\/2025\/12\/ARENA-HOTEL-HOLIDAY-Piscine-768x417.png 768w, https:\/\/medigames.com\/wp-content\/uploads\/2025\/12\/ARENA-HOTEL-HOLIDAY-Piscine-1536x835.png 1536w, https:\/\/medigames.com\/wp-content\/uploads\/2025\/12\/ARENA-HOTEL-HOLIDAY-Piscine-2048x1113.png 2048w, https:\/\/medigames.com\/wp-content\/uploads\/2025\/12\/ARENA-HOTEL-HOLIDAY-Piscine-18x10.png 18w, https:\/\/medigames.com\/wp-content\/uploads\/2025\/12\/ARENA-HOTEL-HOLIDAY-Piscine-1200x652.png 1200w, https:\/\/medigames.com\/wp-content\/uploads\/2025\/12\/ARENA-HOTEL-HOLIDAY-Piscine-1980x1076.png 1980w\" sizes=\"auto, (max-width: 2560px) 100vw, 2560px\" \/><\/figure>\n\n\n\n<figure class=\"wp-block-image size-full\"><img loading=\"lazy\" decoding=\"async\" width=\"1920\" height=\"1280\" src=\"https:\/\/medigames.com\/wp-content\/uploads\/2025\/12\/ARENA-HOTEL-HOLIDAY-Chambre-1.jpg\" alt=\"\" class=\"wp-image-15537\" srcset=\"https:\/\/medigames.com\/wp-content\/uploads\/2025\/12\/ARENA-HOTEL-HOLIDAY-Chambre-1.jpg 1920w, https:\/\/medigames.com\/wp-content\/uploads\/2025\/12\/ARENA-HOTEL-HOLIDAY-Chambre-1-300x200.jpg 300w, https:\/\/medigames.com\/wp-content\/uploads\/2025\/12\/ARENA-HOTEL-HOLIDAY-Chambre-1-1024x683.jpg 1024w, https:\/\/medigames.com\/wp-content\/uploads\/2025\/12\/ARENA-HOTEL-HOLIDAY-Chambre-1-768x512.jpg 768w, https:\/\/medigames.com\/wp-content\/uploads\/2025\/12\/ARENA-HOTEL-HOLIDAY-Chambre-1-1536x1024.jpg 1536w, https:\/\/medigames.com\/wp-content\/uploads\/2025\/12\/ARENA-HOTEL-HOLIDAY-Chambre-1-18x12.jpg 18w, https:\/\/medigames.com\/wp-content\/uploads\/2025\/12\/ARENA-HOTEL-HOLIDAY-Chambre-1-1200x800.jpg 1200w\" sizes=\"auto, (max-width: 1920px) 100vw, 1920px\" \/><\/figure>\n\n\n\n<p><\/p>\n<\/div>\n<\/div><\/div>\n\n\n\n<div class=\"wp-block-uagb-container uagb-block-8f1901e5 alignfull uagb-is-root-container\"><div class=\"uagb-container-inner-blocks-wrap\">\n<div class=\"wp-block-uagb-container uagb-block-2c62e5cc\">\n<h1 class=\"wp-block-heading tw-mb-0 tw-mt-2\">Appartements Ai Pini Resort<\/h1>\n\n\n\n<figure class=\"wp-block-image size-full is-resized\"><img loading=\"lazy\" decoding=\"async\" width=\"1920\" height=\"1280\" src=\"https:\/\/medigames.com\/wp-content\/uploads\/2025\/12\/AI-PINI-APPARTEMENT.jpg\" alt=\"\" class=\"wp-image-15525\" style=\"aspect-ratio:1.8640776699029127;width:606px;height:auto\" srcset=\"https:\/\/medigames.com\/wp-content\/uploads\/2025\/12\/AI-PINI-APPARTEMENT.jpg 1920w, https:\/\/medigames.com\/wp-content\/uploads\/2025\/12\/AI-PINI-APPARTEMENT-300x200.jpg 300w, https:\/\/medigames.com\/wp-content\/uploads\/2025\/12\/AI-PINI-APPARTEMENT-1024x683.jpg 1024w, https:\/\/medigames.com\/wp-content\/uploads\/2025\/12\/AI-PINI-APPARTEMENT-768x512.jpg 768w, https:\/\/medigames.com\/wp-content\/uploads\/2025\/12\/AI-PINI-APPARTEMENT-1536x1024.jpg 1536w, https:\/\/medigames.com\/wp-content\/uploads\/2025\/12\/AI-PINI-APPARTEMENT-18x12.jpg 18w, https:\/\/medigames.com\/wp-content\/uploads\/2025\/12\/AI-PINI-APPARTEMENT-1200x800.jpg 1200w\" sizes=\"auto, (max-width: 1920px) 100vw, 1920px\" \/><\/figure>\n\n\n\n<p>Situ\u00e9 en face du Park Plaza Belvedere (centre de jeux), l'Ai Pini Resort propose des appartements confortables avec balcon, chambre double et canap\u00e9-lit, id\u00e9aux pour les couples, les amis ou les familles.<br>Les appartements offrent une ind\u00e9pendance totale gr\u00e2ce \u00e0 leurs espaces de vie fonctionnels, vous offrant toute la flexibilit\u00e9 n\u00e9cessaire pour organiser votre s\u00e9jour \u00e0 votre rythme.<br>Tr\u00e8s appr\u00e9ci\u00e9 pour son atmosph\u00e8re paisible, l'Ai Pini Resort vous garantit un s\u00e9jour agr\u00e9able dans un cadre calme et verdoyant.<\/p>\n\n\n\n<p><\/p>\n\n\n\n<p><\/p>\n<\/div>\n\n\n\n<div class=\"wp-block-uagb-container uagb-block-f152406c\">\n<figure class=\"wp-block-image size-large\"><img loading=\"lazy\" decoding=\"async\" width=\"1024\" height=\"683\" src=\"https:\/\/medigames.com\/wp-content\/uploads\/2025\/12\/AI-PINI-APPARTEMENT-Chambre--1024x683.jpg\" alt=\"\" class=\"wp-image-15524\" srcset=\"https:\/\/medigames.com\/wp-content\/uploads\/2025\/12\/AI-PINI-APPARTEMENT-Chambre--1024x683.jpg 1024w, https:\/\/medigames.com\/wp-content\/uploads\/2025\/12\/AI-PINI-APPARTEMENT-Chambre--300x200.jpg 300w, https:\/\/medigames.com\/wp-content\/uploads\/2025\/12\/AI-PINI-APPARTEMENT-Chambre--768x512.jpg 768w, https:\/\/medigames.com\/wp-content\/uploads\/2025\/12\/AI-PINI-APPARTEMENT-Chambre--1536x1024.jpg 1536w, https:\/\/medigames.com\/wp-content\/uploads\/2025\/12\/AI-PINI-APPARTEMENT-Chambre--18x12.jpg 18w, https:\/\/medigames.com\/wp-content\/uploads\/2025\/12\/AI-PINI-APPARTEMENT-Chambre--1200x800.jpg 1200w, https:\/\/medigames.com\/wp-content\/uploads\/2025\/12\/AI-PINI-APPARTEMENT-Chambre-.jpg 1920w\" sizes=\"auto, (max-width: 1024px) 100vw, 1024px\" \/><\/figure>\n\n\n\n<p><em><strong>Chaque appartement comprend :<br>\u2022 Climatisation<br>\u2022 Wi-Fi<br>\u2022 Une chambre avec un lit double<br>\u2022 Un salon avec un canap\u00e9-lit<br>\u2022 Une kitchenette enti\u00e8rement \u00e9quip\u00e9e<br>\u2022 Une salle de bain<br>\u2022 Un balcon<\/strong><\/em><\/p>\n<\/div>\n<\/div><\/div>\n\n\n\n<div class=\"wp-block-uagb-container uagb-block-fd774a23 alignfull uagb-is-root-container\"><div class=\"uagb-container-inner-blocks-wrap\">\n<div class=\"wp-block-uagb-container uagb-block-941ec9df\">\n<h1 class=\"wp-block-heading tw-mb-0 tw-mt-2\">Arena Grand Kazela Resort Mobile-Home<\/h1>\n\n\n\n<figure class=\"wp-block-image size-full is-resized\"><img loading=\"lazy\" decoding=\"async\" width=\"2560\" height=\"1699\" src=\"https:\/\/medigames.com\/wp-content\/uploads\/2025\/12\/ARENA-GRAND-KAZELA-MH-scaled.png\" alt=\"\" class=\"wp-image-15523\" style=\"aspect-ratio:1.8640776699029127;width:606px;height:auto\" srcset=\"https:\/\/medigames.com\/wp-content\/uploads\/2025\/12\/ARENA-GRAND-KAZELA-MH-scaled.png 2560w, https:\/\/medigames.com\/wp-content\/uploads\/2025\/12\/ARENA-GRAND-KAZELA-MH-300x199.png 300w, https:\/\/medigames.com\/wp-content\/uploads\/2025\/12\/ARENA-GRAND-KAZELA-MH-1024x680.png 1024w, https:\/\/medigames.com\/wp-content\/uploads\/2025\/12\/ARENA-GRAND-KAZELA-MH-768x510.png 768w, https:\/\/medigames.com\/wp-content\/uploads\/2025\/12\/ARENA-GRAND-KAZELA-MH-1536x1020.png 1536w, https:\/\/medigames.com\/wp-content\/uploads\/2025\/12\/ARENA-GRAND-KAZELA-MH-2048x1359.png 2048w, https:\/\/medigames.com\/wp-content\/uploads\/2025\/12\/ARENA-GRAND-KAZELA-MH-18x12.png 18w, https:\/\/medigames.com\/wp-content\/uploads\/2025\/12\/ARENA-GRAND-KAZELA-MH-1200x797.png 1200w, https:\/\/medigames.com\/wp-content\/uploads\/2025\/12\/ARENA-GRAND-KAZELA-MH-1980x1314.png 1980w\" sizes=\"auto, (max-width: 2560px) 100vw, 2560px\" \/><\/figure>\n\n\n\n<p>L'Arena Grand Kazela Resort, situ\u00e9 \u00e0 quelques pas du centre des Jeux, s'\u00e9tend \u00e9galement le long de la c\u00f4te adriatique. Ce village de vacances dispose de deux piscines ext\u00e9rieures, d'une aire de jeux pour enfants et de plusieurs bars et restaurants, offrant un large choix d'espaces de d\u00e9tente.<br>Les mobil-homes, d\u00e9cor\u00e9s dans un style moderne, disposent d'une connexion Wi-Fi et de la climatisation. Chaque logement comprend une cuisine enti\u00e8rement \u00e9quip\u00e9e, une ou deux salles de bains priv\u00e9es et une terrasse meubl\u00e9e.<\/p>\n\n\n\n<p><\/p>\n\n\n\n<p><\/p>\n<\/div>\n\n\n\n<div class=\"wp-block-uagb-container uagb-block-bdd301a7\">\n<figure class=\"wp-block-image size-large\"><img loading=\"lazy\" decoding=\"async\" width=\"1024\" height=\"683\" src=\"https:\/\/medigames.com\/wp-content\/uploads\/2025\/12\/ARENA-GRAND-KAZELA-Terrasse--1024x683.jpg\" alt=\"\" class=\"wp-image-15522\" srcset=\"https:\/\/medigames.com\/wp-content\/uploads\/2025\/12\/ARENA-GRAND-KAZELA-Terrasse--1024x683.jpg 1024w, https:\/\/medigames.com\/wp-content\/uploads\/2025\/12\/ARENA-GRAND-KAZELA-Terrasse--300x200.jpg 300w, https:\/\/medigames.com\/wp-content\/uploads\/2025\/12\/ARENA-GRAND-KAZELA-Terrasse--768x512.jpg 768w, https:\/\/medigames.com\/wp-content\/uploads\/2025\/12\/ARENA-GRAND-KAZELA-Terrasse--1536x1024.jpg 1536w, https:\/\/medigames.com\/wp-content\/uploads\/2025\/12\/ARENA-GRAND-KAZELA-Terrasse--18x12.jpg 18w, https:\/\/medigames.com\/wp-content\/uploads\/2025\/12\/ARENA-GRAND-KAZELA-Terrasse--1200x800.jpg 1200w, https:\/\/medigames.com\/wp-content\/uploads\/2025\/12\/ARENA-GRAND-KAZELA-Terrasse-.jpg 1920w\" sizes=\"auto, (max-width: 1024px) 100vw, 1024px\" \/><\/figure>\n\n\n\n<figure class=\"wp-block-image size-large\"><img loading=\"lazy\" decoding=\"async\" width=\"1024\" height=\"683\" src=\"https:\/\/medigames.com\/wp-content\/uploads\/2025\/12\/ARENA-GRAND-KAZELA-Cuisine--1024x683.jpg\" alt=\"\" class=\"wp-image-15521\" srcset=\"https:\/\/medigames.com\/wp-content\/uploads\/2025\/12\/ARENA-GRAND-KAZELA-Cuisine--1024x683.jpg 1024w, https:\/\/medigames.com\/wp-content\/uploads\/2025\/12\/ARENA-GRAND-KAZELA-Cuisine--300x200.jpg 300w, https:\/\/medigames.com\/wp-content\/uploads\/2025\/12\/ARENA-GRAND-KAZELA-Cuisine--768x512.jpg 768w, https:\/\/medigames.com\/wp-content\/uploads\/2025\/12\/ARENA-GRAND-KAZELA-Cuisine--1536x1024.jpg 1536w, https:\/\/medigames.com\/wp-content\/uploads\/2025\/12\/ARENA-GRAND-KAZELA-Cuisine--18x12.jpg 18w, https:\/\/medigames.com\/wp-content\/uploads\/2025\/12\/ARENA-GRAND-KAZELA-Cuisine--1200x800.jpg 1200w, https:\/\/medigames.com\/wp-content\/uploads\/2025\/12\/ARENA-GRAND-KAZELA-Cuisine-.jpg 1920w\" sizes=\"auto, (max-width: 1024px) 100vw, 1024px\" \/><\/figure>\n\n\n\n<p><em><strong>Chaque mobil-home comprend :<br>\u2022 Climatisation<br>\u2022 Wi-Fi<br>\u2022 Une chambre principale avec un lit double<br>\u2022 Une chambre avec deux lits simples<br>\u2022 Un salon avec un canap\u00e9-lit pour une personne<br>\u2022 Une kitchenette enti\u00e8rement \u00e9quip\u00e9e<br>\u2022 Deux salles de bains<br>\u2022 Une terrasse<\/strong><\/em><\/p>\n<\/div>\n<\/div><\/div>\n\n\n\n<div class=\"wp-block-uagb-container uagb-block-b80e74ee alignfull uagb-is-root-container\"><div class=\"uagb-container-inner-blocks-wrap\">\n<div class=\"wp-block-uagb-container uagb-block-5d300d6e\">\n<h1 class=\"wp-block-heading tw-mb-0 tw-mt-2\">Petram Resort Studio &amp; Appartement<\/h1>\n\n\n\n<figure class=\"wp-block-image size-full is-resized\"><img loading=\"lazy\" decoding=\"async\" width=\"2560\" height=\"1914\" src=\"https:\/\/medigames.com\/wp-content\/uploads\/2025\/12\/PETRAM-RESORT-scaled.png\" alt=\"\" class=\"wp-image-15520\" style=\"aspect-ratio:1.8640776699029127;width:606px;height:auto\" srcset=\"https:\/\/medigames.com\/wp-content\/uploads\/2025\/12\/PETRAM-RESORT-scaled.png 2560w, https:\/\/medigames.com\/wp-content\/uploads\/2025\/12\/PETRAM-RESORT-300x224.png 300w, https:\/\/medigames.com\/wp-content\/uploads\/2025\/12\/PETRAM-RESORT-1024x765.png 1024w, https:\/\/medigames.com\/wp-content\/uploads\/2025\/12\/PETRAM-RESORT-768x574.png 768w, https:\/\/medigames.com\/wp-content\/uploads\/2025\/12\/PETRAM-RESORT-1536x1148.png 1536w, https:\/\/medigames.com\/wp-content\/uploads\/2025\/12\/PETRAM-RESORT-2048x1531.png 2048w, https:\/\/medigames.com\/wp-content\/uploads\/2025\/12\/PETRAM-RESORT-16x12.png 16w, https:\/\/medigames.com\/wp-content\/uploads\/2025\/12\/PETRAM-RESORT-1200x897.png 1200w, https:\/\/medigames.com\/wp-content\/uploads\/2025\/12\/PETRAM-RESORT-1980x1480.png 1980w\" sizes=\"auto, (max-width: 2560px) 100vw, 2560px\" \/><\/figure>\n\n\n\n<p>La comp\u00e9tition de golf aura lieu au Golf Adriatic (PGA National Croatia), situ\u00e9 au nord-est de l'Istrie, \u00e0 environ une heure de route du centre des Jeux. Pour \u00e9viter ce trajet, les participants seront h\u00e9berg\u00e9s au Petram Resort, \u00e0 proximit\u00e9 des terrains de golf.<br>Ce complexe 4 \u00e9toiles de luxe propose des appartements et des studios modernes, enti\u00e8rement \u00e9quip\u00e9s pour un s\u00e9jour en toute autonomie.<br>Avec une vue panoramique sur la mer Adriatique, le Petram Resort se distingue par son cadre exceptionnel, o\u00f9 \u00e9l\u00e9gance et<br>le raffinement s'harmonisent parfaitement.<\/p>\n\n\n\n<p><\/p>\n\n\n\n<p><\/p>\n<\/div>\n\n\n\n<div class=\"wp-block-uagb-container uagb-block-523f9216\">\n<figure class=\"wp-block-image size-large\"><img loading=\"lazy\" decoding=\"async\" width=\"1024\" height=\"640\" src=\"https:\/\/medigames.com\/wp-content\/uploads\/2025\/12\/PETRAM-RESORT-Piscine-1024x640.jpg\" alt=\"\" class=\"wp-image-15519\" srcset=\"https:\/\/medigames.com\/wp-content\/uploads\/2025\/12\/PETRAM-RESORT-Piscine-1024x640.jpg 1024w, https:\/\/medigames.com\/wp-content\/uploads\/2025\/12\/PETRAM-RESORT-Piscine-300x188.jpg 300w, https:\/\/medigames.com\/wp-content\/uploads\/2025\/12\/PETRAM-RESORT-Piscine-768x480.jpg 768w, https:\/\/medigames.com\/wp-content\/uploads\/2025\/12\/PETRAM-RESORT-Piscine-1536x960.jpg 1536w, https:\/\/medigames.com\/wp-content\/uploads\/2025\/12\/PETRAM-RESORT-Piscine-18x12.jpg 18w, https:\/\/medigames.com\/wp-content\/uploads\/2025\/12\/PETRAM-RESORT-Piscine-1200x750.jpg 1200w, https:\/\/medigames.com\/wp-content\/uploads\/2025\/12\/PETRAM-RESORT-Piscine.jpg 1600w\" sizes=\"auto, (max-width: 1024px) 100vw, 1024px\" \/><\/figure>\n\n\n\n<p><em><strong>2 types d'h\u00e9bergement :<\/strong><\/em><\/p>\n\n\n\n<p><em><strong>- <\/strong><\/em><strong>Studio Deluxe <\/strong><em><strong>(32\u201334 m\u00b2) :<br>Il se compose d'une seule pi\u00e8ce avec un lit queen-size, d'une cuisine enti\u00e8rement \u00e9quip\u00e9e et d'une salle de bain avec douche ; le studio ne dispose pas de balcon.<\/strong><\/em><\/p>\n\n\n\n<p><em><strong>- <\/strong><\/em><strong>Appartement de luxe <\/strong><em><strong>(60-67 m\u00b2) : comprend une chambre moderne avec un lit king-size, une cuisine enti\u00e8rement \u00e9quip\u00e9e avec coin repas, un \u00e9l\u00e9gant salon avec canap\u00e9-lit, une salle de bains confortable avec douche et toilettes, et un balcon.<\/strong><\/em><\/p>\n<\/div>\n<\/div><\/div>\n\n\n\n<div class=\"wp-block-uagb-container uagb-layout-grid uagb-block-fef9e83c alignfull uagb-is-root-container\">\n<figure class=\"wp-block-image size-full is-resized\"><img decoding=\"async\" src=\"https:\/\/medigames.com\/wp-content\/uploads\/2025\/10\/LogoVilleMedu.png\" alt=\"\" style=\"width:auto;height:90px\"\/><\/figure>\n\n\n\n<figure class=\"wp-block-image size-full is-resized\"><img decoding=\"async\" src=\"https:\/\/medigames.com\/wp-content\/uploads\/2025\/10\/LogoMedCanadiens.png\" alt=\"\" style=\"width:auto;height:100px\"\/><\/figure>\n\n\n\n<figure class=\"wp-block-image size-full is-resized\"><img decoding=\"async\" src=\"https:\/\/medigames.com\/wp-content\/uploads\/2021\/10\/bauerfeind.png\" alt=\"\" style=\"width:auto;height:40px\"\/><\/figure>\n\n\n\n<figure class=\"wp-block-image size-large is-resized\"><img decoding=\"async\" src=\"https:\/\/medigames.com\/wp-content\/uploads\/2025\/10\/LogoMedulin-1024x298.jpg\" alt=\"\" style=\"width:auto;height:60px\"\/><\/figure>\n\n\n\n<figure class=\"wp-block-image size-full is-resized\"><img decoding=\"async\" src=\"https:\/\/medigames.com\/wp-content\/uploads\/2025\/12\/LOGOARENA.png\" alt=\"\" style=\"width:auto;height:50px\"\/><\/figure>\n\n\n\n<figure class=\"wp-block-image size-full is-resized\"><img decoding=\"async\" src=\"https:\/\/medigames.com\/wp-content\/uploads\/2025\/12\/LogoVLVHorizon.png\" alt=\"\" style=\"width:auto;height:70px\"\/><\/figure>\n<\/div>\n\n\n\n<div style=\"height:1px\" aria-hidden=\"true\" class=\"wp-block-spacer\"><\/div>","protected":false},"excerpt":{"rendered":"<p>Park Plaza Belvedere L'h\u00f4tel Park Plaza Belvedere, un \u00e9tablissement 4 \u00e9toiles appartenant au groupe Arena, b\u00e9n\u00e9ficie d'un emplacement privil\u00e9gi\u00e9...<\/p>","protected":false},"author":1,"featured_media":15391,"parent":0,"menu_order":2,"comment_status":"closed","ping_status":"closed","template":"","meta":{"_acf_changed":false,"_uag_custom_page_level_css":"","footnotes":""},"class_list":["post-13493","page","type-page","status-publish","has-post-thumbnail","hentry"],"acf":[],"uagb_featured_image_src":{"full":["https:\/\/medigames.com\/wp-content\/uploads\/2025\/10\/BannHotel-scaled.jpg",2560,640,false],"thumbnail":["https:\/\/medigames.com\/wp-content\/uploads\/2025\/10\/BannHotel-150x150.jpg",150,150,true],"medium":["https:\/\/medigames.com\/wp-content\/uploads\/2025\/10\/BannHotel-300x75.jpg",300,75,true],"medium_large":["https:\/\/medigames.com\/wp-content\/uploads\/2025\/10\/BannHotel-768x192.jpg",580,145,true],"large":["https:\/\/medigames.com\/wp-content\/uploads\/2025\/10\/BannHotel-1024x256.jpg",580,145,true],"1536x1536":["https:\/\/medigames.com\/wp-content\/uploads\/2025\/10\/BannHotel-1536x384.jpg",1536,384,true],"2048x2048":["https:\/\/medigames.com\/wp-content\/uploads\/2025\/10\/BannHotel-2048x512.jpg",2048,512,true],"trp-custom-language-flag":["https:\/\/medigames.com\/wp-content\/uploads\/2025\/10\/BannHotel-18x5.jpg",18,5,true],"post-thumbnail":["https:\/\/medigames.com\/wp-content\/uploads\/2025\/10\/BannHotel-1200x300.jpg",1200,300,true],"twentytwenty-fullscreen":["https:\/\/medigames.com\/wp-content\/uploads\/2025\/10\/BannHotel-1980x495.jpg",1980,495,true]},"uagb_author_info":{"display_name":"dfuzionadmin","author_link":"https:\/\/medigames.com\/fr\/author\/dfuzionadmin\/"},"uagb_comment_info":0,"uagb_excerpt":"Park Plaza Belvedere The Park Plaza Belvedere Hotel, a 4-star establishment belonging to the Arena Group, enjoys a privileged location&hellip;","_links":{"self":[{"href":"https:\/\/medigames.com\/fr\/wp-json\/wp\/v2\/pages\/13493","targetHints":{"allow":["GET"]}}],"collection":[{"href":"https:\/\/medigames.com\/fr\/wp-json\/wp\/v2\/pages"}],"about":[{"href":"https:\/\/medigames.com\/fr\/wp-json\/wp\/v2\/types\/page"}],"author":[{"embeddable":true,"href":"https:\/\/medigames.com\/fr\/wp-json\/wp\/v2\/users\/1"}],"replies":[{"embeddable":true,"href":"https:\/\/medigames.com\/fr\/wp-json\/wp\/v2\/comments?post=13493"}],"version-history":[{"count":0,"href":"https:\/\/medigames.com\/fr\/wp-json\/wp\/v2\/pages\/13493\/revisions"}],"wp:featuredmedia":[{"embeddable":true,"href":"https:\/\/medigames.com\/fr\/wp-json\/wp\/v2\/media\/15391"}],"wp:attachment":[{"href":"https:\/\/medigames.com\/fr\/wp-json\/wp\/v2\/media?parent=13493"}],"curies":[{"name":"wp","href":"https:\/\/api.w.org\/{rel}","templated":true}]}}