{"id":15689,"date":"2025-12-12T18:19:24","date_gmt":"2025-12-12T17:19:24","guid":{"rendered":"https:\/\/medigames.com\/?page_id=15689"},"modified":"2026-01-13T08:41:21","modified_gmt":"2026-01-13T07:41:21","slug":"prices-duplication-duplication","status":"publish","type":"page","link":"https:\/\/medigames.com\/fr\/register\/prices-duplication-duplication\/","title":{"rendered":"T\u00e9moignages"},"content":{"rendered":"<div style=\"height:40px\" aria-hidden=\"true\" class=\"wp-block-spacer\"><\/div>\n\n\n\n<section class=\"wp-block-uagb-columns uagb-columns__wrap uagb-columns__background-none uagb-columns__stack-mobile uagb-columns__valign- uagb-columns__gap-10 align uagb-block-f362e8c8 uagb-columns__columns-3 uagb-columns__max_width-custom fondbloc\"><div class=\"uagb-columns__overlay\"><\/div><div class=\"uagb-columns__inner-wrap uagb-columns__columns-3\">\n<div class=\"wp-block-uagb-column uagb-column__wrap uagb-column__background-color uagb-block-43249761\"><div class=\"uagb-column__overlay\"><\/div>\n<h2 class=\"wp-block-heading pictotitre\" id=\"price-chart\">Nader HABIB<\/h2>\n\n\n\n<blockquote class=\"wp-block-quote is-layout-flow wp-block-quote-is-layout-flow\">\n<p class=\"has-normal-font-size\" style=\"border-style:none;border-width:0px;padding-top:0;padding-right:0;padding-bottom:0;padding-left:0\"><strong>22 PARTICIPATIONS<\/strong><\/p>\n<\/blockquote>\n\n\n\n<p class=\"has-normal-font-size\">Pour moi, les Medigames sont l'occasion de r\u00e9unir des personnes venues du monde entier et de joindre l'utile \u00e0 l'agr\u00e9able en pratiquant notre sport favori, en participant au symposium et en faisant la f\u00eate.<\/p>\n\n\n<div class=\"wp-block-image\">\n<figure class=\"aligncenter size-medium\"><img decoding=\"async\" src=\"https:\/\/medigames.com\/wp-content\/uploads\/2025\/12\/HABIB-268x300.png\" alt=\"\" class=\"wp-image-15697\"\/><\/figure>\n<\/div>\n\n\n<p><\/p>\n\n\n\n<p><\/p>\n<\/div>\n\n\n\n<div class=\"wp-block-uagb-column uagb-column__wrap uagb-column__background-none uagb-block-fd51f01c\"><div class=\"uagb-column__overlay\"><\/div>\n<p><\/p>\n<\/div>\n\n\n\n<div class=\"wp-block-uagb-column uagb-column__wrap uagb-column__background-color uagb-block-e97af048\"><div class=\"uagb-column__overlay\"><\/div>\n<h2 class=\"wp-block-heading\">Anja GUNTERMANN<\/h2>\n\n\n\n<blockquote class=\"wp-block-quote is-layout-flow wp-block-quote-is-layout-flow\">\n<p class=\"has-normal-font-size\"><strong>15 PARTICIPATIONS<\/strong><\/p>\n<\/blockquote>\n\n\n\n<p class=\"has-normal-font-size\">Nous ne sommes pas en concurrence les uns avec les autres, nous sommes en comp\u00e9tition les uns avec les autres, a dit un jour un joueur de tennis. J'ai donc attrap\u00e9 le virus des Medigames \u00e0 Garmisch en 2008, qui s'est transform\u00e9 en une maladie chronique avec 15 pouss\u00e9es jusqu'\u00e0 pr\u00e9sent. Rencontrer des amis des ann\u00e9es pr\u00e9c\u00e9dentes et me faire de nouveaux amis du monde entier est tr\u00e8s enrichissant. Les pr\u00e9sentations lors du symposium m'apportent souvent de nouvelles informations. Il est clair que le virus des Medigames affecte \u00e0 la fois le corps et l'esprit, et je ne m'attends pas \u00e0 \u00eatre gu\u00e9ri de sit\u00f4t.<\/p>\n\n\n<div class=\"wp-block-image\">\n<figure class=\"aligncenter size-medium\"><img loading=\"lazy\" decoding=\"async\" width=\"245\" height=\"300\" src=\"https:\/\/medigames.com\/wp-content\/uploads\/2025\/12\/GUNTER-245x300.png\" alt=\"\" class=\"wp-image-15698\" srcset=\"https:\/\/medigames.com\/wp-content\/uploads\/2025\/12\/GUNTER-245x300.png 245w, https:\/\/medigames.com\/wp-content\/uploads\/2025\/12\/GUNTER-837x1024.png 837w, https:\/\/medigames.com\/wp-content\/uploads\/2025\/12\/GUNTER-768x940.png 768w, https:\/\/medigames.com\/wp-content\/uploads\/2025\/12\/GUNTER-10x12.png 10w, https:\/\/medigames.com\/wp-content\/uploads\/2025\/12\/GUNTER.png 938w\" sizes=\"auto, (max-width: 245px) 100vw, 245px\" \/><\/figure>\n<\/div><\/div>\n<\/div><\/section>\n\n\n\n<section class=\"wp-block-uagb-columns uagb-columns__wrap uagb-columns__background-none uagb-columns__stack-mobile uagb-columns__valign- uagb-columns__gap-10 align uagb-block-49635b79 uagb-columns__columns-3 uagb-columns__max_width-custom fondbloc\"><div class=\"uagb-columns__overlay\"><\/div><div class=\"uagb-columns__inner-wrap uagb-columns__columns-3\">\n<div class=\"wp-block-uagb-column uagb-column__wrap uagb-column__background-color uagb-block-1e63f50a\"><div class=\"uagb-column__overlay\"><\/div>\n<h2 class=\"wp-block-heading pictotitre\" id=\"price-chart\"> Nima YEGANEH<\/h2>\n\n\n\n<blockquote class=\"wp-block-quote is-layout-flow wp-block-quote-is-layout-flow\">\n<p class=\"has-normal-font-size\"><strong>7 PARTICIPATIONS<\/strong><\/p>\n<\/blockquote>\n\n\n\n<p class=\"has-normal-font-size\">Les Medigames ne sont pas seulement des comp\u00e9titions pour moi. C'est un mode de vie. Tout au long de l'ann\u00e9e, je fais r\u00e9guli\u00e8rement de l'exercice et je maintiens mon poids afin de pouvoir participer aux Medigames. Aujourd'hui, les Medigames font partie int\u00e9grante de ma vie. Je vis pour participer aux Medigames.<\/p>\n\n\n<div class=\"wp-block-image\">\n<figure class=\"aligncenter size-medium\"><img loading=\"lazy\" decoding=\"async\" width=\"247\" height=\"300\" src=\"https:\/\/medigames.com\/wp-content\/uploads\/2025\/12\/YEGA-247x300.png\" alt=\"\" class=\"wp-image-15696\" srcset=\"https:\/\/medigames.com\/wp-content\/uploads\/2025\/12\/YEGA-247x300.png 247w, https:\/\/medigames.com\/wp-content\/uploads\/2025\/12\/YEGA-842x1024.png 842w, https:\/\/medigames.com\/wp-content\/uploads\/2025\/12\/YEGA-768x934.png 768w, https:\/\/medigames.com\/wp-content\/uploads\/2025\/12\/YEGA-10x12.png 10w, https:\/\/medigames.com\/wp-content\/uploads\/2025\/12\/YEGA.png 924w\" sizes=\"auto, (max-width: 247px) 100vw, 247px\" \/><\/figure>\n<\/div>\n\n\n<p><\/p>\n\n\n\n<p><\/p>\n\n\n\n<p><\/p>\n\n\n\n<p><\/p>\n<\/div>\n\n\n\n<div class=\"wp-block-uagb-column uagb-column__wrap uagb-column__background-none uagb-block-a5ccb56e\"><div class=\"uagb-column__overlay\"><\/div>\n<p><\/p>\n<\/div>\n\n\n\n<div class=\"wp-block-uagb-column uagb-column__wrap uagb-column__background-color uagb-block-2f4c7b95\"><div class=\"uagb-column__overlay\"><\/div>\n<h2 class=\"wp-block-heading\">Valery YUSUPOV<\/h2>\n\n\n\n<blockquote class=\"wp-block-quote is-layout-flow wp-block-quote-is-layout-flow\">\n<p class=\"has-normal-font-size\"><strong>3 PARTICIPATIONS<\/strong><\/p>\n<\/blockquote>\n\n\n\n<p class=\"has-normal-font-size\">Les gens oublieront ce que vous avez dit, ils oublieront ce que vous avez fait, mais ils n'oublieront jamais ce que vous leur avez fait ressentir aux MEDIGAMES. Mon \u00e9quipe et moi-m\u00eame avons particip\u00e9 \u00e0 trois \u00e9ditions des MEDIGAMES.<\/p>\n\n\n\n<ul class=\"wp-block-list\">\n<li><\/li>\n<\/ul>\n\n\n<div class=\"wp-block-image\">\n<figure class=\"aligncenter size-medium\"><img decoding=\"async\" src=\"https:\/\/medigames.com\/wp-content\/uploads\/2025\/12\/YUSUPOV-246x300.png\" alt=\"\" class=\"wp-image-15695\"\/><\/figure>\n<\/div><\/div>\n<\/div><\/section>\n\n\n\n<section class=\"wp-block-uagb-columns uagb-columns__wrap uagb-columns__background-none uagb-columns__stack-mobile uagb-columns__valign- uagb-columns__gap-10 align uagb-block-049545bc uagb-columns__columns-3 uagb-columns__max_width-custom fondbloc\"><div class=\"uagb-columns__overlay\"><\/div><div class=\"uagb-columns__inner-wrap uagb-columns__columns-3\">\n<div class=\"wp-block-uagb-column uagb-column__wrap uagb-column__background-color uagb-block-b281a232\"><div class=\"uagb-column__overlay\"><\/div>\n<h2 class=\"wp-block-heading pictotitre\" id=\"price-chart\">Marina BAGNIOLI<\/h2>\n\n\n\n<blockquote class=\"wp-block-quote is-layout-flow wp-block-quote-is-layout-flow\">\n<p class=\"has-normal-font-size\"><strong>2 PARTICIPATIONS<\/strong><\/p>\n<\/blockquote>\n\n\n\n<p style=\"font-size:17px\">Pour moi, Medigames est un \u00e9v\u00e9nement formidable qui, avant tout, rassemble des personnes ayant beaucoup de points communs : l'amour de la m\u00e9decine, l'engagement en faveur de la sant\u00e9 et la passion du sport. C'est un lieu de rencontre entre coll\u00e8gues et amis venus de diff\u00e9rentes parties du monde, cr\u00e9ant une atmosph\u00e8re unique o\u00f9 nous avons pu partager nos valeurs et nos exp\u00e9riences dans le cadre d'une comp\u00e9tition saine et d'une camaraderie unique. Jusqu'\u00e0 pr\u00e9sent, je n'ai pu participer qu'\u00e0 deux \u00e9ditions, mais j'esp\u00e8re pouvoir continuer \u00e0 le faire, car chaque occasion me rappelle que j'appr\u00e9cie particuli\u00e8rement ce type d'activit\u00e9s. Merci Med\u00ed-friends !<\/p>\n\n\n<div class=\"wp-block-image\">\n<figure class=\"aligncenter size-medium\"><img decoding=\"async\" src=\"https:\/\/medigames.com\/wp-content\/uploads\/2025\/12\/BAGNIOLI-250x300.png\" alt=\"\" class=\"wp-image-15699\"\/><\/figure>\n<\/div>\n\n\n<p><\/p>\n\n\n\n<p><\/p>\n\n\n\n<p><\/p>\n\n\n\n<p><\/p>\n<\/div>\n\n\n\n<div class=\"wp-block-uagb-column uagb-column__wrap uagb-column__background-none uagb-block-565114d1\"><div class=\"uagb-column__overlay\"><\/div>\n<p><\/p>\n<\/div>\n\n\n\n<div class=\"wp-block-uagb-column uagb-column__wrap uagb-column__background-color uagb-block-86982533\"><div class=\"uagb-column__overlay\"><\/div>\n<h2 class=\"wp-block-heading\">Anish GEORGE<\/h2>\n\n\n\n<blockquote class=\"wp-block-quote is-layout-flow wp-block-quote-is-layout-flow\">\n<p class=\"has-normal-font-size\"><strong>2 PARTICIPATIONS<\/strong><\/p>\n<\/blockquote>\n\n\n\n<p class=\"has-normal-font-size\">Pour moi, les Medigames ont \u00e9t\u00e9 une ar\u00e8ne mondiale o\u00f9 j'ai pu tester mes limites face \u00e0 des concurrents venus du monde entier, des personnes qui partagent la m\u00eame passion, la m\u00eame discipline et le m\u00eame esprit. Au fil des ans, de nombreux concurrents sont devenus des amis proches, voire des membres de ma famille, unis par cette exp\u00e9rience incroyable. Le plus inspirant est de voir l'\u00e9nergie in\u00e9puisable des athl\u00e8tes plus \u00e2g\u00e9s, qui prouvent ann\u00e9e apr\u00e8s ann\u00e9e que l'\u00e2ge n'est qu'un chiffre et que la vitalit\u00e9, la forme physique et la joie sont des objectifs \u00e0 poursuivre tout au long de la vie.<\/p>\n\n\n\n<ul class=\"wp-block-list\">\n<li><\/li>\n<\/ul>\n\n\n<div class=\"wp-block-image\">\n<figure class=\"aligncenter size-medium\"><img loading=\"lazy\" decoding=\"async\" width=\"249\" height=\"300\" src=\"https:\/\/medigames.com\/wp-content\/uploads\/2025\/12\/GEORGE-249x300.png\" alt=\"\" class=\"wp-image-15700\" srcset=\"https:\/\/medigames.com\/wp-content\/uploads\/2025\/12\/GEORGE-249x300.png 249w, https:\/\/medigames.com\/wp-content\/uploads\/2025\/12\/GEORGE-848x1024.png 848w, https:\/\/medigames.com\/wp-content\/uploads\/2025\/12\/GEORGE-768x927.png 768w, https:\/\/medigames.com\/wp-content\/uploads\/2025\/12\/GEORGE-10x12.png 10w, https:\/\/medigames.com\/wp-content\/uploads\/2025\/12\/GEORGE.png 908w\" sizes=\"auto, (max-width: 249px) 100vw, 249px\" \/><\/figure>\n<\/div><\/div>\n<\/div><\/section>\n\n\n\n<hr class=\"wp-block-separator has-text-color has-noir-color has-css-opacity has-noir-background-color has-background tw-mt-0 tw-mb-6 is-style-wide\"\/>\n\n\n\n<div class=\"wp-block-uagb-container uagb-layout-grid uagb-block-fef9e83c alignfull uagb-is-root-container\">\n<figure class=\"wp-block-image size-full is-resized\"><img decoding=\"async\" src=\"https:\/\/medigames.com\/wp-content\/uploads\/2025\/10\/LogoVilleMedu.png\" alt=\"\" style=\"width:auto;height:90px\"\/><\/figure>\n\n\n\n<figure class=\"wp-block-image size-full is-resized\"><img decoding=\"async\" src=\"https:\/\/medigames.com\/wp-content\/uploads\/2025\/10\/LogoMedCanadiens.png\" alt=\"\" style=\"width:auto;height:100px\"\/><\/figure>\n\n\n\n<figure class=\"wp-block-image size-full is-resized\"><img decoding=\"async\" src=\"https:\/\/medigames.com\/wp-content\/uploads\/2021\/10\/bauerfeind.png\" alt=\"\" style=\"width:auto;height:40px\"\/><\/figure>\n\n\n\n<figure class=\"wp-block-image size-large is-resized\"><img decoding=\"async\" src=\"https:\/\/medigames.com\/wp-content\/uploads\/2025\/10\/LogoMedulin-1024x298.jpg\" alt=\"\" style=\"width:auto;height:60px\"\/><\/figure>\n\n\n\n<figure class=\"wp-block-image size-full is-resized\"><img decoding=\"async\" src=\"https:\/\/medigames.com\/wp-content\/uploads\/2025\/12\/LOGOARENA.png\" alt=\"\" style=\"width:auto;height:50px\"\/><\/figure>\n\n\n\n<figure class=\"wp-block-image size-full is-resized\"><img decoding=\"async\" src=\"https:\/\/medigames.com\/wp-content\/uploads\/2025\/12\/LogoVLVHorizon.png\" alt=\"\" style=\"width:auto;height:70px\"\/><\/figure>\n<\/div>\n\n\n\n<div style=\"height:1px\" aria-hidden=\"true\" class=\"wp-block-spacer\"><\/div>","protected":false},"excerpt":{"rendered":"<p>Nader HABIB 22 PARTICIPATIONS Pour moi, les Medigames sont l'occasion de r\u00e9unir des personnes du monde entier et\u2026<\/p>","protected":false},"author":5,"featured_media":15710,"parent":6725,"menu_order":0,"comment_status":"closed","ping_status":"closed","template":"","meta":{"_acf_changed":false,"_uag_custom_page_level_css":"","footnotes":""},"class_list":["post-15689","page","type-page","status-publish","has-post-thumbnail","hentry"],"acf":[],"uagb_featured_image_src":{"full":["https:\/\/medigames.com\/wp-content\/uploads\/2025\/12\/BannTestimo.jpg",2126,897,false],"thumbnail":["https:\/\/medigames.com\/wp-content\/uploads\/2025\/12\/BannTestimo-150x150.jpg",150,150,true],"medium":["https:\/\/medigames.com\/wp-content\/uploads\/2025\/12\/BannTestimo-300x127.jpg",300,127,true],"medium_large":["https:\/\/medigames.com\/wp-content\/uploads\/2025\/12\/BannTestimo-768x324.jpg",580,245,true],"large":["https:\/\/medigames.com\/wp-content\/uploads\/2025\/12\/BannTestimo-1024x432.jpg",580,245,true],"1536x1536":["https:\/\/medigames.com\/wp-content\/uploads\/2025\/12\/BannTestimo-1536x648.jpg",1536,648,true],"2048x2048":["https:\/\/medigames.com\/wp-content\/uploads\/2025\/12\/BannTestimo-2048x864.jpg",2048,864,true],"trp-custom-language-flag":["https:\/\/medigames.com\/wp-content\/uploads\/2025\/12\/BannTestimo-18x8.jpg",18,8,true],"post-thumbnail":["https:\/\/medigames.com\/wp-content\/uploads\/2025\/12\/BannTestimo-1200x506.jpg",1200,506,true],"twentytwenty-fullscreen":["https:\/\/medigames.com\/wp-content\/uploads\/2025\/12\/BannTestimo-1980x835.jpg",1980,835,true]},"uagb_author_info":{"display_name":"mediAdmin","author_link":"https:\/\/medigames.com\/fr\/author\/mediadmin\/"},"uagb_comment_info":0,"uagb_excerpt":"Nader HABIB 22 PARTICIPATIONS For me, the Medigames are an opportunity to bring together people from around the world and&hellip;","_links":{"self":[{"href":"https:\/\/medigames.com\/fr\/wp-json\/wp\/v2\/pages\/15689","targetHints":{"allow":["GET"]}}],"collection":[{"href":"https:\/\/medigames.com\/fr\/wp-json\/wp\/v2\/pages"}],"about":[{"href":"https:\/\/medigames.com\/fr\/wp-json\/wp\/v2\/types\/page"}],"author":[{"embeddable":true,"href":"https:\/\/medigames.com\/fr\/wp-json\/wp\/v2\/users\/5"}],"replies":[{"embeddable":true,"href":"https:\/\/medigames.com\/fr\/wp-json\/wp\/v2\/comments?post=15689"}],"version-history":[{"count":0,"href":"https:\/\/medigames.com\/fr\/wp-json\/wp\/v2\/pages\/15689\/revisions"}],"up":[{"embeddable":true,"href":"https:\/\/medigames.com\/fr\/wp-json\/wp\/v2\/pages\/6725"}],"wp:featuredmedia":[{"embeddable":true,"href":"https:\/\/medigames.com\/fr\/wp-json\/wp\/v2\/media\/15710"}],"wp:attachment":[{"href":"https:\/\/medigames.com\/fr\/wp-json\/wp\/v2\/media?parent=15689"}],"curies":[{"name":"wp","href":"https:\/\/api.w.org\/{rel}","templated":true}]}}