{"id":7682,"date":"2018-09-21T16:41:37","date_gmt":"2018-09-21T14:41:37","guid":{"rendered":"http:\/\/www.medigames.com\/?page_id=7682"},"modified":"2026-05-05T07:29:22","modified_gmt":"2026-05-05T05:29:22","slug":"prices","status":"publish","type":"page","link":"https:\/\/medigames.com\/fr\/register\/prices\/","title":{"rendered":"Tarifs"},"content":{"rendered":"<div style=\"height:40px\" aria-hidden=\"true\" class=\"wp-block-spacer\"><\/div>\n\n\n\n<section class=\"wp-block-uagb-columns uagb-columns__wrap uagb-columns__background-none uagb-columns__stack-mobile uagb-columns__valign- uagb-columns__gap-10 align uagb-block-f362e8c8 uagb-columns__columns-3 uagb-columns__max_width-custom fondbloc\"><div class=\"uagb-columns__overlay\"><\/div><div class=\"uagb-columns__inner-wrap uagb-columns__columns-3\">\n<div class=\"wp-block-uagb-column uagb-column__wrap uagb-column__background-color uagb-block-43249761\"><div class=\"uagb-column__overlay\"><\/div>\n<h2 class=\"wp-block-heading pictotitre\" id=\"price-chart\">PACKAGES<\/h2>\n\n\n\n<p><strong>FORFAIT 1 - Participant<\/strong><\/p>\n\n\n\n<p>Professionnel de sant\u00e9 ou \u00e9tudiant (ce tarif ne comprend pas les offres sp\u00e9ciales)<\/p>\n\n\n\n<p><strong>PACKAGE 2 - Accompagner l'athl\u00e8te<\/strong><\/p>\n\n\n\n<p>Accompagnateur d'un forfait 1 non professionnel de sant\u00e9, \u00e2g\u00e9 de plus de 16 ans et souhaitant participer aux \u00e9preuves sportives. <br>Les personnes accompagnantes sont incluses dans un classement particulier.<\/p>\n\n\n\n<p><strong>FORFAIT 3 - Personne accompagnant un non-athl\u00e8te<\/strong><\/p>\n\n\n\n<p>Accompagnateur d'un forfait 1 qui ne souhaite pas participer aux \u00e9v\u00e9nements sportifs <\/p>\n\n\n\n<p><strong>FORFAIT 4 - Enfant<\/strong><\/p>\n\n\n\n<p>Enfants de moins de 12 ans accompagnant un invit\u00e9 du forfait 1.<\/p>\n<\/div>\n\n\n\n<div class=\"wp-block-uagb-column uagb-column__wrap uagb-column__background-none uagb-block-fd51f01c\"><div class=\"uagb-column__overlay\"><\/div>\n<p><\/p>\n<\/div>\n\n\n\n<div class=\"wp-block-uagb-column uagb-column__wrap uagb-column__background-color uagb-block-e97af048\"><div class=\"uagb-column__overlay\"><\/div>\n<h2 class=\"wp-block-heading\">Prix 2026<\/h2>\n\n\n\n<p><strong>AVEC H\u00c9BERGEMENT<\/strong><\/p>\n\n\n\n<p><strong>Prix par personne pour 5 nuits<\/strong> en occupation quadruple, triple, double\/twin ou simple.<\/p>\n\n\n\n<figure class=\"wp-block-image size-large\"><a href=\"https:\/\/medigames.com\/wp-content\/uploads\/2025\/12\/tableau-des-prix.png\" target=\"_blank\" rel=\" noreferhttps:\/\/medigames.com\/wp-content\/uploads\/2025\/12\/tableau-des-prix.pngrer noopener\"><img decoding=\"async\" src=\"https:\/\/medigames.com\/wp-content\/uploads\/2025\/12\/tableau-des-prix.png\" alt=\"\"\/><\/a><\/figure>\n\n\n\n<p><strong>SANS H\u00c9BERGEMENT<\/strong><\/p>\n\n\n\n<ul class=\"wp-block-list\"><\/ul>\n\n\n\n<figure class=\"wp-block-image size-large\"><a href=\"https:\/\/medigames.com\/wp-content\/uploads\/2026\/05\/Tablo-SS-hotel.png\"><img loading=\"lazy\" decoding=\"async\" width=\"1024\" height=\"756\" src=\"https:\/\/medigames.com\/wp-content\/uploads\/2026\/05\/Tablo-SS-hotel-1024x756.png\" alt=\"\" class=\"wp-image-16341\" srcset=\"https:\/\/medigames.com\/wp-content\/uploads\/2026\/05\/Tablo-SS-hotel-1024x756.png 1024w, https:\/\/medigames.com\/wp-content\/uploads\/2026\/05\/Tablo-SS-hotel-300x221.png 300w, https:\/\/medigames.com\/wp-content\/uploads\/2026\/05\/Tablo-SS-hotel-768x567.png 768w, https:\/\/medigames.com\/wp-content\/uploads\/2026\/05\/Tablo-SS-hotel-16x12.png 16w, https:\/\/medigames.com\/wp-content\/uploads\/2026\/05\/Tablo-SS-hotel-1200x886.png 1200w, https:\/\/medigames.com\/wp-content\/uploads\/2026\/05\/Tablo-SS-hotel.png 1290w\" sizes=\"auto, (max-width: 1024px) 100vw, 1024px\" \/><\/a><\/figure>\n<\/div>\n<\/div><\/section>\n\n\n\n<hr class=\"wp-block-separator has-text-color has-noir-color has-css-opacity has-noir-background-color has-background tw-mt-8 tw-mb-6 is-style-wide\"\/>\n\n\n\n<section class=\"wp-block-uagb-columns uagb-columns__wrap uagb-columns__background-none uagb-columns__stack-mobile uagb-columns__valign- uagb-columns__gap-10 align uagb-block-c9e713f2 uagb-columns__columns-3 uagb-columns__max_width-custom\"><div class=\"uagb-columns__overlay\"><\/div><div class=\"uagb-columns__inner-wrap uagb-columns__columns-3\">\n<div class=\"wp-block-uagb-column uagb-column__wrap uagb-column__background-color uagb-block-1e44784e\"><div class=\"uagb-column__overlay\"><\/div><div class=\"wp-block-image\">\n<figure class=\"aligncenter size-full\"><img loading=\"lazy\" decoding=\"async\" width=\"1392\" height=\"1204\" src=\"https:\/\/medigames.com\/wp-content\/uploads\/2025\/12\/TamponReferal.png\" alt=\"\" class=\"wp-image-15587\" srcset=\"https:\/\/medigames.com\/wp-content\/uploads\/2025\/12\/TamponReferal.png 1392w, https:\/\/medigames.com\/wp-content\/uploads\/2025\/12\/TamponReferal-300x259.png 300w, https:\/\/medigames.com\/wp-content\/uploads\/2025\/12\/TamponReferal-1024x886.png 1024w, https:\/\/medigames.com\/wp-content\/uploads\/2025\/12\/TamponReferal-768x664.png 768w, https:\/\/medigames.com\/wp-content\/uploads\/2025\/12\/TamponReferal-14x12.png 14w, https:\/\/medigames.com\/wp-content\/uploads\/2025\/12\/TamponReferal-1200x1038.png 1200w\" sizes=\"auto, (max-width: 1392px) 100vw, 1392px\" \/><\/figure>\n<\/div><\/div>\n\n\n\n<div class=\"wp-block-uagb-column uagb-column__wrap uagb-column__background-none uagb-block-72ab50f2\"><div class=\"uagb-column__overlay\"><\/div><\/div>\n\n\n\n<div class=\"wp-block-uagb-column uagb-column__wrap uagb-column__background-color uagb-block-e7659954\"><div class=\"uagb-column__overlay\"><\/div>\n<h3 class=\"wp-block-heading tw-mt-0\" id=\"student-offers\">OFFRE DE SPONSORING<\/h3>\n\n\n\n<p>\ud83d\udca5<strong>&nbsp;<\/strong>Vous souhaitez parrainer un nouveau participant ?<br>B\u00e9n\u00e9ficiez d'une r\u00e9duction de 75 \u20ac sur votre forfait en parrainant un nouveau participant !<\/p>\n<\/div>\n<\/div><\/section>\n\n\n\n<section class=\"wp-block-uagb-columns uagb-columns__wrap uagb-columns__background-none uagb-columns__stack-mobile uagb-columns__valign- uagb-columns__gap-10 align uagb-block-7b543a3a uagb-columns__columns-3 uagb-columns__max_width-custom\"><div class=\"uagb-columns__overlay\"><\/div><div class=\"uagb-columns__inner-wrap uagb-columns__columns-3\">\n<div class=\"wp-block-uagb-column uagb-column__wrap uagb-column__background-color uagb-block-58aefff4\"><div class=\"uagb-column__overlay\"><\/div><div class=\"wp-block-image\">\n<figure class=\"aligncenter size-full is-resized\"><img loading=\"lazy\" decoding=\"async\" width=\"673\" height=\"477\" src=\"https:\/\/medigames.com\/wp-content\/uploads\/2021\/11\/students-e1638892906902.png\" alt=\"\" class=\"wp-image-11343\" style=\"width:200px;height:141px\" srcset=\"https:\/\/medigames.com\/wp-content\/uploads\/2021\/11\/students-e1638892906902.png 673w, https:\/\/medigames.com\/wp-content\/uploads\/2021\/11\/students-e1638892906902-300x213.png 300w, https:\/\/medigames.com\/wp-content\/uploads\/2021\/11\/students-e1638892906902-18x12.png 18w\" sizes=\"auto, (max-width: 673px) 100vw, 673px\" \/><\/figure>\n<\/div><\/div>\n\n\n\n<div class=\"wp-block-uagb-column uagb-column__wrap uagb-column__background-none uagb-block-e7cbd898\"><div class=\"uagb-column__overlay\"><\/div><\/div>\n\n\n\n<div class=\"wp-block-uagb-column uagb-column__wrap uagb-column__background-color uagb-block-941bf5e8\"><div class=\"uagb-column__overlay\"><\/div>\n<h3 class=\"wp-block-heading tw-mt-0\" id=\"student-offers\">OFFRES D'\u00c9TUDIANTS<\/h3>\n\n\n\n<p>\ud83d\udca5<strong>&nbsp;Avec logement :<\/strong> Profitez d'une r\u00e9duction de 100 \u20ac sur votre forfait 1.<br>\ud83d\udca5&nbsp;<strong>Sans h\u00e9bergement :<\/strong> Profitez d'un forfait 1 ou 2 tous sports pour 100 \u20ac.<\/p>\n<\/div>\n<\/div><\/section>\n\n\n\n<section class=\"wp-block-uagb-columns uagb-columns__wrap uagb-columns__background-none uagb-columns__stack-mobile uagb-columns__valign- uagb-columns__gap-10 align uagb-block-1dcef1a8 uagb-columns__columns-3 uagb-columns__max_width-custom\"><div class=\"uagb-columns__overlay\"><\/div><div class=\"uagb-columns__inner-wrap uagb-columns__columns-3\">\n<div class=\"wp-block-uagb-column uagb-column__wrap uagb-column__background-color uagb-block-95e9675b\"><div class=\"uagb-column__overlay\"><\/div><div class=\"wp-block-image\">\n<figure class=\"aligncenter size-full\"><img loading=\"lazy\" decoding=\"async\" width=\"336\" height=\"201\" src=\"https:\/\/medigames.com\/wp-content\/uploads\/2022\/01\/groups.png\" alt=\"rabais pour les groupes\" class=\"wp-image-12115\" srcset=\"https:\/\/medigames.com\/wp-content\/uploads\/2022\/01\/groups.png 336w, https:\/\/medigames.com\/wp-content\/uploads\/2022\/01\/groups-300x179.png 300w, https:\/\/medigames.com\/wp-content\/uploads\/2022\/01\/groups-18x12.png 18w\" sizes=\"auto, (max-width: 336px) 100vw, 336px\" \/><\/figure>\n<\/div><\/div>\n\n\n\n<div class=\"wp-block-uagb-column uagb-column__wrap uagb-column__background-undefined uagb-block-30c332a5\"><div class=\"uagb-column__overlay\"><\/div><\/div>\n\n\n\n<div class=\"wp-block-uagb-column uagb-column__wrap uagb-column__background-undefined uagb-block-7033f905\"><div class=\"uagb-column__overlay\"><\/div>\n<h3 class=\"wp-block-heading tw-mt-0\" id=\"group-offer\">Offre de groupe<\/h3>\n\n\n\n<p>Votre groupe comprend plus de 10 personnes dans le forfait 1 ou 2 ?<br>B\u00e9n\u00e9ficiez d'une r\u00e9duction de 250 \u20ac par tranche de 10 participants inscrits, sur le montant total de vos forfaits.<\/p>\n<\/div>\n<\/div><\/section>\n\n\n\n<section class=\"wp-block-uagb-columns uagb-columns__wrap uagb-columns__background-none uagb-columns__stack-mobile uagb-columns__valign- uagb-columns__gap-10 align uagb-block-f0bea6e5 uagb-columns__columns-3 uagb-columns__max_width-custom\"><div class=\"uagb-columns__overlay\"><\/div><div class=\"uagb-columns__inner-wrap uagb-columns__columns-3\">\n<div class=\"wp-block-uagb-column uagb-column__wrap uagb-column__background-color uagb-block-2bdf4ff8\"><div class=\"uagb-column__overlay\"><\/div><div class=\"wp-block-image\">\n<figure class=\"aligncenter size-full\"><img loading=\"lazy\" decoding=\"async\" width=\"320\" height=\"140\" src=\"https:\/\/medigames.com\/wp-content\/uploads\/2021\/11\/Logo-Medecins-Francophones-du-Canada-.jpeg\" alt=\"\" class=\"wp-image-11344\" srcset=\"https:\/\/medigames.com\/wp-content\/uploads\/2021\/11\/Logo-Medecins-Francophones-du-Canada-.jpeg 320w, https:\/\/medigames.com\/wp-content\/uploads\/2021\/11\/Logo-Medecins-Francophones-du-Canada--300x131.jpeg 300w, https:\/\/medigames.com\/wp-content\/uploads\/2021\/11\/Logo-Medecins-Francophones-du-Canada--18x8.jpeg 18w\" sizes=\"auto, (max-width: 320px) 100vw, 320px\" \/><\/figure>\n<\/div><\/div>\n\n\n\n<div class=\"wp-block-uagb-column uagb-column__wrap uagb-column__background-none uagb-block-602c46a5\"><div class=\"uagb-column__overlay\"><\/div>\n<p><\/p>\n<\/div>\n\n\n\n<div class=\"wp-block-uagb-column uagb-column__wrap uagb-column__background-color uagb-block-8242d6c8\"><div class=\"uagb-column__overlay\"><\/div>\n<h3 class=\"wp-block-heading tw-mt-0\" id=\"medecins-francophones-du-canada-s-offer\">Offre M\u00e9decins Francophones du Canada<\/h3>\n\n\n\n<p>En tant que membre de M\u00e9decins Francophones du Canada, b\u00e9n\u00e9ficiez d'une r\u00e9duction de 15% sur le forfait de votre choix ! Partenaire des Jeux depuis 2016, l'association soutiendra une nouvelle fois les Medigames en Croatie, pour la 45e \u00e9dition. <br>Vous souhaitez obtenir plus d'informations ou devenir membre de M\u00e9decins Francophones du Canada : <a href=\"http:\/\/www.medecinsfrancophones.ca\/index.fr.html\" target=\"_blank\" rel=\"noopener\"><strong>cliquez ici<\/strong><\/a>!<\/p>\n<\/div>\n<\/div><\/section>\n\n\n\n<hr class=\"wp-block-separator has-text-color has-noir-color has-css-opacity has-noir-background-color has-background tw-mt-0 tw-mb-6 is-style-wide\"\/>\n\n\n\n<div class=\"wp-block-uagb-container uagb-layout-grid uagb-block-fef9e83c alignfull uagb-is-root-container\">\n<figure class=\"wp-block-image size-full is-resized\"><img decoding=\"async\" src=\"https:\/\/medigames.com\/wp-content\/uploads\/2025\/10\/LogoVilleMedu.png\" alt=\"\" style=\"width:auto;height:90px\"\/><\/figure>\n\n\n\n<figure class=\"wp-block-image size-full is-resized\"><img decoding=\"async\" src=\"https:\/\/medigames.com\/wp-content\/uploads\/2025\/10\/LogoMedCanadiens.png\" alt=\"\" style=\"width:auto;height:100px\"\/><\/figure>\n\n\n\n<figure class=\"wp-block-image size-full is-resized\"><img decoding=\"async\" src=\"https:\/\/medigames.com\/wp-content\/uploads\/2021\/10\/bauerfeind.png\" alt=\"\" style=\"width:auto;height:40px\"\/><\/figure>\n\n\n\n<figure class=\"wp-block-image size-large is-resized\"><img decoding=\"async\" src=\"https:\/\/medigames.com\/wp-content\/uploads\/2025\/10\/LogoMedulin-1024x298.jpg\" alt=\"\" style=\"width:auto;height:60px\"\/><\/figure>\n\n\n\n<figure class=\"wp-block-image size-full is-resized\"><img decoding=\"async\" src=\"https:\/\/medigames.com\/wp-content\/uploads\/2025\/12\/LOGOARENA.png\" alt=\"\" style=\"width:auto;height:50px\"\/><\/figure>\n\n\n\n<figure class=\"wp-block-image size-full is-resized\"><img decoding=\"async\" src=\"https:\/\/medigames.com\/wp-content\/uploads\/2025\/12\/LogoVLVHorizon.png\" alt=\"\" style=\"width:auto;height:70px\"\/><\/figure>\n<\/div>\n\n\n\n<div style=\"height:1px\" aria-hidden=\"true\" class=\"wp-block-spacer\"><\/div>","protected":false},"excerpt":{"rendered":"<p>PACKAGE PACKAGE 1 - Participant Professionnel de sant\u00e9 ou \u00e9tudiant (ce tarif ne comprend pas les offres sp\u00e9ciales) PACKAGE 2 - Accompagnant...<\/p>","protected":false},"author":3,"featured_media":12136,"parent":6725,"menu_order":0,"comment_status":"closed","ping_status":"closed","template":"","meta":{"_acf_changed":false,"_uag_custom_page_level_css":"","footnotes":""},"class_list":["post-7682","page","type-page","status-publish","has-post-thumbnail","hentry"],"acf":[],"uagb_featured_image_src":{"full":["https:\/\/medigames.com\/wp-content\/uploads\/2022\/01\/Page-Tarifs.jpg",1600,501,false],"thumbnail":["https:\/\/medigames.com\/wp-content\/uploads\/2022\/01\/Page-Tarifs-150x150.jpg",150,150,true],"medium":["https:\/\/medigames.com\/wp-content\/uploads\/2022\/01\/Page-Tarifs-300x94.jpg",300,94,true],"medium_large":["https:\/\/medigames.com\/wp-content\/uploads\/2022\/01\/Page-Tarifs-768x240.jpg",580,181,true],"large":["https:\/\/medigames.com\/wp-content\/uploads\/2022\/01\/Page-Tarifs-1024x321.jpg",580,182,true],"1536x1536":["https:\/\/medigames.com\/wp-content\/uploads\/2022\/01\/Page-Tarifs-1536x481.jpg",1536,481,true],"2048x2048":["https:\/\/medigames.com\/wp-content\/uploads\/2022\/01\/Page-Tarifs.jpg",1600,501,false],"trp-custom-language-flag":["https:\/\/medigames.com\/wp-content\/uploads\/2022\/01\/Page-Tarifs-18x6.jpg",18,6,true],"post-thumbnail":["https:\/\/medigames.com\/wp-content\/uploads\/2022\/01\/Page-Tarifs-1200x376.jpg",1200,376,true],"twentytwenty-fullscreen":["https:\/\/medigames.com\/wp-content\/uploads\/2022\/01\/Page-Tarifs.jpg",1600,501,false]},"uagb_author_info":{"display_name":"medOld2021","author_link":"https:\/\/medigames.com\/fr\/author\/medold2021\/"},"uagb_comment_info":0,"uagb_excerpt":"PACKAGES PACKAGE 1 &#8211; Participant Healthcare professional or student (this rate does not include special offers) PACKAGE 2 &#8211; Accompanying&hellip;","_links":{"self":[{"href":"https:\/\/medigames.com\/fr\/wp-json\/wp\/v2\/pages\/7682","targetHints":{"allow":["GET"]}}],"collection":[{"href":"https:\/\/medigames.com\/fr\/wp-json\/wp\/v2\/pages"}],"about":[{"href":"https:\/\/medigames.com\/fr\/wp-json\/wp\/v2\/types\/page"}],"author":[{"embeddable":true,"href":"https:\/\/medigames.com\/fr\/wp-json\/wp\/v2\/users\/3"}],"replies":[{"embeddable":true,"href":"https:\/\/medigames.com\/fr\/wp-json\/wp\/v2\/comments?post=7682"}],"version-history":[{"count":2,"href":"https:\/\/medigames.com\/fr\/wp-json\/wp\/v2\/pages\/7682\/revisions"}],"predecessor-version":[{"id":16344,"href":"https:\/\/medigames.com\/fr\/wp-json\/wp\/v2\/pages\/7682\/revisions\/16344"}],"up":[{"embeddable":true,"href":"https:\/\/medigames.com\/fr\/wp-json\/wp\/v2\/pages\/6725"}],"wp:featuredmedia":[{"embeddable":true,"href":"https:\/\/medigames.com\/fr\/wp-json\/wp\/v2\/media\/12136"}],"wp:attachment":[{"href":"https:\/\/medigames.com\/fr\/wp-json\/wp\/v2\/media?parent=7682"}],"curies":[{"name":"wp","href":"https:\/\/api.w.org\/{rel}","templated":true}]}}