{"id":7989,"date":"2018-11-09T18:05:22","date_gmt":"2018-11-09T17:05:22","guid":{"rendered":"http:\/\/www.medigames.com\/?page_id=7989"},"modified":"2026-01-13T08:39:03","modified_gmt":"2026-01-13T07:39:03","slug":"golf-competition","status":"publish","type":"page","link":"https:\/\/medigames.com\/fr\/golf-competition\/","title":{"rendered":"Comp\u00e9tition de golf"},"content":{"rendered":"<section class=\"wp-block-uagb-columns uagb-columns__wrap uagb-columns__background-color uagb-columns__stack-mobile uagb-columns__valign- uagb-columns__gap-10 align uagb-block-e0640c07 uagb-columns__columns-1 uagb-columns__max_width-custom fondbloc\"><div class=\"uagb-columns__overlay\"><\/div><div class=\"uagb-columns__inner-wrap uagb-columns__columns-1\">\n<div class=\"wp-block-uagb-column uagb-column__wrap uagb-column__background-undefined uagb-block-c7d71fbc\"><div class=\"uagb-column__overlay\"><\/div>\n<h2 class=\"wp-block-heading moveLeft pictotitre\" id=\"did-you-know\">Un \u00e9v\u00e9nement sportif majeur aux Medigames !<\/h2>\n\n\n\n<p>Comme Golf Adriatik se trouve \u00e0 une heure de route de Medulin et du centre des Jeux, le spectaculaire Petram Resort &amp; Residence (juste \u00e0 c\u00f4t\u00e9 du terrain de golf) a \u00e9t\u00e9 sp\u00e9cialement s\u00e9lectionn\u00e9 pour vous.<\/p>\n<\/div>\n<\/div><\/section>\n\n\n\n<div style=\"height:40px\" aria-hidden=\"true\" class=\"wp-block-spacer\"><\/div>\n\n\n\n<section class=\"wp-block-uagb-columns uagb-columns__wrap uagb-columns__background-none uagb-columns__stack-mobile uagb-columns__valign-top uagb-columns__gap-10 align uagb-block-9b36f905 uagb-columns__columns-3 uagb-columns__max_width-custom\"><div class=\"uagb-columns__overlay\"><\/div><div class=\"uagb-columns__inner-wrap uagb-columns__columns-3\">\n<div class=\"wp-block-uagb-column uagb-column__wrap uagb-column__background-undefined uagb-block-9ae90c31\"><div class=\"uagb-column__overlay\"><\/div>\n<h3 class=\"wp-block-heading tw-mt-0\" id=\"castro-marim-golf-country-club\">Un parcours de championnat avec <strong>18 trous<\/strong>,&nbsp;<strong>Par 72<\/strong>, L'entreprise est situ\u00e9e \u00e0 6360 m d'altitude et s'est install\u00e9e sur 80 ha.<\/h3>\n\n\n\n<p>Le golf occupe une place importante aux Medigames, et cette ann\u00e9e, vous aurez l'occasion de jouer sur le plus beau parcours de Croatie, sp\u00e9cialement s\u00e9lectionn\u00e9 pour vous : Golf Adriatik \u2013 PGA National Croatia.<\/p>\n\n\n\n<p>Le parcours Golf Adriatik \u2013 PGA National Croatia vous attend avec ses fairways parfaitement entretenus et<br>Des greens difficiles, le tout dans un cadre magnifique avec vue sur la mer. Le paysage vous inspirera-t-il pour r\u00e9aliser votre meilleur putt ?<\/p>\n\n\n\n<p><\/p>\n\n\n\n<p><\/p>\n\n\n\n<p><\/p>\n<\/div>\n\n\n\n<div class=\"wp-block-uagb-column uagb-column__wrap uagb-column__background-none uagb-block-5e41e6d2\"><div class=\"uagb-column__overlay\"><\/div><\/div>\n\n\n\n<div class=\"wp-block-uagb-column uagb-column__wrap uagb-column__background-image uagb-block-72314554 animated fadeIn delay-200ms\"><div class=\"uagb-column__overlay\"><\/div><div class=\"wp-block-image tw-mt-0 is-style-default animated fadeIn delay-500ms\">\n<figure class=\"aligncenter size-full\"><img loading=\"lazy\" decoding=\"async\" width=\"1360\" height=\"907\" src=\"https:\/\/medigames.com\/wp-content\/uploads\/2025\/12\/GOLF.jpg\" alt=\"\" class=\"wp-image-15575\" srcset=\"https:\/\/medigames.com\/wp-content\/uploads\/2025\/12\/GOLF.jpg 1360w, https:\/\/medigames.com\/wp-content\/uploads\/2025\/12\/GOLF-300x200.jpg 300w, https:\/\/medigames.com\/wp-content\/uploads\/2025\/12\/GOLF-1024x683.jpg 1024w, https:\/\/medigames.com\/wp-content\/uploads\/2025\/12\/GOLF-768x512.jpg 768w, https:\/\/medigames.com\/wp-content\/uploads\/2025\/12\/GOLF-18x12.jpg 18w, https:\/\/medigames.com\/wp-content\/uploads\/2025\/12\/GOLF-1200x800.jpg 1200w\" sizes=\"auto, (max-width: 1360px) 100vw, 1360px\" \/><\/figure>\n<\/div><\/div>\n<\/div><\/section>\n\n\n\n<section class=\"wp-block-uagb-columns uagb-columns__wrap uagb-columns__background-none uagb-columns__stack-mobile uagb-columns__valign-top uagb-columns__gap-10 align uagb-block-40361573 uagb-columns__columns-3 uagb-columns__max_width-custom\"><div class=\"uagb-columns__overlay\"><\/div><div class=\"uagb-columns__inner-wrap uagb-columns__columns-3\">\n<div class=\"wp-block-uagb-column uagb-column__wrap uagb-column__background-undefined uagb-block-69990eff\"><div class=\"uagb-column__overlay\"><\/div>\n<h2 class=\"wp-block-heading\">Suppl\u00e9ment golf : 400 \u20ac<\/h2>\n\n\n\n<p>Comme Golf Adriatik se trouve \u00e0 une heure de route de Medulin et du centre des Jeux, le spectaculaire Petram Resort &amp; Residence (juste \u00e0 c\u00f4t\u00e9 du terrain de golf) a \u00e9t\u00e9 sp\u00e9cialement s\u00e9lectionn\u00e9 pour vous.<\/p>\n\n\n\n<p>N'h\u00e9sitez pas \u00e0 nous contacter si n\u00e9cessaire :&nbsp;<strong><a href=\"mailto:info@medigames.com\">info@medigames.com<\/a><\/strong><\/p>\n<\/div>\n\n\n\n<div class=\"wp-block-uagb-column uagb-column__wrap uagb-column__background-none uagb-block-a9ca8df7\"><div class=\"uagb-column__overlay\"><\/div><\/div>\n\n\n\n<div class=\"wp-block-uagb-column uagb-column__wrap uagb-column__background-image uagb-block-cc5dee39 flip\"><div class=\"uagb-column__overlay\"><\/div>\n<div class=\"wp-block-group flip-card\"><div class=\"wp-block-group__inner-container is-layout-flow wp-block-group-is-layout-flow\">\n<div class=\"wp-block-uagb-section uagb-section__wrap uagb-section__background-image uagb-block-0c050033 flip-front\"><div class=\"uagb-section__overlay\"><\/div><div class=\"uagb-section__inner-wrap\">\n<h5 class=\"wp-block-heading has-text-align-center has-blanc-color has-text-color\" id=\"castro-marim-golf-country-club\">Golf Adriatique<\/h5>\n<\/div><\/div>\n\n\n\n<div class=\"wp-block-uagb-section uagb-section__wrap uagb-section__background-color uagb-block-82b5f2db flip-back\"><div class=\"uagb-section__overlay\"><\/div><div class=\"uagb-section__inner-wrap\">\n<h6 class=\"wp-block-heading has-text-align-center has-blanc-color has-text-color\" id=\"this-algarve-golf-has-the-three-nine-holes-courses\">PGA National Croatie<\/h6>\n<\/div><\/div>\n<\/div><\/div>\n<\/div>\n<\/div><\/section>\n\n\n\n<div class=\"wp-block-uagb-container uagb-layout-grid uagb-block-fef9e83c alignfull uagb-is-root-container\">\n<figure class=\"wp-block-image size-full is-resized\"><img decoding=\"async\" src=\"https:\/\/medigames.com\/wp-content\/uploads\/2025\/10\/LogoVilleMedu.png\" alt=\"\" style=\"width:auto;height:90px\"\/><\/figure>\n\n\n\n<figure class=\"wp-block-image size-full is-resized\"><img decoding=\"async\" src=\"https:\/\/medigames.com\/wp-content\/uploads\/2025\/10\/LogoMedCanadiens.png\" alt=\"\" style=\"width:auto;height:100px\"\/><\/figure>\n\n\n\n<figure class=\"wp-block-image size-full is-resized\"><img decoding=\"async\" src=\"https:\/\/medigames.com\/wp-content\/uploads\/2021\/10\/bauerfeind.png\" alt=\"\" style=\"width:auto;height:40px\"\/><\/figure>\n\n\n\n<figure class=\"wp-block-image size-large is-resized\"><img decoding=\"async\" src=\"https:\/\/medigames.com\/wp-content\/uploads\/2025\/10\/LogoMedulin-1024x298.jpg\" alt=\"\" style=\"width:auto;height:60px\"\/><\/figure>\n\n\n\n<figure class=\"wp-block-image size-full is-resized\"><img decoding=\"async\" src=\"https:\/\/medigames.com\/wp-content\/uploads\/2025\/12\/LOGOARENA.png\" alt=\"\" style=\"width:auto;height:50px\"\/><\/figure>\n\n\n\n<figure class=\"wp-block-image size-full is-resized\"><img decoding=\"async\" src=\"https:\/\/medigames.com\/wp-content\/uploads\/2025\/12\/LogoVLVHorizon.png\" alt=\"\" style=\"width:auto;height:70px\"\/><\/figure>\n<\/div>\n\n\n\n<div style=\"height:1px\" aria-hidden=\"true\" class=\"wp-block-spacer\"><\/div>","protected":false},"excerpt":{"rendered":"<p>Un \u00e9v\u00e9nement sportif cl\u00e9 aux Medigames ! Le Golf Adriatik \u00e9tant situ\u00e9 \u00e0 une heure de route de Medulin et du centre des Jeux,...<\/p>","protected":false},"author":3,"featured_media":14750,"parent":0,"menu_order":3,"comment_status":"closed","ping_status":"closed","template":"","meta":{"_acf_changed":false,"_uag_custom_page_level_css":"","footnotes":""},"class_list":["post-7989","page","type-page","status-publish","has-post-thumbnail","hentry"],"acf":[],"uagb_featured_image_src":{"full":["https:\/\/medigames.com\/wp-content\/uploads\/2024\/11\/BannGolf2.jpg",1600,413,false],"thumbnail":["https:\/\/medigames.com\/wp-content\/uploads\/2024\/11\/BannGolf2-150x150.jpg",150,150,true],"medium":["https:\/\/medigames.com\/wp-content\/uploads\/2024\/11\/BannGolf2-300x77.jpg",300,77,true],"medium_large":["https:\/\/medigames.com\/wp-content\/uploads\/2024\/11\/BannGolf2-768x198.jpg",580,150,true],"large":["https:\/\/medigames.com\/wp-content\/uploads\/2024\/11\/BannGolf2-1024x264.jpg",580,150,true],"1536x1536":["https:\/\/medigames.com\/wp-content\/uploads\/2024\/11\/BannGolf2-1536x396.jpg",1536,396,true],"2048x2048":["https:\/\/medigames.com\/wp-content\/uploads\/2024\/11\/BannGolf2.jpg",1600,413,false],"trp-custom-language-flag":["https:\/\/medigames.com\/wp-content\/uploads\/2024\/11\/BannGolf2-18x5.jpg",18,5,true],"post-thumbnail":["https:\/\/medigames.com\/wp-content\/uploads\/2024\/11\/BannGolf2-1200x310.jpg",1200,310,true],"twentytwenty-fullscreen":["https:\/\/medigames.com\/wp-content\/uploads\/2024\/11\/BannGolf2.jpg",1600,413,false]},"uagb_author_info":{"display_name":"medOld2021","author_link":"https:\/\/medigames.com\/fr\/author\/medold2021\/"},"uagb_comment_info":0,"uagb_excerpt":"A key sporting event at the Medigames! As Golf Adriatik is an hour&#8217;s drive from Medulin and the Games centre,&hellip;","_links":{"self":[{"href":"https:\/\/medigames.com\/fr\/wp-json\/wp\/v2\/pages\/7989","targetHints":{"allow":["GET"]}}],"collection":[{"href":"https:\/\/medigames.com\/fr\/wp-json\/wp\/v2\/pages"}],"about":[{"href":"https:\/\/medigames.com\/fr\/wp-json\/wp\/v2\/types\/page"}],"author":[{"embeddable":true,"href":"https:\/\/medigames.com\/fr\/wp-json\/wp\/v2\/users\/3"}],"replies":[{"embeddable":true,"href":"https:\/\/medigames.com\/fr\/wp-json\/wp\/v2\/comments?post=7989"}],"version-history":[{"count":0,"href":"https:\/\/medigames.com\/fr\/wp-json\/wp\/v2\/pages\/7989\/revisions"}],"wp:featuredmedia":[{"embeddable":true,"href":"https:\/\/medigames.com\/fr\/wp-json\/wp\/v2\/media\/14750"}],"wp:attachment":[{"href":"https:\/\/medigames.com\/fr\/wp-json\/wp\/v2\/media?parent=7989"}],"curies":[{"name":"wp","href":"https:\/\/api.w.org\/{rel}","templated":true}]}}