{"id":14777,"date":"2024-11-15T10:57:56","date_gmt":"2024-11-15T09:57:56","guid":{"rendered":"https:\/\/medigames.com\/?page_id=14777"},"modified":"2025-12-05T16:54:47","modified_gmt":"2025-12-05T15:54:47","slug":"general-terms-and-conditions-of-sale","status":"publish","type":"page","link":"https:\/\/medigames.com\/it\/general-terms-and-conditions-of-sale\/","title":{"rendered":"Condizioni generali di vendita"},"content":{"rendered":"<section class=\"wp-block-uagb-columns uagb-columns__wrap uagb-columns__background-none uagb-columns__stack-mobile uagb-columns__valign- uagb-columns__gap-10 align uagb-block-8b273501 uagb-columns__columns-1 uagb-columns__max_width-custom\"><div class=\"uagb-columns__overlay\"><\/div><div class=\"uagb-columns__inner-wrap uagb-columns__columns-1\">\n<div class=\"wp-block-uagb-column uagb-column__wrap uagb-column__background-undefined uagb-block-51e2472c\"><div class=\"uagb-column__overlay\"><\/div>\n<p><em>Ultimo aggiornamento: 5 dicembre 202<\/em>5<\/p>\n\n\n\n<p><strong>CANCELLAZIONE DELL'ISCRIZIONE DA PARTE DEL PARTECIPANTE<\/strong><\/p>\n\n\n\n<p>In caso di cancellazione della registrazione da parte del partecipante, saranno trattenute le seguenti penali di cancellazione a seconda della data di cancellazione:<\/p>\n\n\n\n<ul class=\"wp-block-list\">\n<li>Cancellazione prima del 12 marzo 2026: nessuna penale di cancellazione<\/li>\n\n\n\n<li>Cancellazione tra il 13 marzo e il 12 maggio 2026: penale di cancellazione pari al 50% delle spese sostenute<\/li>\n\n\n\n<li>Cancellazione dal 13 maggio 2026: 100% delle spese sostenute<\/li>\n<\/ul>\n\n\n\n<p><strong>DIRITTI D'IMMAGINE<\/strong><\/p>\n\n\n\n<p>La partecipazione ai World Medicine and Health Games implica automaticamente il trasferimento dei diritti di immagine del partecipante e dei suoi accompagnatori all'organizzatore per l'utilizzo in materiale promozionale.<\/p>\n\n\n\n<p><strong>ANNULLAMENTO DELL'EVENTO<\/strong><\/p>\n\n\n\n<p>Se, per cause di forza maggiore (guerra, scioperi, rivolte, calamit\u00e0 naturali, epidemie, ecc.), il WMS non potesse avere luogo, CSO non sar\u00e0 ritenuta responsabile per le somme gi\u00e0 versate. In tal caso, CSO far\u00e0 tutto il possibile per garantire che tali somme vengano conservate in modo da poter essere riutilizzate per l'organizzazione dei Giochi in altre date. Se, per motivi indipendenti dalla volont\u00e0 di CSO, gli eventi dovessero essere definitivamente annullati, i partecipanti gi\u00e0 iscritti dovranno sostenere, in proporzione, le spese sostenute da CSO, oltre alle somme gi\u00e0 versate a CSO.<\/p>\n\n\n\n<p><strong>CONDIZIONI GENERALI DI VENDITA<\/strong><\/p>\n\n\n\n<p>Le condizioni di vendita fanno riferimento alle disposizioni legislative vigenti e in particolare agli articoli da 95 a 103 del Decreto 94490 del 15 giugno 1994, che costituiscono le nostre condizioni di vendita. Si precisa espressamente, in conformit\u00e0 con le disposizioni dell'articolo 97 del suddetto decreto, che le informazioni riportate nel modulo di registrazione possono essere soggette a determinate modifiche che, se del caso, saranno portate all'attenzione del cliente dal venditore prima della firma del contratto. Ambito di applicazione: la prenotazione di un soggiorno implica la piena accettazione delle condizioni di vendita.<\/p>\n\n\n\n<p><strong>PAGAMENTO<\/strong><\/p>\n\n\n\n<p>L'iscrizione pu\u00f2 essere pagata con carta di credito, assegno francese in euro pagabile in Francia o bonifico bancario alle seguenti condizioni: pagamento di un primo acconto di 50% al momento dell'iscrizione e pagamento del saldo entro il 13 aprile 2026. Le iscrizioni inviate dopo il 13 aprile 2026 devono essere pagate in un'unica soluzione. Nessuna iscrizione o prenotazione alberghiera sar\u00e0 convalidata se non pagata per intero.<\/p>\n\n\n\n<p><strong>GIURISDIZIONE<\/strong><\/p>\n\n\n\n<p>In caso di controversia, il Tribunale commerciale di Parigi avr\u00e0 giurisdizione esclusiva per risolvere la questione.<\/p>\n\n\n\n<p>Corporate Sport Organisation (CSO): RCS Nanterre 2009B00686 \u2013 Numero di identificazione intracomunitario = FR 66 400 631 164 \u2013 Licenza: 092 09 0016 \u2013 Garantito da APS, 15 rue Carnot \u2013 75017 Parigi. Assicurazione di responsabilit\u00e0 civile e professionale fornita da AXA FRANCE IARD \u2013 313 TERRASSE DE L\u2019ARCHE \u2013 92727 NANTERRE CEDEX<\/p>\n<\/div>\n<\/div><\/section>\n\n\n\n<p><\/p>","protected":false},"excerpt":{"rendered":"<p>Ultimo aggiornamento: 5 dicembre 2025 ANNULLAMENTO DELLA REGISTRAZIONE DA PARTE DEL PARTECIPANTE In caso di annullamento della registrazione da parte del...<\/p>","protected":false},"author":1,"featured_media":12135,"parent":0,"menu_order":20,"comment_status":"closed","ping_status":"closed","template":"","meta":{"_acf_changed":false,"_uag_custom_page_level_css":"","footnotes":""},"class_list":["post-14777","page","type-page","status-publish","has-post-thumbnail","hentry"],"acf":[],"uagb_featured_image_src":{"full":["https:\/\/medigames.com\/wp-content\/uploads\/2022\/01\/Page-Resultats.jpg",1600,500,false],"thumbnail":["https:\/\/medigames.com\/wp-content\/uploads\/2022\/01\/Page-Resultats-150x150.jpg",150,150,true],"medium":["https:\/\/medigames.com\/wp-content\/uploads\/2022\/01\/Page-Resultats-300x94.jpg",300,94,true],"medium_large":["https:\/\/medigames.com\/wp-content\/uploads\/2022\/01\/Page-Resultats-768x240.jpg",580,181,true],"large":["https:\/\/medigames.com\/wp-content\/uploads\/2022\/01\/Page-Resultats-1024x320.jpg",580,181,true],"1536x1536":["https:\/\/medigames.com\/wp-content\/uploads\/2022\/01\/Page-Resultats-1536x480.jpg",1536,480,true],"2048x2048":["https:\/\/medigames.com\/wp-content\/uploads\/2022\/01\/Page-Resultats.jpg",1600,500,false],"trp-custom-language-flag":["https:\/\/medigames.com\/wp-content\/uploads\/2022\/01\/Page-Resultats-18x6.jpg",18,6,true],"post-thumbnail":["https:\/\/medigames.com\/wp-content\/uploads\/2022\/01\/Page-Resultats-1200x375.jpg",1200,375,true],"twentytwenty-fullscreen":["https:\/\/medigames.com\/wp-content\/uploads\/2022\/01\/Page-Resultats.jpg",1600,500,false]},"uagb_author_info":{"display_name":"dfuzionadmin","author_link":"https:\/\/medigames.com\/it\/author\/dfuzionadmin\/"},"uagb_comment_info":0,"uagb_excerpt":"Last updated: december 5th, 2025 CANCELLATION OF REGISTRATION BY THE PARTICIPANT In the event of cancellation of registration by the&hellip;","_links":{"self":[{"href":"https:\/\/medigames.com\/it\/wp-json\/wp\/v2\/pages\/14777","targetHints":{"allow":["GET"]}}],"collection":[{"href":"https:\/\/medigames.com\/it\/wp-json\/wp\/v2\/pages"}],"about":[{"href":"https:\/\/medigames.com\/it\/wp-json\/wp\/v2\/types\/page"}],"author":[{"embeddable":true,"href":"https:\/\/medigames.com\/it\/wp-json\/wp\/v2\/users\/1"}],"replies":[{"embeddable":true,"href":"https:\/\/medigames.com\/it\/wp-json\/wp\/v2\/comments?post=14777"}],"version-history":[{"count":0,"href":"https:\/\/medigames.com\/it\/wp-json\/wp\/v2\/pages\/14777\/revisions"}],"wp:featuredmedia":[{"embeddable":true,"href":"https:\/\/medigames.com\/it\/wp-json\/wp\/v2\/media\/12135"}],"wp:attachment":[{"href":"https:\/\/medigames.com\/it\/wp-json\/wp\/v2\/media?parent=14777"}],"curies":[{"name":"wp","href":"https:\/\/api.w.org\/{rel}","templated":true}]}}