{"id":15372,"date":"2025-10-23T13:37:12","date_gmt":"2025-10-23T11:37:12","guid":{"rendered":"https:\/\/medigames.com\/?page_id=15372"},"modified":"2026-01-13T08:34:29","modified_gmt":"2026-01-13T07:34:29","slug":"pula-medulin","status":"publish","type":"page","link":"https:\/\/medigames.com\/it\/pula-medulin\/","title":{"rendered":"Pola-Medulin"},"content":{"rendered":"<section class=\"wp-block-uagb-columns uagb-columns__wrap uagb-columns__background-color uagb-columns__stack-mobile uagb-columns__valign- uagb-columns__gap-10 align uagb-block-66700cc3 uagb-columns__columns-1 uagb-columns__max_width-custom fondbloc\"><div class=\"uagb-columns__overlay\"><\/div><div class=\"uagb-columns__inner-wrap uagb-columns__columns-1\">\n<div class=\"wp-block-uagb-column uagb-column__wrap uagb-column__background-undefined uagb-block-6fc63d7c\"><div class=\"uagb-column__overlay\"><\/div>\n<p>Situate nel cuore dell'Istria, nella Croazia nord-occidentale, Pola e Medulin affascinano<br>visitatori con il loro fascino tranquillo e incantevole, dove la vegetazione lussureggiante si fonde con le acque turchesi e scintillanti del Mare Adriatico.<\/p>\n\n\n\n<p>Rinomata per la sua cucina di influenza italiana e l'eccezionale olio d'oliva, la locale<br>La gastronomia vi invita a un viaggio culinario ricco dei sapori solari del Mediterraneo.<\/p>\n\n\n\n<p>In estate, la vita notturna si anima con concerti all'aperto, festival e l'atmosfera vivace dei bar e dei ristoranti sul mare.<\/p>\n\n\n\n<p>Polizza, la citt\u00e0 pi\u00f9 grande dell'Istria, \u00e8 come un museo a cielo aperto. Il suo anfiteatro romano, splendidamente conservato, \u00e8 il monumento pi\u00f9 iconico della citt\u00e0 e testimonia la grandezza dei tempi antichi.<br>La vicina citt\u00e0 di Medulin, un tempo villaggio di pescatori e agricoltori, \u00e8 oggi una delle destinazioni turistiche pi\u00f9 importanti della regione, che offre spiagge e sport acquatici in un ambiente autentico.<\/p>\n\n\n\n<p><\/p>\n\n\n\n<p><\/p>\n<\/div>\n<\/div><\/section>\n\n\n<div class=\"wp-block-image\">\n<figure class=\"aligncenter size-full is-resized\"><a href=\"https:\/\/medigames.com\/wp-content\/uploads\/2025\/12\/CarteMedi26.png\" target=\"_blank\" rel=\" noreferrer noopener\"><img loading=\"lazy\" decoding=\"async\" width=\"850\" height=\"675\" src=\"https:\/\/medigames.com\/wp-content\/uploads\/2025\/12\/CarteMedi26.png\" alt=\"\" class=\"wp-image-15611\" style=\"width:719px;height:auto\" srcset=\"https:\/\/medigames.com\/wp-content\/uploads\/2025\/12\/CarteMedi26.png 850w, https:\/\/medigames.com\/wp-content\/uploads\/2025\/12\/CarteMedi26-300x238.png 300w, https:\/\/medigames.com\/wp-content\/uploads\/2025\/12\/CarteMedi26-768x610.png 768w, https:\/\/medigames.com\/wp-content\/uploads\/2025\/12\/CarteMedi26-15x12.png 15w\" sizes=\"auto, (max-width: 850px) 100vw, 850px\" \/><\/a><\/figure>\n<\/div>\n\n\n<h2 class=\"wp-block-heading has-text-align-center\">Benvenuti in Croazia<\/h2>\n\n\n\n<div style=\"height:40px\" aria-hidden=\"true\" class=\"wp-block-spacer\"><\/div>\n\n\n\n<figure class=\"wp-block-gallery has-nested-images columns-default is-cropped wp-block-gallery-1 is-layout-flex wp-block-gallery-is-layout-flex\">\n<figure class=\"wp-block-image size-large\"><img loading=\"lazy\" decoding=\"async\" width=\"1024\" height=\"682\" data-id=\"15380\" src=\"https:\/\/medigames.com\/wp-content\/uploads\/2025\/10\/Slide4-1024x682.jpeg\" alt=\"\" class=\"wp-image-15380\" srcset=\"https:\/\/medigames.com\/wp-content\/uploads\/2025\/10\/Slide4-1024x682.jpeg 1024w, https:\/\/medigames.com\/wp-content\/uploads\/2025\/10\/Slide4-300x200.jpeg 300w, https:\/\/medigames.com\/wp-content\/uploads\/2025\/10\/Slide4-768x512.jpeg 768w, https:\/\/medigames.com\/wp-content\/uploads\/2025\/10\/Slide4-18x12.jpeg 18w, https:\/\/medigames.com\/wp-content\/uploads\/2025\/10\/Slide4.jpeg 1181w\" sizes=\"auto, (max-width: 1024px) 100vw, 1024px\" \/><\/figure>\n\n\n\n<figure class=\"wp-block-image size-large\"><img loading=\"lazy\" decoding=\"async\" width=\"1024\" height=\"512\" data-id=\"15379\" src=\"https:\/\/medigames.com\/wp-content\/uploads\/2025\/10\/Slide3-1024x512.jpeg\" alt=\"\" class=\"wp-image-15379\" srcset=\"https:\/\/medigames.com\/wp-content\/uploads\/2025\/10\/Slide3-1024x512.jpeg 1024w, https:\/\/medigames.com\/wp-content\/uploads\/2025\/10\/Slide3-300x150.jpeg 300w, https:\/\/medigames.com\/wp-content\/uploads\/2025\/10\/Slide3-768x384.jpeg 768w, https:\/\/medigames.com\/wp-content\/uploads\/2025\/10\/Slide3-18x9.jpeg 18w, https:\/\/medigames.com\/wp-content\/uploads\/2025\/10\/Slide3.jpeg 1181w\" sizes=\"auto, (max-width: 1024px) 100vw, 1024px\" \/><\/figure>\n\n\n\n<figure class=\"wp-block-image size-large\"><img loading=\"lazy\" decoding=\"async\" width=\"1024\" height=\"653\" data-id=\"15377\" src=\"https:\/\/medigames.com\/wp-content\/uploads\/2025\/10\/Slide1-1024x653.jpeg\" alt=\"\" class=\"wp-image-15377\" srcset=\"https:\/\/medigames.com\/wp-content\/uploads\/2025\/10\/Slide1-1024x653.jpeg 1024w, https:\/\/medigames.com\/wp-content\/uploads\/2025\/10\/Slide1-300x191.jpeg 300w, https:\/\/medigames.com\/wp-content\/uploads\/2025\/10\/Slide1-768x490.jpeg 768w, https:\/\/medigames.com\/wp-content\/uploads\/2025\/10\/Slide1-18x12.jpeg 18w, https:\/\/medigames.com\/wp-content\/uploads\/2025\/10\/Slide1.jpeg 1181w\" sizes=\"auto, (max-width: 1024px) 100vw, 1024px\" \/><\/figure>\n\n\n\n<figure class=\"wp-block-image size-large\"><img loading=\"lazy\" decoding=\"async\" width=\"1024\" height=\"682\" data-id=\"15378\" src=\"https:\/\/medigames.com\/wp-content\/uploads\/2025\/10\/Slide2-1024x682.jpeg\" alt=\"\" class=\"wp-image-15378\" srcset=\"https:\/\/medigames.com\/wp-content\/uploads\/2025\/10\/Slide2-1024x682.jpeg 1024w, https:\/\/medigames.com\/wp-content\/uploads\/2025\/10\/Slide2-300x200.jpeg 300w, https:\/\/medigames.com\/wp-content\/uploads\/2025\/10\/Slide2-768x512.jpeg 768w, https:\/\/medigames.com\/wp-content\/uploads\/2025\/10\/Slide2-18x12.jpeg 18w, https:\/\/medigames.com\/wp-content\/uploads\/2025\/10\/Slide2.jpeg 1181w\" sizes=\"auto, (max-width: 1024px) 100vw, 1024px\" \/><\/figure>\n<\/figure>\n\n\n\n<div class=\"wp-block-uagb-container uagb-layout-grid uagb-block-fef9e83c alignfull uagb-is-root-container\">\n<figure class=\"wp-block-image size-full is-resized\"><img decoding=\"async\" src=\"https:\/\/medigames.com\/wp-content\/uploads\/2025\/10\/LogoVilleMedu.png\" alt=\"\" style=\"width:auto;height:90px\"\/><\/figure>\n\n\n\n<figure class=\"wp-block-image size-full is-resized\"><img decoding=\"async\" src=\"https:\/\/medigames.com\/wp-content\/uploads\/2025\/10\/LogoMedCanadiens.png\" alt=\"\" style=\"width:auto;height:100px\"\/><\/figure>\n\n\n\n<figure class=\"wp-block-image size-full is-resized\"><img decoding=\"async\" src=\"https:\/\/medigames.com\/wp-content\/uploads\/2021\/10\/bauerfeind.png\" alt=\"\" style=\"width:auto;height:40px\"\/><\/figure>\n\n\n\n<figure class=\"wp-block-image size-large is-resized\"><img decoding=\"async\" src=\"https:\/\/medigames.com\/wp-content\/uploads\/2025\/10\/LogoMedulin-1024x298.jpg\" alt=\"\" style=\"width:auto;height:60px\"\/><\/figure>\n\n\n\n<figure class=\"wp-block-image size-full is-resized\"><img decoding=\"async\" src=\"https:\/\/medigames.com\/wp-content\/uploads\/2025\/12\/LOGOARENA.png\" alt=\"\" style=\"width:auto;height:50px\"\/><\/figure>\n\n\n\n<figure class=\"wp-block-image size-full is-resized\"><img decoding=\"async\" src=\"https:\/\/medigames.com\/wp-content\/uploads\/2025\/12\/LogoVLVHorizon.png\" alt=\"\" style=\"width:auto;height:70px\"\/><\/figure>\n<\/div>\n\n\n\n<div style=\"height:1px\" aria-hidden=\"true\" class=\"wp-block-spacer\"><\/div>","protected":false},"excerpt":{"rendered":"<p>Situate nel cuore dell'Istria, nella Croazia nord-occidentale, Pola e Medulin affascinano i visitatori con il loro fascino tranquillo e incantevole, dove...<\/p>","protected":false},"author":5,"featured_media":15385,"parent":0,"menu_order":0,"comment_status":"closed","ping_status":"closed","template":"","meta":{"_acf_changed":false,"_uag_custom_page_level_css":"","footnotes":""},"class_list":["post-15372","page","type-page","status-publish","has-post-thumbnail","hentry"],"acf":[],"uagb_featured_image_src":{"full":["https:\/\/medigames.com\/wp-content\/uploads\/2025\/10\/BannPula-scaled.jpg",2560,641,false],"thumbnail":["https:\/\/medigames.com\/wp-content\/uploads\/2025\/10\/BannPula-150x150.jpg",150,150,true],"medium":["https:\/\/medigames.com\/wp-content\/uploads\/2025\/10\/BannPula-300x75.jpg",300,75,true],"medium_large":["https:\/\/medigames.com\/wp-content\/uploads\/2025\/10\/BannPula-768x192.jpg",580,145,true],"large":["https:\/\/medigames.com\/wp-content\/uploads\/2025\/10\/BannPula-1024x256.jpg",580,145,true],"1536x1536":["https:\/\/medigames.com\/wp-content\/uploads\/2025\/10\/BannPula-1536x384.jpg",1536,384,true],"2048x2048":["https:\/\/medigames.com\/wp-content\/uploads\/2025\/10\/BannPula-2048x513.jpg",2048,513,true],"trp-custom-language-flag":["https:\/\/medigames.com\/wp-content\/uploads\/2025\/10\/BannPula-18x5.jpg",18,5,true],"post-thumbnail":["https:\/\/medigames.com\/wp-content\/uploads\/2025\/10\/BannPula-1200x300.jpg",1200,300,true],"twentytwenty-fullscreen":["https:\/\/medigames.com\/wp-content\/uploads\/2025\/10\/BannPula-1980x496.jpg",1980,496,true]},"uagb_author_info":{"display_name":"mediAdmin","author_link":"https:\/\/medigames.com\/it\/author\/mediadmin\/"},"uagb_comment_info":0,"uagb_excerpt":"Located in the heart of Istria, in north-western Croatia, Pula and Medulin captivatevisitors with their peaceful and enchanting charm, where&hellip;","_links":{"self":[{"href":"https:\/\/medigames.com\/it\/wp-json\/wp\/v2\/pages\/15372","targetHints":{"allow":["GET"]}}],"collection":[{"href":"https:\/\/medigames.com\/it\/wp-json\/wp\/v2\/pages"}],"about":[{"href":"https:\/\/medigames.com\/it\/wp-json\/wp\/v2\/types\/page"}],"author":[{"embeddable":true,"href":"https:\/\/medigames.com\/it\/wp-json\/wp\/v2\/users\/5"}],"replies":[{"embeddable":true,"href":"https:\/\/medigames.com\/it\/wp-json\/wp\/v2\/comments?post=15372"}],"version-history":[{"count":0,"href":"https:\/\/medigames.com\/it\/wp-json\/wp\/v2\/pages\/15372\/revisions"}],"wp:featuredmedia":[{"embeddable":true,"href":"https:\/\/medigames.com\/it\/wp-json\/wp\/v2\/media\/15385"}],"wp:attachment":[{"href":"https:\/\/medigames.com\/it\/wp-json\/wp\/v2\/media?parent=15372"}],"curies":[{"name":"wp","href":"https:\/\/api.w.org\/{rel}","templated":true}]}}