{"id":15591,"date":"2025-12-05T18:36:18","date_gmt":"2025-12-05T17:36:18","guid":{"rendered":"https:\/\/medigames.com\/?page_id=15591"},"modified":"2026-01-13T08:33:21","modified_gmt":"2026-01-13T07:33:21","slug":"pula-medulin-duplication","status":"publish","type":"page","link":"https:\/\/medigames.com\/it\/pula-medulin-duplication\/","title":{"rendered":"Offerta di sponsorizzazione"},"content":{"rendered":"<section class=\"wp-block-uagb-columns uagb-columns__wrap uagb-columns__background-color uagb-columns__stack-mobile uagb-columns__valign- uagb-columns__gap-10 align uagb-block-66700cc3 uagb-columns__columns-1 uagb-columns__max_width-custom fondbloc\"><div class=\"uagb-columns__overlay\"><\/div><div class=\"uagb-columns__inner-wrap uagb-columns__columns-1\">\n<div class=\"wp-block-uagb-column uagb-column__wrap uagb-column__background-undefined uagb-block-6fc63d7c\"><div class=\"uagb-column__overlay\"><\/div>\n<h2 class=\"wp-block-heading has-text-align-center\">Ricevi un premio invitando i tuoi amici a Medigames 2026<\/h2>\n\n\n\n<p>MEDIGAMES \u00e8 soprattutto un'avventura umana in cui sport, salute e amicizia si fondono insieme. I ricordi pi\u00f9 belli sono quelli condivisi con gli altri, quindi perch\u00e9 non invitare i tuoi amici o colleghi a unirsi a te in Croazia?<\/p>\n\n\n<div class=\"wp-block-image\">\n<figure class=\"aligncenter size-large is-resized\"><img loading=\"lazy\" decoding=\"async\" width=\"1024\" height=\"886\" src=\"https:\/\/medigames.com\/wp-content\/uploads\/2025\/12\/TamponReferal-1024x886.png\" alt=\"\" class=\"wp-image-15587\" style=\"aspect-ratio:1.1557670332140648;width:182px;height:auto\" srcset=\"https:\/\/medigames.com\/wp-content\/uploads\/2025\/12\/TamponReferal-1024x886.png 1024w, https:\/\/medigames.com\/wp-content\/uploads\/2025\/12\/TamponReferal-300x259.png 300w, https:\/\/medigames.com\/wp-content\/uploads\/2025\/12\/TamponReferal-768x664.png 768w, https:\/\/medigames.com\/wp-content\/uploads\/2025\/12\/TamponReferal-14x12.png 14w, https:\/\/medigames.com\/wp-content\/uploads\/2025\/12\/TamponReferal-1200x1038.png 1200w, https:\/\/medigames.com\/wp-content\/uploads\/2025\/12\/TamponReferal.png 1392w\" sizes=\"auto, (max-width: 1024px) 100vw, 1024px\" \/><\/figure>\n<\/div>\n\n\n<p data-wp-context---core-fit-text=\"core\/fit-text::{&quot;fontSize&quot;:&quot;&quot;}\" data-wp-init---core-fit-text=\"core\/fit-text::callbacks.init\" data-wp-interactive data-wp-style--font-size=\"core\/fit-text::context.fontSize\" class=\"has-text-align-center has-fit-text has-text-color has-link-color wp-elements-7469aad20b386728b75511ac9ea044b9\" style=\"color:#d50101\"><strong>Per ogni nuovo partecipante che sponsorizzi, riceverai uno sconto di 75 \u20ac sul tuo pacchetto hotel MEDIGAMES.<\/strong><\/p>\n\n\n\n<p><strong>Condizioni:<\/strong><br>\u2022 Offerta valida solo per i partecipanti che prenotano il pacchetto hotel ufficiale.<br>\u2022 Non cumulabile con altre offerte (studenti, gruppi, ecc.).<br>\u2022 La persona segnalata deve essere un nuovo partecipante ai Medigames.<br>Condividi, sponsorizza, risparmia!<\/p>\n\n\n\n<p>Non tenere i Medigames solo per te: invita i tuoi amici, contribuisci alla crescita della community e goditi i premi!<\/p>\n\n\n\n<p><\/p>\n<\/div>\n<\/div><\/section>\n\n\n<div class=\"wp-block-image\">\n<figure class=\"aligncenter size-large is-resized\"><img loading=\"lazy\" decoding=\"async\" width=\"1024\" height=\"944\" src=\"https:\/\/medigames.com\/wp-content\/uploads\/2025\/12\/ArgentiBraz-1024x944.png\" alt=\"\" class=\"wp-image-15592\" style=\"width:591px;height:auto\" srcset=\"https:\/\/medigames.com\/wp-content\/uploads\/2025\/12\/ArgentiBraz-1024x944.png 1024w, https:\/\/medigames.com\/wp-content\/uploads\/2025\/12\/ArgentiBraz-300x277.png 300w, https:\/\/medigames.com\/wp-content\/uploads\/2025\/12\/ArgentiBraz-768x708.png 768w, https:\/\/medigames.com\/wp-content\/uploads\/2025\/12\/ArgentiBraz-13x12.png 13w, https:\/\/medigames.com\/wp-content\/uploads\/2025\/12\/ArgentiBraz.png 1030w\" sizes=\"auto, (max-width: 1024px) 100vw, 1024px\" \/><\/figure>\n<\/div>\n\n\n<div style=\"height:40px\" aria-hidden=\"true\" class=\"wp-block-spacer\"><\/div>\n\n\n\n<div class=\"wp-block-uagb-container uagb-layout-grid uagb-block-fef9e83c alignfull uagb-is-root-container\">\n<figure class=\"wp-block-image size-full is-resized\"><img decoding=\"async\" src=\"https:\/\/medigames.com\/wp-content\/uploads\/2025\/10\/LogoVilleMedu.png\" alt=\"\" style=\"width:auto;height:90px\"\/><\/figure>\n\n\n\n<figure class=\"wp-block-image size-full is-resized\"><img decoding=\"async\" src=\"https:\/\/medigames.com\/wp-content\/uploads\/2025\/10\/LogoMedCanadiens.png\" alt=\"\" style=\"width:auto;height:100px\"\/><\/figure>\n\n\n\n<figure class=\"wp-block-image size-full is-resized\"><img decoding=\"async\" src=\"https:\/\/medigames.com\/wp-content\/uploads\/2021\/10\/bauerfeind.png\" alt=\"\" style=\"width:auto;height:40px\"\/><\/figure>\n\n\n\n<figure class=\"wp-block-image size-large is-resized\"><img decoding=\"async\" src=\"https:\/\/medigames.com\/wp-content\/uploads\/2025\/10\/LogoMedulin-1024x298.jpg\" alt=\"\" style=\"width:auto;height:60px\"\/><\/figure>\n\n\n\n<figure class=\"wp-block-image size-full is-resized\"><img decoding=\"async\" src=\"https:\/\/medigames.com\/wp-content\/uploads\/2025\/12\/LOGOARENA.png\" alt=\"\" style=\"width:auto;height:50px\"\/><\/figure>\n\n\n\n<figure class=\"wp-block-image size-full is-resized\"><img decoding=\"async\" src=\"https:\/\/medigames.com\/wp-content\/uploads\/2025\/12\/LogoVLVHorizon.png\" alt=\"\" style=\"width:auto;height:70px\"\/><\/figure>\n<\/div>\n\n\n\n<div style=\"height:1px\" aria-hidden=\"true\" class=\"wp-block-spacer\"><\/div>","protected":false},"excerpt":{"rendered":"<p>Ricevi un premio invitando i tuoi amici a Medigames 2026 MEDIGAMES \u00e8 soprattutto un'avventura umana in cui lo sport, la salute e...<\/p>","protected":false},"author":5,"featured_media":15607,"parent":0,"menu_order":0,"comment_status":"closed","ping_status":"closed","template":"","meta":{"_acf_changed":false,"_uag_custom_page_level_css":"","footnotes":""},"class_list":["post-15591","page","type-page","status-publish","has-post-thumbnail","hentry"],"acf":[],"uagb_featured_image_src":{"full":["https:\/\/medigames.com\/wp-content\/uploads\/2025\/12\/Bann-Referral.jpg",2560,1418,false],"thumbnail":["https:\/\/medigames.com\/wp-content\/uploads\/2025\/12\/Bann-Referral-150x150.jpg",150,150,true],"medium":["https:\/\/medigames.com\/wp-content\/uploads\/2025\/12\/Bann-Referral-300x166.jpg",300,166,true],"medium_large":["https:\/\/medigames.com\/wp-content\/uploads\/2025\/12\/Bann-Referral-768x425.jpg",580,321,true],"large":["https:\/\/medigames.com\/wp-content\/uploads\/2025\/12\/Bann-Referral-1024x567.jpg",580,321,true],"1536x1536":["https:\/\/medigames.com\/wp-content\/uploads\/2025\/12\/Bann-Referral-1536x851.jpg",1536,851,true],"2048x2048":["https:\/\/medigames.com\/wp-content\/uploads\/2025\/12\/Bann-Referral-2048x1134.jpg",2048,1134,true],"trp-custom-language-flag":["https:\/\/medigames.com\/wp-content\/uploads\/2025\/12\/Bann-Referral-18x10.jpg",18,10,true],"post-thumbnail":["https:\/\/medigames.com\/wp-content\/uploads\/2025\/12\/Bann-Referral-1200x665.jpg",1200,665,true],"twentytwenty-fullscreen":["https:\/\/medigames.com\/wp-content\/uploads\/2025\/12\/Bann-Referral-1980x1097.jpg",1980,1097,true]},"uagb_author_info":{"display_name":"mediAdmin","author_link":"https:\/\/medigames.com\/it\/author\/mediadmin\/"},"uagb_comment_info":0,"uagb_excerpt":"Be rewarded to invite your friends to Medigames 2026 MEDIGAMES is above all a human adventure where sport, health and&hellip;","_links":{"self":[{"href":"https:\/\/medigames.com\/it\/wp-json\/wp\/v2\/pages\/15591","targetHints":{"allow":["GET"]}}],"collection":[{"href":"https:\/\/medigames.com\/it\/wp-json\/wp\/v2\/pages"}],"about":[{"href":"https:\/\/medigames.com\/it\/wp-json\/wp\/v2\/types\/page"}],"author":[{"embeddable":true,"href":"https:\/\/medigames.com\/it\/wp-json\/wp\/v2\/users\/5"}],"replies":[{"embeddable":true,"href":"https:\/\/medigames.com\/it\/wp-json\/wp\/v2\/comments?post=15591"}],"version-history":[{"count":0,"href":"https:\/\/medigames.com\/it\/wp-json\/wp\/v2\/pages\/15591\/revisions"}],"wp:featuredmedia":[{"embeddable":true,"href":"https:\/\/medigames.com\/it\/wp-json\/wp\/v2\/media\/15607"}],"wp:attachment":[{"href":"https:\/\/medigames.com\/it\/wp-json\/wp\/v2\/media?parent=15591"}],"curies":[{"name":"wp","href":"https:\/\/api.w.org\/{rel}","templated":true}]}}