{"id":15689,"date":"2025-12-12T18:19:24","date_gmt":"2025-12-12T17:19:24","guid":{"rendered":"https:\/\/medigames.com\/?page_id=15689"},"modified":"2026-01-13T08:41:21","modified_gmt":"2026-01-13T07:41:21","slug":"prices-duplication-duplication","status":"publish","type":"page","link":"https:\/\/medigames.com\/it\/register\/prices-duplication-duplication\/","title":{"rendered":"Testimonianze"},"content":{"rendered":"<div style=\"height:40px\" aria-hidden=\"true\" class=\"wp-block-spacer\"><\/div>\n\n\n\n<section class=\"wp-block-uagb-columns uagb-columns__wrap uagb-columns__background-none uagb-columns__stack-mobile uagb-columns__valign- uagb-columns__gap-10 align uagb-block-f362e8c8 uagb-columns__columns-3 uagb-columns__max_width-custom fondbloc\"><div class=\"uagb-columns__overlay\"><\/div><div class=\"uagb-columns__inner-wrap uagb-columns__columns-3\">\n<div class=\"wp-block-uagb-column uagb-column__wrap uagb-column__background-color uagb-block-43249761\"><div class=\"uagb-column__overlay\"><\/div>\n<h2 class=\"wp-block-heading pictotitre\" id=\"price-chart\">Nader HABIB<\/h2>\n\n\n\n<blockquote class=\"wp-block-quote is-layout-flow wp-block-quote-is-layout-flow\">\n<p class=\"has-normal-font-size\" style=\"border-style:none;border-width:0px;padding-top:0;padding-right:0;padding-bottom:0;padding-left:0\"><strong>22 PARTECIPAZIONI<\/strong><\/p>\n<\/blockquote>\n\n\n\n<p class=\"has-normal-font-size\">Per me i Medigames sono un incontro di fratellanza internazionale e un'occasione per unire l'utile al dilettevole praticando il nostro sport preferito, partecipando al simposio e festeggiando.<\/p>\n\n\n<div class=\"wp-block-image\">\n<figure class=\"aligncenter size-medium\"><img decoding=\"async\" src=\"https:\/\/medigames.com\/wp-content\/uploads\/2025\/12\/HABIB-268x300.png\" alt=\"\" class=\"wp-image-15697\"\/><\/figure>\n<\/div>\n\n\n<p><\/p>\n\n\n\n<p><\/p>\n<\/div>\n\n\n\n<div class=\"wp-block-uagb-column uagb-column__wrap uagb-column__background-none uagb-block-fd51f01c\"><div class=\"uagb-column__overlay\"><\/div>\n<p><\/p>\n<\/div>\n\n\n\n<div class=\"wp-block-uagb-column uagb-column__wrap uagb-column__background-color uagb-block-e97af048\"><div class=\"uagb-column__overlay\"><\/div>\n<h2 class=\"wp-block-heading\">Anja GUNTERMANN<\/h2>\n\n\n\n<blockquote class=\"wp-block-quote is-layout-flow wp-block-quote-is-layout-flow\">\n<p class=\"has-normal-font-size\"><strong>15 PARTECIPAZIONI<\/strong><\/p>\n<\/blockquote>\n\n\n\n<p class=\"has-normal-font-size\">Non siamo in competizione tra noi, siamo in competizione con noi stessi, ha\ndichiarato una volta un tennista. Cos\u00ec, nel 2008 a Garmisch, sono stato contagiato dal virus dei Medigames, che si \u00e8 trasformato in una malattia cronica con 15 recidive fino ad oggi. Incontrare gli amici degli anni precedenti e fare nuove amicizie da tutto il mondo \u00e8 molto gratificante. Le presentazioni durante il simposio mi forniscono spesso nuove informazioni. \u00c8 evidente che il virus dei Medigames colpisce il corpo e la mente e non prevedo una guarigione a breve termine.<\/p>\n\n\n<div class=\"wp-block-image\">\n<figure class=\"aligncenter size-medium\"><img loading=\"lazy\" decoding=\"async\" width=\"245\" height=\"300\" src=\"https:\/\/medigames.com\/wp-content\/uploads\/2025\/12\/GUNTER-245x300.png\" alt=\"\" class=\"wp-image-15698\" srcset=\"https:\/\/medigames.com\/wp-content\/uploads\/2025\/12\/GUNTER-245x300.png 245w, https:\/\/medigames.com\/wp-content\/uploads\/2025\/12\/GUNTER-837x1024.png 837w, https:\/\/medigames.com\/wp-content\/uploads\/2025\/12\/GUNTER-768x940.png 768w, https:\/\/medigames.com\/wp-content\/uploads\/2025\/12\/GUNTER-10x12.png 10w, https:\/\/medigames.com\/wp-content\/uploads\/2025\/12\/GUNTER.png 938w\" sizes=\"auto, (max-width: 245px) 100vw, 245px\" \/><\/figure>\n<\/div><\/div>\n<\/div><\/section>\n\n\n\n<section class=\"wp-block-uagb-columns uagb-columns__wrap uagb-columns__background-none uagb-columns__stack-mobile uagb-columns__valign- uagb-columns__gap-10 align uagb-block-49635b79 uagb-columns__columns-3 uagb-columns__max_width-custom fondbloc\"><div class=\"uagb-columns__overlay\"><\/div><div class=\"uagb-columns__inner-wrap uagb-columns__columns-3\">\n<div class=\"wp-block-uagb-column uagb-column__wrap uagb-column__background-color uagb-block-1e63f50a\"><div class=\"uagb-column__overlay\"><\/div>\n<h2 class=\"wp-block-heading pictotitre\" id=\"price-chart\"> Nima YEGANEH<\/h2>\n\n\n\n<blockquote class=\"wp-block-quote is-layout-flow wp-block-quote-is-layout-flow\">\n<p class=\"has-normal-font-size\"><strong>7 PARTECIPAZIONI<\/strong><\/p>\n<\/blockquote>\n\n\n\n<p class=\"has-normal-font-size\">I Medigames non sono solo una competizione per me. Sono uno stile di vita. Durante tutto l'anno mi alleno regolarmente e mantengo il mio peso forma per poter partecipare ai Medigames. Oggi i Medigames sono parte integrante della mia vita. Vivo per partecipare ai Medigames.<\/p>\n\n\n<div class=\"wp-block-image\">\n<figure class=\"aligncenter size-medium\"><img loading=\"lazy\" decoding=\"async\" width=\"247\" height=\"300\" src=\"https:\/\/medigames.com\/wp-content\/uploads\/2025\/12\/YEGA-247x300.png\" alt=\"\" class=\"wp-image-15696\" srcset=\"https:\/\/medigames.com\/wp-content\/uploads\/2025\/12\/YEGA-247x300.png 247w, https:\/\/medigames.com\/wp-content\/uploads\/2025\/12\/YEGA-842x1024.png 842w, https:\/\/medigames.com\/wp-content\/uploads\/2025\/12\/YEGA-768x934.png 768w, https:\/\/medigames.com\/wp-content\/uploads\/2025\/12\/YEGA-10x12.png 10w, https:\/\/medigames.com\/wp-content\/uploads\/2025\/12\/YEGA.png 924w\" sizes=\"auto, (max-width: 247px) 100vw, 247px\" \/><\/figure>\n<\/div>\n\n\n<p><\/p>\n\n\n\n<p><\/p>\n\n\n\n<p><\/p>\n\n\n\n<p><\/p>\n<\/div>\n\n\n\n<div class=\"wp-block-uagb-column uagb-column__wrap uagb-column__background-none uagb-block-a5ccb56e\"><div class=\"uagb-column__overlay\"><\/div>\n<p><\/p>\n<\/div>\n\n\n\n<div class=\"wp-block-uagb-column uagb-column__wrap uagb-column__background-color uagb-block-2f4c7b95\"><div class=\"uagb-column__overlay\"><\/div>\n<h2 class=\"wp-block-heading\">Valerij YUSUPOV<\/h2>\n\n\n\n<blockquote class=\"wp-block-quote is-layout-flow wp-block-quote-is-layout-flow\">\n<p class=\"has-normal-font-size\"><strong>3 PARTECIPAZIONI<\/strong><\/p>\n<\/blockquote>\n\n\n\n<p class=\"has-normal-font-size\">La gente dimenticher\u00e0 ci\u00f2 che avete detto, dimenticher\u00e0 ci\u00f2 che avete fatto, ma non dimenticher\u00e0 mai ci\u00f2 che le avete fatto provare ai MEDIGAMES. Io e la mia squadra abbiamo partecipato a 3 MEDIGAMES.<\/p>\n\n\n\n<ul class=\"wp-block-list\">\n<li><\/li>\n<\/ul>\n\n\n<div class=\"wp-block-image\">\n<figure class=\"aligncenter size-medium\"><img decoding=\"async\" src=\"https:\/\/medigames.com\/wp-content\/uploads\/2025\/12\/YUSUPOV-246x300.png\" alt=\"\" class=\"wp-image-15695\"\/><\/figure>\n<\/div><\/div>\n<\/div><\/section>\n\n\n\n<section class=\"wp-block-uagb-columns uagb-columns__wrap uagb-columns__background-none uagb-columns__stack-mobile uagb-columns__valign- uagb-columns__gap-10 align uagb-block-049545bc uagb-columns__columns-3 uagb-columns__max_width-custom fondbloc\"><div class=\"uagb-columns__overlay\"><\/div><div class=\"uagb-columns__inner-wrap uagb-columns__columns-3\">\n<div class=\"wp-block-uagb-column uagb-column__wrap uagb-column__background-color uagb-block-b281a232\"><div class=\"uagb-column__overlay\"><\/div>\n<h2 class=\"wp-block-heading pictotitre\" id=\"price-chart\">Marina BAGNIOLI<\/h2>\n\n\n\n<blockquote class=\"wp-block-quote is-layout-flow wp-block-quote-is-layout-flow\">\n<p class=\"has-normal-font-size\"><strong>2 PARTECIPAZIONI<\/strong><\/p>\n<\/blockquote>\n\n\n\n<p style=\"font-size:17px\">Per me Medigames \u00e8 un evento straordinario che, prima di tutto, riunisce persone che hanno molto in comune: l'amore per la medicina, l'impegno per la salute e la passione per lo sport. \u00c8 un luogo di incontro tra colleghi e amici provenienti da diverse parti del mondo, che crea un'atmosfera unica in cui abbiamo potuto condividere i nostri valori e le nostre esperienze in un contesto di sana competizione e cameratismo unico. Finora ho potuto partecipare solo a due edizioni, ma spero di poter continuare a farlo, perch\u00e9 ogni occasione mi ricorda quanto apprezzo questo tipo di attivit\u00e0. Grazie Med\u00ed-friends!<\/p>\n\n\n<div class=\"wp-block-image\">\n<figure class=\"aligncenter size-medium\"><img decoding=\"async\" src=\"https:\/\/medigames.com\/wp-content\/uploads\/2025\/12\/BAGNIOLI-250x300.png\" alt=\"\" class=\"wp-image-15699\"\/><\/figure>\n<\/div>\n\n\n<p><\/p>\n\n\n\n<p><\/p>\n\n\n\n<p><\/p>\n\n\n\n<p><\/p>\n<\/div>\n\n\n\n<div class=\"wp-block-uagb-column uagb-column__wrap uagb-column__background-none uagb-block-565114d1\"><div class=\"uagb-column__overlay\"><\/div>\n<p><\/p>\n<\/div>\n\n\n\n<div class=\"wp-block-uagb-column uagb-column__wrap uagb-column__background-color uagb-block-86982533\"><div class=\"uagb-column__overlay\"><\/div>\n<h2 class=\"wp-block-heading\">Anish GEORGE<\/h2>\n\n\n\n<blockquote class=\"wp-block-quote is-layout-flow wp-block-quote-is-layout-flow\">\n<p class=\"has-normal-font-size\"><strong>2 PARTECIPAZIONI<\/strong><\/p>\n<\/blockquote>\n\n\n\n<p class=\"has-normal-font-size\">I Medigames sono stati per me un palcoscenico mondiale dove ho potuto\nmettere alla prova i miei limiti contro concorrenti provenienti da tutto il mondo, persone che condividono la mia stessa passione, la mia stessa disciplina e il mio stesso spirito. Nel corso degli anni, molti concorrenti sono diventati amici intimi, persino membri della mia famiglia, uniti da questa \nincredibile esperienza. La cosa pi\u00f9 stimolante \u00e8 vedere l'energia inesauribile degli atleti pi\u00f9 anziani, che dimostrano anno dopo anno che l'et\u00e0 \u00e8 solo un numero e che la vitalit\u00e0, la forma fisica e la gioia sono obiettivi da perseguire per tutta la vita.<\/p>\n\n\n\n<ul class=\"wp-block-list\">\n<li><\/li>\n<\/ul>\n\n\n<div class=\"wp-block-image\">\n<figure class=\"aligncenter size-medium\"><img loading=\"lazy\" decoding=\"async\" width=\"249\" height=\"300\" src=\"https:\/\/medigames.com\/wp-content\/uploads\/2025\/12\/GEORGE-249x300.png\" alt=\"\" class=\"wp-image-15700\" srcset=\"https:\/\/medigames.com\/wp-content\/uploads\/2025\/12\/GEORGE-249x300.png 249w, https:\/\/medigames.com\/wp-content\/uploads\/2025\/12\/GEORGE-848x1024.png 848w, https:\/\/medigames.com\/wp-content\/uploads\/2025\/12\/GEORGE-768x927.png 768w, https:\/\/medigames.com\/wp-content\/uploads\/2025\/12\/GEORGE-10x12.png 10w, https:\/\/medigames.com\/wp-content\/uploads\/2025\/12\/GEORGE.png 908w\" sizes=\"auto, (max-width: 249px) 100vw, 249px\" \/><\/figure>\n<\/div><\/div>\n<\/div><\/section>\n\n\n\n<hr class=\"wp-block-separator has-text-color has-noir-color has-css-opacity has-noir-background-color has-background tw-mt-0 tw-mb-6 is-style-wide\"\/>\n\n\n\n<div class=\"wp-block-uagb-container uagb-layout-grid uagb-block-fef9e83c alignfull uagb-is-root-container\">\n<figure class=\"wp-block-image size-full is-resized\"><img decoding=\"async\" src=\"https:\/\/medigames.com\/wp-content\/uploads\/2025\/10\/LogoVilleMedu.png\" alt=\"\" style=\"width:auto;height:90px\"\/><\/figure>\n\n\n\n<figure class=\"wp-block-image size-full is-resized\"><img decoding=\"async\" src=\"https:\/\/medigames.com\/wp-content\/uploads\/2025\/10\/LogoMedCanadiens.png\" alt=\"\" style=\"width:auto;height:100px\"\/><\/figure>\n\n\n\n<figure class=\"wp-block-image size-full is-resized\"><img decoding=\"async\" src=\"https:\/\/medigames.com\/wp-content\/uploads\/2021\/10\/bauerfeind.png\" alt=\"\" style=\"width:auto;height:40px\"\/><\/figure>\n\n\n\n<figure class=\"wp-block-image size-large is-resized\"><img decoding=\"async\" src=\"https:\/\/medigames.com\/wp-content\/uploads\/2025\/10\/LogoMedulin-1024x298.jpg\" alt=\"\" style=\"width:auto;height:60px\"\/><\/figure>\n\n\n\n<figure class=\"wp-block-image size-full is-resized\"><img decoding=\"async\" src=\"https:\/\/medigames.com\/wp-content\/uploads\/2025\/12\/LOGOARENA.png\" alt=\"\" style=\"width:auto;height:50px\"\/><\/figure>\n\n\n\n<figure class=\"wp-block-image size-full is-resized\"><img decoding=\"async\" src=\"https:\/\/medigames.com\/wp-content\/uploads\/2025\/12\/LogoVLVHorizon.png\" alt=\"\" style=\"width:auto;height:70px\"\/><\/figure>\n<\/div>\n\n\n\n<div style=\"height:1px\" aria-hidden=\"true\" class=\"wp-block-spacer\"><\/div>","protected":false},"excerpt":{"rendered":"<p>Nader HABIB 22 PARTECIPAZIONI Per me, i Medigames sono un'occasione per riunire persone provenienti da tutto il mondo e...<\/p>","protected":false},"author":5,"featured_media":15710,"parent":6725,"menu_order":0,"comment_status":"closed","ping_status":"closed","template":"","meta":{"_acf_changed":false,"_uag_custom_page_level_css":"","footnotes":""},"class_list":["post-15689","page","type-page","status-publish","has-post-thumbnail","hentry"],"acf":[],"uagb_featured_image_src":{"full":["https:\/\/medigames.com\/wp-content\/uploads\/2025\/12\/BannTestimo.jpg",2126,897,false],"thumbnail":["https:\/\/medigames.com\/wp-content\/uploads\/2025\/12\/BannTestimo-150x150.jpg",150,150,true],"medium":["https:\/\/medigames.com\/wp-content\/uploads\/2025\/12\/BannTestimo-300x127.jpg",300,127,true],"medium_large":["https:\/\/medigames.com\/wp-content\/uploads\/2025\/12\/BannTestimo-768x324.jpg",580,245,true],"large":["https:\/\/medigames.com\/wp-content\/uploads\/2025\/12\/BannTestimo-1024x432.jpg",580,245,true],"1536x1536":["https:\/\/medigames.com\/wp-content\/uploads\/2025\/12\/BannTestimo-1536x648.jpg",1536,648,true],"2048x2048":["https:\/\/medigames.com\/wp-content\/uploads\/2025\/12\/BannTestimo-2048x864.jpg",2048,864,true],"trp-custom-language-flag":["https:\/\/medigames.com\/wp-content\/uploads\/2025\/12\/BannTestimo-18x8.jpg",18,8,true],"post-thumbnail":["https:\/\/medigames.com\/wp-content\/uploads\/2025\/12\/BannTestimo-1200x506.jpg",1200,506,true],"twentytwenty-fullscreen":["https:\/\/medigames.com\/wp-content\/uploads\/2025\/12\/BannTestimo-1980x835.jpg",1980,835,true]},"uagb_author_info":{"display_name":"mediAdmin","author_link":"https:\/\/medigames.com\/it\/author\/mediadmin\/"},"uagb_comment_info":0,"uagb_excerpt":"Nader HABIB 22 PARTICIPATIONS For me, the Medigames are an opportunity to bring together people from around the world and&hellip;","_links":{"self":[{"href":"https:\/\/medigames.com\/it\/wp-json\/wp\/v2\/pages\/15689","targetHints":{"allow":["GET"]}}],"collection":[{"href":"https:\/\/medigames.com\/it\/wp-json\/wp\/v2\/pages"}],"about":[{"href":"https:\/\/medigames.com\/it\/wp-json\/wp\/v2\/types\/page"}],"author":[{"embeddable":true,"href":"https:\/\/medigames.com\/it\/wp-json\/wp\/v2\/users\/5"}],"replies":[{"embeddable":true,"href":"https:\/\/medigames.com\/it\/wp-json\/wp\/v2\/comments?post=15689"}],"version-history":[{"count":0,"href":"https:\/\/medigames.com\/it\/wp-json\/wp\/v2\/pages\/15689\/revisions"}],"up":[{"embeddable":true,"href":"https:\/\/medigames.com\/it\/wp-json\/wp\/v2\/pages\/6725"}],"wp:featuredmedia":[{"embeddable":true,"href":"https:\/\/medigames.com\/it\/wp-json\/wp\/v2\/media\/15710"}],"wp:attachment":[{"href":"https:\/\/medigames.com\/it\/wp-json\/wp\/v2\/media?parent=15689"}],"curies":[{"name":"wp","href":"https:\/\/api.w.org\/{rel}","templated":true}]}}