{"id":10296,"date":"2014-12-01T17:47:44","date_gmt":"2014-12-01T16:47:44","guid":{"rendered":"http:\/\/www.medigames.com\/wordpress\/?page_id=2"},"modified":"2026-01-13T08:33:55","modified_gmt":"2026-01-13T07:33:55","slug":"the-medigames","status":"publish","type":"page","link":"https:\/\/medigames.com\/pt\/the-medigames\/","title":{"rendered":"Os Medigames"},"content":{"rendered":"<section class=\"wp-block-uagb-columns uagb-columns__wrap uagb-columns__background-color uagb-columns__stack-mobile uagb-columns__valign- uagb-columns__gap-10 align uagb-block-1c7c010f uagb-columns__columns-1 uagb-columns__max_width-custom fondbloc\"><div class=\"uagb-columns__overlay\"><\/div><div class=\"uagb-columns__inner-wrap uagb-columns__columns-1\">\n<div class=\"wp-block-uagb-column uagb-column__wrap uagb-column__background-undefined uagb-block-ed3d6556\"><div class=\"uagb-column__overlay\"><\/div>\n<h2 class=\"wp-block-heading moveLeft pictotitre\" id=\"sport-health-and-friendship\">Aproveite a experi\u00eancia MEDIGAMES!<\/h2>\n\n\n\n<p>Mais do que uma competi\u00e7\u00e3o, \u00e9 uma aventura humana \u00fanica, onde a paix\u00e3o pelo desporto re\u00fane profissionais de sa\u00fade de todo o mundo.<\/p>\n\n\n\n<p>Desde 1978, os Jogos Mundiais de Medicina e Sa\u00fade t\u00eam permitido que profissionais de sa\u00fade de todo o mundo se re\u00fanam para uma semana de competi\u00e7\u00f5es desportivas e participem num simp\u00f3sio internacional de medicina desportiva acreditado pelo EACCME (Conselho Europeu de Acredita\u00e7\u00e3o para a Educa\u00e7\u00e3o M\u00e9dica Cont\u00ednua).<\/p>\n\n\n\n<p><\/p>\n\n\n\n<p><\/p>\n<\/div>\n<\/div><\/section>\n\n\n\n<section class=\"wp-block-uagb-columns uagb-columns__wrap uagb-columns__background-none uagb-columns__stack-mobile uagb-columns__valign- uagb-columns__gap-10 align uagb-block-042c7ceb uagb-columns__columns-2 uagb-columns__max_width-custom\"><div class=\"uagb-columns__overlay\"><\/div><div class=\"uagb-columns__inner-wrap uagb-columns__columns-2\">\n<div class=\"wp-block-uagb-column uagb-column__wrap uagb-column__background-undefined uagb-block-bd9846b9\"><div class=\"uagb-column__overlay\"><\/div>\n<h3 class=\"wp-block-heading tw-mt-0 moveTitre\" id=\"a-week-of-sport\">Uma hist\u00f3ria fabulosa<\/h3>\n\n\n\n<p>O evento est\u00e1 aberto a profissionais de sa\u00fade e estudantes de medicina de todo o mundo (lista de profiss\u00f5es eleg\u00edveis dispon\u00edvel no nosso site: www.medigames.com).<\/p>\n\n\n\n<p>Os convidados (n\u00e3o profissionais de sa\u00fade) tamb\u00e9m podem participar nas competi\u00e7\u00f5es, mas ser\u00e3o classificados separadamente.<\/p>\n\n\n\n<p><\/p>\n\n\n\n<p><\/p>\n<\/div>\n\n\n\n<div class=\"wp-block-uagb-column uagb-column__wrap uagb-column__background-undefined uagb-block-019c0d62\"><div class=\"uagb-column__overlay\"><\/div>\n<p class=\"has-jaune-color has-text-color has-link-color wp-elements-5268ace7bcc43b54132c27927e84aabc\"><strong>\u2022 22 DESPORTOS<br>\u2022 45 EDI\u00c7\u00d5ES<br>\u2022 1 Simp\u00f3sio Internacional de Medicina Desportiva<br>\u2022 1 500 PARTICIPANTES <br>\u2022 40 PA\u00cdSES REPRESENTADOS<\/strong><\/p>\n<\/div>\n<\/div><\/section>\n\n\n\n<div class=\"wp-block-uagb-columns uagb-columns__wrap uagb-columns__background-color uagb-columns__stack-mobile uagb-columns__valign- uagb-columns__gap-10 alignfull uagb-block-c1498c26 uagb-columns__columns-1 uagb-columns__max_width-custom\"><div class=\"uagb-columns__overlay\"><\/div><div class=\"uagb-columns__shape uagb-columns__shape-top\"><svg xmlns=\"https:\/\/www.w3.org\/2000\/svg\" viewbox=\"0 0 1000 100\" preserveaspectratio=\"none\"><path class=\"uagb-columns__shape-fill\" d=\"M421.9,6.5c22.6-2.5,51.5,0.4,75.5,5.3c23.6,4.9,70.9,23.5,100.5,35.7c75.8,32.2,133.7,44.5,192.6,49.7  c23.6,2.1,48.7,3.5,103.4-2.5c54.7-6,106.2-25.6,106.2-25.6V0H0v30.3c0,0,72,32.6,158.4,30.5c39.2-0.7,92.8-6.7,134-22.4  c21.2-8.1,52.2-18.2,79.7-24.2C399.3,7.9,411.6,7.5,421.9,6.5z\"><\/path><\/svg><\/div><div class=\"uagb-columns__inner-wrap uagb-columns__columns-1\">\n<div class=\"wp-block-uagb-column uagb-column__wrap uagb-column__background-undefined uagb-block-b5a7b0e7\"><div class=\"uagb-column__overlay\"><\/div>\n<section class=\"wp-block-uagb-columns uagb-columns__wrap uagb-columns__background-none uagb-columns__stack-mobile uagb-columns__valign- uagb-columns__gap-10 align uagb-block-8ed32749 uagb-columns__columns-1 uagb-columns__max_width-custom\"><div class=\"uagb-columns__overlay\"><\/div><div class=\"uagb-columns__inner-wrap uagb-columns__columns-1\">\n<div class=\"wp-block-uagb-column uagb-column__wrap uagb-column__background-undefined uagb-block-7c291a91\"><div class=\"uagb-column__overlay\"><\/div>\n<h3 class=\"wp-block-heading tw-mb-4 tw-mt-0 moveTitre\" id=\"who-can-take-part-and-why\"><meta charset=\"utf-8\">Quem pode participar e porqu\u00ea?<\/h3>\n<\/div>\n<\/div><\/section>\n\n\n\n<section class=\"wp-block-uagb-columns uagb-columns__wrap uagb-columns__background-none uagb-columns__stack-mobile uagb-columns__valign- uagb-columns__gap-10 align uagb-block-16ba9ba0 uagb-columns__columns-3 uagb-columns__max_width-custom\"><div class=\"uagb-columns__overlay\"><\/div><div class=\"uagb-columns__inner-wrap uagb-columns__columns-3\">\n<div class=\"wp-block-uagb-column uagb-column__wrap uagb-column__background-undefined uagb-block-d8b5010a\"><div class=\"uagb-column__overlay\"><\/div>\n<h4 class=\"wp-block-heading tw-mt-4 moveTitre\" id=\"who\">Quem?<\/h4>\n\n\n\n<p style=\"font-size:16px\">Para todos os profissionais de sa\u00fade qualificados e estudantes de medicina. Ver a lista das profiss\u00f5es aceites <strong><a href=\"https:\/\/medigames.com\/wp-content\/uploads\/2025\/10\/Liste-des-professions_FR-EN-ES-DE_-V2-.pdf\">clicando aqui<\/a>.<\/strong><\/p>\n\n\n\n<p style=\"font-size:16px\">Acompanha um profissional de sa\u00fade? Quer seja atleta ou n\u00e3o, pode participar!<\/p>\n\n\n<div class=\"wp-block-image tw-mt-0 is-style-default\">\n<figure class=\"aligncenter size-large is-resized\"><img decoding=\"async\" src=\"https:\/\/medigames.com\/wp-content\/uploads\/2025\/10\/P1045288-scaled-e1761230869306.jpg\" alt=\"\" style=\"aspect-ratio:1.2474397092831186;width:324px;height:auto\"\/><\/figure>\n<\/div><\/div>\n\n\n\n<div class=\"wp-block-uagb-column uagb-column__wrap uagb-column__background-none uagb-block-e06af6f5\"><div class=\"uagb-column__overlay\"><\/div><\/div>\n\n\n\n<div class=\"wp-block-uagb-column uagb-column__wrap uagb-column__background-none uagb-block-74986993 flip\"><div class=\"uagb-column__overlay\"><\/div>\n<h4 class=\"wp-block-heading tw-mt-4 moveTitre\" id=\"why\">Porqu\u00ea?<\/h4>\n\n\n\n<ul class=\"wp-block-list\">\n<li>Uma excelente oportunidade para praticar o seu desporto em competi\u00e7\u00e3o com pessoas de todo o mundo.<\/li>\n\n\n\n<li>Participar no maior encontro desportivo de profissionais de sa\u00fade do mundo<\/li>\n\n\n\n<li>Uma oportunidade de praticar desporto numas f\u00e9rias fant\u00e1sticas com amigos ou fam\u00edlia<\/li>\n\n\n\n<li>Experimente novos esportes<\/li>\n\n\n\n<li>Descobrir um novo destino<\/li>\n\n\n\n<li>Expandir a sua rede de contactos no mundo da medicina<\/li>\n<\/ul>\n<\/div>\n<\/div><\/section>\n<\/div>\n<\/div><\/div>\n\n\n\n<div class=\"wp-block-uagb-container uagb-layout-grid uagb-block-fef9e83c alignfull uagb-is-root-container\">\n<figure class=\"wp-block-image size-full is-resized\"><img decoding=\"async\" src=\"https:\/\/medigames.com\/wp-content\/uploads\/2025\/10\/LogoVilleMedu.png\" alt=\"\" style=\"width:auto;height:90px\"\/><\/figure>\n\n\n\n<figure class=\"wp-block-image size-full is-resized\"><img decoding=\"async\" src=\"https:\/\/medigames.com\/wp-content\/uploads\/2025\/10\/LogoMedCanadiens.png\" alt=\"\" style=\"width:auto;height:100px\"\/><\/figure>\n\n\n\n<figure class=\"wp-block-image size-full is-resized\"><img decoding=\"async\" src=\"https:\/\/medigames.com\/wp-content\/uploads\/2021\/10\/bauerfeind.png\" alt=\"\" style=\"width:auto;height:40px\"\/><\/figure>\n\n\n\n<figure class=\"wp-block-image size-large is-resized\"><img decoding=\"async\" src=\"https:\/\/medigames.com\/wp-content\/uploads\/2025\/10\/LogoMedulin-1024x298.jpg\" alt=\"\" style=\"width:auto;height:60px\"\/><\/figure>\n\n\n\n<figure class=\"wp-block-image size-full is-resized\"><img decoding=\"async\" src=\"https:\/\/medigames.com\/wp-content\/uploads\/2025\/12\/LOGOARENA.png\" alt=\"\" style=\"width:auto;height:50px\"\/><\/figure>\n\n\n\n<figure class=\"wp-block-image size-full is-resized\"><img decoding=\"async\" src=\"https:\/\/medigames.com\/wp-content\/uploads\/2025\/12\/LogoVLVHorizon.png\" alt=\"\" style=\"width:auto;height:70px\"\/><\/figure>\n<\/div>\n\n\n\n<div style=\"height:1px\" aria-hidden=\"true\" class=\"wp-block-spacer\"><\/div>","protected":false},"excerpt":{"rendered":"<p>Viva a experi\u00eancia MEDIGAMES! Mais do que uma competi\u00e7\u00e3o, \u00e9 uma aventura humana \u00fanica onde a paix\u00e3o pelo desporto...<\/p>","protected":false},"author":3,"featured_media":15454,"parent":0,"menu_order":1,"comment_status":"closed","ping_status":"closed","template":"","meta":{"_acf_changed":false,"_uag_custom_page_level_css":"","footnotes":""},"class_list":["post-10296","page","type-page","status-publish","has-post-thumbnail","hentry"],"acf":[],"uagb_featured_image_src":{"full":["https:\/\/medigames.com\/wp-content\/uploads\/2025\/10\/P1045959-scaled-e1761234095971.jpg",2560,1920,false],"thumbnail":["https:\/\/medigames.com\/wp-content\/uploads\/2025\/10\/P1045959-150x150.jpg",150,150,true],"medium":["https:\/\/medigames.com\/wp-content\/uploads\/2025\/10\/P1045959-300x225.jpg",300,225,true],"medium_large":["https:\/\/medigames.com\/wp-content\/uploads\/2025\/10\/P1045959-768x576.jpg",580,435,true],"large":["https:\/\/medigames.com\/wp-content\/uploads\/2025\/10\/P1045959-1024x768.jpg",580,435,true],"1536x1536":["https:\/\/medigames.com\/wp-content\/uploads\/2025\/10\/P1045959-1536x1152.jpg",1536,1152,true],"2048x2048":["https:\/\/medigames.com\/wp-content\/uploads\/2025\/10\/P1045959-2048x1536.jpg",2048,1536,true],"trp-custom-language-flag":["https:\/\/medigames.com\/wp-content\/uploads\/2025\/10\/P1045959-16x12.jpg",16,12,true],"post-thumbnail":["https:\/\/medigames.com\/wp-content\/uploads\/2025\/10\/P1045959-1200x900.jpg",1200,900,true],"twentytwenty-fullscreen":["https:\/\/medigames.com\/wp-content\/uploads\/2025\/10\/P1045959-1980x1485.jpg",1980,1485,true]},"uagb_author_info":{"display_name":"medOld2021","author_link":"https:\/\/medigames.com\/pt\/author\/medold2021\/"},"uagb_comment_info":0,"uagb_excerpt":"Enjoy the MEDIGAMES experience! More than just a competition, it is a unique human adventure where a passion for sport&hellip;","_links":{"self":[{"href":"https:\/\/medigames.com\/pt\/wp-json\/wp\/v2\/pages\/10296","targetHints":{"allow":["GET"]}}],"collection":[{"href":"https:\/\/medigames.com\/pt\/wp-json\/wp\/v2\/pages"}],"about":[{"href":"https:\/\/medigames.com\/pt\/wp-json\/wp\/v2\/types\/page"}],"author":[{"embeddable":true,"href":"https:\/\/medigames.com\/pt\/wp-json\/wp\/v2\/users\/3"}],"replies":[{"embeddable":true,"href":"https:\/\/medigames.com\/pt\/wp-json\/wp\/v2\/comments?post=10296"}],"version-history":[{"count":0,"href":"https:\/\/medigames.com\/pt\/wp-json\/wp\/v2\/pages\/10296\/revisions"}],"wp:featuredmedia":[{"embeddable":true,"href":"https:\/\/medigames.com\/pt\/wp-json\/wp\/v2\/media\/15454"}],"wp:attachment":[{"href":"https:\/\/medigames.com\/pt\/wp-json\/wp\/v2\/media?parent=10296"}],"curies":[{"name":"wp","href":"https:\/\/api.w.org\/{rel}","templated":true}]}}