{"id":12435,"date":"2022-02-12T17:51:10","date_gmt":"2022-02-12T16:51:10","guid":{"rendered":"https:\/\/medigames.com\/?page_id=12435"},"modified":"2024-02-09T08:06:25","modified_gmt":"2024-02-09T07:06:25","slug":"politique-de-confidentialite-2","status":"publish","type":"page","link":"https:\/\/medigames.com\/pt\/politique-de-confidentialite-2\/","title":{"rendered":"Pol\u00edtica de Privacidade"},"content":{"rendered":"<section class=\"wp-block-uagb-columns uagb-columns__wrap uagb-columns__background-undefined uagb-columns__stack-mobile uagb-columns__valign-undefined uagb-columns__gap-10 alignundefined uagb-block-8b273501\"><div class=\"uagb-columns__overlay\"><\/div><div class=\"uagb-columns__inner-wrap uagb-columns__columns-1\">\n<div class=\"wp-block-uagb-column uagb-column__wrap uagb-column__background-undefined uagb-block-51e2472c\"><div class=\"uagb-column__overlay\"><\/div><div class=\"uagb-column__inner-wrap\">\n<p><em>\u00daltima atualiza\u00e7\u00e3o: 06 de fevereiro de 2022<\/em><\/p>\n\n\n\n<p>Medigames pretende ser um cidad\u00e3o corporativo exemplar e contribuir para a protec\u00e7\u00e3o dos seus dados pessoais. Damos grande valor \u00e0 honestidade e clareza e estamos empenhados em construir rela\u00e7\u00f5es fortes e duradouras com os nossos clientes, baseadas na confian\u00e7a e interesse m\u00fatuo. De acordo com esta filosofia, a protec\u00e7\u00e3o dos seus dados pessoais \u00e9 essencial para n\u00f3s e queremos inform\u00e1-lo, atrav\u00e9s desta pol\u00edtica de protec\u00e7\u00e3o de dados pessoais, da forma como recolhemos e processamos esses dados. Esta pol\u00edtica de confidencialidade define e informa-o da forma como a Medigames utiliza e protege as informa\u00e7\u00f5es que nos transmite, se aplic\u00e1vel, quando utiliza este site acess\u00edvel a partir do seguinte URL: medigames.com (adiante designado por \"Site\"). Note que esta pol\u00edtica de privacidade pode ser modificada ou complementada a qualquer momento pela Medigames, em particular com vista ao cumprimento de qualquer desenvolvimento legislativo, regulamentar, jurisprudencial ou tecnol\u00f3gico. Nesse caso, a data da sua actualiza\u00e7\u00e3o ser\u00e1 claramente identificada no topo desta pol\u00edtica. Estas modifica\u00e7\u00f5es s\u00e3o vinculativas para o Utilizador assim que s\u00e3o colocadas online. O Utilizador deve, portanto, consultar regularmente esta pol\u00edtica de confidencialidade e de utiliza\u00e7\u00e3o de cookies, a fim de estar ciente de quaisquer altera\u00e7\u00f5es.<\/p>\n\n\n\n<h2 class=\"wp-block-heading\" id=\"1-personal-data\">1. Dados pessoais<\/h2>\n\n\n\n<p>Em geral, voc\u00ea pode visitar o Site sem revelar nenhuma informa\u00e7\u00e3o pessoal sobre voc\u00ea. Em qualquer caso, voc\u00ea n\u00e3o \u00e9 de forma alguma obrigado a transmitir essas informa\u00e7\u00f5es para a Medigames. No entanto, em caso de recusa, voc\u00ea pode n\u00e3o poder se beneficiar de certas informa\u00e7\u00f5es ou servi\u00e7os que voc\u00ea tenha solicitado. Como tal, a Medigames pode ser obrigada, em certos casos, a pedir-lhe que forne\u00e7a informa\u00e7\u00f5es (a seguir, as suas \"Informa\u00e7\u00f5es Pessoais\"): nome e apelido; endere\u00e7o de e-mail; n\u00famero de telefone; endere\u00e7o; qualquer pedido especial que nos possa dirigir (principalmente para fins de arquivo); Ao fornecer estas informa\u00e7\u00f5es, concorda expressamente que ser\u00e3o processadas pela Medigames, para os fins indicados no ponto 2 abaixo, bem como para os fins indicados no final de cada formul\u00e1rio. Em conformidade com o regulamento geral sobre a protec\u00e7\u00e3o de dados adoptado pelo Parlamento Europeu em 14 de Abril de 2016, e com a lei sobre a protec\u00e7\u00e3o de dados de 6 de Janeiro de 1978, tal como alterada, a Medigames informa-o sobre os seguintes pontos :<\/p>\n\n\n\n<h3 class=\"wp-block-heading\" id=\"1-1-identity-of-the-controller\">1.1. Identidade do controlador<\/h3>\n\n\n\n<p>O controlador de dados \u00e9 a Medigames - CORPORATE SPORT ORGANISATION, com sede social em 15\/29 rue Guillemot 75014 Bordeaux. Email: contact@medigames.com.<\/p>\n\n\n\n<h3 class=\"wp-block-heading\" id=\"1-2-purposes-of-processing\">1.2. Finalidades de processamento<\/h3>\n\n\n\n<p>Os Medigames podem processar as suas Informa\u00e7\u00f5es Pessoais: (a) com a finalidade de lhe fornecer as informa\u00e7\u00f5es ou servi\u00e7os que voc\u00ea solicitou receber (enviando nossas newsletters ap\u00f3s seu registro); e \/ ou (b) com a finalidade de coletar informa\u00e7\u00f5es que nos permitam melhorar nosso Site, nossos produtos e servi\u00e7os (em particular por meio de cookies).<\/p>\n\n\n\n<h3 class=\"wp-block-heading\" id=\"1-3-recipients\">1.3. Destinat\u00e1rios<\/h3>\n\n\n\n<p>Apenas Medigames \u00e9 o destinat\u00e1rio da sua Informa\u00e7\u00e3o Pessoal. Estes, quer de forma individual ou agregada, nunca s\u00e3o transmitidos a terceiros, apesar dos prestadores de servi\u00e7os utilizados pela Medigames (encontrar\u00e1 mais informa\u00e7\u00f5es sobre eles no ponto 7 abaixo ). Nem a Medigames, nem qualquer um dos seus fornecedores de servi\u00e7os, vende os dados pessoais dos visitantes e Utilizadores do seu Site.<\/p>\n\n\n\n<h3 class=\"wp-block-heading\" id=\"1-4-the-duration-of-the-conversation\">1.4. A dura\u00e7\u00e3o da conversa<\/h3>\n\n\n\n<p>Os seus dados pessoais s\u00e3o mantidos pelos Medigames apenas durante o tempo correspondente \u00e0 finalidade da recolha, conforme indicado no ponto 2 acima, que n\u00e3o pode, em caso algum, exceder 24 meses.<\/p>\n\n\n\n<h3 class=\"wp-block-heading\" id=\"1-5-computer-rights-and-freedoms\">1.5. Direitos e Liberdades Inform\u00e1ticas<\/h3>\n\n\n\n<p>Voc\u00ea tem os seguintes direitos relativos \u00e0s suas Informa\u00e7\u00f5es Pessoais, que pode exercer escrevendo-nos para o endere\u00e7o de e-mail (contact@medigames.com), para o endere\u00e7o postal (ver ponto 1) ou utilizando o formul\u00e1rio de contacto no Site na seguinte url: https:\/\/medigames.com\/contact\/<\/p>\n\n\n\n<h4 class=\"wp-block-heading\" id=\"right-of-access-and-communication-of-data\"><strong>Direito de acesso e comunica\u00e7\u00e3o de dados<\/strong><\/h4>\n\n\n\n<p>Voc\u00ea tem a op\u00e7\u00e3o de acessar as Informa\u00e7\u00f5es Pessoais que lhe dizem respeito. No entanto, devido \u00e0 obriga\u00e7\u00e3o de seguran\u00e7a e confidencialidade no tratamento dos dados pessoais que lhe dizem respeito, \u00e9 informado de que o seu pedido ser\u00e1 tratado, desde que comprove a sua identidade. O pedido de acesso aos seus dados pessoais \u00e9 feito atrav\u00e9s da apresenta\u00e7\u00e3o de um scan do seu documento de identidade v\u00e1lido (no caso de um pedido utilizando o nosso formul\u00e1rio electr\u00f3nico espec\u00edfico) ou de uma fotoc\u00f3pia assinada do seu documento de identidade v\u00e1lido (no caso de um pedido por escrito). A Medigames informa-o que ter\u00e1 o direito, se necess\u00e1rio, de se opor a pedidos claramente abusivos (pelo seu n\u00famero, pelo seu car\u00e1cter repetitivo ou sistem\u00e1tico). Para o ajudar no seu processo, nomeadamente se desejar exercer o seu direito de acesso atrav\u00e9s de um pedido escrito ao endere\u00e7o postal mencionado no ponto 1, encontrar\u00e1 no link seguinte um modelo de carta desenvolvido pela Comiss\u00e3o Nacional de Inform\u00e1tica e Liberdades (a \"CNIL\"). <a role=\"link\" href=\"https:\/\/www.cnil.fr\/fr\/modele\/courrier\/exercer-son-droit-dacces\" target=\"_blank\" rel=\"noreferrer noopener nofollow\">https:\/\/www.cnil.fr\/fr\/modele\/courrier\/exercer-son-droit-dacces<\/a><\/p>\n\n\n\n<h4 class=\"wp-block-heading\" id=\"right-to-rectify-data\"><strong>Direito de rectificar dados<\/strong><\/h4>\n\n\n\n<p>Ao abrigo deste direito, a legisla\u00e7\u00e3o habilita-o a solicitar a rectifica\u00e7\u00e3o, actualiza\u00e7\u00e3o, bloqueio ou mesmo apagamento de dados que lhe digam respeito que possam revelar-se inexactos, errados, incompletos ou obsoletos. Al\u00e9m disso, voc\u00ea pode definir diretrizes gerais e espec\u00edficas relacionadas com o destino dos dados pessoais ap\u00f3s a sua morte. Quando aplic\u00e1vel, os herdeiros de uma pessoa falecida podem exigir que a morte do seu parente seja tida em conta e\/ou que sejam feitas as actualiza\u00e7\u00f5es necess\u00e1rias. Para o ajudar no seu processo, em particular se deseja exercer, por sua conta ou em nome de um dos seus familiares falecidos, o seu direito de rectifica\u00e7\u00e3o atrav\u00e9s de um pedido escrito ao endere\u00e7o postal mencionado no ponto 1, encontrar\u00e1 no link seguinte um modelo de carta desenvolvido pela CNIL. <a role=\"link\" href=\"https:\/\/www.cnil.fr\/fr\/modele\/courrier\/rectifier-des-donnees-inexactes-obsoletes-ou-perimees\" target=\"_blank\" rel=\"noreferrer noopener nofollow\">https:\/\/www.cnil.fr\/fr\/modele\/courrier\/rectifier-des-donnees-inexactes-obsoletes-ou-perimees<\/a><\/p>\n\n\n\n<h4 class=\"wp-block-heading\" id=\"right-of-opposition\"><strong>direito de oposi\u00e7\u00e3o<\/strong><\/h4>\n\n\n\n<p>O exerc\u00edcio deste direito s\u00f3 \u00e9 poss\u00edvel em uma das duas situa\u00e7\u00f5es seguintes: Quando o exerc\u00edcio deste direito se baseia em raz\u00f5es leg\u00edtimas; ou Quando o exerc\u00edcio deste direito se destina a impedir que os dados recolhidos sejam utilizados para fins de prospec\u00e7\u00e3o comercial. Para o ajudar no seu processo, em particular se deseja exercer o seu direito de oposi\u00e7\u00e3o atrav\u00e9s de um pedido escrito dirigido ao endere\u00e7o postal indicado no ponto 1, encontrar\u00e1 no link seguinte um modelo de carta desenvolvido pela CNIL. <a role=\"link\" href=\"https:\/\/www.cnil.fr\/fr\/modele\/courrier\/supprimer-des-informations-vous-concernant-dun-site-internet\" target=\"_blank\" rel=\"noreferrer noopener nofollow\">https:\/\/www.cnil.fr\/fr\/modele\/courrier\/supprimer-des-informations-vous-concernant-dun-site-internet<\/a> No entanto, fornecemos-lhe ferramentas para gerir os seus dados directamente no nosso site. Voc\u00ea as encontrar\u00e1 no final da p\u00e1gina. Contacte-nos se tiver algum problema com a sua utiliza\u00e7\u00e3o.<\/p>\n\n\n\n<h3 class=\"wp-block-heading\" id=\"1-6-reply-duration\">1.6. Dura\u00e7\u00e3o da resposta<\/h3>\n\n\n\n<p>A Medigames compromete-se a responder ao seu pedido de acesso, rectifica\u00e7\u00e3o ou oposi\u00e7\u00e3o ou qualquer outro pedido de informa\u00e7\u00e3o adicional num per\u00edodo de tempo razo\u00e1vel que n\u00e3o pode exceder 1 m\u00eas a partir da recep\u00e7\u00e3o do seu pedido.<\/p>\n\n\n\n<h3 class=\"wp-block-heading\" id=\"1-7-authorized-service-providers-and-transfer-to-a-third-country-of-the-european-union\">1.7. Prestadores de servi\u00e7os autorizados e transfer\u00eancia para um pa\u00eds terceiro da Uni\u00e3o Europeia<\/h3>\n\n\n\n<p>A Medigames informa que utiliza os seus prestadores de servi\u00e7os autorizados para facilitar a recolha e processamento dos dados que nos comunicou. Estes prestadores de servi\u00e7os podem estar localizados fora da Uni\u00e3o Europeia e comunicar os dados recolhidos atrav\u00e9s dos diferentes formul\u00e1rios do Site (com excep\u00e7\u00e3o do formul\u00e1rio que lhe permite exercer os seus direitos inform\u00e1ticos e de Liberdades que \u00e9 oferecido e utilizado. pela Medigames).<\/p>\n\n\n\n<h3 class=\"wp-block-heading\" id=\"1-8-complaint-to-the-competent-authority\">1.8. Reclama\u00e7\u00e3o \u00e0 autoridade competente<\/h3>\n\n\n\n<p>Se considerar que a Medigames n\u00e3o respeita as suas obriga\u00e7\u00f5es relativamente aos seus Dados Pessoais, pode apresentar uma queixa ou um pedido \u00e0 autoridade competente. Em Fran\u00e7a, a autoridade competente \u00e9 a CNIL \u00e0 qual pode enviar um pedido por via electr\u00f3nica, clicando no seguinte link: https:\/\/www.cnil.fr\/fr\/plaintes\/internet.<\/p>\n<\/div><\/div>\n<\/div><\/section>","protected":false},"excerpt":{"rendered":"<p>\u00daltima atualiza\u00e7\u00e3o: 06 de fevereiro de 2022 A Medigames pretende ser uma empresa cidad\u00e3 exemplar e contribuir para a prote\u00e7\u00e3o do ambiente...<\/p>","protected":false},"author":1,"featured_media":12135,"parent":0,"menu_order":20,"comment_status":"closed","ping_status":"closed","template":"","meta":{"_acf_changed":false,"_uag_custom_page_level_css":"","footnotes":""},"class_list":["post-12435","page","type-page","status-publish","has-post-thumbnail","hentry"],"acf":[],"uagb_featured_image_src":{"full":["https:\/\/medigames.com\/wp-content\/uploads\/2022\/01\/Page-Resultats.jpg",1600,500,false],"thumbnail":["https:\/\/medigames.com\/wp-content\/uploads\/2022\/01\/Page-Resultats-150x150.jpg",150,150,true],"medium":["https:\/\/medigames.com\/wp-content\/uploads\/2022\/01\/Page-Resultats-300x94.jpg",300,94,true],"medium_large":["https:\/\/medigames.com\/wp-content\/uploads\/2022\/01\/Page-Resultats-768x240.jpg",580,181,true],"large":["https:\/\/medigames.com\/wp-content\/uploads\/2022\/01\/Page-Resultats-1024x320.jpg",580,181,true],"1536x1536":["https:\/\/medigames.com\/wp-content\/uploads\/2022\/01\/Page-Resultats-1536x480.jpg",1536,480,true],"2048x2048":["https:\/\/medigames.com\/wp-content\/uploads\/2022\/01\/Page-Resultats.jpg",1600,500,false],"trp-custom-language-flag":["https:\/\/medigames.com\/wp-content\/uploads\/2022\/01\/Page-Resultats-18x6.jpg",18,6,true],"post-thumbnail":["https:\/\/medigames.com\/wp-content\/uploads\/2022\/01\/Page-Resultats-1200x375.jpg",1200,375,true],"twentytwenty-fullscreen":["https:\/\/medigames.com\/wp-content\/uploads\/2022\/01\/Page-Resultats.jpg",1600,500,false]},"uagb_author_info":{"display_name":"dfuzionadmin","author_link":"https:\/\/medigames.com\/pt\/author\/dfuzionadmin\/"},"uagb_comment_info":0,"uagb_excerpt":"Last updated: february 06, 2022 Medigames aims to be an exemplary corporate citizen and to contribute to the protection of&hellip;","_links":{"self":[{"href":"https:\/\/medigames.com\/pt\/wp-json\/wp\/v2\/pages\/12435","targetHints":{"allow":["GET"]}}],"collection":[{"href":"https:\/\/medigames.com\/pt\/wp-json\/wp\/v2\/pages"}],"about":[{"href":"https:\/\/medigames.com\/pt\/wp-json\/wp\/v2\/types\/page"}],"author":[{"embeddable":true,"href":"https:\/\/medigames.com\/pt\/wp-json\/wp\/v2\/users\/1"}],"replies":[{"embeddable":true,"href":"https:\/\/medigames.com\/pt\/wp-json\/wp\/v2\/comments?post=12435"}],"version-history":[{"count":0,"href":"https:\/\/medigames.com\/pt\/wp-json\/wp\/v2\/pages\/12435\/revisions"}],"wp:featuredmedia":[{"embeddable":true,"href":"https:\/\/medigames.com\/pt\/wp-json\/wp\/v2\/media\/12135"}],"wp:attachment":[{"href":"https:\/\/medigames.com\/pt\/wp-json\/wp\/v2\/media?parent=12435"}],"curies":[{"name":"wp","href":"https:\/\/api.w.org\/{rel}","templated":true}]}}