{"id":12450,"date":"2022-02-13T08:58:28","date_gmt":"2022-02-13T07:58:28","guid":{"rendered":"https:\/\/medigames.com\/?page_id=12450"},"modified":"2024-11-14T10:58:58","modified_gmt":"2024-11-14T09:58:58","slug":"legal-notice","status":"publish","type":"page","link":"https:\/\/medigames.com\/pt\/legal-notice\/","title":{"rendered":"Aviso Legal"},"content":{"rendered":"<div class=\"wp-block-uagb-container uagb-block-9c06a390 alignfull uagb-is-root-container\"><div class=\"uagb-container-inner-blocks-wrap\">\n<h2 class=\"wp-block-heading\" id=\"welcome-to-the-official-site-of-the-medigames\">Bem-vindo ao site oficial de Os Medigames<\/h2>\n\n\n\n<p>De acordo com as disposi\u00e7\u00f5es da Lei n.\u00ba 2004-575 de 21 de Junho de 2004 para a confian\u00e7a na economia digital, os utilizadores do site medigames.com s\u00e3o informados da identidade dos v\u00e1rios intervenientes no contexto da sua implementa\u00e7\u00e3o e acompanhamento.<\/p>\n\n\n\n<h3 class=\"wp-block-heading\" id=\"site-edition\">Edi\u00e7\u00e3o do site<\/h3>\n\n\n\n<p>\u00c9 propriedade exclusiva da:<\/p>\n\n\n\n<p id=\"corporate-sport-organisation\"><strong>ORGANIZA\u00c7\u00c3O DESPORTIVA CORPORATIVA<\/strong><\/p>\n\n\n\n<p>15\/29 rue Guillemot<br>75014 Paris - Fran\u00e7a<br>Tel: +33(0)1 777 065 15<br>Fax: +33(0)1 777 065 14<br>Email :&nbsp;<a href=\"mailto:info@medigames.com\">info@medigames.com<\/a><\/p>\n\n\n\n<h3 class=\"wp-block-heading\" id=\"responsible-for-publication\">Respons\u00e1vel pela publica\u00e7\u00e3o<\/h3>\n\n\n\n<p>Diretores da publica\u00e7\u00e3o do site: <strong>Pierre Lusinchi<\/strong><br>Gerentes editoriais: <strong>Margaux Casanova<\/strong>, <strong>Thibault Panier<\/strong><\/p>\n\n\n\n<h3 class=\"wp-block-heading\" id=\"web-design\">Conce\u00e7\u00e3o e desenvolvimento Web<\/h3>\n\n\n\n<p>Design e produ\u00e7\u00e3o : <a href=\"http:\/\/www.centraledeproduction.fr\/\" target=\"_blank\" rel=\"noreferrer noopener\">CPROD<\/a> \/ <a href=\"https:\/\/d-fuzion.com\/\" target=\"_blank\" rel=\"noreferrer noopener\">D-FUZION<\/a><\/p>\n\n\n\n<h3 class=\"wp-block-heading\" id=\"host\">Alojamento<\/h3>\n\n\n\n<p>O site \u00e9 hospedado por <a role=\"link\" rel=\"nofollow noopener\" href=\"https:\/\/www.surfonline.fr\/\" target=\"_blank\">OVH SAS<\/a>.<\/p>\n\n\n\n<h3 class=\"wp-block-heading\" id=\"credits\">Cr\u00e9ditos<\/h3>\n\n\n\n<p><strong>Fotos : <\/strong>ORGANIZA\u00c7\u00c3O DESPORTIVA CORPORATIVA<br><strong>V\u00eddeos:<\/strong> ORGANIZA\u00c7\u00c3O DESPORTIVA CORPORATIVA<\/p>\n\n\n\n<h3 class=\"wp-block-heading\" id=\"responsibility\">Responsabilidade<\/h3>\n\n\n\n<p>A Medigames oferece muitos links para outros sites, principalmente sites oficiais. Regularmente verificados, eles s\u00e3o fornecidos apenas para informa\u00e7\u00e3o e n\u00e3o envolvem a responsabilidade da Medigames \/ CSO.<\/p>\n\n\n\n<p>Por outro lado, a Medigames \/ CSO renuncia a qualquer responsabilidade por links de hipertexto para o seu site Medigames.<\/p>\n\n\n\n<h3 class=\"wp-block-heading\" id=\"intellectual-property\">Propriedade intelectual<\/h3>\n\n\n\n<p>O site e as informa\u00e7\u00f5es nele contidas s\u00e3o protegidos pelo direito de propriedade intelectual franc\u00eas e por conven\u00e7\u00f5es internacionais. O site (ou qualquer elemento do seu conte\u00fado) n\u00e3o pode ser reproduzido, republicado, transcrito, modificado ou retransmitido sem a autoriza\u00e7\u00e3o pr\u00e9via por escrito dos titulares dos direitos (n\u00e3o se trata de utiliza\u00e7\u00e3o no c\u00edrculo familiar. nem de utiliza\u00e7\u00e3o privada).<\/p>\n\n\n\n<p>Para qualquer pedido, por favor envie um e-mail para <a href=\"mailto:info@medigames.com\"><\/a><a href=\"mailto:info@medigames.com\">info@medigames.com<\/a><\/p>\n<\/div><\/div>\n\n\n\n<div style=\"height:12px\" aria-hidden=\"true\" class=\"wp-block-spacer\"><\/div>","protected":false},"excerpt":{"rendered":"<p>Bem-vindo ao site oficial do The Medigames De acordo com as disposi\u00e7\u00f5es da Lei n.\u00ba 2004-575 de 21 de Junho,...<\/p>","protected":false},"author":1,"featured_media":12135,"parent":0,"menu_order":20,"comment_status":"closed","ping_status":"closed","template":"","meta":{"_acf_changed":false,"_uag_custom_page_level_css":"","footnotes":""},"class_list":["post-12450","page","type-page","status-publish","has-post-thumbnail","hentry"],"acf":[],"uagb_featured_image_src":{"full":["https:\/\/medigames.com\/wp-content\/uploads\/2022\/01\/Page-Resultats.jpg",1600,500,false],"thumbnail":["https:\/\/medigames.com\/wp-content\/uploads\/2022\/01\/Page-Resultats-150x150.jpg",150,150,true],"medium":["https:\/\/medigames.com\/wp-content\/uploads\/2022\/01\/Page-Resultats-300x94.jpg",300,94,true],"medium_large":["https:\/\/medigames.com\/wp-content\/uploads\/2022\/01\/Page-Resultats-768x240.jpg",580,181,true],"large":["https:\/\/medigames.com\/wp-content\/uploads\/2022\/01\/Page-Resultats-1024x320.jpg",580,181,true],"1536x1536":["https:\/\/medigames.com\/wp-content\/uploads\/2022\/01\/Page-Resultats-1536x480.jpg",1536,480,true],"2048x2048":["https:\/\/medigames.com\/wp-content\/uploads\/2022\/01\/Page-Resultats.jpg",1600,500,false],"trp-custom-language-flag":["https:\/\/medigames.com\/wp-content\/uploads\/2022\/01\/Page-Resultats-18x6.jpg",18,6,true],"post-thumbnail":["https:\/\/medigames.com\/wp-content\/uploads\/2022\/01\/Page-Resultats-1200x375.jpg",1200,375,true],"twentytwenty-fullscreen":["https:\/\/medigames.com\/wp-content\/uploads\/2022\/01\/Page-Resultats.jpg",1600,500,false]},"uagb_author_info":{"display_name":"dfuzionadmin","author_link":"https:\/\/medigames.com\/pt\/author\/dfuzionadmin\/"},"uagb_comment_info":0,"uagb_excerpt":"Welcome to the official site of The Medigames In accordance with the provisions of Law No. 2004-575 of June 21,&hellip;","_links":{"self":[{"href":"https:\/\/medigames.com\/pt\/wp-json\/wp\/v2\/pages\/12450","targetHints":{"allow":["GET"]}}],"collection":[{"href":"https:\/\/medigames.com\/pt\/wp-json\/wp\/v2\/pages"}],"about":[{"href":"https:\/\/medigames.com\/pt\/wp-json\/wp\/v2\/types\/page"}],"author":[{"embeddable":true,"href":"https:\/\/medigames.com\/pt\/wp-json\/wp\/v2\/users\/1"}],"replies":[{"embeddable":true,"href":"https:\/\/medigames.com\/pt\/wp-json\/wp\/v2\/comments?post=12450"}],"version-history":[{"count":0,"href":"https:\/\/medigames.com\/pt\/wp-json\/wp\/v2\/pages\/12450\/revisions"}],"wp:featuredmedia":[{"embeddable":true,"href":"https:\/\/medigames.com\/pt\/wp-json\/wp\/v2\/media\/12135"}],"wp:attachment":[{"href":"https:\/\/medigames.com\/pt\/wp-json\/wp\/v2\/media?parent=12450"}],"curies":[{"name":"wp","href":"https:\/\/api.w.org\/{rel}","templated":true}]}}