{"id":12546,"date":"2022-06-28T17:40:45","date_gmt":"2022-06-28T15:40:45","guid":{"rendered":"https:\/\/medigames.com\/?page_id=12546"},"modified":"2026-01-13T08:38:27","modified_gmt":"2026-01-13T07:38:27","slug":"introduction","status":"publish","type":"page","link":"https:\/\/medigames.com\/pt\/football-tournaments\/introduction\/","title":{"rendered":"Introdu\u00e7\u00e3o"},"content":{"rendered":"<section class=\"wp-block-uagb-columns uagb-columns__wrap uagb-columns__background-color uagb-columns__stack-mobile uagb-columns__valign- uagb-columns__gap-10 align uagb-block-340336cc uagb-columns__columns-1 uagb-columns__max_width-custom fondbloc\"><div class=\"uagb-columns__overlay\"><\/div><div class=\"uagb-columns__inner-wrap uagb-columns__columns-1\">\n<div class=\"wp-block-uagb-column uagb-column__wrap uagb-column__background-undefined uagb-block-baa962ff\"><div class=\"uagb-column__overlay\"><\/div>\n<h2 class=\"wp-block-heading moveLeft pictotitre\" id=\"football-at-medigames\">2026, um ano significativo para o futebol, tanto a n\u00edvel global como nos Medigames<\/h2>\n\n\n\n<p>Como o desporto com o maior n\u00famero de participantes, reunindo quase 500 participantes, o futebol voltar\u00e1 a ser o centro das aten\u00e7\u00f5es este ano.<br>Estamos muito satisfeitos por receber o torneio no magn\u00edfico Arena Sport Centre, a poucos passos do hotel. Este complexo, composto por quatro campos de relva natural e dois campos sint\u00e9ticos, recebe regularmente equipas de futebol profissionais que v\u00eam desfrutar do cen\u00e1rio id\u00edlico e dos campos de alta qualidade durante os seus treinos de pr\u00e9-temporada. A n\u00e3o perder!<\/p>\n<\/div>\n<\/div><\/section>\n\n\n\n<div style=\"height:40px\" aria-hidden=\"true\" class=\"wp-block-spacer\"><\/div>\n\n\n\n<section class=\"wp-block-uagb-columns uagb-columns__wrap uagb-columns__background-none uagb-columns__stack-mobile uagb-columns__valign-top uagb-columns__gap-10 align uagb-block-2f3b1b84 uagb-columns__columns-3 uagb-columns__max_width-custom\"><div class=\"uagb-columns__overlay\"><\/div><div class=\"uagb-columns__inner-wrap uagb-columns__columns-3\">\n<div class=\"wp-block-uagb-column uagb-column__wrap uagb-column__background-undefined uagb-block-c6235e14\"><div class=\"uagb-column__overlay\"><\/div>\n<h3 class=\"wp-block-heading tw-mt-0\" id=\"the-medigames-offer-3-different-tournaments\">5 torneios diferentes<\/h3>\n\n\n\n<ul class=\"wp-block-list\">\n<li>Futebol de 11 Classic (sem limite de idade),<\/li>\n\n\n\n<li>Um torneio Master de 11 jogadores (mais de 40 anos \/ 3 pessoas entre 45 e 50 anos)<\/li>\n\n\n\n<li>Torneio feminino Classic de 7 (sem limite de idade)<\/li>\n\n\n\n<li>Torneo Classic masculino  de 7 (sem limite de idade)<\/li>\n\n\n\n<li>Torneio Legend Men de 7 (maiores de 50 anos \/ 2 pessoas entre 45 e 50 anos permitidas)<\/li>\n<\/ul>\n\n\n\n<p>Encontre as regras completas nas nossas fichas de informa\u00e7\u00e3o desportiva.<\/p>\n<\/div>\n\n\n\n<div class=\"wp-block-uagb-column uagb-column__wrap uagb-column__background-none uagb-block-7ef49dfb\"><div class=\"uagb-column__overlay\"><\/div><\/div>\n\n\n\n<div class=\"wp-block-uagb-column uagb-column__wrap uagb-column__background-image uagb-block-739d4a92 animated fadeIn delay-200ms\"><div class=\"uagb-column__overlay\"><\/div><div class=\"wp-block-image tw-mt-0 is-style- is-style-default\">\n<figure class=\"aligncenter size-large\"><img loading=\"lazy\" decoding=\"async\" width=\"1024\" height=\"584\" src=\"https:\/\/medigames.com\/wp-content\/uploads\/2025\/12\/Mundialito9-1024x584.png\" alt=\"\" class=\"wp-image-15570\" srcset=\"https:\/\/medigames.com\/wp-content\/uploads\/2025\/12\/Mundialito9-1024x584.png 1024w, https:\/\/medigames.com\/wp-content\/uploads\/2025\/12\/Mundialito9-300x171.png 300w, https:\/\/medigames.com\/wp-content\/uploads\/2025\/12\/Mundialito9-768x438.png 768w, https:\/\/medigames.com\/wp-content\/uploads\/2025\/12\/Mundialito9-1536x876.png 1536w, https:\/\/medigames.com\/wp-content\/uploads\/2025\/12\/Mundialito9-2048x1168.png 2048w, https:\/\/medigames.com\/wp-content\/uploads\/2025\/12\/Mundialito9-18x10.png 18w, https:\/\/medigames.com\/wp-content\/uploads\/2025\/12\/Mundialito9-1200x684.png 1200w, https:\/\/medigames.com\/wp-content\/uploads\/2025\/12\/Mundialito9-1980x1129.png 1980w\" sizes=\"auto, (max-width: 1024px) 100vw, 1024px\" \/><\/figure>\n<\/div><\/div>\n<\/div><\/section>\n\n\n\n<section class=\"wp-block-uagb-columns uagb-columns__wrap uagb-columns__background-none uagb-columns__stack-mobile uagb-columns__valign-top uagb-columns__gap-10 align uagb-block-ce7bd6f0 uagb-columns__columns-3 uagb-columns__max_width-custom\"><div class=\"uagb-columns__overlay\"><\/div><div class=\"uagb-columns__inner-wrap uagb-columns__columns-3\">\n<div class=\"wp-block-uagb-column uagb-column__wrap uagb-column__background-undefined uagb-block-f71e13fe\"><div class=\"uagb-column__overlay\"><\/div>\n<h3 class=\"wp-block-heading tw-mt-0\" id=\"days-of-tourmaments\">Dias de torneios<\/h3>\n\n\n\n<p>O programa das competi\u00e7\u00f5es de futebol \u00e9 organizado da seguinte forma: cada equipa disputar\u00e1 um jogo por dia.<\/p>\n\n\n\n<ul class=\"wp-block-list is-style-tw-arrow\">\n<li><em><strong>S\u00e1bado, 13 de junho<\/strong><\/em>: chegada das equipas e sorteio do torneio <\/li>\n\n\n\n<li><em><strong>Domingo, 14 de junho<\/strong><\/em>: in\u00edcio dos 5 torneios de futebol<\/li>\n\n\n\n<li><em><strong>De segunda-feira, 15, a quinta-feira, 18 de junho<\/strong><\/em>: continua\u00e7\u00e3o da fase de grupos e in\u00edcio das fases eliminat\u00f3rias<\/li>\n\n\n\n<li><em><strong>Sexta-feira, 19 de junho<\/strong><\/em>: finais do torneio e cerim\u00f3nia de entrega de pr\u00e9mios durante a cerim\u00f3nia de encerramento dos Medigames<\/li>\n<\/ul>\n<\/div>\n\n\n\n<div class=\"wp-block-uagb-column uagb-column__wrap uagb-column__background-none uagb-block-ca56ff1d\"><div class=\"uagb-column__overlay\"><\/div><\/div>\n\n\n\n<div class=\"wp-block-uagb-column uagb-column__wrap uagb-column__background-image uagb-block-d3ce1be2 flip\"><div class=\"uagb-column__overlay\"><\/div>\n<div class=\"wp-block-group flip-card\"><div class=\"wp-block-group__inner-container is-layout-flow wp-block-group-is-layout-flow\">\n<div class=\"wp-block-uagb-section uagb-section__wrap uagb-section__background-image uagb-block-cb694dff flip-front\"><div class=\"uagb-section__overlay\"><\/div><div class=\"uagb-section__inner-wrap\">\n<h5 class=\"wp-block-heading has-text-align-center has-blanc-color has-text-color\" id=\"take-upthe-challenge\">Assumir<br>o desafio!<\/h5>\n<\/div><\/div>\n\n\n\n<div class=\"wp-block-uagb-section uagb-section__wrap uagb-section__background-color uagb-block-fc66df0c flip-back\"><div class=\"uagb-section__overlay\"><\/div><div class=\"uagb-section__inner-wrap\">\n<h6 class=\"wp-block-heading has-text-align-center has-blanc-color has-text-color\" id=\"join-the-18-teams-already-registered-for-the-medigames-2022-football-tournament\">Participe num dos 5 torneios organizados em Pula e Medulin este ano!<\/h6>\n<\/div><\/div>\n<\/div><\/div>\n<\/div>\n<\/div><\/section>\n\n\n\n<div class=\"wp-block-uagb-container uagb-layout-grid uagb-block-fef9e83c alignfull uagb-is-root-container\">\n<figure class=\"wp-block-image size-full is-resized\"><img decoding=\"async\" src=\"https:\/\/medigames.com\/wp-content\/uploads\/2025\/10\/LogoVilleMedu.png\" alt=\"\" style=\"width:auto;height:90px\"\/><\/figure>\n\n\n\n<figure class=\"wp-block-image size-full is-resized\"><img decoding=\"async\" src=\"https:\/\/medigames.com\/wp-content\/uploads\/2025\/10\/LogoMedCanadiens.png\" alt=\"\" style=\"width:auto;height:100px\"\/><\/figure>\n\n\n\n<figure class=\"wp-block-image size-full is-resized\"><img decoding=\"async\" src=\"https:\/\/medigames.com\/wp-content\/uploads\/2021\/10\/bauerfeind.png\" alt=\"\" style=\"width:auto;height:40px\"\/><\/figure>\n\n\n\n<figure class=\"wp-block-image size-large is-resized\"><img decoding=\"async\" src=\"https:\/\/medigames.com\/wp-content\/uploads\/2025\/10\/LogoMedulin-1024x298.jpg\" alt=\"\" style=\"width:auto;height:60px\"\/><\/figure>\n\n\n\n<figure class=\"wp-block-image size-full is-resized\"><img decoding=\"async\" src=\"https:\/\/medigames.com\/wp-content\/uploads\/2025\/12\/LOGOARENA.png\" alt=\"\" style=\"width:auto;height:50px\"\/><\/figure>\n\n\n\n<figure class=\"wp-block-image size-full is-resized\"><img decoding=\"async\" src=\"https:\/\/medigames.com\/wp-content\/uploads\/2025\/12\/LogoVLVHorizon.png\" alt=\"\" style=\"width:auto;height:70px\"\/><\/figure>\n<\/div>\n\n\n\n<div style=\"height:1px\" aria-hidden=\"true\" class=\"wp-block-spacer\"><\/div>","protected":false},"excerpt":{"rendered":"<p>2026, a signifiant year for football both globaly and at the Medigames As the sport with the largest participation numbers,&hellip;<\/p>","protected":false},"author":1,"featured_media":11031,"parent":8075,"menu_order":1,"comment_status":"closed","ping_status":"closed","template":"","meta":{"_acf_changed":false,"_uag_custom_page_level_css":"","footnotes":""},"class_list":["post-12546","page","type-page","status-publish","has-post-thumbnail","hentry"],"acf":[],"uagb_featured_image_src":{"full":["https:\/\/medigames.com\/wp-content\/uploads\/2021\/11\/football-medigames.jpg",1024,683,false],"thumbnail":["https:\/\/medigames.com\/wp-content\/uploads\/2021\/11\/football-medigames-150x150.jpg",150,150,true],"medium":["https:\/\/medigames.com\/wp-content\/uploads\/2021\/11\/football-medigames-300x200.jpg",300,200,true],"medium_large":["https:\/\/medigames.com\/wp-content\/uploads\/2021\/11\/football-medigames-768x512.jpg",580,387,true],"large":["https:\/\/medigames.com\/wp-content\/uploads\/2021\/11\/football-medigames.jpg",580,387,false],"1536x1536":["https:\/\/medigames.com\/wp-content\/uploads\/2021\/11\/football-medigames.jpg",1024,683,false],"2048x2048":["https:\/\/medigames.com\/wp-content\/uploads\/2021\/11\/football-medigames.jpg",1024,683,false],"trp-custom-language-flag":["https:\/\/medigames.com\/wp-content\/uploads\/2021\/11\/football-medigames-18x12.jpg",18,12,true],"post-thumbnail":["https:\/\/medigames.com\/wp-content\/uploads\/2021\/11\/football-medigames.jpg",1024,683,false],"twentytwenty-fullscreen":["https:\/\/medigames.com\/wp-content\/uploads\/2021\/11\/football-medigames.jpg",1024,683,false]},"uagb_author_info":{"display_name":"dfuzionadmin","author_link":"https:\/\/medigames.com\/pt\/author\/dfuzionadmin\/"},"uagb_comment_info":0,"uagb_excerpt":"2026, a signifiant year for football both globaly and at the Medigames As the sport with the largest participation numbers,&hellip;","_links":{"self":[{"href":"https:\/\/medigames.com\/pt\/wp-json\/wp\/v2\/pages\/12546","targetHints":{"allow":["GET"]}}],"collection":[{"href":"https:\/\/medigames.com\/pt\/wp-json\/wp\/v2\/pages"}],"about":[{"href":"https:\/\/medigames.com\/pt\/wp-json\/wp\/v2\/types\/page"}],"author":[{"embeddable":true,"href":"https:\/\/medigames.com\/pt\/wp-json\/wp\/v2\/users\/1"}],"replies":[{"embeddable":true,"href":"https:\/\/medigames.com\/pt\/wp-json\/wp\/v2\/comments?post=12546"}],"version-history":[{"count":0,"href":"https:\/\/medigames.com\/pt\/wp-json\/wp\/v2\/pages\/12546\/revisions"}],"up":[{"embeddable":true,"href":"https:\/\/medigames.com\/pt\/wp-json\/wp\/v2\/pages\/8075"}],"wp:featuredmedia":[{"embeddable":true,"href":"https:\/\/medigames.com\/pt\/wp-json\/wp\/v2\/media\/11031"}],"wp:attachment":[{"href":"https:\/\/medigames.com\/pt\/wp-json\/wp\/v2\/media?parent=12546"}],"curies":[{"name":"wp","href":"https:\/\/api.w.org\/{rel}","templated":true}]}}