{"id":13493,"date":"2023-03-14T10:25:45","date_gmt":"2023-03-14T09:25:45","guid":{"rendered":"https:\/\/medigames.com\/?page_id=13493"},"modified":"2026-01-13T08:36:39","modified_gmt":"2026-01-13T07:36:39","slug":"hotels","status":"publish","type":"page","link":"https:\/\/medigames.com\/pt\/hotels\/","title":{"rendered":"Alojamento"},"content":{"rendered":"<div class=\"wp-block-uagb-container uagb-block-256a39e5 alignfull uagb-is-root-container\"><div class=\"uagb-container-inner-blocks-wrap\">\n<div class=\"wp-block-uagb-container uagb-block-4811e741\">\n<h1 class=\"wp-block-heading tw-mb-0 tw-mt-2\">Park Plaza Belvedere<\/h1>\n\n\n\n<figure class=\"wp-block-image size-full is-resized\"><img loading=\"lazy\" decoding=\"async\" width=\"850\" height=\"550\" src=\"https:\/\/medigames.com\/wp-content\/uploads\/2025\/12\/PARK-PLAZA-BELVEDERE-2.jpg\" alt=\"\" class=\"wp-image-15528\" style=\"aspect-ratio:1.8640776699029127;width:606px;height:auto\" srcset=\"https:\/\/medigames.com\/wp-content\/uploads\/2025\/12\/PARK-PLAZA-BELVEDERE-2.jpg 850w, https:\/\/medigames.com\/wp-content\/uploads\/2025\/12\/PARK-PLAZA-BELVEDERE-2-300x194.jpg 300w, https:\/\/medigames.com\/wp-content\/uploads\/2025\/12\/PARK-PLAZA-BELVEDERE-2-768x497.jpg 768w, https:\/\/medigames.com\/wp-content\/uploads\/2025\/12\/PARK-PLAZA-BELVEDERE-2-18x12.jpg 18w\" sizes=\"auto, (max-width: 850px) 100vw, 850px\" \/><\/figure>\n\n\n\n<p>O Park Plaza Belvedere Hotel, um estabelecimento de 4 estrelas pertencente ao Arena Group, goza de uma localiza\u00e7\u00e3o privilegiada no cora\u00e7\u00e3o da encantadora cidade costeira de Medulin, ao longo das \u00e1guas cristalinas do Mar Adri\u00e1tico. Rodeado por uma paisagem natural intocada, oferece um cen\u00e1rio id\u00edlico para combinar relaxamento e atividades desportivas.<br>O hotel disp\u00f5e de duas piscinas exteriores e uma piscina interior semiol\u00edmpica, uma \u00e1rea de fitness, um restaurante com vista para o mar e um centro de spa.<br>O hotel combina harmoniosamente eleg\u00e2ncia e autenticidade numa atmosfera mediterr\u00e2nica cativante. Um verdadeiro ref\u00fagio para viajantes que procuram evas\u00e3o e serenidade. O Park Plaza Belvedere ser\u00e1 o centro dos Jogos: acolher\u00e1 as sess\u00f5es do simp\u00f3sio, bem como a cerim\u00f3nia dos \u201cmedalhados do dia\u201d.<br>L\u00e1 tamb\u00e9m encontrar\u00e1 todas as informa\u00e7\u00f5es necess\u00e1rias sobre as competi\u00e7\u00f5es desportivas.<\/p>\n\n\n\n<p><\/p>\n\n\n\n<p><\/p>\n<\/div>\n\n\n\n<div class=\"wp-block-uagb-container uagb-block-35e0db35\">\n<figure class=\"wp-block-image size-large\"><img loading=\"lazy\" decoding=\"async\" width=\"1024\" height=\"442\" src=\"https:\/\/medigames.com\/wp-content\/uploads\/2025\/12\/Belvedere-1024x442.png\" alt=\"\" class=\"wp-image-15529\" srcset=\"https:\/\/medigames.com\/wp-content\/uploads\/2025\/12\/Belvedere-1024x442.png 1024w, https:\/\/medigames.com\/wp-content\/uploads\/2025\/12\/Belvedere-300x130.png 300w, https:\/\/medigames.com\/wp-content\/uploads\/2025\/12\/Belvedere-768x332.png 768w, https:\/\/medigames.com\/wp-content\/uploads\/2025\/12\/Belvedere-18x8.png 18w, https:\/\/medigames.com\/wp-content\/uploads\/2025\/12\/Belvedere-1200x519.png 1200w, https:\/\/medigames.com\/wp-content\/uploads\/2025\/12\/Belvedere.png 1532w\" sizes=\"auto, (max-width: 1024px) 100vw, 1024px\" \/><\/figure>\n\n\n\n<figure class=\"wp-block-image size-full\"><img loading=\"lazy\" decoding=\"async\" width=\"2560\" height=\"1337\" src=\"https:\/\/medigames.com\/wp-content\/uploads\/2025\/12\/PARK-PLAZA-BELVEDERE-Chambre-scaled.jpg\" alt=\"\" class=\"wp-image-15526\" srcset=\"https:\/\/medigames.com\/wp-content\/uploads\/2025\/12\/PARK-PLAZA-BELVEDERE-Chambre-scaled.jpg 2560w, https:\/\/medigames.com\/wp-content\/uploads\/2025\/12\/PARK-PLAZA-BELVEDERE-Chambre-300x157.jpg 300w, https:\/\/medigames.com\/wp-content\/uploads\/2025\/12\/PARK-PLAZA-BELVEDERE-Chambre-1024x535.jpg 1024w, https:\/\/medigames.com\/wp-content\/uploads\/2025\/12\/PARK-PLAZA-BELVEDERE-Chambre-768x401.jpg 768w, https:\/\/medigames.com\/wp-content\/uploads\/2025\/12\/PARK-PLAZA-BELVEDERE-Chambre-1536x802.jpg 1536w, https:\/\/medigames.com\/wp-content\/uploads\/2025\/12\/PARK-PLAZA-BELVEDERE-Chambre-2048x1070.jpg 2048w, https:\/\/medigames.com\/wp-content\/uploads\/2025\/12\/PARK-PLAZA-BELVEDERE-Chambre-18x9.jpg 18w, https:\/\/medigames.com\/wp-content\/uploads\/2025\/12\/PARK-PLAZA-BELVEDERE-Chambre-1200x627.jpg 1200w, https:\/\/medigames.com\/wp-content\/uploads\/2025\/12\/PARK-PLAZA-BELVEDERE-Chambre-1980x1034.jpg 1980w\" sizes=\"auto, (max-width: 2560px) 100vw, 2560px\" \/><\/figure>\n\n\n\n<figure class=\"wp-block-image size-full\"><img loading=\"lazy\" decoding=\"async\" width=\"1544\" height=\"749\" src=\"https:\/\/medigames.com\/wp-content\/uploads\/2025\/12\/PARK-PLAZA-BELVEDERE.jpg\" alt=\"\" class=\"wp-image-15527\" srcset=\"https:\/\/medigames.com\/wp-content\/uploads\/2025\/12\/PARK-PLAZA-BELVEDERE.jpg 1544w, https:\/\/medigames.com\/wp-content\/uploads\/2025\/12\/PARK-PLAZA-BELVEDERE-300x146.jpg 300w, https:\/\/medigames.com\/wp-content\/uploads\/2025\/12\/PARK-PLAZA-BELVEDERE-1024x497.jpg 1024w, https:\/\/medigames.com\/wp-content\/uploads\/2025\/12\/PARK-PLAZA-BELVEDERE-768x373.jpg 768w, https:\/\/medigames.com\/wp-content\/uploads\/2025\/12\/PARK-PLAZA-BELVEDERE-1536x745.jpg 1536w, https:\/\/medigames.com\/wp-content\/uploads\/2025\/12\/PARK-PLAZA-BELVEDERE-18x9.jpg 18w, https:\/\/medigames.com\/wp-content\/uploads\/2025\/12\/PARK-PLAZA-BELVEDERE-1200x582.jpg 1200w\" sizes=\"auto, (max-width: 1544px) 100vw, 1544px\" \/><\/figure>\n\n\n\n<h4 class=\"wp-block-heading\">CENTRO DE JOGOS<\/h4>\n<\/div>\n<\/div><\/div>\n\n\n\n<div class=\"wp-block-uagb-container uagb-block-cca121c5 alignfull uagb-is-root-container\"><div class=\"uagb-container-inner-blocks-wrap\">\n<div class=\"wp-block-uagb-container uagb-block-e3cb7ba2\">\n<h1 class=\"wp-block-heading tw-mb-0 tw-mt-2\">Arena Hotel F\u00e9rias<\/h1>\n\n\n\n<figure class=\"wp-block-image size-full is-resized\"><img loading=\"lazy\" decoding=\"async\" width=\"1920\" height=\"1080\" src=\"https:\/\/medigames.com\/wp-content\/uploads\/2025\/12\/ARENA-HOTEL-HOLIDAY-.jpg\" alt=\"\" class=\"wp-image-15531\" style=\"aspect-ratio:1.8640776699029127;width:606px;height:auto\" srcset=\"https:\/\/medigames.com\/wp-content\/uploads\/2025\/12\/ARENA-HOTEL-HOLIDAY-.jpg 1920w, https:\/\/medigames.com\/wp-content\/uploads\/2025\/12\/ARENA-HOTEL-HOLIDAY--300x169.jpg 300w, https:\/\/medigames.com\/wp-content\/uploads\/2025\/12\/ARENA-HOTEL-HOLIDAY--1024x576.jpg 1024w, https:\/\/medigames.com\/wp-content\/uploads\/2025\/12\/ARENA-HOTEL-HOLIDAY--768x432.jpg 768w, https:\/\/medigames.com\/wp-content\/uploads\/2025\/12\/ARENA-HOTEL-HOLIDAY--1536x864.jpg 1536w, https:\/\/medigames.com\/wp-content\/uploads\/2025\/12\/ARENA-HOTEL-HOLIDAY--18x10.jpg 18w, https:\/\/medigames.com\/wp-content\/uploads\/2025\/12\/ARENA-HOTEL-HOLIDAY--1200x675.jpg 1200w\" sizes=\"auto, (max-width: 1920px) 100vw, 1920px\" \/><\/figure>\n\n\n\n<p>Localizado perto do Park Plaza Belvedere (Centro de Jogos), o Arena Hotel Holiday partilha as mesmas vantagens de localiza\u00e7\u00e3o do seu vizinho. Situado \u00e0 beira-mar, oferece um ambiente natural e aut\u00eantico, prop\u00edcio ao relaxamento e \u00e0 convivialidade.<br>O hotel de 3 estrelas disp\u00f5e de piscina exterior, jardim, sal\u00e3o comum e restaurante.<br>Adequado para todos os tipos de viajantes, quer esteja hospedado sozinho, a dois ou com a fam\u00edlia, o hotel oferece espa\u00e7os e atividades concebidos para todos. Em particular, oferece um programa de entretenimento exclusivo dedicado \u00e0s crian\u00e7as, tornando a estadia agrad\u00e1vel para todos!<\/p>\n\n\n\n<p><\/p>\n\n\n\n<p><\/p>\n<\/div>\n\n\n\n<div class=\"wp-block-uagb-container uagb-block-e4b98967\">\n<figure class=\"wp-block-image size-large\"><img loading=\"lazy\" decoding=\"async\" width=\"1024\" height=\"633\" src=\"https:\/\/medigames.com\/wp-content\/uploads\/2025\/12\/ARENA-Bis-1024x633.png\" alt=\"\" class=\"wp-image-15533\" srcset=\"https:\/\/medigames.com\/wp-content\/uploads\/2025\/12\/ARENA-Bis-1024x633.png 1024w, https:\/\/medigames.com\/wp-content\/uploads\/2025\/12\/ARENA-Bis-300x185.png 300w, https:\/\/medigames.com\/wp-content\/uploads\/2025\/12\/ARENA-Bis-768x474.png 768w, https:\/\/medigames.com\/wp-content\/uploads\/2025\/12\/ARENA-Bis-18x12.png 18w, https:\/\/medigames.com\/wp-content\/uploads\/2025\/12\/ARENA-Bis-1200x741.png 1200w, https:\/\/medigames.com\/wp-content\/uploads\/2025\/12\/ARENA-Bis.png 1324w\" sizes=\"auto, (max-width: 1024px) 100vw, 1024px\" \/><\/figure>\n\n\n\n<figure class=\"wp-block-image size-full\"><img loading=\"lazy\" decoding=\"async\" width=\"2560\" height=\"1391\" src=\"https:\/\/medigames.com\/wp-content\/uploads\/2025\/12\/ARENA-HOTEL-HOLIDAY-Piscine-scaled.png\" alt=\"\" class=\"wp-image-15530\" srcset=\"https:\/\/medigames.com\/wp-content\/uploads\/2025\/12\/ARENA-HOTEL-HOLIDAY-Piscine-scaled.png 2560w, https:\/\/medigames.com\/wp-content\/uploads\/2025\/12\/ARENA-HOTEL-HOLIDAY-Piscine-300x163.png 300w, https:\/\/medigames.com\/wp-content\/uploads\/2025\/12\/ARENA-HOTEL-HOLIDAY-Piscine-1024x556.png 1024w, https:\/\/medigames.com\/wp-content\/uploads\/2025\/12\/ARENA-HOTEL-HOLIDAY-Piscine-768x417.png 768w, https:\/\/medigames.com\/wp-content\/uploads\/2025\/12\/ARENA-HOTEL-HOLIDAY-Piscine-1536x835.png 1536w, https:\/\/medigames.com\/wp-content\/uploads\/2025\/12\/ARENA-HOTEL-HOLIDAY-Piscine-2048x1113.png 2048w, https:\/\/medigames.com\/wp-content\/uploads\/2025\/12\/ARENA-HOTEL-HOLIDAY-Piscine-18x10.png 18w, https:\/\/medigames.com\/wp-content\/uploads\/2025\/12\/ARENA-HOTEL-HOLIDAY-Piscine-1200x652.png 1200w, https:\/\/medigames.com\/wp-content\/uploads\/2025\/12\/ARENA-HOTEL-HOLIDAY-Piscine-1980x1076.png 1980w\" sizes=\"auto, (max-width: 2560px) 100vw, 2560px\" \/><\/figure>\n\n\n\n<figure class=\"wp-block-image size-full\"><img loading=\"lazy\" decoding=\"async\" width=\"1920\" height=\"1280\" src=\"https:\/\/medigames.com\/wp-content\/uploads\/2025\/12\/ARENA-HOTEL-HOLIDAY-Chambre-1.jpg\" alt=\"\" class=\"wp-image-15537\" srcset=\"https:\/\/medigames.com\/wp-content\/uploads\/2025\/12\/ARENA-HOTEL-HOLIDAY-Chambre-1.jpg 1920w, https:\/\/medigames.com\/wp-content\/uploads\/2025\/12\/ARENA-HOTEL-HOLIDAY-Chambre-1-300x200.jpg 300w, https:\/\/medigames.com\/wp-content\/uploads\/2025\/12\/ARENA-HOTEL-HOLIDAY-Chambre-1-1024x683.jpg 1024w, https:\/\/medigames.com\/wp-content\/uploads\/2025\/12\/ARENA-HOTEL-HOLIDAY-Chambre-1-768x512.jpg 768w, https:\/\/medigames.com\/wp-content\/uploads\/2025\/12\/ARENA-HOTEL-HOLIDAY-Chambre-1-1536x1024.jpg 1536w, https:\/\/medigames.com\/wp-content\/uploads\/2025\/12\/ARENA-HOTEL-HOLIDAY-Chambre-1-18x12.jpg 18w, https:\/\/medigames.com\/wp-content\/uploads\/2025\/12\/ARENA-HOTEL-HOLIDAY-Chambre-1-1200x800.jpg 1200w\" sizes=\"auto, (max-width: 1920px) 100vw, 1920px\" \/><\/figure>\n\n\n\n<p><\/p>\n<\/div>\n<\/div><\/div>\n\n\n\n<div class=\"wp-block-uagb-container uagb-block-8f1901e5 alignfull uagb-is-root-container\"><div class=\"uagb-container-inner-blocks-wrap\">\n<div class=\"wp-block-uagb-container uagb-block-2c62e5cc\">\n<h1 class=\"wp-block-heading tw-mb-0 tw-mt-2\">Apartamentos Ai Pini Resort<\/h1>\n\n\n\n<figure class=\"wp-block-image size-full is-resized\"><img loading=\"lazy\" decoding=\"async\" width=\"1920\" height=\"1280\" src=\"https:\/\/medigames.com\/wp-content\/uploads\/2025\/12\/AI-PINI-APPARTEMENT.jpg\" alt=\"\" class=\"wp-image-15525\" style=\"aspect-ratio:1.8640776699029127;width:606px;height:auto\" srcset=\"https:\/\/medigames.com\/wp-content\/uploads\/2025\/12\/AI-PINI-APPARTEMENT.jpg 1920w, https:\/\/medigames.com\/wp-content\/uploads\/2025\/12\/AI-PINI-APPARTEMENT-300x200.jpg 300w, https:\/\/medigames.com\/wp-content\/uploads\/2025\/12\/AI-PINI-APPARTEMENT-1024x683.jpg 1024w, https:\/\/medigames.com\/wp-content\/uploads\/2025\/12\/AI-PINI-APPARTEMENT-768x512.jpg 768w, https:\/\/medigames.com\/wp-content\/uploads\/2025\/12\/AI-PINI-APPARTEMENT-1536x1024.jpg 1536w, https:\/\/medigames.com\/wp-content\/uploads\/2025\/12\/AI-PINI-APPARTEMENT-18x12.jpg 18w, https:\/\/medigames.com\/wp-content\/uploads\/2025\/12\/AI-PINI-APPARTEMENT-1200x800.jpg 1200w\" sizes=\"auto, (max-width: 1920px) 100vw, 1920px\" \/><\/figure>\n\n\n\n<p>Localizado em frente ao Park Plaza Belvedere (Centro de Jogos), o Ai Pini Resort oferece apartamentos confort\u00e1veis com varanda, quarto duplo e sof\u00e1-cama, ideais para casais, amigos ou fam\u00edlias.<br>Os apartamentos permitem total independ\u00eancia gra\u00e7as aos seus espa\u00e7os funcionais, oferecendo toda a flexibilidade necess\u00e1ria para organizar a sua estadia ao seu pr\u00f3prio ritmo.<br>Muito apreciado pela sua atmosfera tranquila, o Ai Pini Resort garante uma estadia agrad\u00e1vel num ambiente calmo e verdejante.<\/p>\n\n\n\n<p><\/p>\n\n\n\n<p><\/p>\n<\/div>\n\n\n\n<div class=\"wp-block-uagb-container uagb-block-f152406c\">\n<figure class=\"wp-block-image size-large\"><img loading=\"lazy\" decoding=\"async\" width=\"1024\" height=\"683\" src=\"https:\/\/medigames.com\/wp-content\/uploads\/2025\/12\/AI-PINI-APPARTEMENT-Chambre--1024x683.jpg\" alt=\"\" class=\"wp-image-15524\" srcset=\"https:\/\/medigames.com\/wp-content\/uploads\/2025\/12\/AI-PINI-APPARTEMENT-Chambre--1024x683.jpg 1024w, https:\/\/medigames.com\/wp-content\/uploads\/2025\/12\/AI-PINI-APPARTEMENT-Chambre--300x200.jpg 300w, https:\/\/medigames.com\/wp-content\/uploads\/2025\/12\/AI-PINI-APPARTEMENT-Chambre--768x512.jpg 768w, https:\/\/medigames.com\/wp-content\/uploads\/2025\/12\/AI-PINI-APPARTEMENT-Chambre--1536x1024.jpg 1536w, https:\/\/medigames.com\/wp-content\/uploads\/2025\/12\/AI-PINI-APPARTEMENT-Chambre--18x12.jpg 18w, https:\/\/medigames.com\/wp-content\/uploads\/2025\/12\/AI-PINI-APPARTEMENT-Chambre--1200x800.jpg 1200w, https:\/\/medigames.com\/wp-content\/uploads\/2025\/12\/AI-PINI-APPARTEMENT-Chambre-.jpg 1920w\" sizes=\"auto, (max-width: 1024px) 100vw, 1024px\" \/><\/figure>\n\n\n\n<p><em><strong>Cada apartamento inclui:<br>\u2022 Ar condicionado<br>\u2022 Wi-Fi<br>\u2022 Um quarto com cama de casal<br>\u2022 Uma sala de estar com sof\u00e1-cama<br>\u2022 Uma kitchenette totalmente equipada<br>\u2022 Uma casa de banho<br>\u2022 Uma varanda<\/strong><\/em><\/p>\n<\/div>\n<\/div><\/div>\n\n\n\n<div class=\"wp-block-uagb-container uagb-block-fd774a23 alignfull uagb-is-root-container\"><div class=\"uagb-container-inner-blocks-wrap\">\n<div class=\"wp-block-uagb-container uagb-block-941ec9df\">\n<h1 class=\"wp-block-heading tw-mb-0 tw-mt-2\">Arena Grand Kazela Resort Mobile-Home<\/h1>\n\n\n\n<figure class=\"wp-block-image size-full is-resized\"><img loading=\"lazy\" decoding=\"async\" width=\"2560\" height=\"1699\" src=\"https:\/\/medigames.com\/wp-content\/uploads\/2025\/12\/ARENA-GRAND-KAZELA-MH-scaled.png\" alt=\"\" class=\"wp-image-15523\" style=\"aspect-ratio:1.8640776699029127;width:606px;height:auto\" srcset=\"https:\/\/medigames.com\/wp-content\/uploads\/2025\/12\/ARENA-GRAND-KAZELA-MH-scaled.png 2560w, https:\/\/medigames.com\/wp-content\/uploads\/2025\/12\/ARENA-GRAND-KAZELA-MH-300x199.png 300w, https:\/\/medigames.com\/wp-content\/uploads\/2025\/12\/ARENA-GRAND-KAZELA-MH-1024x680.png 1024w, https:\/\/medigames.com\/wp-content\/uploads\/2025\/12\/ARENA-GRAND-KAZELA-MH-768x510.png 768w, https:\/\/medigames.com\/wp-content\/uploads\/2025\/12\/ARENA-GRAND-KAZELA-MH-1536x1020.png 1536w, https:\/\/medigames.com\/wp-content\/uploads\/2025\/12\/ARENA-GRAND-KAZELA-MH-2048x1359.png 2048w, https:\/\/medigames.com\/wp-content\/uploads\/2025\/12\/ARENA-GRAND-KAZELA-MH-18x12.png 18w, https:\/\/medigames.com\/wp-content\/uploads\/2025\/12\/ARENA-GRAND-KAZELA-MH-1200x797.png 1200w, https:\/\/medigames.com\/wp-content\/uploads\/2025\/12\/ARENA-GRAND-KAZELA-MH-1980x1314.png 1980w\" sizes=\"auto, (max-width: 2560px) 100vw, 2560px\" \/><\/figure>\n\n\n\n<p>O Arena Grand Kazela Resort, localizado a uma curta dist\u00e2ncia a p\u00e9 do Centro dos Jogos, tamb\u00e9m se estende ao longo da costa adri\u00e1tica. Este resort de f\u00e9rias tem duas piscinas exteriores, um parque infantil e v\u00e1rios bares e restaurantes, oferecendo uma ampla variedade de \u00e1reas de relaxamento.<br>As casas m\u00f3veis, decoradas em estilo moderno, t\u00eam Wi-Fi e ar condicionado. Cada unidade de alojamento tem uma cozinha totalmente equipada, uma ou duas casas de banho privativas e um terra\u00e7o mobilado.<\/p>\n\n\n\n<p><\/p>\n\n\n\n<p><\/p>\n<\/div>\n\n\n\n<div class=\"wp-block-uagb-container uagb-block-bdd301a7\">\n<figure class=\"wp-block-image size-large\"><img loading=\"lazy\" decoding=\"async\" width=\"1024\" height=\"683\" src=\"https:\/\/medigames.com\/wp-content\/uploads\/2025\/12\/ARENA-GRAND-KAZELA-Terrasse--1024x683.jpg\" alt=\"\" class=\"wp-image-15522\" srcset=\"https:\/\/medigames.com\/wp-content\/uploads\/2025\/12\/ARENA-GRAND-KAZELA-Terrasse--1024x683.jpg 1024w, https:\/\/medigames.com\/wp-content\/uploads\/2025\/12\/ARENA-GRAND-KAZELA-Terrasse--300x200.jpg 300w, https:\/\/medigames.com\/wp-content\/uploads\/2025\/12\/ARENA-GRAND-KAZELA-Terrasse--768x512.jpg 768w, https:\/\/medigames.com\/wp-content\/uploads\/2025\/12\/ARENA-GRAND-KAZELA-Terrasse--1536x1024.jpg 1536w, https:\/\/medigames.com\/wp-content\/uploads\/2025\/12\/ARENA-GRAND-KAZELA-Terrasse--18x12.jpg 18w, https:\/\/medigames.com\/wp-content\/uploads\/2025\/12\/ARENA-GRAND-KAZELA-Terrasse--1200x800.jpg 1200w, https:\/\/medigames.com\/wp-content\/uploads\/2025\/12\/ARENA-GRAND-KAZELA-Terrasse-.jpg 1920w\" sizes=\"auto, (max-width: 1024px) 100vw, 1024px\" \/><\/figure>\n\n\n\n<figure class=\"wp-block-image size-large\"><img loading=\"lazy\" decoding=\"async\" width=\"1024\" height=\"683\" src=\"https:\/\/medigames.com\/wp-content\/uploads\/2025\/12\/ARENA-GRAND-KAZELA-Cuisine--1024x683.jpg\" alt=\"\" class=\"wp-image-15521\" srcset=\"https:\/\/medigames.com\/wp-content\/uploads\/2025\/12\/ARENA-GRAND-KAZELA-Cuisine--1024x683.jpg 1024w, https:\/\/medigames.com\/wp-content\/uploads\/2025\/12\/ARENA-GRAND-KAZELA-Cuisine--300x200.jpg 300w, https:\/\/medigames.com\/wp-content\/uploads\/2025\/12\/ARENA-GRAND-KAZELA-Cuisine--768x512.jpg 768w, https:\/\/medigames.com\/wp-content\/uploads\/2025\/12\/ARENA-GRAND-KAZELA-Cuisine--1536x1024.jpg 1536w, https:\/\/medigames.com\/wp-content\/uploads\/2025\/12\/ARENA-GRAND-KAZELA-Cuisine--18x12.jpg 18w, https:\/\/medigames.com\/wp-content\/uploads\/2025\/12\/ARENA-GRAND-KAZELA-Cuisine--1200x800.jpg 1200w, https:\/\/medigames.com\/wp-content\/uploads\/2025\/12\/ARENA-GRAND-KAZELA-Cuisine-.jpg 1920w\" sizes=\"auto, (max-width: 1024px) 100vw, 1024px\" \/><\/figure>\n\n\n\n<p><em><strong>Cada casa m\u00f3vel inclui:<br>\u2022 Ar condicionado<br>\u2022 Wi-Fi<br>\u2022 Um quarto principal com cama de casal<br>\u2022 Um quarto com duas camas individuais<br>\u2022 Uma sala de estar com um sof\u00e1-cama para uma pessoa<br>\u2022 Uma kitchenette totalmente equipada<br>\u2022 Duas casas de banho<br>\u2022 Um terra\u00e7o<\/strong><\/em><\/p>\n<\/div>\n<\/div><\/div>\n\n\n\n<div class=\"wp-block-uagb-container uagb-block-b80e74ee alignfull uagb-is-root-container\"><div class=\"uagb-container-inner-blocks-wrap\">\n<div class=\"wp-block-uagb-container uagb-block-5d300d6e\">\n<h1 class=\"wp-block-heading tw-mb-0 tw-mt-2\">Petram Resort Est\u00fadio e Apartamento<\/h1>\n\n\n\n<figure class=\"wp-block-image size-full is-resized\"><img loading=\"lazy\" decoding=\"async\" width=\"2560\" height=\"1914\" src=\"https:\/\/medigames.com\/wp-content\/uploads\/2025\/12\/PETRAM-RESORT-scaled.png\" alt=\"\" class=\"wp-image-15520\" style=\"aspect-ratio:1.8640776699029127;width:606px;height:auto\" srcset=\"https:\/\/medigames.com\/wp-content\/uploads\/2025\/12\/PETRAM-RESORT-scaled.png 2560w, https:\/\/medigames.com\/wp-content\/uploads\/2025\/12\/PETRAM-RESORT-300x224.png 300w, https:\/\/medigames.com\/wp-content\/uploads\/2025\/12\/PETRAM-RESORT-1024x765.png 1024w, https:\/\/medigames.com\/wp-content\/uploads\/2025\/12\/PETRAM-RESORT-768x574.png 768w, https:\/\/medigames.com\/wp-content\/uploads\/2025\/12\/PETRAM-RESORT-1536x1148.png 1536w, https:\/\/medigames.com\/wp-content\/uploads\/2025\/12\/PETRAM-RESORT-2048x1531.png 2048w, https:\/\/medigames.com\/wp-content\/uploads\/2025\/12\/PETRAM-RESORT-16x12.png 16w, https:\/\/medigames.com\/wp-content\/uploads\/2025\/12\/PETRAM-RESORT-1200x897.png 1200w, https:\/\/medigames.com\/wp-content\/uploads\/2025\/12\/PETRAM-RESORT-1980x1480.png 1980w\" sizes=\"auto, (max-width: 2560px) 100vw, 2560px\" \/><\/figure>\n\n\n\n<p>A competi\u00e7\u00e3o de golfe ter\u00e1 lugar no Golf Adriatic (PGA National Croatia), localizado no nordeste da \u00cdstria, a cerca de uma hora de carro do Centro dos Jogos. Para evitar esta viagem, os participantes ficar\u00e3o hospedados no Petram Resort, pr\u00f3ximo dos campos de golfe.<br>Este complexo de luxo de 4 estrelas oferece apartamentos e est\u00fadios modernos, totalmente equipados para uma estadia com cozinha.<br>Com vistas panor\u00e2micas sobre o Mar Adri\u00e1tico, o Petram Resort destaca-se pela sua localiza\u00e7\u00e3o excecional, onde a eleg\u00e2ncia e<br>refinamento combinam-se na perfei\u00e7\u00e3o.<\/p>\n\n\n\n<p><\/p>\n\n\n\n<p><\/p>\n<\/div>\n\n\n\n<div class=\"wp-block-uagb-container uagb-block-523f9216\">\n<figure class=\"wp-block-image size-large\"><img loading=\"lazy\" decoding=\"async\" width=\"1024\" height=\"640\" src=\"https:\/\/medigames.com\/wp-content\/uploads\/2025\/12\/PETRAM-RESORT-Piscine-1024x640.jpg\" alt=\"\" class=\"wp-image-15519\" srcset=\"https:\/\/medigames.com\/wp-content\/uploads\/2025\/12\/PETRAM-RESORT-Piscine-1024x640.jpg 1024w, https:\/\/medigames.com\/wp-content\/uploads\/2025\/12\/PETRAM-RESORT-Piscine-300x188.jpg 300w, https:\/\/medigames.com\/wp-content\/uploads\/2025\/12\/PETRAM-RESORT-Piscine-768x480.jpg 768w, https:\/\/medigames.com\/wp-content\/uploads\/2025\/12\/PETRAM-RESORT-Piscine-1536x960.jpg 1536w, https:\/\/medigames.com\/wp-content\/uploads\/2025\/12\/PETRAM-RESORT-Piscine-18x12.jpg 18w, https:\/\/medigames.com\/wp-content\/uploads\/2025\/12\/PETRAM-RESORT-Piscine-1200x750.jpg 1200w, https:\/\/medigames.com\/wp-content\/uploads\/2025\/12\/PETRAM-RESORT-Piscine.jpg 1600w\" sizes=\"auto, (max-width: 1024px) 100vw, 1024px\" \/><\/figure>\n\n\n\n<p><em><strong>2 tipos de alojamento:<\/strong><\/em><\/p>\n\n\n\n<p><em><strong>- <\/strong><\/em><strong>Est\u00fadio Deluxe <\/strong><em><strong>(32\u201334 m\u00b2):<br>consiste em um quarto \u00fanico com cama queen-size, cozinha totalmente equipada e banheiro com chuveiro; o est\u00fadio n\u00e3o possui varanda.<\/strong><\/em><\/p>\n\n\n\n<p><em><strong>- <\/strong><\/em><strong>Apartamento Deluxe <\/strong><em><strong>(60\u201367 m\u00b2): inclui um quarto moderno com cama king-size, uma cozinha totalmente equipada com \u00e1rea para refei\u00e7\u00f5es, uma elegante sala de estar com sof\u00e1-cama, uma confort\u00e1vel casa de banho com chuveiro e WC e uma varanda.<\/strong><\/em><\/p>\n<\/div>\n<\/div><\/div>\n\n\n\n<div class=\"wp-block-uagb-container uagb-layout-grid uagb-block-fef9e83c alignfull uagb-is-root-container\">\n<figure class=\"wp-block-image size-full is-resized\"><img decoding=\"async\" src=\"https:\/\/medigames.com\/wp-content\/uploads\/2025\/10\/LogoVilleMedu.png\" alt=\"\" style=\"width:auto;height:90px\"\/><\/figure>\n\n\n\n<figure class=\"wp-block-image size-full is-resized\"><img decoding=\"async\" src=\"https:\/\/medigames.com\/wp-content\/uploads\/2025\/10\/LogoMedCanadiens.png\" alt=\"\" style=\"width:auto;height:100px\"\/><\/figure>\n\n\n\n<figure class=\"wp-block-image size-full is-resized\"><img decoding=\"async\" src=\"https:\/\/medigames.com\/wp-content\/uploads\/2021\/10\/bauerfeind.png\" alt=\"\" style=\"width:auto;height:40px\"\/><\/figure>\n\n\n\n<figure class=\"wp-block-image size-large is-resized\"><img decoding=\"async\" src=\"https:\/\/medigames.com\/wp-content\/uploads\/2025\/10\/LogoMedulin-1024x298.jpg\" alt=\"\" style=\"width:auto;height:60px\"\/><\/figure>\n\n\n\n<figure class=\"wp-block-image size-full is-resized\"><img decoding=\"async\" src=\"https:\/\/medigames.com\/wp-content\/uploads\/2025\/12\/LOGOARENA.png\" alt=\"\" style=\"width:auto;height:50px\"\/><\/figure>\n\n\n\n<figure class=\"wp-block-image size-full is-resized\"><img decoding=\"async\" src=\"https:\/\/medigames.com\/wp-content\/uploads\/2025\/12\/LogoVLVHorizon.png\" alt=\"\" style=\"width:auto;height:70px\"\/><\/figure>\n<\/div>\n\n\n\n<div style=\"height:1px\" aria-hidden=\"true\" class=\"wp-block-spacer\"><\/div>","protected":false},"excerpt":{"rendered":"<p>Park Plaza Belvedere O Park Plaza Belvedere Hotel, um estabelecimento de 4 estrelas pertencente ao Arena Group, goza de uma localiza\u00e7\u00e3o privilegiada...<\/p>","protected":false},"author":1,"featured_media":15391,"parent":0,"menu_order":2,"comment_status":"closed","ping_status":"closed","template":"","meta":{"_acf_changed":false,"_uag_custom_page_level_css":"","footnotes":""},"class_list":["post-13493","page","type-page","status-publish","has-post-thumbnail","hentry"],"acf":[],"uagb_featured_image_src":{"full":["https:\/\/medigames.com\/wp-content\/uploads\/2025\/10\/BannHotel-scaled.jpg",2560,640,false],"thumbnail":["https:\/\/medigames.com\/wp-content\/uploads\/2025\/10\/BannHotel-150x150.jpg",150,150,true],"medium":["https:\/\/medigames.com\/wp-content\/uploads\/2025\/10\/BannHotel-300x75.jpg",300,75,true],"medium_large":["https:\/\/medigames.com\/wp-content\/uploads\/2025\/10\/BannHotel-768x192.jpg",580,145,true],"large":["https:\/\/medigames.com\/wp-content\/uploads\/2025\/10\/BannHotel-1024x256.jpg",580,145,true],"1536x1536":["https:\/\/medigames.com\/wp-content\/uploads\/2025\/10\/BannHotel-1536x384.jpg",1536,384,true],"2048x2048":["https:\/\/medigames.com\/wp-content\/uploads\/2025\/10\/BannHotel-2048x512.jpg",2048,512,true],"trp-custom-language-flag":["https:\/\/medigames.com\/wp-content\/uploads\/2025\/10\/BannHotel-18x5.jpg",18,5,true],"post-thumbnail":["https:\/\/medigames.com\/wp-content\/uploads\/2025\/10\/BannHotel-1200x300.jpg",1200,300,true],"twentytwenty-fullscreen":["https:\/\/medigames.com\/wp-content\/uploads\/2025\/10\/BannHotel-1980x495.jpg",1980,495,true]},"uagb_author_info":{"display_name":"dfuzionadmin","author_link":"https:\/\/medigames.com\/pt\/author\/dfuzionadmin\/"},"uagb_comment_info":0,"uagb_excerpt":"Park Plaza Belvedere The Park Plaza Belvedere Hotel, a 4-star establishment belonging to the Arena Group, enjoys a privileged location&hellip;","_links":{"self":[{"href":"https:\/\/medigames.com\/pt\/wp-json\/wp\/v2\/pages\/13493","targetHints":{"allow":["GET"]}}],"collection":[{"href":"https:\/\/medigames.com\/pt\/wp-json\/wp\/v2\/pages"}],"about":[{"href":"https:\/\/medigames.com\/pt\/wp-json\/wp\/v2\/types\/page"}],"author":[{"embeddable":true,"href":"https:\/\/medigames.com\/pt\/wp-json\/wp\/v2\/users\/1"}],"replies":[{"embeddable":true,"href":"https:\/\/medigames.com\/pt\/wp-json\/wp\/v2\/comments?post=13493"}],"version-history":[{"count":0,"href":"https:\/\/medigames.com\/pt\/wp-json\/wp\/v2\/pages\/13493\/revisions"}],"wp:featuredmedia":[{"embeddable":true,"href":"https:\/\/medigames.com\/pt\/wp-json\/wp\/v2\/media\/15391"}],"wp:attachment":[{"href":"https:\/\/medigames.com\/pt\/wp-json\/wp\/v2\/media?parent=13493"}],"curies":[{"name":"wp","href":"https:\/\/api.w.org\/{rel}","templated":true}]}}