{"id":14777,"date":"2024-11-15T10:57:56","date_gmt":"2024-11-15T09:57:56","guid":{"rendered":"https:\/\/medigames.com\/?page_id=14777"},"modified":"2025-12-05T16:54:47","modified_gmt":"2025-12-05T15:54:47","slug":"general-terms-and-conditions-of-sale","status":"publish","type":"page","link":"https:\/\/medigames.com\/pt\/general-terms-and-conditions-of-sale\/","title":{"rendered":"Termos e condi\u00e7\u00f5es gerais de venda"},"content":{"rendered":"<section class=\"wp-block-uagb-columns uagb-columns__wrap uagb-columns__background-none uagb-columns__stack-mobile uagb-columns__valign- uagb-columns__gap-10 align uagb-block-8b273501 uagb-columns__columns-1 uagb-columns__max_width-custom\"><div class=\"uagb-columns__overlay\"><\/div><div class=\"uagb-columns__inner-wrap uagb-columns__columns-1\">\n<div class=\"wp-block-uagb-column uagb-column__wrap uagb-column__background-undefined uagb-block-51e2472c\"><div class=\"uagb-column__overlay\"><\/div>\n<p><em>\u00daltima atualiza\u00e7\u00e3o: 5 de dezembro de 202<\/em>5<\/p>\n\n\n\n<p><strong>CANCELAMENTO DA INSCRI\u00c7\u00c3O PELO PARTICIPANTE<\/strong><\/p>\n\n\n\n<p>Em caso de cancelamento da inscri\u00e7\u00e3o pelo participante, ser\u00e3o cobradas as seguintes taxas de cancelamento, dependendo da data do cancelamento:<\/p>\n\n\n\n<ul class=\"wp-block-list\">\n<li>Cancelamento antes de 12 de mar\u00e7o de 2026: sem taxa de cancelamento<\/li>\n\n\n\n<li>Cancelamento entre 13 de mar\u00e7o e 12 de maio de 2026: taxa de cancelamento de 50% sobre as despesas incorridas<\/li>\n\n\n\n<li>Cancelamento a partir de 13 de maio de 2026: 100% das despesas incorridas<\/li>\n<\/ul>\n\n\n\n<p><strong>DIREITOS DE IMAGEM<\/strong><\/p>\n\n\n\n<p>A participa\u00e7\u00e3o nos Jogos Mundiais de Medicina e Sa\u00fade implica automaticamente a transfer\u00eancia dos direitos de imagem do participante e dos seus acompanhantes para o organizador, para utiliza\u00e7\u00e3o em materiais promocionais.<\/p>\n\n\n\n<p><strong>ANULA\u00c7\u00c3O DO EVENTO<\/strong><\/p>\n\n\n\n<p>Se, por motivos de for\u00e7a maior (guerra, greves, motins, cat\u00e1strofes naturais, epidemias, etc.), o WMS n\u00e3o puder ser realizado, a CSO n\u00e3o ser\u00e1 responsabilizada por quaisquer montantes j\u00e1 pagos. Nesse caso, a CSO envidar\u00e1 todos os esfor\u00e7os para garantir que esses montantes sejam retidos, para que possam ser reutilizados na organiza\u00e7\u00e3o dos Jogos em outras datas. Se, por motivos alheios \u00e0 CSO, os eventos tiverem de ser cancelados definitivamente, os participantes j\u00e1 inscritos ter\u00e3o de suportar, numa base proporcional, os montantes incorridos pela CSO, para al\u00e9m dos montantes j\u00e1 pagos \u00e0 CSO.<\/p>\n\n\n\n<p><strong>CONDI\u00c7\u00d5ES GERAIS DE VENDA<\/strong><\/p>\n\n\n\n<p>Os termos e condi\u00e7\u00f5es de venda referem-se \u00e0s disposi\u00e7\u00f5es legislativas em vigor e, em particular, aos artigos 95 a 103 do Decreto 94490, de 15 de junho de 1994, que constituem os nossos termos e condi\u00e7\u00f5es de venda. \u00c9 expressamente indicado, em conformidade com as disposi\u00e7\u00f5es do artigo 97.\u00ba do referido decreto, que as informa\u00e7\u00f5es que constam do formul\u00e1rio de inscri\u00e7\u00e3o podem estar sujeitas a determinadas altera\u00e7\u00f5es que, se for o caso, ser\u00e3o comunicadas ao cliente pelo vendedor antes da assinatura do contrato. \u00c2mbito de aplica\u00e7\u00e3o: a reserva de uma estadia implica a aceita\u00e7\u00e3o integral dos termos e condi\u00e7\u00f5es de venda.<\/p>\n\n\n\n<p><strong>PAGAMENTO<\/strong><\/p>\n\n\n\n<p>A inscri\u00e7\u00e3o pode ser paga com cart\u00e3o de cr\u00e9dito, cheque franc\u00eas em euros pag\u00e1vel em Fran\u00e7a ou transfer\u00eancia banc\u00e1ria nas seguintes condi\u00e7\u00f5es: pagamento de um primeiro dep\u00f3sito de 50% no momento da inscri\u00e7\u00e3o e pagamento do saldo antes de 13 de abril de 2026. As inscri\u00e7\u00f5es enviadas ap\u00f3s 13 de abril de 2026 devem ser pagas em uma \u00fanica parcela. Nenhuma inscri\u00e7\u00e3o ou reserva de hotel ser\u00e1 validada sem o pagamento integral.<\/p>\n\n\n\n<p><strong>JURISDI\u00c7\u00c3O<\/strong><\/p>\n\n\n\n<p>Em caso de lit\u00edgio, o Tribunal Comercial de Paris ter\u00e1 jurisdi\u00e7\u00e3o exclusiva para resolver a quest\u00e3o.<\/p>\n\n\n\n<p>Corporate Sport Organisation (CSO): RCS Nanterre 2009B00686 \u2013 N\u00famero de identifica\u00e7\u00e3o intracomunit\u00e1rio = FR 66 400 631 164 \u2013 Licen\u00e7a: 092 09 0016 \u2013 Garantido pela APS, 15 rue Carnot \u2013 75017 Paris. Seguro de responsabilidade civil e profissional fornecido pela AXA FRANCE IARD \u2013 313 TERRASSE DE L\u2019ARCHE \u2013 92727 NANTERRE CEDEX<\/p>\n<\/div>\n<\/div><\/section>\n\n\n\n<p><\/p>","protected":false},"excerpt":{"rendered":"<p>\u00daltima atualiza\u00e7\u00e3o: 5 de dezembro de 2025 CANCELAMENTO DA INSCRI\u00c7\u00c3O PELO PARTICIPANTE Em caso de cancelamento da inscri\u00e7\u00e3o pelo...<\/p>","protected":false},"author":1,"featured_media":12135,"parent":0,"menu_order":20,"comment_status":"closed","ping_status":"closed","template":"","meta":{"_acf_changed":false,"_uag_custom_page_level_css":"","footnotes":""},"class_list":["post-14777","page","type-page","status-publish","has-post-thumbnail","hentry"],"acf":[],"uagb_featured_image_src":{"full":["https:\/\/medigames.com\/wp-content\/uploads\/2022\/01\/Page-Resultats.jpg",1600,500,false],"thumbnail":["https:\/\/medigames.com\/wp-content\/uploads\/2022\/01\/Page-Resultats-150x150.jpg",150,150,true],"medium":["https:\/\/medigames.com\/wp-content\/uploads\/2022\/01\/Page-Resultats-300x94.jpg",300,94,true],"medium_large":["https:\/\/medigames.com\/wp-content\/uploads\/2022\/01\/Page-Resultats-768x240.jpg",580,181,true],"large":["https:\/\/medigames.com\/wp-content\/uploads\/2022\/01\/Page-Resultats-1024x320.jpg",580,181,true],"1536x1536":["https:\/\/medigames.com\/wp-content\/uploads\/2022\/01\/Page-Resultats-1536x480.jpg",1536,480,true],"2048x2048":["https:\/\/medigames.com\/wp-content\/uploads\/2022\/01\/Page-Resultats.jpg",1600,500,false],"trp-custom-language-flag":["https:\/\/medigames.com\/wp-content\/uploads\/2022\/01\/Page-Resultats-18x6.jpg",18,6,true],"post-thumbnail":["https:\/\/medigames.com\/wp-content\/uploads\/2022\/01\/Page-Resultats-1200x375.jpg",1200,375,true],"twentytwenty-fullscreen":["https:\/\/medigames.com\/wp-content\/uploads\/2022\/01\/Page-Resultats.jpg",1600,500,false]},"uagb_author_info":{"display_name":"dfuzionadmin","author_link":"https:\/\/medigames.com\/pt\/author\/dfuzionadmin\/"},"uagb_comment_info":0,"uagb_excerpt":"Last updated: december 5th, 2025 CANCELLATION OF REGISTRATION BY THE PARTICIPANT In the event of cancellation of registration by the&hellip;","_links":{"self":[{"href":"https:\/\/medigames.com\/pt\/wp-json\/wp\/v2\/pages\/14777","targetHints":{"allow":["GET"]}}],"collection":[{"href":"https:\/\/medigames.com\/pt\/wp-json\/wp\/v2\/pages"}],"about":[{"href":"https:\/\/medigames.com\/pt\/wp-json\/wp\/v2\/types\/page"}],"author":[{"embeddable":true,"href":"https:\/\/medigames.com\/pt\/wp-json\/wp\/v2\/users\/1"}],"replies":[{"embeddable":true,"href":"https:\/\/medigames.com\/pt\/wp-json\/wp\/v2\/comments?post=14777"}],"version-history":[{"count":0,"href":"https:\/\/medigames.com\/pt\/wp-json\/wp\/v2\/pages\/14777\/revisions"}],"wp:featuredmedia":[{"embeddable":true,"href":"https:\/\/medigames.com\/pt\/wp-json\/wp\/v2\/media\/12135"}],"wp:attachment":[{"href":"https:\/\/medigames.com\/pt\/wp-json\/wp\/v2\/media?parent=14777"}],"curies":[{"name":"wp","href":"https:\/\/api.w.org\/{rel}","templated":true}]}}