{"id":15472,"date":"2025-10-29T11:54:43","date_gmt":"2025-10-29T10:54:43","guid":{"rendered":"https:\/\/medigames.com\/?page_id=15472"},"modified":"2026-03-19T18:10:54","modified_gmt":"2026-03-19T17:10:54","slug":"medigames-2026","status":"publish","type":"page","link":"https:\/\/medigames.com\/pt\/","title":{"rendered":"Medigames 2026"},"content":{"rendered":"<div class=\"wp-block-uagb-section uagb-section__wrap uagb-section__background-undefined alignfull uagb-block-b38a1eb1\"><div class=\"uagb-section__overlay\"><\/div><div class=\"uagb-section__inner-wrap\">\n<div class=\"vdo_container\">\n <iframe loading=\"lazy\" width=\"560\" height=\"315\" id=\"videohome\" src=\"https:\/\/www.youtube.com\/embed\/ACY_wSLQf5k?autoplay=1&#038;mute=1&#038;loop=1&#038;playlist=ACY_wSLQf5k&#038;rel=0&#038;modestbranding=1&#038;controls=0&#038;playsinline=1\" title=\"Leitor de v\u00eddeo do YouTube\" frameborder=\"0\" allow=\"accelerometer; autoplay; clipboard-write; encrypted-media; gyroscope; picture-in-picture; web-share\" referrerpolicy=\"strict-origin-when-cross-origin\" allowfullscreen><\/iframe>\n <script>\n\nvar intFrameHeight = window.innerHeight;\n jQuery(document).ready(function(){\n \tif (intFrameHeight < 1024) {\n \t\t\/\/jQuery(\"#videohome\").css(\"height\",intFrameHeight);\n \t}\n\t});\n\n <\/script>\n<script>\n    var autoPlayVideo = document.getElementById(\"videohome\");\n    autoPlayVideo.oncanplaythrough = function() {\n        autoPlayVideo.muted = true;\n        autoPlayVideo.play();\n        autoPlayVideo.pause();\n        autoPlayVideo.play();\n    }\n<\/script>\n<\/div>\n<\/div><\/div>\n\n\n\n<section class=\"wp-block-uagb-columns uagb-columns__wrap uagb-columns__background-none uagb-columns__stack-mobile uagb-columns__valign- uagb-columns__gap-30 alignfull uagb-block-c169ef65 uagb-columns__columns-3 uagb-columns__max_width-custom\"><div class=\"uagb-columns__overlay\"><\/div><div class=\"uagb-columns__inner-wrap uagb-columns__columns-3\">\n<div class=\"wp-block-uagb-column uagb-column__wrap uagb-column__background-image uagb-block-2cf12a34 hidden-mob uag-hide-mob uag-hide-mob\"><div class=\"uagb-column__overlay\"><\/div><div class=\"wp-block-image animated fadeIn delay-200ms\">\n<figure class=\"aligncenter size-medium\"><img loading=\"lazy\" decoding=\"async\" width=\"300\" height=\"225\" src=\"https:\/\/medigames.com\/wp-content\/uploads\/2025\/08\/P1044783-300x225.jpg\" alt=\"\" class=\"wp-image-15213\" srcset=\"https:\/\/medigames.com\/wp-content\/uploads\/2025\/08\/P1044783-300x225.jpg 300w, https:\/\/medigames.com\/wp-content\/uploads\/2025\/08\/P1044783-1024x768.jpg 1024w, https:\/\/medigames.com\/wp-content\/uploads\/2025\/08\/P1044783-768x576.jpg 768w, https:\/\/medigames.com\/wp-content\/uploads\/2025\/08\/P1044783-1536x1152.jpg 1536w, https:\/\/medigames.com\/wp-content\/uploads\/2025\/08\/P1044783-2048x1536.jpg 2048w, https:\/\/medigames.com\/wp-content\/uploads\/2025\/08\/P1044783-16x12.jpg 16w, https:\/\/medigames.com\/wp-content\/uploads\/2025\/08\/P1044783-1200x900.jpg 1200w, https:\/\/medigames.com\/wp-content\/uploads\/2025\/08\/P1044783-1980x1485.jpg 1980w\" sizes=\"auto, (max-width: 300px) 100vw, 300px\" \/><\/figure>\n<\/div><\/div>\n\n\n\n<div class=\"wp-block-uagb-column uagb-column__wrap uagb-column__background-undefined uagb-block-015150c3\"><div class=\"uagb-column__overlay\"><\/div><div class=\"wp-block-image tw-mb-5 tw-mt-0 moveTitre\">\n<figure class=\"aligncenter size-full is-resized\"><img loading=\"lazy\" decoding=\"async\" width=\"1584\" height=\"1250\" src=\"https:\/\/medigames.com\/wp-content\/uploads\/2025\/08\/LogoMedi2026.png\" alt=\"\" class=\"wp-image-15210\" style=\"aspect-ratio:1.253968253968254;object-fit:cover;width:295px;height:auto\" srcset=\"https:\/\/medigames.com\/wp-content\/uploads\/2025\/08\/LogoMedi2026.png 1584w, https:\/\/medigames.com\/wp-content\/uploads\/2025\/08\/LogoMedi2026-300x237.png 300w, https:\/\/medigames.com\/wp-content\/uploads\/2025\/08\/LogoMedi2026-1024x808.png 1024w, https:\/\/medigames.com\/wp-content\/uploads\/2025\/08\/LogoMedi2026-768x606.png 768w, https:\/\/medigames.com\/wp-content\/uploads\/2025\/08\/LogoMedi2026-1536x1212.png 1536w, https:\/\/medigames.com\/wp-content\/uploads\/2025\/08\/LogoMedi2026-15x12.png 15w, https:\/\/medigames.com\/wp-content\/uploads\/2025\/08\/LogoMedi2026-1200x947.png 1200w\" sizes=\"auto, (max-width: 1584px) 100vw, 1584px\" \/><\/figure>\n<\/div>\n\n\n<h1 class=\"wp-block-heading has-text-align-center tw-mb-2 tw-mt-2 moveTitre padding0\" id=\"sport-health-and-friendship\">BEM-VINDO \u00c0 CRO\u00c1CIA : 13-20 DE JUNHO DE 2026<\/h1>\n\n\n\n<div style=\"height:40px\" aria-hidden=\"true\" class=\"wp-block-spacer uag-hide-desktop uag-hide-tab uag-hide-desktop uag-hide-tab\"><\/div>\n\n\n\n<p class=\"has-text-align-center\">Desde a sua cria\u00e7\u00e3o em 1978, os Jogos Mundiais de Medicina e Sa\u00fade tornaram-se o evento de sa\u00fade mais famoso do mundo, aberto a membros das profiss\u00f5es m\u00e9dicas e de sa\u00fade.<br><\/p>\n\n\n\n<hr class=\"wp-block-separator has-text-color has-noir-color has-css-opacity has-noir-background-color has-background tw-mt-5 tw-mb-5 is-style-tw-short animated fadeIn\"\/>\n<\/div>\n\n\n\n<div class=\"wp-block-uagb-column uagb-column__wrap uagb-column__background-image uagb-block-f317f98e\"><div class=\"uagb-column__overlay\"><\/div><div class=\"wp-block-image animated fadeIn\">\n<figure class=\"aligncenter size-medium\"><img loading=\"lazy\" decoding=\"async\" width=\"300\" height=\"225\" src=\"https:\/\/medigames.com\/wp-content\/uploads\/2025\/08\/P1044422-300x225.jpg\" alt=\"\" class=\"wp-image-15216\" srcset=\"https:\/\/medigames.com\/wp-content\/uploads\/2025\/08\/P1044422-300x225.jpg 300w, https:\/\/medigames.com\/wp-content\/uploads\/2025\/08\/P1044422-1024x768.jpg 1024w, https:\/\/medigames.com\/wp-content\/uploads\/2025\/08\/P1044422-768x576.jpg 768w, https:\/\/medigames.com\/wp-content\/uploads\/2025\/08\/P1044422-1536x1152.jpg 1536w, https:\/\/medigames.com\/wp-content\/uploads\/2025\/08\/P1044422-2048x1536.jpg 2048w, https:\/\/medigames.com\/wp-content\/uploads\/2025\/08\/P1044422-16x12.jpg 16w, https:\/\/medigames.com\/wp-content\/uploads\/2025\/08\/P1044422-1200x900.jpg 1200w, https:\/\/medigames.com\/wp-content\/uploads\/2025\/08\/P1044422-1980x1485.jpg 1980w\" sizes=\"auto, (max-width: 300px) 100vw, 300px\" \/><\/figure>\n<\/div>\n\n\n<div class=\"wp-block-columns is-layout-flex wp-container-core-columns-is-layout-d0b3c9c8 wp-block-columns-is-layout-flex\">\n<div class=\"wp-block-column is-layout-flow wp-block-column-is-layout-flow\"><\/div>\n\n\n\n<div class=\"wp-block-column is-layout-flow wp-block-column-is-layout-flow\"><\/div>\n<\/div>\n<\/div>\n<\/div><\/section>\n\n\n\n<section class=\"wp-block-uagb-columns uagb-columns__wrap uagb-columns__background-none uagb-columns__stack-tablet uagb-columns__valign-top uagb-columns__gap-30 alignfull uagb-block-e20e4f81 uagb-columns__columns-3 uagb-columns__max_width-custom\"><div class=\"uagb-columns__overlay\"><\/div><div class=\"uagb-columns__inner-wrap uagb-columns__columns-3\">\n<div class=\"wp-block-uagb-column uagb-column__wrap uagb-column__background-image uagb-block-57ae69a8 fond-jaune\"><div class=\"uagb-column__overlay\"><\/div><div class=\"wp-block-image\">\n<figure class=\"aligncenter size-large\"><img loading=\"lazy\" decoding=\"async\" width=\"2560\" height=\"1920\" src=\"https:\/\/medigames.com\/wp-content\/uploads\/2025\/10\/P1044064-1-scaled.jpg\" alt=\"\" class=\"wp-image-15473\" style=\"aspect-ratio:16\/9;object-fit:cover\" srcset=\"https:\/\/medigames.com\/wp-content\/uploads\/2025\/10\/P1044064-1-scaled.jpg 2560w, https:\/\/medigames.com\/wp-content\/uploads\/2025\/10\/P1044064-1-300x225.jpg 300w, https:\/\/medigames.com\/wp-content\/uploads\/2025\/10\/P1044064-1-1024x768.jpg 1024w, https:\/\/medigames.com\/wp-content\/uploads\/2025\/10\/P1044064-1-768x576.jpg 768w, https:\/\/medigames.com\/wp-content\/uploads\/2025\/10\/P1044064-1-1536x1152.jpg 1536w, https:\/\/medigames.com\/wp-content\/uploads\/2025\/10\/P1044064-1-2048x1536.jpg 2048w, https:\/\/medigames.com\/wp-content\/uploads\/2025\/10\/P1044064-1-16x12.jpg 16w, https:\/\/medigames.com\/wp-content\/uploads\/2025\/10\/P1044064-1-1200x900.jpg 1200w, https:\/\/medigames.com\/wp-content\/uploads\/2025\/10\/P1044064-1-1980x1485.jpg 1980w\" sizes=\"auto, (max-width: 2560px) 100vw, 2560px\" \/><\/figure>\n<\/div><\/div>\n\n\n\n<div class=\"wp-block-uagb-column uagb-column__wrap uagb-column__background-none uagb-block-fb1f80da uag-hide-mob uag-hide-mob\"><div class=\"uagb-column__overlay\"><\/div><\/div>\n\n\n\n<div class=\"wp-block-uagb-column uagb-column__wrap uagb-column__background-image uagb-block-a410a96c\"><div class=\"uagb-column__overlay\"><\/div>\n<section class=\"wp-block-uagb-columns uagb-columns__wrap uagb-columns__background-none uagb-columns__stack-mobile uagb-columns__valign- uagb-columns__gap-10 align uagb-block-ec65a939 uagb-columns__columns-1 uagb-columns__max_width-custom moveRight\"><div class=\"uagb-columns__overlay\"><\/div><div class=\"uagb-columns__inner-wrap uagb-columns__columns-1\">\n<div class=\"wp-block-uagb-column uagb-column__wrap uagb-column__background-none uagb-block-2ad5d3f4\"><div class=\"uagb-column__overlay\"><\/div>\n<h3 class=\"wp-block-heading has-text-align-left tw-mb-6 tw-mt-2\" id=\"welcome-to-medigames-2022\">N\u00e3o perca a edi\u00e7\u00e3o de 2026!<\/h3>\n\n\n\n<p class=\"has-text-align-left tw-mt-5\"><strong>Simp\u00f3sio Internacional de Medicina Esportiva<\/strong><\/p>\n\n\n\n<p class=\"has-text-align-left\">Depois de uma incr\u00edvel 44\u00aa edi\u00e7\u00e3o, esperamos por si no pr\u00f3ximo ano!<\/p>\n\n\n\n<div class=\"wp-block-buttons is-layout-flex wp-block-buttons-is-layout-flex\">\n<div class=\"wp-block-button animated pulse picto_btn\"><a class=\"wp-block-button__link has-blanc-color has-jaune-background-color has-text-color has-background wp-element-button\" href=\"https:\/\/medigames.com\/pt\/register\/\" target=\"_blank\" rel=\"noreferrer noopener\">Registe-se<\/a><\/div>\n\n\n\n<div class=\"wp-block-button is-style-fill tw-lg-hidden tw-md-hidden tw-sm-hidden\"><a class=\"wp-block-button__link has-bleu-background-color has-background wp-element-button\" href=\"https:\/\/medigames.com\/wp-content\/uploads\/2026\/01\/BrochureMedulin-PO.pdf\" target=\"_blank\" rel=\"noreferrer noopener\">Programa<\/a><\/div>\n\n\n\n<div class=\"wp-block-button is-style-fill\"><a class=\"wp-block-button__link has-bleu-background-color has-background wp-element-button\" href=\"https:\/\/medigames.com\/wp-content\/uploads\/2026\/01\/BrochureMedi2026-PO.pdf\" target=\"_blank\" rel=\"noreferrer noopener\">Brochura<\/a><\/div>\n<\/div>\n<\/div>\n<\/div><\/section>\n<\/div>\n<\/div><\/section>\n\n\n\n<div class=\"wp-block-uagb-columns uagb-columns__wrap uagb-columns__background-color uagb-columns__stack-mobile uagb-columns__valign- uagb-columns__gap-10 alignfull uagb-block-26f0f585 uagb-columns__columns-1 uagb-columns__max_width-custom\"><div class=\"uagb-columns__overlay\"><\/div><div class=\"uagb-columns__shape uagb-columns__shape-top uagb-columns__shape-flip\"><svg xmlns=\"https:\/\/www.w3.org\/2000\/svg\" viewbox=\"0 0 1000 100\" preserveaspectratio=\"none\"><path class=\"uagb-columns__shape-fill\" d=\"M0,6V0h1000v100L0,6z\"><\/path><\/svg><\/div><div class=\"uagb-columns__inner-wrap uagb-columns__columns-1\">\n<div class=\"wp-block-uagb-column uagb-column__wrap uagb-column__background-none uagb-block-0c2bcbf1\"><div class=\"uagb-column__overlay\"><\/div>\n<section class=\"wp-block-uagb-columns uagb-columns__wrap uagb-columns__background-image uagb-columns__stack-mobile uagb-columns__valign-center uagb-columns__gap-10 align uagb-block-3cd3f201 uagb-columns__columns-1 uagb-columns__max_width-custom moveTitre\"><div class=\"uagb-columns__overlay\"><\/div><div class=\"uagb-columns__inner-wrap uagb-columns__columns-1\">\n<div class=\"wp-block-uagb-column uagb-column__wrap uagb-column__background-undefined uagb-block-45e03904\"><div class=\"uagb-column__overlay\"><\/div>\n<h2 class=\"wp-block-heading has-text-align-center tw-mb-0\" id=\"medigames-is-on-instagram\">Os medigames est\u00e3o no Instagram...<\/h2>\n<\/div>\n<\/div><\/section>\n\n\n\n<div style=\"height:40px\" aria-hidden=\"true\" class=\"wp-block-spacer uag-hide-mob uag-hide-mob\"><\/div>\n\n\n\n<hr class=\"wp-block-separator has-text-color has-jaune-color has-css-opacity has-jaune-background-color has-background tw-mt-4 tw-mb-5 is-style-tw-short moveTitre uag-hide-desktop uag-hide-tab uag-hide-mob uag-hide-desktop uag-hide-tab uag-hide-mob\"\/>\n\n\n\n<div class=\"wp-block-uagb-columns uagb-columns__wrap uagb-columns__background-none uagb-columns__stack-mobile uagb-columns__valign- uagb-columns__gap-10 alignwide uagb-block-9d2b3938 uagb-columns__columns-1 uagb-columns__max_width-custom\"><div class=\"uagb-columns__overlay\"><\/div><div class=\"uagb-columns__inner-wrap uagb-columns__columns-1\">\n<div class=\"wp-block-uagb-column uagb-column__wrap uagb-column__background-none uagb-block-977b7b2d\"><div class=\"uagb-column__overlay\"><\/div>\n<div id=\"sb_instagram\"  class=\"sbi sbi_mob_col_1 sbi_tab_col_2 sbi_col_4\" style=\"padding-bottom: 20px; width: 100%;\"\t data-feedid=\"*1\"  data-res=\"auto\" data-cols=\"4\" data-colsmobile=\"1\" data-colstablet=\"2\" data-num=\"8\" data-nummobile=\"\" data-item-padding=\"10\"\t data-shortcode-atts=\"{}\"  data-postid=\"15472\" data-locatornonce=\"11e8e98c68\" data-imageaspectratio=\"1:1\" data-sbi-flags=\"favorLocal,ajaxPostLoad,gdpr\">\n\t\n\t<div id=\"sbi_images\"  style=\"gap: 20px;\">\n\t\t\t<\/div>\n\n\t<div id=\"sbi_load\" >\n\n\t\t\t<button class=\"sbi_load_btn\"\n\t\t\ttype=\"button\"  style=\"background: rgb(211,179,16);color: rgb(255,255,255);\">\n\t\t\t<span class=\"sbi_btn_text\" >Mais...<\/span>\n\t\t\t<span class=\"sbi_loader sbi_hidden\" style=\"background-color: rgb(255, 255, 255);\" aria-hidden=\"true\"><\/span>\n\t\t<\/button>\n\t\n\t\t\t<span class=\"sbi_follow_btn sbi_custom\" >\n\t\t\t<a target=\"_blank\" rel=\"nofollow noopener\" href=\"https:\/\/www.instagram.com\/medigames1978\/\" style=\"background: rgb(76,121,126);color: rgb(255,255,255);\">\n\t\t\t\t<svg class=\"svg-inline--fa fa-instagram fa-w-14\" aria-hidden=\"true\" data-fa-processed=\"\" aria-label=\"Instagram\" data-prefix=\"fab\" data-icon=\"instagram\" role=\"img\" viewbox=\"0 0 448 512\">\n                    <path fill=\"currentColor\" d=\"M224.1 141c-63.6 0-114.9 51.3-114.9 114.9s51.3 114.9 114.9 114.9S339 319.5 339 255.9 287.7 141 224.1 141zm0 189.6c-41.1 0-74.7-33.5-74.7-74.7s33.5-74.7 74.7-74.7 74.7 33.5 74.7 74.7-33.6 74.7-74.7 74.7zm146.4-194.3c0 14.9-12 26.8-26.8 26.8-14.9 0-26.8-12-26.8-26.8s12-26.8 26.8-26.8 26.8 12 26.8 26.8zm76.1 27.2c-1.7-35.9-9.9-67.7-36.2-93.9-26.2-26.2-58-34.4-93.9-36.2-37-2.1-147.9-2.1-184.9 0-35.8 1.7-67.6 9.9-93.9 36.1s-34.4 58-36.2 93.9c-2.1 37-2.1 147.9 0 184.9 1.7 35.9 9.9 67.7 36.2 93.9s58 34.4 93.9 36.2c37 2.1 147.9 2.1 184.9 0 35.9-1.7 67.7-9.9 93.9-36.2 26.2-26.2 34.4-58 36.2-93.9 2.1-37 2.1-147.8 0-184.8zM398.8 388c-7.8 19.6-22.9 34.7-42.6 42.6-29.5 11.7-99.5 9-132.1 9s-102.7 2.6-132.1-9c-19.6-7.8-34.7-22.9-42.6-42.6-11.7-29.5-9-99.5-9-132.1s-2.6-102.7 9-132.1c7.8-19.6 22.9-34.7 42.6-42.6 29.5-11.7 99.5-9 132.1-9s102.7-2.6 132.1 9c19.6 7.8 34.7 22.9 42.6 42.6 11.7 29.5 9 99.5 9 132.1s2.7 102.7-9 132.1z\"><\/path>\n                <\/svg>\t\t\t\t<span>Siga-nos!<\/span>\n\t\t\t<\/a>\n\t\t<\/span>\n\t\n<\/div>\n\t\t<span class=\"sbi_resized_image_data\" data-feed-id=\"*1\"\n\t\t  data-resized=\"[]\">\n\t<\/span>\n\t<\/div>\n\n<script type=\"text\/javascript\">var sb_instagram_js_options = {\"font_method\":\"svg\",\"placeholder\":\"https:\\\/\\\/medigames.com\\\/wp-content\\\/plugins\\\/instagram-feed\\\/img\\\/placeholder.png\",\"resized_url\":\"https:\\\/\\\/medigames.com\\\/wp-content\\\/uploads\\\/sb-instagram-feed-images\\\/\",\"ajax_url\":\"https:\\\/\\\/medigames.com\\\/wp-admin\\\/admin-ajax.php\"};<\/script><script type='text\/javascript' src='https:\/\/medigames.com\/wp-content\/plugins\/instagram-feed\/js\/sbi-scripts.min.js?ver=6.10.1'><\/script>\n<\/div>\n<\/div><\/div>\n<\/div>\n<\/div><div class=\"uagb-columns__shape uagb-columns__shape-bottom uagb-columns__shape-flip\" data-negative=\"false\"><svg xmlns=\"https:\/\/www.w3.org\/2000\/svg\" viewbox=\"0 0 1000 100\" preserveaspectratio=\"none\"><path class=\"uagb-columns__shape-fill\" d=\"M0,6V0h1000v100L0,6z\"><\/path><\/svg><\/div><\/div>\n\n\n\n<div class=\"wp-block-uagb-container uagb-block-8d5a9889 alignfull uagb-is-root-container\"><div class=\"uagb-container-inner-blocks-wrap\">\n<div class=\"wp-block-uagb-container uagb-block-8ed8c7fc default uagb-is-root-container\">\n<h2 class=\"wp-block-heading has-text-align-center tw-mt-0\" style=\"margin-bottom:var(--wp--preset--spacing--50)\">Subscreva a nossa newsletter!<\/h2>\n\n\n\n\t\t\t<form id=\"sib_signup_form_1\" method=\"post\" class=\"sib_signup_form\" action=\"\">\n\t\t\t\t<div class=\"sib_loader\" style=\"display:none;\"><img\n\t\t\t\t\t\t\tsrc=\"https:\/\/medigames.com\/wp-includes\/images\/spinner.gif\" alt=\"carregador\"><\/div>\n\t\t\t\t<input type=\"hidden\" name=\"sib_form_action\" value=\"subscribe_form_submit\">\n\t\t\t\t<input type=\"hidden\" name=\"sib_form_id\" value=\"1\">\n                <input type=\"hidden\" name=\"sib_form_alert_notice\" value=\"Remplissez ce champ s\u2019il vous pla\u00eet\">\n                <input type=\"hidden\" name=\"sib_form_invalid_email_notice\" value=\"Cette adresse email n&#039;est pas valide\">\n                <input type=\"hidden\" name=\"sib_security\" value=\"f9e9298a1d\">\n\t\t\t\t<div class=\"sib_signup_box_inside_1\">\n\t\t\t\t\t<div style=\"\/*display:none*\/\" class=\"sib_msg_disp\">\n\t\t\t\t\t<\/div>\n                    \t\t\t\t\t<p>\r\n    <input type=\"text\" class=\"sib-PRENOM-area\" name=\"PRENOM\" placeholder=\"Nome pr\u00f3prio\">\r\n\r\n    <input type=\"text\" class=\"sib-NOM-area\" name=\"NOM\" placeholder=\"Apelido\">\r\n\r\n    <input type=\"email\" class=\"sib-email-area\" name=\"email\" placeholder=\"Email\" required=\"required\">\r\n\r\n<input type=\"submit\" class=\"sib-default-btn\" value=\"OK\">\r\n<\/p>\r\n<p><input type=\"checkbox\" name=\"terms\" required=\"required\"> Eu aceito <a href=\"https:\/\/medigames.com\/pt\/politique-de-confidentialite-2\/\">Pol\u00edtica de privacidade da Medigames<\/a><br \/><i><small>O seu endere\u00e7o eletr\u00f3nico s\u00f3 \u00e9 utilizado para lhe enviar a nossa newsletter e informa\u00e7\u00f5es sobre as actividades da Medigames.<\/small><\/i><\/p>\r\n\t\t\t\t<\/div>\n\t\t\t<input type=\"hidden\" name=\"trp-form-language\" value=\"pt\"\/><\/form>\n\t\t\t<style>\n\t\t\t\tform#sib_signup_form_1 p.sib-alert-message {\n    padding: 6px 12px;\n    margin-bottom: 20px;\n    border: 1px solid transparent;\n    border-radius: 4px;\n    -webkit-box-sizing: border-box;\n    -moz-box-sizing: border-box;\n    box-sizing: border-box;\n}\nform#sib_signup_form_1 p.sib-alert-message-error {\n    background-color: #f2dede;\n    border-color: #ebccd1;\n    color: #a94442;\n}\nform#sib_signup_form_1 p.sib-alert-message-success {\n    background-color: #dff0d8;\n    border-color: #d6e9c6;\n    color: #3c763d;\n}\nform#sib_signup_form_1 p.sib-alert-message-warning {\n    background-color: #fcf8e3;\n    border-color: #faebcc;\n    color: #8a6d3b;\n}\n\t\t\t<\/style>\n\t\t\t\n<\/div>\n<\/div><\/div>\n\n\n\n<div class=\"wp-block-uagb-container uagb-layout-grid uagb-block-fef9e83c alignfull uagb-is-root-container\">\n<figure class=\"wp-block-image size-full is-resized\"><img decoding=\"async\" src=\"https:\/\/medigames.com\/wp-content\/uploads\/2025\/10\/LogoVilleMedu.png\" alt=\"\" style=\"width:auto;height:90px\"\/><\/figure>\n\n\n\n<figure class=\"wp-block-image size-full is-resized\"><img decoding=\"async\" src=\"https:\/\/medigames.com\/wp-content\/uploads\/2025\/10\/LogoMedCanadiens.png\" alt=\"\" style=\"width:auto;height:100px\"\/><\/figure>\n\n\n\n<figure class=\"wp-block-image size-full is-resized\"><img decoding=\"async\" src=\"https:\/\/medigames.com\/wp-content\/uploads\/2021\/10\/bauerfeind.png\" alt=\"\" style=\"width:auto;height:40px\"\/><\/figure>\n\n\n\n<figure class=\"wp-block-image size-large is-resized\"><img decoding=\"async\" src=\"https:\/\/medigames.com\/wp-content\/uploads\/2025\/10\/LogoMedulin-1024x298.jpg\" alt=\"\" style=\"width:auto;height:60px\"\/><\/figure>\n\n\n\n<figure class=\"wp-block-image size-full is-resized\"><img decoding=\"async\" src=\"https:\/\/medigames.com\/wp-content\/uploads\/2025\/12\/LOGOARENA.png\" alt=\"\" style=\"width:auto;height:50px\"\/><\/figure>\n\n\n\n<figure class=\"wp-block-image size-full is-resized\"><img decoding=\"async\" src=\"https:\/\/medigames.com\/wp-content\/uploads\/2025\/12\/LogoVLVHorizon.png\" alt=\"\" style=\"width:auto;height:70px\"\/><\/figure>\n<\/div>\n\n\n\n<div style=\"height:1px\" aria-hidden=\"true\" class=\"wp-block-spacer\"><\/div>","protected":false},"excerpt":{"rendered":"<p>BEM-VINDOS \u00c0 CRO\u00c1CIA : 13-20 DE JUNHO DE 2026 Desde a sua cria\u00e7\u00e3o em 1978, os Jogos Mundiais da Medicina e da Sa\u00fade tornaram-se...<\/p>","protected":false},"author":1,"featured_media":0,"parent":0,"menu_order":0,"comment_status":"closed","ping_status":"closed","template":"templates\/template-home.php","meta":{"_acf_changed":false,"_uag_custom_page_level_css":"","footnotes":""},"class_list":["post-15472","page","type-page","status-publish","hentry"],"acf":[],"uagb_featured_image_src":{"full":false,"thumbnail":false,"medium":false,"medium_large":false,"large":false,"1536x1536":false,"2048x2048":false,"trp-custom-language-flag":false,"post-thumbnail":false,"twentytwenty-fullscreen":false},"uagb_author_info":{"display_name":"dfuzionadmin","author_link":"https:\/\/medigames.com\/pt\/author\/dfuzionadmin\/"},"uagb_comment_info":0,"uagb_excerpt":"WELCOME TO CROATIA : 13-20 JUNE 2026 Since their creation in 1978, the World Medical and Health Games have become&hellip;","_links":{"self":[{"href":"https:\/\/medigames.com\/pt\/wp-json\/wp\/v2\/pages\/15472","targetHints":{"allow":["GET"]}}],"collection":[{"href":"https:\/\/medigames.com\/pt\/wp-json\/wp\/v2\/pages"}],"about":[{"href":"https:\/\/medigames.com\/pt\/wp-json\/wp\/v2\/types\/page"}],"author":[{"embeddable":true,"href":"https:\/\/medigames.com\/pt\/wp-json\/wp\/v2\/users\/1"}],"replies":[{"embeddable":true,"href":"https:\/\/medigames.com\/pt\/wp-json\/wp\/v2\/comments?post=15472"}],"version-history":[{"count":1,"href":"https:\/\/medigames.com\/pt\/wp-json\/wp\/v2\/pages\/15472\/revisions"}],"predecessor-version":[{"id":16244,"href":"https:\/\/medigames.com\/pt\/wp-json\/wp\/v2\/pages\/15472\/revisions\/16244"}],"wp:attachment":[{"href":"https:\/\/medigames.com\/pt\/wp-json\/wp\/v2\/media?parent=15472"}],"curies":[{"name":"wp","href":"https:\/\/api.w.org\/{rel}","templated":true}]}}