{"id":292,"date":"2014-12-23T13:15:08","date_gmt":"2014-12-23T12:15:08","guid":{"rendered":"http:\/\/www.medigames.com\/wordpress\/?page_id=292"},"modified":"2026-01-13T08:33:48","modified_gmt":"2026-01-13T07:33:48","slug":"symposium","status":"publish","type":"page","link":"https:\/\/medigames.com\/pt\/symposium\/","title":{"rendered":"Simp\u00f3sio"},"content":{"rendered":"<section class=\"wp-block-uagb-columns uagb-columns__wrap uagb-columns__background-color uagb-columns__stack-mobile uagb-columns__valign- uagb-columns__gap-10 align uagb-block-2209d5b4 uagb-columns__columns-1 uagb-columns__max_width-custom fondbloc\"><div class=\"uagb-columns__overlay\"><\/div><div class=\"uagb-columns__inner-wrap uagb-columns__columns-1\">\n<div class=\"wp-block-uagb-column uagb-column__wrap uagb-column__background-undefined uagb-block-973f8f85\"><div class=\"uagb-column__overlay\"><\/div>\n<h2 class=\"wp-block-heading moveLeft pictotitre\" id=\"informations\">INFORMA\u00c7\u00d5ES<\/h2>\n\n\n\n<p>O Simp\u00f3sio Internacional de Medicina Desportiva est\u00e1 aberto a todos os participantes. \u00c9 co-presidido por <strong>Dr. Andr\u00e9 Monroche <\/strong>- antigo Presidente da Sociedade Francesa de Medicina do Exerc\u00edcio e do Desporto - e <strong>Pr. Xavier Bigard<\/strong>Diretor M\u00e9dico da Uni\u00e3o Ciclista Internacional (UCI).&nbsp;<\/p>\n\n\n\n<p>Os outros membros permanentes do Comit\u00e9 Cient\u00edfico s\u00e3o<br>- <strong>Dr. Nourredine Bendib<\/strong>Presidente do Grupo Latino e Mediterr\u00e2nico de Medicina Desportiva<br>- <strong>Dr. Nader Habib<\/strong>Presidente da Association M\u00e9decin Francophone du Canada<br>- <strong>Dra. Nicole Parent<\/strong>Diretor Executivo da Association M\u00e9decin Francophone du Canada<br>- <strong>Dr. C\u00e9sar Torres<\/strong>Especialista em Desporto, Executivo do Grupo Colombiano de Medicina Desportiva<\/p>\n\n\n\n<p>Este evento combina forma\u00e7\u00e3o m\u00e9dica e palestras sobre pr\u00e1tica desportiva e permite aos participantes e palestrantes obter cr\u00e9ditos de forma\u00e7\u00e3o. Para esta 45\u00aa edi\u00e7\u00e3o, ser\u00e1 organizado na forma de quatro sess\u00f5es de uma hora e meia cada, de segunda-feira, 15, a quinta-feira, 18 de junho, no final da tarde.<br>No total, essas seis horas ser\u00e3o alternadas entre comunica\u00e7\u00f5es abertas dos participantes cujas inscri\u00e7\u00f5es foram aceitas pela Comiss\u00e3o Organizadora do Simp\u00f3sio e sess\u00f5es tem\u00e1ticas conduzidas por membros da mesma Comiss\u00e3o.<\/p>\n\n\n\n<p>As sess\u00f5es tem\u00e1ticas deste ano abordar\u00e3o os seguintes t\u00f3picos:<br>- <em><strong>Sistema cardiovascular e desporto<br>\u2022 Atividade f\u00edsica e sa\u00fade<br><\/strong><\/em><\/p>\n\n\n\n<p><\/p>\n\n\n\n<p><strong>O Simp\u00f3sio \u00e9 apoiado por:<\/strong><\/p>\n\n\n\n<ul class=\"wp-block-list\">\n<li>A Federa\u00e7\u00e3o Internacional de Medicina Desportiva<\/li>\n\n\n\n<li>A Sociedade Francesa de Medicina e Exerc\u00edcio Esportivo<\/li>\n\n\n\n<li>O Grupo de Medicina Esportiva Latina e Mediterr\u00e2nea<\/li>\n\n\n\n<li>Associa\u00e7\u00e3o M\u00e9dica e Desportiva da Grande Argel<\/li>\n\n\n\n<li>Associa\u00e7\u00e3o M\u00e9dicos Franc\u00f3fonos do Canad\u00e1<\/li>\n<\/ul>\n<\/div>\n<\/div><\/section>\n\n\n\n<div style=\"height:30px\" aria-hidden=\"true\" class=\"wp-block-spacer\"><\/div>\n\n\n\n<section class=\"wp-block-uagb-columns uagb-columns__wrap uagb-columns__background-none uagb-columns__stack-mobile uagb-columns__valign-top uagb-columns__gap-10 align uagb-block-b138c27f uagb-columns__columns-3 uagb-columns__max_width-custom\"><div class=\"uagb-columns__overlay\"><\/div><div class=\"uagb-columns__inner-wrap uagb-columns__columns-3\">\n<div class=\"wp-block-uagb-column uagb-column__wrap uagb-column__background-undefined uagb-block-3292249e\"><div class=\"uagb-column__overlay\"><\/div>\n<h3 class=\"wp-block-heading tw-mt-0 animated fadeIn delay-500ms\" id=\"call-for-papers\">Chamada de trabalhos<\/h3>\n\n\n\n<p><strong>Data de submiss\u00e3o:<\/strong> 15 de abril de 2026<\/p>\n\n\n\n<p><strong>Apresenta\u00e7\u00e3o:<\/strong> T\u00edtulo - Autor(es) - Email - Endere\u00e7o postal - 3 palavras-chave - Resumo (200 palavras no m\u00e1ximo).<\/p>\n\n\n\n<p><strong>Envie para:<\/strong>&nbsp;<a href=\"mailto:symposium@medigames.com\">symposium@medigames.com<\/a><\/p>\n\n\n\n<p>Voc\u00ea pode encontrar todas as informa\u00e7\u00f5es sobre o simp\u00f3sio em nosso site:&nbsp;<a href=\"https:\/\/medigames.com\/pt\/\">www.medigames.com<\/a><\/p>\n<\/div>\n\n\n\n<div class=\"wp-block-uagb-column uagb-column__wrap uagb-column__background-none uagb-block-497a811d\"><div class=\"uagb-column__overlay\"><\/div><\/div>\n\n\n\n<div class=\"wp-block-uagb-column uagb-column__wrap uagb-column__background-image uagb-block-609ab17e animated fadeIn\"><div class=\"uagb-column__overlay\"><\/div>\n<h5 class=\"wp-block-heading tw-mb-3 tw-mt-2 animated fadeIn delay-200ms\" id=\"themes-and-program\">TEMAS E PROGRAMA<\/h5>\n\n\n\n<figure class=\"wp-block-image size-large\"><img loading=\"lazy\" decoding=\"async\" width=\"1024\" height=\"681\" src=\"https:\/\/medigames.com\/wp-content\/uploads\/2025\/10\/Capture-decran-2025-10-23-a-18.22.48-1024x681.png\" alt=\"\" class=\"wp-image-15459\" srcset=\"https:\/\/medigames.com\/wp-content\/uploads\/2025\/10\/Capture-decran-2025-10-23-a-18.22.48-1024x681.png 1024w, https:\/\/medigames.com\/wp-content\/uploads\/2025\/10\/Capture-decran-2025-10-23-a-18.22.48-300x199.png 300w, https:\/\/medigames.com\/wp-content\/uploads\/2025\/10\/Capture-decran-2025-10-23-a-18.22.48-768x511.png 768w, https:\/\/medigames.com\/wp-content\/uploads\/2025\/10\/Capture-decran-2025-10-23-a-18.22.48-18x12.png 18w, https:\/\/medigames.com\/wp-content\/uploads\/2025\/10\/Capture-decran-2025-10-23-a-18.22.48.png 1125w\" sizes=\"auto, (max-width: 1024px) 100vw, 1024px\" \/><\/figure>\n\n\n\n<p class=\"has-small-font-size\"><em>Em breve<\/em>.<\/p>\n<\/div>\n<\/div><\/section>\n\n\n\n<div style=\"height:30px\" aria-hidden=\"true\" class=\"wp-block-spacer\"><\/div>\n\n\n\n<div class=\"wp-block-uagb-columns uagb-columns__wrap uagb-columns__background-color uagb-columns__stack-mobile uagb-columns__valign-top uagb-columns__gap-10 alignfull uagb-block-cc4cd07b uagb-columns__columns-3 uagb-columns__max_width-custom\"><div class=\"uagb-columns__overlay\"><\/div><div class=\"uagb-columns__shape uagb-columns__shape-top uagb-columns__shape-flip\"><svg xmlns=\"https:\/\/www.w3.org\/2000\/svg\" viewbox=\"0 0 1000 100\" preserveaspectratio=\"none\"><path class=\"uagb-columns__shape-fill\" d=\"M421.9,6.5c22.6-2.5,51.5,0.4,75.5,5.3c23.6,4.9,70.9,23.5,100.5,35.7c75.8,32.2,133.7,44.5,192.6,49.7  c23.6,2.1,48.7,3.5,103.4-2.5c54.7-6,106.2-25.6,106.2-25.6V0H0v30.3c0,0,72,32.6,158.4,30.5c39.2-0.7,92.8-6.7,134-22.4  c21.2-8.1,52.2-18.2,79.7-24.2C399.3,7.9,411.6,7.5,421.9,6.5z\"><\/path><\/svg><\/div><div class=\"uagb-columns__inner-wrap uagb-columns__columns-3\">\n<div class=\"wp-block-uagb-column uagb-column__wrap uagb-column__background-undefined uagb-block-83c43948\"><div class=\"uagb-column__overlay\"><\/div>\n<h3 class=\"wp-block-heading tw-mt-0\" id=\"previous-symposiums\">Simp\u00f3sios anteriores<\/h3>\n\n\n\n<p>Para sua informa\u00e7\u00e3o, voc\u00ea pode encontrar abaixo os programas dos \u00faltimos congressos:<\/p>\n\n\n\n<section class=\"wp-block-uagb-columns uagb-columns__wrap uagb-columns__background-none uagb-columns__stack-mobile uagb-columns__valign- uagb-columns__gap-10 align uagb-block-64f351e4 uagb-columns__columns-2 uagb-columns__max_width-custom\"><div class=\"uagb-columns__overlay\"><\/div><div class=\"uagb-columns__inner-wrap uagb-columns__columns-2\">\n<div class=\"wp-block-uagb-column uagb-column__wrap uagb-column__background-undefined uagb-block-3411e307\"><div class=\"uagb-column__overlay\"><\/div>\n<ul class=\"wp-block-list\">\n<li><a href=\"https:\/\/medigames.com\/wp-content\/uploads\/2025\/10\/PROGRAMME-SYMPO.png\" data-type=\"link\" data-id=\"https:\/\/medigames.com\/wp-content\/uploads\/2025\/10\/PROGRAMME-SYMPO.png\">Programa 2025 <\/a><\/li>\n\n\n\n<li><a href=\"https:\/\/medigames.com\/wp-content\/uploads\/2024\/08\/ProgSympoi24.pdf\">Programa 2024<\/a><\/li>\n\n\n\n<li><a href=\"https:\/\/medigames.com\/wp-content\/uploads\/2023\/08\/Programme-du-symposium-ENGL.pdf\" target=\"_blank\" rel=\"noreferrer noopener\">Programa 2023<\/a><\/li>\n\n\n\n<li><a href=\"https:\/\/medigames.com\/wp-content\/uploads\/2023\/07\/Sympo-2022.pdf\" target=\"_blank\" rel=\"noreferrer noopener\">Programa 2022<\/a><\/li>\n\n\n\n<li><a href=\"https:\/\/medigames.com\/wp-content\/uploads\/2023\/07\/Sympo-2019.pdf\" target=\"_blank\" rel=\"noreferrer noopener\">Programa 2019<\/a><\/li>\n\n\n\n<li><a href=\"http:\/\/www.medigames.com\/wordpress\/wp-content\/uploads\/2014\/12\/1.-SYMPOSIUM-PROGRAM-21-JUNE.pdf\">Programa 2018<\/a><\/li>\n\n\n\n<li><a href=\"http:\/\/www.medigames.com\/wordpress\/wp-content\/uploads\/2014\/12\/JMMS17-PROGRAMME-ENG.pdf\">Programa 2017<\/a><\/li>\n<\/ul>\n<\/div>\n\n\n\n<div class=\"wp-block-uagb-column uagb-column__wrap uagb-column__background-undefined uagb-block-6ff72e95\"><div class=\"uagb-column__overlay\"><\/div>\n<ul class=\"wp-block-list\">\n<li>Programa 2016<\/li>\n\n\n\n<li><a href=\"http:\/\/www.medigames.com\/wordpress\/wp-content\/uploads\/2014\/12\/2015-International-Symposium-of-Sports-Medicine-Final-program.pdf\">Programa 2015<\/a><\/li>\n\n\n\n<li><a href=\"http:\/\/www.medigames.com\/wordpress\/wp-content\/uploads\/2014\/12\/Symposium-2014_EN.pdf\">Programa 2014<\/a><\/li>\n\n\n\n<li><a href=\"http:\/\/www.medigames.com\/wordpress\/wp-content\/uploads\/2014\/12\/Symposium-2013_EN.pdf\">Programa 2013<\/a><\/li>\n\n\n\n<li><a href=\"http:\/\/www.medigames.com\/wordpress\/wp-content\/uploads\/2014\/12\/Programme-Symposium-2012-_-GB.pdf\">Programa 2012<\/a><\/li>\n\n\n\n<li><a href=\"http:\/\/www.medigames.com\/wordpress\/wp-content\/uploads\/2014\/12\/ENG-Programme-Symposium2011.pdf\">Programa 2011<\/a><\/li>\n<\/ul>\n<\/div>\n<\/div><\/section>\n<\/div>\n\n\n\n<div class=\"wp-block-uagb-column uagb-column__wrap uagb-column__background-none uagb-block-4c8bf81b\"><div class=\"uagb-column__overlay\"><\/div><\/div>\n\n\n\n<div class=\"wp-block-uagb-column uagb-column__wrap uagb-column__background-image uagb-block-4f8983bd animated fadeIn delay-200ms\"><div class=\"uagb-column__overlay\"><\/div>\n<figure class=\"wp-block-image size-full\"><img loading=\"lazy\" decoding=\"async\" width=\"788\" height=\"567\" src=\"https:\/\/medigames.com\/wp-content\/uploads\/2025\/10\/Capture-decran-2025-10-27-a-14.47.22.png\" alt=\"\" class=\"wp-image-15467\" srcset=\"https:\/\/medigames.com\/wp-content\/uploads\/2025\/10\/Capture-decran-2025-10-27-a-14.47.22.png 788w, https:\/\/medigames.com\/wp-content\/uploads\/2025\/10\/Capture-decran-2025-10-27-a-14.47.22-300x216.png 300w, https:\/\/medigames.com\/wp-content\/uploads\/2025\/10\/Capture-decran-2025-10-27-a-14.47.22-768x553.png 768w, https:\/\/medigames.com\/wp-content\/uploads\/2025\/10\/Capture-decran-2025-10-27-a-14.47.22-18x12.png 18w\" sizes=\"auto, (max-width: 788px) 100vw, 788px\" \/><\/figure>\n<\/div>\n<\/div><\/div>\n\n\n\n<div class=\"wp-block-uagb-container uagb-layout-grid uagb-block-fef9e83c alignfull uagb-is-root-container\">\n<figure class=\"wp-block-image size-full is-resized\"><img decoding=\"async\" src=\"https:\/\/medigames.com\/wp-content\/uploads\/2025\/10\/LogoVilleMedu.png\" alt=\"\" style=\"width:auto;height:90px\"\/><\/figure>\n\n\n\n<figure class=\"wp-block-image size-full is-resized\"><img decoding=\"async\" src=\"https:\/\/medigames.com\/wp-content\/uploads\/2025\/10\/LogoMedCanadiens.png\" alt=\"\" style=\"width:auto;height:100px\"\/><\/figure>\n\n\n\n<figure class=\"wp-block-image size-full is-resized\"><img decoding=\"async\" src=\"https:\/\/medigames.com\/wp-content\/uploads\/2021\/10\/bauerfeind.png\" alt=\"\" style=\"width:auto;height:40px\"\/><\/figure>\n\n\n\n<figure class=\"wp-block-image size-large is-resized\"><img decoding=\"async\" src=\"https:\/\/medigames.com\/wp-content\/uploads\/2025\/10\/LogoMedulin-1024x298.jpg\" alt=\"\" style=\"width:auto;height:60px\"\/><\/figure>\n\n\n\n<figure class=\"wp-block-image size-full is-resized\"><img decoding=\"async\" src=\"https:\/\/medigames.com\/wp-content\/uploads\/2025\/12\/LOGOARENA.png\" alt=\"\" style=\"width:auto;height:50px\"\/><\/figure>\n\n\n\n<figure class=\"wp-block-image size-full is-resized\"><img decoding=\"async\" src=\"https:\/\/medigames.com\/wp-content\/uploads\/2025\/12\/LogoVLVHorizon.png\" alt=\"\" style=\"width:auto;height:70px\"\/><\/figure>\n<\/div>\n\n\n\n<div style=\"height:1px\" aria-hidden=\"true\" class=\"wp-block-spacer\"><\/div>","protected":false},"excerpt":{"rendered":"<p>INFORMA\u00c7\u00d5ES O Simp\u00f3sio Internacional de Medicina Desportiva est\u00e1 aberto a todos os participantes. \u00c9 co-presidido pelo Dr. Andr\u00e9 Monroche - antigo...<\/p>","protected":false},"author":3,"featured_media":15460,"parent":0,"menu_order":1,"comment_status":"closed","ping_status":"closed","template":"","meta":{"_acf_changed":false,"_uag_custom_page_level_css":"","footnotes":""},"class_list":["post-292","page","type-page","status-publish","has-post-thumbnail","hentry"],"acf":[],"uagb_featured_image_src":{"full":["https:\/\/medigames.com\/wp-content\/uploads\/2025\/10\/DSC0470-scaled-e1761815283682.jpg",2120,1417,false],"thumbnail":["https:\/\/medigames.com\/wp-content\/uploads\/2025\/10\/DSC0470-scaled-e1761815283682-150x150.jpg",150,150,true],"medium":["https:\/\/medigames.com\/wp-content\/uploads\/2025\/10\/DSC0470-scaled-e1761815283682-300x201.jpg",300,201,true],"medium_large":["https:\/\/medigames.com\/wp-content\/uploads\/2025\/10\/DSC0470-scaled-e1761815283682-768x513.jpg",580,387,true],"large":["https:\/\/medigames.com\/wp-content\/uploads\/2025\/10\/DSC0470-scaled-e1761815283682-1024x684.jpg",580,387,true],"1536x1536":["https:\/\/medigames.com\/wp-content\/uploads\/2025\/10\/DSC0470-scaled-e1761815283682-1536x1027.jpg",1536,1027,true],"2048x2048":["https:\/\/medigames.com\/wp-content\/uploads\/2025\/10\/DSC0470-scaled-e1761815283682-2048x1369.jpg",2048,1369,true],"trp-custom-language-flag":["https:\/\/medigames.com\/wp-content\/uploads\/2025\/10\/DSC0470-scaled-e1761815283682-18x12.jpg",18,12,true],"post-thumbnail":["https:\/\/medigames.com\/wp-content\/uploads\/2025\/10\/DSC0470-scaled-e1761815283682-1200x802.jpg",1200,802,true],"twentytwenty-fullscreen":["https:\/\/medigames.com\/wp-content\/uploads\/2025\/10\/DSC0470-scaled-e1761815283682-1980x1323.jpg",1980,1323,true]},"uagb_author_info":{"display_name":"medOld2021","author_link":"https:\/\/medigames.com\/pt\/author\/medold2021\/"},"uagb_comment_info":0,"uagb_excerpt":"INFORMATIONS The International Sports Medicine Symposium is open to all participants. It is co-chaired by Dr. Andr\u00e9 Monroche &#8211; former&hellip;","_links":{"self":[{"href":"https:\/\/medigames.com\/pt\/wp-json\/wp\/v2\/pages\/292","targetHints":{"allow":["GET"]}}],"collection":[{"href":"https:\/\/medigames.com\/pt\/wp-json\/wp\/v2\/pages"}],"about":[{"href":"https:\/\/medigames.com\/pt\/wp-json\/wp\/v2\/types\/page"}],"author":[{"embeddable":true,"href":"https:\/\/medigames.com\/pt\/wp-json\/wp\/v2\/users\/3"}],"replies":[{"embeddable":true,"href":"https:\/\/medigames.com\/pt\/wp-json\/wp\/v2\/comments?post=292"}],"version-history":[{"count":0,"href":"https:\/\/medigames.com\/pt\/wp-json\/wp\/v2\/pages\/292\/revisions"}],"wp:featuredmedia":[{"embeddable":true,"href":"https:\/\/medigames.com\/pt\/wp-json\/wp\/v2\/media\/15460"}],"wp:attachment":[{"href":"https:\/\/medigames.com\/pt\/wp-json\/wp\/v2\/media?parent=292"}],"curies":[{"name":"wp","href":"https:\/\/api.w.org\/{rel}","templated":true}]}}