{"id":32,"date":"2014-12-23T10:13:15","date_gmt":"2014-12-23T09:13:15","guid":{"rendered":"http:\/\/www.medigames.com\/wordpress\/?page_id=32"},"modified":"2026-01-13T08:41:26","modified_gmt":"2026-01-13T07:41:26","slug":"controles","status":"publish","type":"page","link":"https:\/\/medigames.com\/pt\/register\/controles\/","title":{"rendered":"Controles"},"content":{"rendered":"<div style=\"height:20px\" aria-hidden=\"true\" class=\"wp-block-spacer\"><\/div>\n\n\n\n<section class=\"wp-block-uagb-columns uagb-columns__wrap uagb-columns__background-color uagb-columns__stack-mobile uagb-columns__valign- uagb-columns__gap-10 align uagb-block-df0fca52 uagb-columns__columns-1 uagb-columns__max_width-custom fondbloc\"><div class=\"uagb-columns__overlay\"><\/div><div class=\"uagb-columns__inner-wrap uagb-columns__columns-1\">\n<div class=\"wp-block-uagb-column uagb-column__wrap uagb-column__background-undefined uagb-block-fd854208\"><div class=\"uagb-column__overlay\"><\/div>\n<h2 class=\"wp-block-heading moveLeft pictotitre\">Controlo de certifica\u00e7\u00e3o profissional<\/h2>\n\n\n\n<p>Todos os atletas, <strong>sem qualquer excep\u00e7\u00e3o<\/strong>ter\u00e1 de fornecer uma certifica\u00e7\u00e3o profissional. Nenhum crach\u00e1 ser\u00e1 emitido sem este documento. Al\u00e9m disso, em caso de d\u00favida sobre um documento, reserva-se o direito de recusar o acesso ao documento aos Jogos.<\/p>\n\n\n\n<p>Al\u00e9m disso, pedimos a todos os participantes que forne\u00e7am um atestado m\u00e9dico de menos de 1 ano autorizando a pr\u00e1tica de esportes competitivos. Nenhum crach\u00e1 ser\u00e1 emitido sem este atestado m\u00e9dico.<\/p>\n\n\n\n<p>A OSC tem f\u00e9 na autenticidade dos documentos fornecidos pelos participantes e n\u00e3o ser\u00e1 responsabilizada em caso de fraude ou falsifica\u00e7\u00e3o destas provas. No entanto, em caso de fraude comprovada, a OSC sancionar\u00e1 o malfeitor.<\/p>\n<\/div>\n<\/div><\/section>\n\n\n\n<div class=\"wp-block-uagb-container uagb-layout-grid uagb-block-fef9e83c alignfull uagb-is-root-container\">\n<figure class=\"wp-block-image size-full is-resized\"><img decoding=\"async\" src=\"https:\/\/medigames.com\/wp-content\/uploads\/2025\/10\/LogoVilleMedu.png\" alt=\"\" style=\"width:auto;height:90px\"\/><\/figure>\n\n\n\n<figure class=\"wp-block-image size-full is-resized\"><img decoding=\"async\" src=\"https:\/\/medigames.com\/wp-content\/uploads\/2025\/10\/LogoMedCanadiens.png\" alt=\"\" style=\"width:auto;height:100px\"\/><\/figure>\n\n\n\n<figure class=\"wp-block-image size-full is-resized\"><img decoding=\"async\" src=\"https:\/\/medigames.com\/wp-content\/uploads\/2021\/10\/bauerfeind.png\" alt=\"\" style=\"width:auto;height:40px\"\/><\/figure>\n\n\n\n<figure class=\"wp-block-image size-large is-resized\"><img decoding=\"async\" src=\"https:\/\/medigames.com\/wp-content\/uploads\/2025\/10\/LogoMedulin-1024x298.jpg\" alt=\"\" style=\"width:auto;height:60px\"\/><\/figure>\n\n\n\n<figure class=\"wp-block-image size-full is-resized\"><img decoding=\"async\" src=\"https:\/\/medigames.com\/wp-content\/uploads\/2025\/12\/LOGOARENA.png\" alt=\"\" style=\"width:auto;height:50px\"\/><\/figure>\n\n\n\n<figure class=\"wp-block-image size-full is-resized\"><img decoding=\"async\" src=\"https:\/\/medigames.com\/wp-content\/uploads\/2025\/12\/LogoVLVHorizon.png\" alt=\"\" style=\"width:auto;height:70px\"\/><\/figure>\n<\/div>\n\n\n\n<div style=\"height:1px\" aria-hidden=\"true\" class=\"wp-block-spacer\"><\/div>","protected":false},"excerpt":{"rendered":"<p>Controlo da certifica\u00e7\u00e3o profissional Todos os atletas, sem qualquer exce\u00e7\u00e3o, ter\u00e3o de fornecer uma certifica\u00e7\u00e3o profissional. N\u00e3o ser\u00e3o emitidos crach\u00e1s...<\/p>","protected":false},"author":3,"featured_media":12128,"parent":6725,"menu_order":3,"comment_status":"closed","ping_status":"closed","template":"","meta":{"_acf_changed":false,"_uag_custom_page_level_css":"","footnotes":""},"class_list":["post-32","page","type-page","status-publish","has-post-thumbnail","hentry"],"acf":[],"uagb_featured_image_src":{"full":["https:\/\/medigames.com\/wp-content\/uploads\/2022\/01\/Page-Controle.jpg",1600,501,false],"thumbnail":["https:\/\/medigames.com\/wp-content\/uploads\/2022\/01\/Page-Controle-150x150.jpg",150,150,true],"medium":["https:\/\/medigames.com\/wp-content\/uploads\/2022\/01\/Page-Controle-300x94.jpg",300,94,true],"medium_large":["https:\/\/medigames.com\/wp-content\/uploads\/2022\/01\/Page-Controle-768x240.jpg",580,181,true],"large":["https:\/\/medigames.com\/wp-content\/uploads\/2022\/01\/Page-Controle-1024x321.jpg",580,182,true],"1536x1536":["https:\/\/medigames.com\/wp-content\/uploads\/2022\/01\/Page-Controle-1536x481.jpg",1536,481,true],"2048x2048":["https:\/\/medigames.com\/wp-content\/uploads\/2022\/01\/Page-Controle.jpg",1600,501,false],"trp-custom-language-flag":["https:\/\/medigames.com\/wp-content\/uploads\/2022\/01\/Page-Controle-18x6.jpg",18,6,true],"post-thumbnail":["https:\/\/medigames.com\/wp-content\/uploads\/2022\/01\/Page-Controle-1200x376.jpg",1200,376,true],"twentytwenty-fullscreen":["https:\/\/medigames.com\/wp-content\/uploads\/2022\/01\/Page-Controle.jpg",1600,501,false]},"uagb_author_info":{"display_name":"medOld2021","author_link":"https:\/\/medigames.com\/pt\/author\/medold2021\/"},"uagb_comment_info":0,"uagb_excerpt":"Professional certification control All athletes, without any exception, will have to supply a professional certification. No badges will be issued&hellip;","_links":{"self":[{"href":"https:\/\/medigames.com\/pt\/wp-json\/wp\/v2\/pages\/32","targetHints":{"allow":["GET"]}}],"collection":[{"href":"https:\/\/medigames.com\/pt\/wp-json\/wp\/v2\/pages"}],"about":[{"href":"https:\/\/medigames.com\/pt\/wp-json\/wp\/v2\/types\/page"}],"author":[{"embeddable":true,"href":"https:\/\/medigames.com\/pt\/wp-json\/wp\/v2\/users\/3"}],"replies":[{"embeddable":true,"href":"https:\/\/medigames.com\/pt\/wp-json\/wp\/v2\/comments?post=32"}],"version-history":[{"count":0,"href":"https:\/\/medigames.com\/pt\/wp-json\/wp\/v2\/pages\/32\/revisions"}],"up":[{"embeddable":true,"href":"https:\/\/medigames.com\/pt\/wp-json\/wp\/v2\/pages\/6725"}],"wp:featuredmedia":[{"embeddable":true,"href":"https:\/\/medigames.com\/pt\/wp-json\/wp\/v2\/media\/12128"}],"wp:attachment":[{"href":"https:\/\/medigames.com\/pt\/wp-json\/wp\/v2\/media?parent=32"}],"curies":[{"name":"wp","href":"https:\/\/api.w.org\/{rel}","templated":true}]}}